{"id":917,"date":"2020-04-23T20:19:54","date_gmt":"2020-04-23T18:19:54","guid":{"rendered":"http:\/\/www1.up.poznan.pl\/ckf\/?page_id=917"},"modified":"2026-04-14T14:18:32","modified_gmt":"2026-04-14T12:18:32","slug":"obiekty","status":"publish","type":"page","link":"https:\/\/sparrow.up.poznan.pl\/ckf\/obiekty\/","title":{"rendered":"OBIEKTY"},"content":{"rendered":"<p><strong>Centrum Kultury Fizycznej Uniwersytetu Przyrodniczego w Poznaniu<\/strong> dysponuje kompleksem obiekt\u00f3w stanowi\u0105cych Uniwersyteck\u0105 infrastruktur\u0119 sportowo-rekreacyjn\u0105 w sk\u0142ad kt\u00f3rej wchodz\u0105: hala sportowa, korty tenisowe (kryte), salka fitness, salka spinningowa, boiska do pla\u017c\u00f3wki. Wszystkie obiekty ulokowane s\u0105 w Poznaniu przy ul. Dojazd 7.<\/p>\n\n\n<p>P\u0142atno\u015bci za rezerwacje obiektu nale\u017cy dokonywa\u0107 na poni\u017cszy nr konta<br>10 1090 1362 0000 0001 4702 6782<br>W\u00a0tytule prosz\u0119 wpisa\u0107 imi\u0119 nazwisko oraz czego dotyczy p\u0142atno\u015b\u0107 &#8211; np. karnet si\u0142ownia\/ hala\/ salka i <strong><mark style=\"background-color:rgba(0, 0, 0, 0)\" class=\"has-inline-color has-vivid-red-color\">odes\u0142a\u0107 potwierdzenie przelewu na nr tel. 505 030 409<\/mark><\/strong><\/p>\n\n\n\n<p><\/p>\n\n\n\n<p><\/p>\n\n\n<p><img loading=\"lazy\" decoding=\"async\" class=\"alignnone size-medium wp-image-8\" src=\"http:\/\/www1.up.poznan.pl\/ckf\/wp-content\/uploads\/2017\/06\/background-300x200.jpg\" alt=\"\" width=\"300\" height=\"200\" srcset=\"https:\/\/sparrow.up.poznan.pl\/ckf\/wp-content\/uploads\/2017\/06\/background-300x200.jpg 300w, https:\/\/sparrow.up.poznan.pl\/ckf\/wp-content\/uploads\/2017\/06\/background.jpg 658w\" sizes=\"auto, (max-width: 300px) 100vw, 300px\" \/><img loading=\"lazy\" decoding=\"async\" class=\"alignnone size-medium wp-image-33\" src=\"http:\/\/www1.up.poznan.pl\/ckf\/wp-content\/uploads\/2017\/08\/3-300x200.jpg\" alt=\"\" width=\"300\" height=\"200\" srcset=\"https:\/\/sparrow.up.poznan.pl\/ckf\/wp-content\/uploads\/2017\/08\/3-300x200.jpg 300w, https:\/\/sparrow.up.poznan.pl\/ckf\/wp-content\/uploads\/2017\/08\/3.jpg 640w\" sizes=\"auto, (max-width: 300px) 100vw, 300px\" \/><img loading=\"lazy\" decoding=\"async\" class=\"alignnone size-medium wp-image-1016\" src=\"http:\/\/www1.up.poznan.pl\/ckf\/wp-content\/uploads\/2020\/04\/20200422_132313-300x225.jpg\" alt=\"\" width=\"300\" height=\"225\" \/><br \/>Hala sportowa posiada pe\u0142en wymiar do pi\u0142ki r\u0119cznej\/futsalu, ponadto zapewnia mo\u017cliwo\u015b\u0107 rozgrywania spotka\u0144 koszykarskich, siatkarskich czy unihokeja. Istnieje mo\u017cliwo\u015b\u0107 podzia\u0142u hali na 3 sektory. Hala sportowa CKF poza regularnymi rozgrywkami w ramach zawod\u00f3w Akademickich go\u015bci\u0142a najlepszych tenisist\u00f3w sto\u0142owych oraz wio\u015blarzy na ergometrach. Pojemno\u015b\u0107 trybun to ok. 500 miejsc siedz\u0105cych.<\/p>\n<p><img loading=\"lazy\" decoding=\"async\" class=\"alignnone size-medium wp-image-1653\" src=\"https:\/\/sparrow.up.poznan.pl\/ckf\/wp-content\/uploads\/2022\/02\/IMG_20210930_101851-300x224.jpg\" alt=\"\" width=\"300\" height=\"224\" srcset=\"https:\/\/sparrow.up.poznan.pl\/ckf\/wp-content\/uploads\/2022\/02\/IMG_20210930_101851-300x224.jpg 300w, https:\/\/sparrow.up.poznan.pl\/ckf\/wp-content\/uploads\/2022\/02\/IMG_20210930_101851-1024x766.jpg 1024w, https:\/\/sparrow.up.poznan.pl\/ckf\/wp-content\/uploads\/2022\/02\/IMG_20210930_101851-768x575.jpg 768w, https:\/\/sparrow.up.poznan.pl\/ckf\/wp-content\/uploads\/2022\/02\/IMG_20210930_101851-1536x1149.jpg 1536w, https:\/\/sparrow.up.poznan.pl\/ckf\/wp-content\/uploads\/2022\/02\/IMG_20210930_101851-2048x1532.jpg 2048w\" sizes=\"auto, (max-width: 300px) 100vw, 300px\" \/> <img loading=\"lazy\" decoding=\"async\" class=\"alignnone size-medium wp-image-1654\" src=\"https:\/\/sparrow.up.poznan.pl\/ckf\/wp-content\/uploads\/2022\/02\/IMG_20210930_101929-300x224.jpg\" alt=\"\" width=\"300\" height=\"224\" srcset=\"https:\/\/sparrow.up.poznan.pl\/ckf\/wp-content\/uploads\/2022\/02\/IMG_20210930_101929-300x224.jpg 300w, https:\/\/sparrow.up.poznan.pl\/ckf\/wp-content\/uploads\/2022\/02\/IMG_20210930_101929-1024x766.jpg 1024w, https:\/\/sparrow.up.poznan.pl\/ckf\/wp-content\/uploads\/2022\/02\/IMG_20210930_101929-768x575.jpg 768w, https:\/\/sparrow.up.poznan.pl\/ckf\/wp-content\/uploads\/2022\/02\/IMG_20210930_101929-1536x1149.jpg 1536w, https:\/\/sparrow.up.poznan.pl\/ckf\/wp-content\/uploads\/2022\/02\/IMG_20210930_101929-2048x1532.jpg 2048w\" sizes=\"auto, (max-width: 300px) 100vw, 300px\" \/> <img loading=\"lazy\" decoding=\"async\" class=\"alignnone size-medium wp-image-1655\" src=\"https:\/\/sparrow.up.poznan.pl\/ckf\/wp-content\/uploads\/2022\/02\/IMG_20210930_102016-300x224.jpg\" alt=\"\" width=\"300\" height=\"224\" srcset=\"https:\/\/sparrow.up.poznan.pl\/ckf\/wp-content\/uploads\/2022\/02\/IMG_20210930_102016-300x224.jpg 300w, https:\/\/sparrow.up.poznan.pl\/ckf\/wp-content\/uploads\/2022\/02\/IMG_20210930_102016-1024x766.jpg 1024w, https:\/\/sparrow.up.poznan.pl\/ckf\/wp-content\/uploads\/2022\/02\/IMG_20210930_102016-768x575.jpg 768w, https:\/\/sparrow.up.poznan.pl\/ckf\/wp-content\/uploads\/2022\/02\/IMG_20210930_102016-1536x1149.jpg 1536w, https:\/\/sparrow.up.poznan.pl\/ckf\/wp-content\/uploads\/2022\/02\/IMG_20210930_102016-2048x1532.jpg 2048w\" sizes=\"auto, (max-width: 300px) 100vw, 300px\" \/><\/p>\n<p>Si\u0142ownia jest podzielona na stref\u0119 do treningu cardio oraz stref\u0119 atletyczn\u0105. W obu strefach znajduje si\u0119 sprz\u0119t pozwalaj\u0105cy na kompleksowy trening zar\u00f3wno o charakterze wytrzyma\u0142o\u015bciowym jak i si\u0142owym. Dost\u0119pne s\u0105 bie\u017cnie, rowerki spinningowe oraz ergometry wio\u015blarskie, a tak\u017ce atlasy i trena\u017cery stacjonarne, zestawy ci\u0119\u017car\u00f3w wolnych, w tym hantli oraz kettlebell.<\/p>\n<p><img loading=\"lazy\" decoding=\"async\" class=\"alignnone size-medium wp-image-1013\" src=\"http:\/\/www1.up.poznan.pl\/ckf\/wp-content\/uploads\/2020\/04\/20200422_131844-300x225.jpg\" alt=\"\" width=\"300\" height=\"225\" srcset=\"https:\/\/sparrow.up.poznan.pl\/ckf\/wp-content\/uploads\/2020\/04\/20200422_131844-300x225.jpg 300w, https:\/\/sparrow.up.poznan.pl\/ckf\/wp-content\/uploads\/2020\/04\/20200422_131844-1024x768.jpg 1024w, https:\/\/sparrow.up.poznan.pl\/ckf\/wp-content\/uploads\/2020\/04\/20200422_131844-768x576.jpg 768w, https:\/\/sparrow.up.poznan.pl\/ckf\/wp-content\/uploads\/2020\/04\/20200422_131844-1536x1152.jpg 1536w, https:\/\/sparrow.up.poznan.pl\/ckf\/wp-content\/uploads\/2020\/04\/20200422_131844-2048x1536.jpg 2048w\" sizes=\"auto, (max-width: 300px) 100vw, 300px\" \/> <img loading=\"lazy\" decoding=\"async\" class=\"alignnone size-medium wp-image-1012\" src=\"http:\/\/www1.up.poznan.pl\/ckf\/wp-content\/uploads\/2020\/04\/20200422_131827-225x300.jpg\" alt=\"\" width=\"225\" height=\"300\" srcset=\"https:\/\/sparrow.up.poznan.pl\/ckf\/wp-content\/uploads\/2020\/04\/20200422_131827-225x300.jpg 225w, https:\/\/sparrow.up.poznan.pl\/ckf\/wp-content\/uploads\/2020\/04\/20200422_131827-768x1024.jpg 768w, https:\/\/sparrow.up.poznan.pl\/ckf\/wp-content\/uploads\/2020\/04\/20200422_131827-1152x1536.jpg 1152w, https:\/\/sparrow.up.poznan.pl\/ckf\/wp-content\/uploads\/2020\/04\/20200422_131827-1536x2048.jpg 1536w, https:\/\/sparrow.up.poznan.pl\/ckf\/wp-content\/uploads\/2020\/04\/20200422_131827-scaled.jpg 1920w\" sizes=\"auto, (max-width: 225px) 100vw, 225px\" \/><\/p>\n<p>Salka spinningowa spe\u0142ni wymagania nawet najbardziej zagorza\u0142ych fan\u00f3w indoor cyclingu. Posiada ponad 20 profesjonalnych stanowisk, nag\u0142o\u015bnienie oraz mo\u017cliwo\u015b\u0107 projekcji video podczas sesji treningowej\/zaj\u0119\u0107.<\/p>\n<p><img loading=\"lazy\" decoding=\"async\" class=\"alignnone size-medium wp-image-1015\" src=\"http:\/\/www1.up.poznan.pl\/ckf\/wp-content\/uploads\/2020\/04\/20200422_132020-300x225.jpg\" alt=\"\" width=\"300\" height=\"225\" srcset=\"https:\/\/sparrow.up.poznan.pl\/ckf\/wp-content\/uploads\/2020\/04\/20200422_132020-300x225.jpg 300w, https:\/\/sparrow.up.poznan.pl\/ckf\/wp-content\/uploads\/2020\/04\/20200422_132020-1024x768.jpg 1024w, https:\/\/sparrow.up.poznan.pl\/ckf\/wp-content\/uploads\/2020\/04\/20200422_132020-768x576.jpg 768w, https:\/\/sparrow.up.poznan.pl\/ckf\/wp-content\/uploads\/2020\/04\/20200422_132020-1536x1152.jpg 1536w, https:\/\/sparrow.up.poznan.pl\/ckf\/wp-content\/uploads\/2020\/04\/20200422_132020-2048x1536.jpg 2048w\" sizes=\"auto, (max-width: 300px) 100vw, 300px\" \/> <img loading=\"lazy\" decoding=\"async\" class=\"alignnone size-medium wp-image-1014\" src=\"http:\/\/www1.up.poznan.pl\/ckf\/wp-content\/uploads\/2020\/04\/20200422_131954-300x225.jpg\" alt=\"\" width=\"300\" height=\"225\" srcset=\"https:\/\/sparrow.up.poznan.pl\/ckf\/wp-content\/uploads\/2020\/04\/20200422_131954-300x225.jpg 300w, https:\/\/sparrow.up.poznan.pl\/ckf\/wp-content\/uploads\/2020\/04\/20200422_131954-1024x768.jpg 1024w, https:\/\/sparrow.up.poznan.pl\/ckf\/wp-content\/uploads\/2020\/04\/20200422_131954-768x576.jpg 768w, https:\/\/sparrow.up.poznan.pl\/ckf\/wp-content\/uploads\/2020\/04\/20200422_131954-1536x1152.jpg 1536w, https:\/\/sparrow.up.poznan.pl\/ckf\/wp-content\/uploads\/2020\/04\/20200422_131954-2048x1536.jpg 2048w\" sizes=\"auto, (max-width: 300px) 100vw, 300px\" \/><\/p>\n<p>Salka do fitnessu wyposa\u017cona jest w lustra oraz profesjonalne nag\u0142o\u015bnienie.<\/p>\n<p><img loading=\"lazy\" decoding=\"async\" class=\"alignnone size-medium wp-image-39\" src=\"http:\/\/www1.up.poznan.pl\/ckf\/wp-content\/uploads\/2017\/08\/9-300x200.jpg\" alt=\"\" width=\"300\" height=\"200\" srcset=\"https:\/\/sparrow.up.poznan.pl\/ckf\/wp-content\/uploads\/2017\/08\/9-300x200.jpg 300w, https:\/\/sparrow.up.poznan.pl\/ckf\/wp-content\/uploads\/2017\/08\/9.jpg 640w\" sizes=\"auto, (max-width: 300px) 100vw, 300px\" \/>\u00a0<img loading=\"lazy\" decoding=\"async\" class=\"alignnone size-medium wp-image-1005\" src=\"http:\/\/www1.up.poznan.pl\/ckf\/wp-content\/uploads\/2020\/04\/20200422_130801-300x225.jpg\" alt=\"\" width=\"300\" height=\"225\" srcset=\"https:\/\/sparrow.up.poznan.pl\/ckf\/wp-content\/uploads\/2020\/04\/20200422_130801-300x225.jpg 300w, https:\/\/sparrow.up.poznan.pl\/ckf\/wp-content\/uploads\/2020\/04\/20200422_130801-1024x768.jpg 1024w, https:\/\/sparrow.up.poznan.pl\/ckf\/wp-content\/uploads\/2020\/04\/20200422_130801-768x576.jpg 768w, https:\/\/sparrow.up.poznan.pl\/ckf\/wp-content\/uploads\/2020\/04\/20200422_130801-1536x1152.jpg 1536w, https:\/\/sparrow.up.poznan.pl\/ckf\/wp-content\/uploads\/2020\/04\/20200422_130801-2048x1536.jpg 2048w\" sizes=\"auto, (max-width: 300px) 100vw, 300px\" \/><\/p>\n<p>Na terenie CKF znajduj\u0105 si\u0119 r\u00f3wnie\u017c 4 korty tenisowe kryte z nawierzchni\u0105 dywanow\u0105 z piaskiem kwarcowym oraz dwa boiska do siatk\u00f3wki pla\u017cowej.<\/p>\n<p>Aktualny cennik wynajmu obiekt\u00f3w dost\u0119pny <a href=\"https:\/\/sparrow.up.poznan.pl\/ckf\/wp-content\/uploads\/2022\/10\/Zarzadzenie_cennik-wynajmu.pdf\">tutaj<\/a><\/p>\n\n\n<p><\/p>\n\n\n\n<p>Uniwersytet Przyrodniczy w Poznaniu&nbsp;<\/p>\n\n\n\n<p>P\u0142atno\u015bci za rezerwacje obiekt\u00f3w nale\u017cy dokonywa\u0107 na poni\u017cszy nr konta:<\/p>\n\n\n\n<p>10 1090 1362 0000 0001 4702 6782<br>W&nbsp;tytule prosz\u0119 wpisa\u0107 imi\u0119 nazwisko oraz czego dotyczy p\u0142atno\u015b\u0107 &#8211; np. karnet si\u0142ownia\/ hala\/ salka i odes\u0142a\u0107 potwierdzenie przelewu na nr tel. 505 030 409 lub adres beata.juryta@up.poznan.pl<\/p>\n\n\n\n<p><\/p>\n","protected":false},"excerpt":{"rendered":"<p>Centrum Kultury Fizycznej Uniwersytetu Przyrodniczego w Poznaniu dysponuje kompleksem obiekt\u00f3w stanowi\u0105cych Uniwersyteck\u0105 infrastruktur\u0119 sportowo-rekreacyjn\u0105 w sk\u0142ad kt\u00f3rej wchodz\u0105: hala sportowa, korty tenisowe (kryte), salka fitness, salka spinningowa, boiska do pla\u017c\u00f3wki. Wszystkie obiekty ulokowane s\u0105 w Poznaniu przy ul. Dojazd 7.&hellip; <\/p>\n","protected":false},"author":3,"featured_media":0,"parent":0,"menu_order":0,"comment_status":"closed","ping_status":"closed","template":"","meta":{"footnotes":""},"class_list":["post-917","page","type-page","status-publish","hentry"],"_links":{"self":[{"href":"https:\/\/sparrow.up.poznan.pl\/ckf\/wp-json\/wp\/v2\/pages\/917","targetHints":{"allow":["GET"]}}],"collection":[{"href":"https:\/\/sparrow.up.poznan.pl\/ckf\/wp-json\/wp\/v2\/pages"}],"about":[{"href":"https:\/\/sparrow.up.poznan.pl\/ckf\/wp-json\/wp\/v2\/types\/page"}],"author":[{"embeddable":true,"href":"https:\/\/sparrow.up.poznan.pl\/ckf\/wp-json\/wp\/v2\/users\/3"}],"replies":[{"embeddable":true,"href":"https:\/\/sparrow.up.poznan.pl\/ckf\/wp-json\/wp\/v2\/comments?post=917"}],"version-history":[{"count":38,"href":"https:\/\/sparrow.up.poznan.pl\/ckf\/wp-json\/wp\/v2\/pages\/917\/revisions"}],"predecessor-version":[{"id":1946,"href":"https:\/\/sparrow.up.poznan.pl\/ckf\/wp-json\/wp\/v2\/pages\/917\/revisions\/1946"}],"wp:attachment":[{"href":"https:\/\/sparrow.up.poznan.pl\/ckf\/wp-json\/wp\/v2\/media?parent=917"}],"curies":[{"name":"wp","href":"https:\/\/api.w.org\/{rel}","templated":true}]}}