{"id":14,"date":"2021-04-29T07:05:17","date_gmt":"2021-04-29T07:05:17","guid":{"rendered":"https:\/\/sparrow.up.poznan.pl\/foodsciences\/contact\/"},"modified":"2024-09-12T06:43:55","modified_gmt":"2024-09-12T06:43:55","slug":"kontakt","status":"publish","type":"page","link":"https:\/\/sparrow.up.poznan.pl\/foodsciences\/kontakt\/","title":{"rendered":"Kontakt"},"content":{"rendered":"\t\t<div data-elementor-type=\"wp-page\" data-elementor-id=\"14\" class=\"elementor elementor-14\">\n\t\t\t\t\t\t<section class=\"elementor-section elementor-top-section elementor-element elementor-element-e1f48b8 elementor-section-content-middle elementor-section-full_width elementor-section-height-min-height elementor-section-height-default elementor-section-items-middle wpr-particle-no wpr-jarallax-no wpr-parallax-no wpr-sticky-section-no\" data-id=\"e1f48b8\" data-element_type=\"section\" data-settings=\"{&quot;background_background&quot;:&quot;classic&quot;}\">\n\t\t\t\t\t\t\t<div class=\"elementor-background-overlay\"><\/div>\n\t\t\t\t\t\t\t<div class=\"elementor-container elementor-column-gap-no\">\n\t\t\t\t\t<div class=\"elementor-column elementor-col-100 elementor-top-column elementor-element elementor-element-cde998d\" data-id=\"cde998d\" data-element_type=\"column\">\n\t\t\t<div class=\"elementor-widget-wrap elementor-element-populated\">\n\t\t\t\t\t\t<div class=\"elementor-element elementor-element-849e935 elementor-widget elementor-widget-heading\" data-id=\"849e935\" data-element_type=\"widget\" data-widget_type=\"heading.default\">\n\t\t\t\t<div class=\"elementor-widget-container\">\n\t\t\t<h2 class=\"elementor-heading-title elementor-size-default\">Kontakt<\/h2>\t\t<\/div>\n\t\t\t\t<\/div>\n\t\t\t\t\t<\/div>\n\t\t<\/div>\n\t\t\t\t\t<\/div>\n\t\t<\/section>\n\t\t\t\t<section class=\"elementor-section elementor-top-section elementor-element elementor-element-18be8155 elementor-section-content-middle elementor-section-boxed elementor-section-height-default elementor-section-height-default wpr-particle-no wpr-jarallax-no wpr-parallax-no wpr-sticky-section-no\" data-id=\"18be8155\" data-element_type=\"section\" data-settings=\"{&quot;background_background&quot;:&quot;classic&quot;}\">\n\t\t\t\t\t\t<div class=\"elementor-container elementor-column-gap-no\">\n\t\t\t\t\t<div class=\"elementor-column elementor-col-50 elementor-top-column elementor-element elementor-element-d26c817\" data-id=\"d26c817\" data-element_type=\"column\" data-settings=\"{&quot;background_background&quot;:&quot;classic&quot;}\">\n\t\t\t<div class=\"elementor-widget-wrap elementor-element-populated\">\n\t\t\t\t\t\t<div class=\"elementor-element elementor-element-c63f30b elementor-widget elementor-widget-heading\" data-id=\"c63f30b\" data-element_type=\"widget\" data-widget_type=\"heading.default\">\n\t\t\t\t<div class=\"elementor-widget-container\">\n\t\t\t<h3 class=\"elementor-heading-title elementor-size-default\">Katedra Zarz\u0105dzania Jako\u015bci\u0105 \u017bywno\u015bci<\/h3>\t\t<\/div>\n\t\t\t\t<\/div>\n\t\t\t\t<div class=\"elementor-element elementor-element-924aba3 elementor-widget elementor-widget-heading\" data-id=\"924aba3\" data-element_type=\"widget\" data-widget_type=\"heading.default\">\n\t\t\t\t<div class=\"elementor-widget-container\">\n\t\t\t<h5 class=\"elementor-heading-title elementor-size-default\">Wydzia\u0142 Nauk o \u017bywno\u015bci i \u017bywieniu<br>Uniwersytet Przyrodniczy w Poznaniu<\/h5>\t\t<\/div>\n\t\t\t\t<\/div>\n\t\t\t\t<div class=\"elementor-element elementor-element-6f81e60 elementor-vertical-align-middle elementor-widget elementor-widget-icon-box\" data-id=\"6f81e60\" data-element_type=\"widget\" data-widget_type=\"icon-box.default\">\n\t\t\t\t<div class=\"elementor-widget-container\">\n\t\t\t\t\t<div class=\"elementor-icon-box-wrapper\">\n\n\t\t\t\n\t\t\t\t\t\t<div class=\"elementor-icon-box-content\">\n\n\t\t\t\t\t\t\t\t\t<h4 class=\"elementor-icon-box-title\">\n\t\t\t\t\t\t<span  >\n\t\t\t\t\t\t\tTelefon\t\t\t\t\t\t<\/span>\n\t\t\t\t\t<\/h4>\n\t\t\t\t\n\t\t\t\t\t\t\t\t\t<p class=\"elementor-icon-box-description\">\n\t\t\t\t\t\t+ 48 618 487 218\t\t\t\t\t<\/p>\n\t\t\t\t\n\t\t\t<\/div>\n\t\t\t\n\t\t<\/div>\n\t\t\t\t<\/div>\n\t\t\t\t<\/div>\n\t\t\t\t<div class=\"elementor-element elementor-element-b7889bd elementor-vertical-align-middle elementor-widget elementor-widget-icon-box\" data-id=\"b7889bd\" data-element_type=\"widget\" data-widget_type=\"icon-box.default\">\n\t\t\t\t<div class=\"elementor-widget-container\">\n\t\t\t\t\t<div class=\"elementor-icon-box-wrapper\">\n\n\t\t\t\n\t\t\t\t\t\t<div class=\"elementor-icon-box-content\">\n\n\t\t\t\t\t\t\t\t\t<h4 class=\"elementor-icon-box-title\">\n\t\t\t\t\t\t<span  >\n\t\t\t\t\t\t\tE-mail\t\t\t\t\t\t<\/span>\n\t\t\t\t\t<\/h4>\n\t\t\t\t\n\t\t\t\t\t\t\t\t\t<p class=\"elementor-icon-box-description\">\n\t\t\t\t\t\tsekretariat.kzjibz@up.poznan.pl\n<br>szymil@up.poznan.pl\t\t\t\t\t<\/p>\n\t\t\t\t\n\t\t\t<\/div>\n\t\t\t\n\t\t<\/div>\n\t\t\t\t<\/div>\n\t\t\t\t<\/div>\n\t\t\t\t<div class=\"elementor-element elementor-element-72ede75 elementor-vertical-align-middle elementor-widget elementor-widget-icon-box\" data-id=\"72ede75\" data-element_type=\"widget\" data-widget_type=\"icon-box.default\">\n\t\t\t\t<div class=\"elementor-widget-container\">\n\t\t\t\t\t<div class=\"elementor-icon-box-wrapper\">\n\n\t\t\t\n\t\t\t\t\t\t<div class=\"elementor-icon-box-content\">\n\n\t\t\t\t\t\t\t\t\t<h4 class=\"elementor-icon-box-title\">\n\t\t\t\t\t\t<span  >\n\t\t\t\t\t\t\tAdres\t\t\t\t\t\t<\/span>\n\t\t\t\t\t<\/h4>\n\t\t\t\t\n\t\t\t\t\t\t\t\t\t<p class=\"elementor-icon-box-description\">\n\t\t\t\t\t\tul. Wojska Polskiego 31 <br>60-624 Pozna\u0144\t\t\t\t\t<\/p>\n\t\t\t\t\n\t\t\t<\/div>\n\t\t\t\n\t\t<\/div>\n\t\t\t\t<\/div>\n\t\t\t\t<\/div>\n\t\t\t\t\t<\/div>\n\t\t<\/div>\n\t\t\t\t<div class=\"elementor-column elementor-col-50 elementor-top-column elementor-element elementor-element-3a8a9029\" data-id=\"3a8a9029\" data-element_type=\"column\">\n\t\t\t<div class=\"elementor-widget-wrap elementor-element-populated\">\n\t\t\t\t\t\t<div class=\"elementor-element elementor-element-53a1749d elementor-widget elementor-widget-google_maps\" data-id=\"53a1749d\" data-element_type=\"widget\" data-widget_type=\"google_maps.default\">\n\t\t\t\t<div class=\"elementor-widget-container\">\n\t\t\t\t\t<div class=\"elementor-custom-embed\">\n\t\t\t<iframe loading=\"lazy\"\n\t\t\t\t\tsrc=\"https:\/\/maps.google.com\/maps?q=Wojska%20Polskiego%2031%2C%20Pozna%C5%84&#038;t=m&#038;z=15&#038;output=embed&#038;iwloc=near\"\n\t\t\t\t\ttitle=\"Wojska Polskiego 31, Pozna\u0144\"\n\t\t\t\t\taria-label=\"Wojska Polskiego 31, Pozna\u0144\"\n\t\t\t><\/iframe>\n\t\t<\/div>\n\t\t\t\t<\/div>\n\t\t\t\t<\/div>\n\t\t\t\t\t<\/div>\n\t\t<\/div>\n\t\t\t\t\t<\/div>\n\t\t<\/section>\n\t\t\t\t<\/div>\n\t\t","protected":false},"excerpt":{"rendered":"<p>Kontakt Katedra Zarz\u0105dzania Jako\u015bci\u0105 \u017bywno\u015bci Wydzia\u0142 Nauk o \u017bywno\u015bci i \u017bywieniuUniwersytet Przyrodniczy w Poznaniu Telefon + 48 618 487 218 E-mail sekretariat.kzjibz@up.poznan.pl szymil@up.poznan.pl Adres ul. Wojska Polskiego 31 60-624 Pozna\u0144<\/p>\n","protected":false},"author":1,"featured_media":0,"parent":0,"menu_order":0,"comment_status":"closed","ping_status":"closed","template":"","meta":{"site-sidebar-layout":"no-sidebar","site-content-layout":"page-builder","ast-site-content-layout":"","site-content-style":"default","site-sidebar-style":"default","ast-global-header-display":"","ast-banner-title-visibility":"","ast-main-header-display":"","ast-hfb-above-header-display":"","ast-hfb-below-header-display":"","ast-hfb-mobile-header-display":"","site-post-title":"disabled","ast-breadcrumbs-content":"","ast-featured-img":"disabled","footer-sml-layout":"","theme-transparent-header-meta":"enabled","adv-header-id-meta":"","stick-header-meta":"","header-above-stick-meta":"","header-main-stick-meta":"","header-below-stick-meta":"","astra-migrate-meta-layouts":"default","ast-page-background-enabled":"default","ast-page-background-meta":{"desktop":{"background-color":"","background-image":"","background-repeat":"repeat","background-position":"center center","background-size":"auto","background-attachment":"scroll","background-type":"","background-media":"","overlay-type":"","overlay-color":"","overlay-gradient":""},"tablet":{"background-color":"","background-image":"","background-repeat":"repeat","background-position":"center center","background-size":"auto","background-attachment":"scroll","background-type":"","background-media":"","overlay-type":"","overlay-color":"","overlay-gradient":""},"mobile":{"background-color":"","background-image":"","background-repeat":"repeat","background-position":"center center","background-size":"auto","background-attachment":"scroll","background-type":"","background-media":"","overlay-type":"","overlay-color":"","overlay-gradient":""}},"ast-content-background-meta":{"desktop":{"background-color":"var(--ast-global-color-5)","background-image":"","background-repeat":"repeat","background-position":"center center","background-size":"auto","background-attachment":"scroll","background-type":"","background-media":"","overlay-type":"","overlay-color":"","overlay-gradient":""},"tablet":{"background-color":"var(--ast-global-color-5)","background-image":"","background-repeat":"repeat","background-position":"center center","background-size":"auto","background-attachment":"scroll","background-type":"","background-media":"","overlay-type":"","overlay-color":"","overlay-gradient":""},"mobile":{"background-color":"var(--ast-global-color-5)","background-image":"","background-repeat":"repeat","background-position":"center center","background-size":"auto","background-attachment":"scroll","background-type":"","background-media":"","overlay-type":"","overlay-color":"","overlay-gradient":""}},"footnotes":""},"class_list":["post-14","page","type-page","status-publish","hentry"],"yoast_head":"<!-- This site is optimized with the Yoast SEO plugin v26.0 - https:\/\/yoast.com\/wordpress\/plugins\/seo\/ -->\n<title>Kontakt - Katedra Zarz\u0105dzania Jako\u015bci\u0105 i Bezpiecze\u0144stwem \u017bywno\u015bci w Poznaniu<\/title>\n<meta name=\"robots\" content=\"index, follow, max-snippet:-1, max-image-preview:large, max-video-preview:-1\" \/>\n<link rel=\"canonical\" href=\"https:\/\/sparrow.up.poznan.pl\/foodsciences\/kontakt\/\" \/>\n<meta property=\"og:locale\" content=\"en_US\" \/>\n<meta property=\"og:type\" content=\"article\" \/>\n<meta property=\"og:title\" content=\"Kontakt - Katedra Zarz\u0105dzania Jako\u015bci\u0105 i Bezpiecze\u0144stwem \u017bywno\u015bci w Poznaniu\" \/>\n<meta property=\"og:description\" content=\"Kontakt Katedra Zarz\u0105dzania Jako\u015bci\u0105 \u017bywno\u015bci Wydzia\u0142 Nauk o \u017bywno\u015bci i \u017bywieniuUniwersytet Przyrodniczy w Poznaniu Telefon + 48 618 487 218 E-mail sekretariat.kzjibz@up.poznan.pl szymil@up.poznan.pl Adres ul. Wojska Polskiego 31 60-624 Pozna\u0144\" \/>\n<meta property=\"og:url\" content=\"https:\/\/sparrow.up.poznan.pl\/foodsciences\/kontakt\/\" \/>\n<meta property=\"og:site_name\" content=\"Katedra Zarz\u0105dzania Jako\u015bci\u0105 i Bezpiecze\u0144stwem \u017bywno\u015bci w Poznaniu\" \/>\n<meta property=\"article:modified_time\" content=\"2024-09-12T06:43:55+00:00\" \/>\n<meta name=\"twitter:card\" content=\"summary_large_image\" \/>\n<meta name=\"twitter:label1\" content=\"Est. reading time\" \/>\n\t<meta name=\"twitter:data1\" content=\"1 minute\" \/>\n<script type=\"application\/ld+json\" class=\"yoast-schema-graph\">{\"@context\":\"https:\/\/schema.org\",\"@graph\":[{\"@type\":\"WebPage\",\"@id\":\"https:\/\/sparrow.up.poznan.pl\/foodsciences\/kontakt\/\",\"url\":\"https:\/\/sparrow.up.poznan.pl\/foodsciences\/kontakt\/\",\"name\":\"Kontakt - Katedra Zarz\u0105dzania Jako\u015bci\u0105 i Bezpiecze\u0144stwem \u017bywno\u015bci w Poznaniu\",\"isPartOf\":{\"@id\":\"https:\/\/sparrow.up.poznan.pl\/foodsciences\/#website\"},\"datePublished\":\"2021-04-29T07:05:17+00:00\",\"dateModified\":\"2024-09-12T06:43:55+00:00\",\"breadcrumb\":{\"@id\":\"https:\/\/sparrow.up.poznan.pl\/foodsciences\/kontakt\/#breadcrumb\"},\"inLanguage\":\"en-US\",\"potentialAction\":[{\"@type\":\"ReadAction\",\"target\":[\"https:\/\/sparrow.up.poznan.pl\/foodsciences\/kontakt\/\"]}]},{\"@type\":\"BreadcrumbList\",\"@id\":\"https:\/\/sparrow.up.poznan.pl\/foodsciences\/kontakt\/#breadcrumb\",\"itemListElement\":[{\"@type\":\"ListItem\",\"position\":1,\"name\":\"Home\",\"item\":\"https:\/\/sparrow.up.poznan.pl\/foodsciences\/\"},{\"@type\":\"ListItem\",\"position\":2,\"name\":\"Kontakt\"}]},{\"@type\":\"WebSite\",\"@id\":\"https:\/\/sparrow.up.poznan.pl\/foodsciences\/#website\",\"url\":\"https:\/\/sparrow.up.poznan.pl\/foodsciences\/\",\"name\":\"Katedra Zarz\u0105dzania Jako\u015bci\u0105 i Bezpiecze\u0144stwem \u017bywno\u015bci w Poznaniu\",\"description\":\"Uniwersytet Przyrodniczy w Poznaniu\",\"publisher\":{\"@id\":\"https:\/\/sparrow.up.poznan.pl\/foodsciences\/#organization\"},\"potentialAction\":[{\"@type\":\"SearchAction\",\"target\":{\"@type\":\"EntryPoint\",\"urlTemplate\":\"https:\/\/sparrow.up.poznan.pl\/foodsciences\/?s={search_term_string}\"},\"query-input\":{\"@type\":\"PropertyValueSpecification\",\"valueRequired\":true,\"valueName\":\"search_term_string\"}}],\"inLanguage\":\"en-US\"},{\"@type\":\"Organization\",\"@id\":\"https:\/\/sparrow.up.poznan.pl\/foodsciences\/#organization\",\"name\":\"Katedra Zarz\u0105dzania Jako\u015bci\u0105 i Bezpiecze\u0144stwem \u017bywno\u015bci w Poznaniu\",\"url\":\"https:\/\/sparrow.up.poznan.pl\/foodsciences\/\",\"logo\":{\"@type\":\"ImageObject\",\"inLanguage\":\"en-US\",\"@id\":\"https:\/\/sparrow.up.poznan.pl\/foodsciences\/#\/schema\/logo\/image\/\",\"url\":\"https:\/\/sparrow.up.poznan.pl\/foodsciences\/wp-content\/uploads\/2022\/11\/cropped-KZJiBZ_favicon.png\",\"contentUrl\":\"https:\/\/sparrow.up.poznan.pl\/foodsciences\/wp-content\/uploads\/2022\/11\/cropped-KZJiBZ_favicon.png\",\"width\":512,\"height\":512,\"caption\":\"Katedra Zarz\u0105dzania Jako\u015bci\u0105 i Bezpiecze\u0144stwem \u017bywno\u015bci w Poznaniu\"},\"image\":{\"@id\":\"https:\/\/sparrow.up.poznan.pl\/foodsciences\/#\/schema\/logo\/image\/\"}}]}<\/script>\n<!-- \/ Yoast SEO plugin. -->","yoast_head_json":{"title":"Kontakt - Katedra Zarz\u0105dzania Jako\u015bci\u0105 i Bezpiecze\u0144stwem \u017bywno\u015bci w Poznaniu","robots":{"index":"index","follow":"follow","max-snippet":"max-snippet:-1","max-image-preview":"max-image-preview:large","max-video-preview":"max-video-preview:-1"},"canonical":"https:\/\/sparrow.up.poznan.pl\/foodsciences\/kontakt\/","og_locale":"en_US","og_type":"article","og_title":"Kontakt - Katedra Zarz\u0105dzania Jako\u015bci\u0105 i Bezpiecze\u0144stwem \u017bywno\u015bci w Poznaniu","og_description":"Kontakt Katedra Zarz\u0105dzania Jako\u015bci\u0105 \u017bywno\u015bci Wydzia\u0142 Nauk o \u017bywno\u015bci i \u017bywieniuUniwersytet Przyrodniczy w Poznaniu Telefon + 48 618 487 218 E-mail sekretariat.kzjibz@up.poznan.pl szymil@up.poznan.pl Adres ul. Wojska Polskiego 31 60-624 Pozna\u0144","og_url":"https:\/\/sparrow.up.poznan.pl\/foodsciences\/kontakt\/","og_site_name":"Katedra Zarz\u0105dzania Jako\u015bci\u0105 i Bezpiecze\u0144stwem \u017bywno\u015bci w Poznaniu","article_modified_time":"2024-09-12T06:43:55+00:00","twitter_card":"summary_large_image","twitter_misc":{"Est. reading time":"1 minute"},"schema":{"@context":"https:\/\/schema.org","@graph":[{"@type":"WebPage","@id":"https:\/\/sparrow.up.poznan.pl\/foodsciences\/kontakt\/","url":"https:\/\/sparrow.up.poznan.pl\/foodsciences\/kontakt\/","name":"Kontakt - Katedra Zarz\u0105dzania Jako\u015bci\u0105 i Bezpiecze\u0144stwem \u017bywno\u015bci w Poznaniu","isPartOf":{"@id":"https:\/\/sparrow.up.poznan.pl\/foodsciences\/#website"},"datePublished":"2021-04-29T07:05:17+00:00","dateModified":"2024-09-12T06:43:55+00:00","breadcrumb":{"@id":"https:\/\/sparrow.up.poznan.pl\/foodsciences\/kontakt\/#breadcrumb"},"inLanguage":"en-US","potentialAction":[{"@type":"ReadAction","target":["https:\/\/sparrow.up.poznan.pl\/foodsciences\/kontakt\/"]}]},{"@type":"BreadcrumbList","@id":"https:\/\/sparrow.up.poznan.pl\/foodsciences\/kontakt\/#breadcrumb","itemListElement":[{"@type":"ListItem","position":1,"name":"Home","item":"https:\/\/sparrow.up.poznan.pl\/foodsciences\/"},{"@type":"ListItem","position":2,"name":"Kontakt"}]},{"@type":"WebSite","@id":"https:\/\/sparrow.up.poznan.pl\/foodsciences\/#website","url":"https:\/\/sparrow.up.poznan.pl\/foodsciences\/","name":"Katedra Zarz\u0105dzania Jako\u015bci\u0105 i Bezpiecze\u0144stwem \u017bywno\u015bci w Poznaniu","description":"Uniwersytet Przyrodniczy w Poznaniu","publisher":{"@id":"https:\/\/sparrow.up.poznan.pl\/foodsciences\/#organization"},"potentialAction":[{"@type":"SearchAction","target":{"@type":"EntryPoint","urlTemplate":"https:\/\/sparrow.up.poznan.pl\/foodsciences\/?s={search_term_string}"},"query-input":{"@type":"PropertyValueSpecification","valueRequired":true,"valueName":"search_term_string"}}],"inLanguage":"en-US"},{"@type":"Organization","@id":"https:\/\/sparrow.up.poznan.pl\/foodsciences\/#organization","name":"Katedra Zarz\u0105dzania Jako\u015bci\u0105 i Bezpiecze\u0144stwem \u017bywno\u015bci w Poznaniu","url":"https:\/\/sparrow.up.poznan.pl\/foodsciences\/","logo":{"@type":"ImageObject","inLanguage":"en-US","@id":"https:\/\/sparrow.up.poznan.pl\/foodsciences\/#\/schema\/logo\/image\/","url":"https:\/\/sparrow.up.poznan.pl\/foodsciences\/wp-content\/uploads\/2022\/11\/cropped-KZJiBZ_favicon.png","contentUrl":"https:\/\/sparrow.up.poznan.pl\/foodsciences\/wp-content\/uploads\/2022\/11\/cropped-KZJiBZ_favicon.png","width":512,"height":512,"caption":"Katedra Zarz\u0105dzania Jako\u015bci\u0105 i Bezpiecze\u0144stwem \u017bywno\u015bci w Poznaniu"},"image":{"@id":"https:\/\/sparrow.up.poznan.pl\/foodsciences\/#\/schema\/logo\/image\/"}}]}},"_links":{"self":[{"href":"https:\/\/sparrow.up.poznan.pl\/foodsciences\/wp-json\/wp\/v2\/pages\/14","targetHints":{"allow":["GET"]}}],"collection":[{"href":"https:\/\/sparrow.up.poznan.pl\/foodsciences\/wp-json\/wp\/v2\/pages"}],"about":[{"href":"https:\/\/sparrow.up.poznan.pl\/foodsciences\/wp-json\/wp\/v2\/types\/page"}],"author":[{"embeddable":true,"href":"https:\/\/sparrow.up.poznan.pl\/foodsciences\/wp-json\/wp\/v2\/users\/1"}],"replies":[{"embeddable":true,"href":"https:\/\/sparrow.up.poznan.pl\/foodsciences\/wp-json\/wp\/v2\/comments?post=14"}],"version-history":[{"count":65,"href":"https:\/\/sparrow.up.poznan.pl\/foodsciences\/wp-json\/wp\/v2\/pages\/14\/revisions"}],"predecessor-version":[{"id":3808,"href":"https:\/\/sparrow.up.poznan.pl\/foodsciences\/wp-json\/wp\/v2\/pages\/14\/revisions\/3808"}],"wp:attachment":[{"href":"https:\/\/sparrow.up.poznan.pl\/foodsciences\/wp-json\/wp\/v2\/media?parent=14"}],"curies":[{"name":"wp","href":"https:\/\/api.w.org\/{rel}","templated":true}]}}