{"id":1149,"date":"2020-10-28T18:38:32","date_gmt":"2020-10-28T17:38:32","guid":{"rendered":"https:\/\/sparrow.up.poznan.pl\/genetyka\/?page_id=1149"},"modified":"2024-10-23T13:47:42","modified_gmt":"2024-10-23T11:47:42","slug":"metody-hodowlane-i-genetyka-populacji1","status":"publish","type":"page","link":"https:\/\/sparrow.up.poznan.pl\/genetyka\/index.php\/metody-hodowlane-i-genetyka-populacji1\/","title":{"rendered":"Metody hodowlane i genetyka populacji1"},"content":{"rendered":"\t\t<div data-elementor-type=\"wp-post\" data-elementor-id=\"1149\" class=\"elementor elementor-1149\">\n\t\t\t\t\t\t<div class=\"elementor-inner\">\n\t\t\t\t<div class=\"elementor-section-wrap\">\n\t\t\t\t\t\t\t\t\t<section class=\"elementor-section elementor-top-section elementor-element elementor-element-7369c9e1 elementor-section-height-min-height elementor-section-content-middle elementor-section-stretched elementor-section-full_width elementor-section-height-default elementor-section-items-middle\" data-id=\"7369c9e1\" data-element_type=\"section\" data-settings=\"{&quot;background_background&quot;:&quot;classic&quot;,&quot;stretch_section&quot;:&quot;section-stretched&quot;}\">\n\t\t\t\t\t\t\t<div class=\"elementor-background-overlay\"><\/div>\n\t\t\t\t\t\t\t<div class=\"elementor-container elementor-column-gap-default\">\n\t\t\t\t\t\t\t<div class=\"elementor-row\">\n\t\t\t\t\t<div class=\"elementor-column elementor-col-100 elementor-top-column elementor-element elementor-element-34e9002f\" data-id=\"34e9002f\" data-element_type=\"column\">\n\t\t\t<div class=\"elementor-column-wrap elementor-element-populated\">\n\t\t\t\t\t\t\t<div class=\"elementor-widget-wrap\">\n\t\t\t\t\t\t<section class=\"elementor-section elementor-inner-section elementor-element elementor-element-2cce82 elementor-section-boxed elementor-section-height-default elementor-section-height-default\" data-id=\"2cce82\" data-element_type=\"section\">\n\t\t\t\t\t\t<div class=\"elementor-container elementor-column-gap-default\">\n\t\t\t\t\t\t\t<div class=\"elementor-row\">\n\t\t\t\t\t<div class=\"elementor-column elementor-col-25 elementor-inner-column elementor-element elementor-element-51ff8542\" data-id=\"51ff8542\" data-element_type=\"column\">\n\t\t\t<div class=\"elementor-column-wrap\">\n\t\t\t\t\t\t\t<div class=\"elementor-widget-wrap\">\n\t\t\t\t\t\t\t\t<\/div>\n\t\t\t\t\t<\/div>\n\t\t<\/div>\n\t\t\t\t<div class=\"elementor-column elementor-col-50 elementor-inner-column elementor-element elementor-element-1f9991e6\" data-id=\"1f9991e6\" data-element_type=\"column\">\n\t\t\t<div class=\"elementor-column-wrap elementor-element-populated\">\n\t\t\t\t\t\t\t<div class=\"elementor-widget-wrap\">\n\t\t\t\t\t\t<div class=\"elementor-element elementor-element-607623c8 elementor-widget elementor-widget-heading\" data-id=\"607623c8\" data-element_type=\"widget\" data-widget_type=\"heading.default\">\n\t\t\t\t<div class=\"elementor-widget-container\">\n\t\t\t<h2 class=\"elementor-heading-title elementor-size-default\">Katedra Genetyki i&nbsp;Podstaw Hodowli Zwierz\u0105t\u200b\u200b<\/h2>\t\t<\/div>\n\t\t\t\t<\/div>\n\t\t\t\t<div class=\"elementor-element elementor-element-b173490 elementor-widget elementor-widget-heading\" data-id=\"b173490\" data-element_type=\"widget\" data-widget_type=\"heading.default\">\n\t\t\t\t<div class=\"elementor-widget-container\">\n\t\t\t<h5 class=\"elementor-heading-title elementor-size-default\">Wydzia\u0142 Medycyny Weterynaryjnej i&nbsp;Nauk o&nbsp;Zwierz\u0119tach<br>\nUniwersytet Przyrodniczy w&nbsp;Poznaniu<\/h5>\t\t<\/div>\n\t\t\t\t<\/div>\n\t\t\t\t\t\t<\/div>\n\t\t\t\t\t<\/div>\n\t\t<\/div>\n\t\t\t\t<div class=\"elementor-column elementor-col-25 elementor-inner-column elementor-element elementor-element-5b40a4dd\" data-id=\"5b40a4dd\" data-element_type=\"column\">\n\t\t\t<div class=\"elementor-column-wrap\">\n\t\t\t\t\t\t\t<div class=\"elementor-widget-wrap\">\n\t\t\t\t\t\t\t\t<\/div>\n\t\t\t\t\t<\/div>\n\t\t<\/div>\n\t\t\t\t\t\t\t\t<\/div>\n\t\t\t\t\t<\/div>\n\t\t<\/section>\n\t\t\t\t\t\t<\/div>\n\t\t\t\t\t<\/div>\n\t\t<\/div>\n\t\t\t\t\t\t\t\t<\/div>\n\t\t\t\t\t<\/div>\n\t\t<\/section>\n\t\t\t\t<section class=\"elementor-section elementor-top-section elementor-element elementor-element-4525c72 elementor-section-full_width elementor-section-height-default elementor-section-height-default\" data-id=\"4525c72\" data-element_type=\"section\" data-settings=\"{&quot;background_background&quot;:&quot;classic&quot;}\">\n\t\t\t\t\t\t\t<div class=\"elementor-background-overlay\"><\/div>\n\t\t\t\t\t\t\t<div class=\"elementor-container elementor-column-gap-default\">\n\t\t\t\t\t\t\t<div class=\"elementor-row\">\n\t\t\t\t\t<div class=\"elementor-column elementor-col-100 elementor-top-column elementor-element elementor-element-d32231c\" data-id=\"d32231c\" data-element_type=\"column\">\n\t\t\t<div class=\"elementor-column-wrap elementor-element-populated\">\n\t\t\t\t\t\t\t<div class=\"elementor-widget-wrap\">\n\t\t\t\t\t\t<div class=\"elementor-element elementor-element-e1df35a elementor-widget elementor-widget-heading\" data-id=\"e1df35a\" data-element_type=\"widget\" data-widget_type=\"heading.default\">\n\t\t\t\t<div class=\"elementor-widget-container\">\n\t\t\t<h2 class=\"elementor-heading-title elementor-size-default\">Zesp\u00f3\u0142 Metod Hodowlanych i&nbsp;Genetyki Populacji<\/h2>\t\t<\/div>\n\t\t\t\t<\/div>\n\t\t\t\t\t\t<\/div>\n\t\t\t\t\t<\/div>\n\t\t<\/div>\n\t\t\t\t\t\t\t\t<\/div>\n\t\t\t\t\t<\/div>\n\t\t<\/section>\n\t\t\t\t<section class=\"elementor-section elementor-top-section elementor-element elementor-element-d3c9628 elementor-section-full_width elementor-section-height-default elementor-section-height-default\" data-id=\"d3c9628\" data-element_type=\"section\" data-settings=\"{&quot;background_background&quot;:&quot;classic&quot;}\">\n\t\t\t\t\t\t\t<div class=\"elementor-background-overlay\"><\/div>\n\t\t\t\t\t\t\t<div class=\"elementor-container elementor-column-gap-default\">\n\t\t\t\t\t\t\t<div class=\"elementor-row\">\n\t\t\t\t\t<div class=\"elementor-column elementor-col-50 elementor-top-column elementor-element elementor-element-67c6cce\" data-id=\"67c6cce\" data-element_type=\"column\">\n\t\t\t<div class=\"elementor-column-wrap elementor-element-populated\">\n\t\t\t\t\t\t\t<div class=\"elementor-widget-wrap\">\n\t\t\t\t\t\t<div class=\"elementor-element elementor-element-a8f2a1c elementor-widget elementor-widget-text-editor\" data-id=\"a8f2a1c\" data-element_type=\"widget\" data-widget_type=\"text-editor.default\">\n\t\t\t\t<div class=\"elementor-widget-container\">\n\t\t\t\t\t\t\t\t<div class=\"elementor-text-editor elementor-clearfix\">\n\t\t\t\t<p><b>Zesp\u00f3\u0142 Badawczy:<\/b><br \/><\/p>\t\t\t\t\t<\/div>\n\t\t\t\t\t\t<\/div>\n\t\t\t\t<\/div>\n\t\t\t\t\t\t<\/div>\n\t\t\t\t\t<\/div>\n\t\t<\/div>\n\t\t\t\t<div class=\"elementor-column elementor-col-50 elementor-top-column elementor-element elementor-element-3dac3e8\" data-id=\"3dac3e8\" data-element_type=\"column\">\n\t\t\t<div class=\"elementor-column-wrap elementor-element-populated\">\n\t\t\t\t\t\t\t<div class=\"elementor-widget-wrap\">\n\t\t\t\t\t\t<div class=\"elementor-element elementor-element-4474315 elementor-widget elementor-widget-text-editor\" data-id=\"4474315\" data-element_type=\"widget\" data-widget_type=\"text-editor.default\">\n\t\t\t\t<div class=\"elementor-widget-container\">\n\t\t\t\t\t\t\t\t<div class=\"elementor-text-editor elementor-clearfix\">\n\t\t\t\t<p><span style=\"font-size: 17px; font-style: normal; font-weight: 400;\">doskonalenie genetyczne * zwierz\u0119ta gospodarskie * zwierz\u0119ta dziko \u017cyj\u0105ce* analiza bayesowska * emisja metanu * loci cech ilo\u015bciowych * narz\u0119dzia informatyczne w&nbsp;doskonaleniu zwierz\u0105t * ocena warto\u015bci hodowlanej * selekcja genomowa * optymalizacja program\u00f3w hodowlanych * inbred * program ochrony zasob\u00f3w genetycznych * parametry genetyczne * strategie doboru zwierz\u0105t do&nbsp;kojarze\u0144<\/span><\/p>\t\t\t\t\t<\/div>\n\t\t\t\t\t\t<\/div>\n\t\t\t\t<\/div>\n\t\t\t\t\t\t<\/div>\n\t\t\t\t\t<\/div>\n\t\t<\/div>\n\t\t\t\t\t\t\t\t<\/div>\n\t\t\t\t\t<\/div>\n\t\t<\/section>\n\t\t\t\t<section class=\"elementor-section elementor-top-section elementor-element elementor-element-89fc2f6 elementor-section-full_width elementor-section-height-default elementor-section-height-default\" data-id=\"89fc2f6\" data-element_type=\"section\" data-settings=\"{&quot;background_background&quot;:&quot;classic&quot;}\">\n\t\t\t\t\t\t\t<div class=\"elementor-background-overlay\"><\/div>\n\t\t\t\t\t\t\t<div class=\"elementor-container elementor-column-gap-default\">\n\t\t\t\t\t\t\t<div class=\"elementor-row\">\n\t\t\t\t\t<div class=\"elementor-column elementor-col-100 elementor-top-column elementor-element elementor-element-7355ed0\" data-id=\"7355ed0\" data-element_type=\"column\">\n\t\t\t<div class=\"elementor-column-wrap elementor-element-populated\">\n\t\t\t\t\t\t\t<div class=\"elementor-widget-wrap\">\n\t\t\t\t\t\t<div class=\"elementor-element elementor-element-18437c9 elementor-tabs-view-horizontal elementor-widget elementor-widget-tabs\" data-id=\"18437c9\" data-element_type=\"widget\" data-widget_type=\"tabs.default\">\n\t\t\t\t<div class=\"elementor-widget-container\">\n\t\t\t\t\t<div class=\"elementor-tabs\">\n\t\t\t<div class=\"elementor-tabs-wrapper\" role=\"tablist\" >\n\t\t\t\t\t\t\t\t\t<div id=\"elementor-tab-title-2541\" class=\"elementor-tab-title elementor-tab-desktop-title\" aria-selected=\"true\" data-tab=\"1\" role=\"tab\" tabindex=\"0\" aria-controls=\"elementor-tab-content-2541\" aria-expanded=\"false\"><a href=\"\">Wybrane publikacje<\/a><\/div>\n\t\t\t\t\t\t\t\t\t<div id=\"elementor-tab-title-2542\" class=\"elementor-tab-title elementor-tab-desktop-title\" aria-selected=\"false\" data-tab=\"2\" role=\"tab\" tabindex=\"-1\" aria-controls=\"elementor-tab-content-2542\" aria-expanded=\"false\"><a href=\"\">Projekty<\/a><\/div>\n\t\t\t\t\t\t\t<\/div>\n\t\t\t<div class=\"elementor-tabs-content-wrapper\" role=\"tablist\" aria-orientation=\"vertical\">\n\t\t\t\t\t\t\t\t\t<div class=\"elementor-tab-title elementor-tab-mobile-title\" aria-selected=\"true\" data-tab=\"1\" role=\"tab\" tabindex=\"0\" aria-controls=\"elementor-tab-content-2541\" aria-expanded=\"false\">Wybrane publikacje<\/div>\n\t\t\t\t\t<div id=\"elementor-tab-content-2541\" class=\"elementor-tab-content elementor-clearfix\" data-tab=\"1\" role=\"tabpanel\" aria-labelledby=\"elementor-tab-title-2541\" tabindex=\"0\" hidden=\"false\"><p><span style=\"font-size: 17px; font-style: normal; font-weight: bold;\">2024<\/span><strong><br \/><\/strong><\/p><ol><li>Ludwiczak, A., J. Sk\u0142adanowska-Baryza, A. Cie\u015blak, M. Stanisz, E. Skrzypczak, <strong>E. Sell-Kubiak<\/strong>, P. \u015al\u00f3sarz, P. Racewicz. 2024. <em>Application of precision farming technologies in pig production and their effect on pork quality<\/em>. Meat Science 212:109471. <a href=\"http:\/\/doi.org\/10.1016\/j.meatsci.2024.109471\">doi.org\/10.1016\/j.meatsci.2024.109471<\/a> (IF&#8217;2022=7.1, IF&#8217;5-letni=6.6)<\/li><li>Sell-Kubiak, E. 2024. Wp\u0142yw obsady i&nbsp;wzbogacenia kojc\u00f3w na&nbsp;jako\u015b\u0107 wieprzowiny &#8211; wyniki projektu mEATquality. Seminarium Naukowe w&nbsp;ramach XVI Szko\u0142y Zimowej im. prof.&nbsp;Mariana R\u00f3\u017cyckiego. Ustro\u0144, Poland.<\/li><li>Sell-Kubiak, E., Pszczo\u0142a, M. (2024) Heat tolerance in Polish local pigs: preliminary results of metabolomics analysis of blood.\u00a0<i>The 75th EAAP Annual Meeting<\/i>, Florencja, 1-5 wrze\u015bnia 2024\u00a0<\/li><li>Ciele\u0144 G., Derks M., Boshove A., Sell-Kubiak E. (2024) Genomic evaluation of litter size variability in Large White pigs. The 75th Annual Meeting of the European Association for Animal Production (EAAP),\u00a0Florencja, W\u0142ochy,\u00a0\u00a01-5 wrze\u015bnia 2024.<\/li><li>Ciele\u0144, G., Sell-Kubiak, E. (2024\u00a0<i>&#8211; early online<\/i>). &#8216;Importance and variability of the paternal component in sow reproductive traits&#8217;.\u00a0<i>Journal of Applied Genetics,\u00a0<\/i>10.1007\/s13353-024-00910-y<i>\u00a0<\/i>(IF&#8217;2023=2.0, IF-5letni=2.8).<\/li><\/ol><p><strong>2023<\/strong><\/p><ol><li>Smulski S., Pszczola M., Stachowiak M., Bilinska A., Szczerbal I. (2023), <a href=\"http:\/\/emu.up.poznan.pl\/cgi-bin\/MYSQL\/show_reference_new.cgi?id=9993\">Droplet digital PCR quantification of selected microRNAs in raw mastitic cow\u00e2\u0080\u0099s milk from the west of Poland<\/a>, Journal of Veterinary Research, 67: 583-591. (IF\u00e2\u0080\u0099 2022=1,8; 5-years IF\u00e2\u0080\u0099 2022=2,2) doi: 10.2478\/jvetres-2023-0062<\/li><li>Ludwiczak, A., Kasprowicz-Potocka, M., Zaworska-Zakrzewska, A., Sk\u0139\u0082adanowska-Baryza, J., Rodriguez-Estevez, V., Sanz-Fernandez, S., Diaz-Gaona, S., Ferrari, P., Juul Pedersen, L., Couto, Y.R.M., Revilla, I., Sell-Kubiak, E. (2023), <a style=\"font-size: 16px; background-color: #ffffff;\" href=\"http:\/\/emu.up.poznan.pl\/cgi-bin\/MYSQL\/show_reference_new.cgi?id=9985\">Husbandry practices associated with extensification in European pig production and their effects on pork quality<\/a><span style=\"font-size: 16px;\">, Meat Science, 109339 (IF\u00e2\u0080\u00992022=7,1) doi.org\/10.1016\/j.meatsci.2023.109339<\/span><\/li><li>Ludwiczak A., Skladanowska-Baryza J., Kuczynska B., Sell-Kubiak E., Stanisz M., Skrzypczak E. (2023), <a href=\"http:\/\/emu.up.poznan.pl\/cgi-bin\/MYSQL\/show_reference_new.cgi?id=9975\">Unveiling the attributes of rabbit milk<\/a>, Animal, 17(6), 100848, (IF&#8217;2021=3.73)<\/li><li>Cielen G., Derks M.F.L., Knol E.F., Sell-Kubiak E. (2023), <a href=\"http:\/\/emu.up.poznan.pl\/cgi-bin\/MYSQL\/show_reference_new.cgi?id=9955\">The impact of Box-Cox transformation on phenotypic and genomic characteristics of litter size variability in Landrace pigs<\/a>, Animal, 17(5), 100784 (IF&#8217;2021=3.73)<\/li><li>Wozniak J., Loba W., Iskrzak P., Pszczola M., Wojtczak J., Switonski M., Nowacka-Woszuk J. (2023), <a href=\"http:\/\/emu.up.poznan.pl\/cgi-bin\/MYSQL\/show_reference_new.cgi?id=9953\">A&nbsp;confirmed association between DNA variants in CAPN9, OSM, and ITGAM candidate genes and the risk of umbilical hernia in pigs<\/a>, Animal Genetics, 54(3), 307-314 (IF&#8217;2021=2.884&nbsp;; 5-years IF&#8217;2021=3.058)<\/li><li>Przysiecki P., Filistowicz A., Skotarczak E., Dobrzynska P., Szwaczkowski T. (2023), <a href=\"http:\/\/emu.up.poznan.pl\/cgi-bin\/MYSQL\/show_reference_new.cgi?id=9952\">Bayesian analysis of genetic and environmental effects on litter traits in a&nbsp;red fox (Vulpes vulpes) herd under long-term selection<\/a>, Animal Science Journal, 2023, 94, e 13807 (IF&#8217;2021=1.974)<\/li><li>Bilinska A., Pszczola M., Stachowiak M., Stachecka J., Garbacz F., Aksoy M.O., Szczerbal I. (2023), <a href=\"http:\/\/emu.up.poznan.pl\/cgi-bin\/MYSQL\/show_reference_new.cgi?id=9951\">Droplet Digital PCR Quantification of Selected Intracellular and Extracellular microRNAs Reveals Changes in Their Expression Pattern during Porcine In Vitro Adipogenesis<\/a>, Genes, 14(3), 683 (IF&#8217;2021=4.141&nbsp;; 5-years IF&#8217;2021=4.474)<\/li><li>Gornowicz E., Dobek A., Molinski K., Szwaczkowski T. (2023), <a href=\"http:\/\/emu.up.poznan.pl\/cgi-bin\/MYSQL\/show_reference_new.cgi?id=9949\">The quality of duck meat from the perspective of physical measurements and expert judgment<\/a>, Annals of Animal Science, 23(1), 265-273 (IF&#8217;2021=2.667; 5-year IF&#8217;2021=2.529)<\/li><li>Ciele\u0144, G., E.F. Knol, M.F.L. Derks, E. Sell-Kubiak. 2023. Wykorzystanie transformacji danych w&nbsp;fenotypowej i&nbsp;genomowej ocenie zmienno\u015bci wielko\u015bci miotu u&nbsp;\u015bwi\u0144 rasy landrace. Mi\u0119dzynarodowy Kongres Naukowy &#8220;Szanse nauk o&nbsp;zwierz\u0119tach &#8211; 70 lat Wydzia\u0142u Nauk o&nbsp;Zwierz\u0119tach i&nbsp;Biogospodarki&#8221;.<\/li><li>Kasper C., A. Lepori, J.P. Guti\u00e9rrez, N. Formoso-Rafferty, E. Sell-Kubiak and I. Cervantes. 2023. Breeding for uniformity in piglet birth weight to improve survival. Book of Abstracts of the EAAP, Lyon, France.<\/li><li>Kasper, C., A. Lepori, J.P. Guti\u00e9rrez, N. Formoso-Rafferty, E. Sell-Kubiak and I. Cervantes. 2023. Genetic parameters for genetic variance uniformity in Swiss pigs\u2019 birth weight. Book of Abstracts of the EAAP, Lyon, France.<\/li><\/ol><p><strong>2022<\/strong><\/p><ol><li>Ludwiczak, A., E. Sell-Kubiak, mEATquality consortium. 2022. Review on the effects of sustainable extensification of pig husbandry on pork quality. Book of Abstracts of the EAAP, Porto, Portugal.<\/li><li>Derks, M.F.L., A. Boshove, B. Harlizius, E. Sell-Kubiak, M.S. Lopes, E. Grindflek, E.F. Knol, M.A.M Groenen, A.B. Gjuvsland. 2022. A&nbsp;pan-genome of commercial pig breeds. Proceedings of the 12th World Congress on Genetics Applied in Livestock Production (WCGALP), Rotterdam, the Netherlands.\u00a0<\/li><li>Ciele\u0144, G., E.F. Knol, M.S. Lopes, E. Sell-Kubiak. 2022. To Box-Cox or not to Box-Cox: use of data transformation in phenotypic and genomic evaluation of litter size variability in Landrace pigs. Proceedings of the 12th World Congress on Genetics Applied in Livestock Production (WCGALP), Rotterdam, the Netherlands.<\/li><\/ol><p><strong>2021<\/strong><\/p><ol><li>Sell-Kubiak, E. 2021. Mo\u017cliwe ograniczenia p\u0142yn\u0105ce z&nbsp;selekcji w&nbsp;kierunku maksymalizacji liczebno\u015bci i&nbsp;masy miotu. Trzoda chlewna. 11:22-25.\u00a0<\/li><li>Sell-Kubiak, E. 2021. Czy&nbsp;syndrom drugiego miotu faktycznie istnieje? Trzoda chlewna. 2:18-19.<\/li><li>Sell-Kubiak, E., E. F. Knol, H. A. Mulder, M. Pszczo\u0142a. 2021. Om\u00f3wienie pod\u0142o\u017ca syndromu drugiego miotu. LXXXV Zjazd Polskiego Towarzystwa Zootechnicznego, Olsztyn, Polska.\u00a0<\/li><li>Sell-Kubiak, E., E. F. Knol, M. S. Lopes. 2021. High-density genome-wide association for variability of litter size in pigs. Book of Abstracts of the EAAP, Davos, Switzerland.\u00a0<\/li><li>Derks, M. F. L., B. Harlizius, M. van Son, E. Sell-Kubiak, M. S. Lopes, E. Grindflek, E. F. Knol, A. B. Gjuvsland. 2021. A&nbsp;pangenome of commercial pig breeds. Proceedings of the 38th International Society for Animal Genetics Virtual Conference (ISAG).<\/li><\/ol><\/div>\n\t\t\t\t\t\t\t\t\t<div class=\"elementor-tab-title elementor-tab-mobile-title\" aria-selected=\"false\" data-tab=\"2\" role=\"tab\" tabindex=\"-1\" aria-controls=\"elementor-tab-content-2542\" aria-expanded=\"false\">Projekty<\/div>\n\t\t\t\t\t<div id=\"elementor-tab-content-2542\" class=\"elementor-tab-content elementor-clearfix\" data-tab=\"2\" role=\"tabpanel\" aria-labelledby=\"elementor-tab-title-2542\" tabindex=\"0\" hidden=\"hidden\"><p><strong>Projekty badawcze:<\/strong><\/p><ol><li>NCN-OPUS: <strong>Genetyczne i&nbsp;\u015brodowiskowe uwarunkowania zmienno\u015bci emisji metanu uwalnianego przez&nbsp;krowy mleczne<\/strong>&#8221; 2013\/09\/B\/NZ9\/03179, kierownik projektu: dr hab. Tomasz Strabel, prof.&nbsp;nadzw., 2013-2017.<\/li><li>NCN-SONATA: <strong>Identyfikacja genetycznych mechanizm\u00f3w kontroluj\u0105cych zmienno\u015b\u0107 fenotypow\u0105 wielko\u015bci miotu \u015bwi\u0144<\/strong>. 2016\/23\/D\/NZ9\/00029, kierownik projektu: dr in\u017c. Ewa Sell-Kubiak, 2017-2020.<\/li><li>7 Program Ramowy UE \u2013 ECO-FCE. <strong>Kompleksowe podej\u015bcie do&nbsp;optymalizacji, wydajno\u015bci wykorzystania paszy i&nbsp;ograniczenia negatywnego wp\u0142ywu na&nbsp;\u015brodowisko chowu zwierz\u0105t monogastrycznych<\/strong>. 311794\/3221\/7.PR\/14\/2015\/2; 2\/2013\/UE ECO-FCE). Kierownik zada\u0144 realizowanych w&nbsp;UPP: prof.&nbsp;dr hab. Tomasz Szwaczkowski, 2013-2017.<\/li><\/ol><p><b style=\"font-style: inherit;\">Projekty horyzontalne:<\/b><\/p><div style=\"padding-left: 40px;\"><strong>Facilitating Innovations for Resilient Livestock Farming Systems (Re-Livestock)<\/strong><b><br aria-hidden=\"true\" \/><\/b><\/div><div style=\"padding-left: 40px;\"><strong>Program Ramowy Komisji Europejskiej Bada\u0144 i&nbsp;Rozwoju Horyzont EUROPA<\/strong><br aria-hidden=\"true\" \/>Nr GA-101059609<br aria-hidden=\"true\" \/>Kierownik projektu: dr hab. Marcin Pszczo\u0142a<br aria-hidden=\"true\" \/>1.09.2022-31.08.2027<br aria-hidden=\"true\" \/>Nr UPP RP-013-171\/2022<br aria-hidden=\"true\" \/>Bud\u017cet PULS: 447 600 EUR<br aria-hidden=\"true\" \/>Bud\u017cet ca\u0142ego grantu: 11 996 408 EUR<\/div><div>\u00a0<\/div><div style=\"padding-left: 40px;\"><strong>Program Ramowy Komisji Europejskiej Bada\u0144 i&nbsp;Rozwoju Horyzont 2020: Czynniki \u015brodowiskowe i&nbsp;ekonomiczne a&nbsp;jako\u015b\u0107 mi\u0119sa wieprzowego i&nbsp;drobiowego<\/strong><br aria-hidden=\"true\" \/>Nr GA-101000344<br aria-hidden=\"true\" \/>Kierowniczka projektu: dr hab. Ewa Sell-Kubiak<br aria-hidden=\"true\" \/>1.10.2021-30.09.2025<br aria-hidden=\"true\" \/>Nr UPP 513.534.013<br aria-hidden=\"true\" \/>Bud\u017cet PULS: 402 063,75EUR<br aria-hidden=\"true\" \/>Bud\u017cet ca\u0142ego grantu: 5 994 990EUR<br aria-hidden=\"true\" \/>Linking extensive husbandry practices to the intrinsic quality of pork and broiler meat\u00a0<\/div><div>\u00a0<\/div><\/div>\n\t\t\t\t\t\t\t<\/div>\n\t\t<\/div>\n\t\t\t\t<\/div>\n\t\t\t\t<\/div>\n\t\t\t\t\t\t<\/div>\n\t\t\t\t\t<\/div>\n\t\t<\/div>\n\t\t\t\t\t\t\t\t<\/div>\n\t\t\t\t\t<\/div>\n\t\t<\/section>\n\t\t\t\t\t\t\t\t\t<\/div>\n\t\t\t<\/div>\n\t\t\t\t\t<\/div>\n\t\t","protected":false},"excerpt":{"rendered":"<p>Katedra Genetyki i&nbsp;Podstaw Hodowli Zwierz\u0105t\u200b\u200b Wydzia\u0142 Medycyny Weterynaryjnej i&nbsp;Nauk o&nbsp;Zwierz\u0119tach Uniwersytet Przyrodniczy w&nbsp;Poznaniu Zesp\u00f3\u0142 Metod Hodowlanych i&nbsp;Genetyki Populacji Zesp\u00f3\u0142 Badawczy: doskonalenie genetyczne * zwierz\u0119ta gospodarskie * zwierz\u0119ta dziko \u017cyj\u0105ce* analiza bayesowska * emisja metanu * loci cech ilo\u015bciowych * narz\u0119dzia informatyczne w&nbsp;doskonaleniu zwierz\u0105t * ocena warto\u015bci hodowlanej * selekcja genomowa * optymalizacja program\u00f3w hodowlanych * &hellip;<\/p>\n<p class=\"read-more\"> <a class=\"\" href=\"https:\/\/sparrow.up.poznan.pl\/genetyka\/index.php\/metody-hodowlane-i-genetyka-populacji1\/\"> <span class=\"screen-reader-text\">Metody hodowlane i genetyka populacji1<\/span> Read More &raquo;<\/a><\/p>\n","protected":false},"author":1,"featured_media":0,"parent":0,"menu_order":0,"comment_status":"closed","ping_status":"closed","template":"","meta":{"site-sidebar-layout":"no-sidebar","site-content-layout":"page-builder","ast-global-header-display":"","ast-main-header-display":"","ast-hfb-above-header-display":"","ast-hfb-below-header-display":"","ast-hfb-mobile-header-display":"","site-post-title":"disabled","ast-breadcrumbs-content":"","ast-featured-img":"disabled","footer-sml-layout":"","theme-transparent-header-meta":"default","adv-header-id-meta":"","stick-header-meta":"","header-above-stick-meta":"","header-main-stick-meta":"","header-below-stick-meta":""},"_links":{"self":[{"href":"https:\/\/sparrow.up.poznan.pl\/genetyka\/index.php\/wp-json\/wp\/v2\/pages\/1149"}],"collection":[{"href":"https:\/\/sparrow.up.poznan.pl\/genetyka\/index.php\/wp-json\/wp\/v2\/pages"}],"about":[{"href":"https:\/\/sparrow.up.poznan.pl\/genetyka\/index.php\/wp-json\/wp\/v2\/types\/page"}],"author":[{"embeddable":true,"href":"https:\/\/sparrow.up.poznan.pl\/genetyka\/index.php\/wp-json\/wp\/v2\/users\/1"}],"replies":[{"embeddable":true,"href":"https:\/\/sparrow.up.poznan.pl\/genetyka\/index.php\/wp-json\/wp\/v2\/comments?post=1149"}],"version-history":[{"count":82,"href":"https:\/\/sparrow.up.poznan.pl\/genetyka\/index.php\/wp-json\/wp\/v2\/pages\/1149\/revisions"}],"predecessor-version":[{"id":3028,"href":"https:\/\/sparrow.up.poznan.pl\/genetyka\/index.php\/wp-json\/wp\/v2\/pages\/1149\/revisions\/3028"}],"wp:attachment":[{"href":"https:\/\/sparrow.up.poznan.pl\/genetyka\/index.php\/wp-json\/wp\/v2\/media?parent=1149"}],"curies":[{"name":"wp","href":"https:\/\/api.w.org\/{rel}","templated":true}]}}