{"id":15,"date":"2019-06-18T18:03:04","date_gmt":"2019-06-18T16:03:04","guid":{"rendered":"http:\/\/www1.up.poznan.pl\/genetyka1\/?page_id=15"},"modified":"2022-10-14T09:46:14","modified_gmt":"2022-10-14T07:46:14","slug":"dla-studentow","status":"publish","type":"page","link":"https:\/\/sparrow.up.poznan.pl\/genetyka\/index.php\/dla-studentow\/","title":{"rendered":"Dla student\u00f3w"},"content":{"rendered":"\t\t<div data-elementor-type=\"wp-post\" data-elementor-id=\"15\" class=\"elementor elementor-15\">\n\t\t\t\t\t\t<div class=\"elementor-inner\">\n\t\t\t\t<div class=\"elementor-section-wrap\">\n\t\t\t\t\t\t\t\t\t<section class=\"elementor-section elementor-top-section elementor-element elementor-element-12ec56f6 elementor-section-height-min-height elementor-section-content-middle elementor-section-stretched elementor-section-full_width elementor-section-height-default elementor-section-items-middle\" data-id=\"12ec56f6\" data-element_type=\"section\" data-settings=\"{&quot;background_background&quot;:&quot;classic&quot;,&quot;stretch_section&quot;:&quot;section-stretched&quot;}\">\n\t\t\t\t\t\t\t<div class=\"elementor-background-overlay\"><\/div>\n\t\t\t\t\t\t\t<div class=\"elementor-container elementor-column-gap-default\">\n\t\t\t\t\t\t\t<div class=\"elementor-row\">\n\t\t\t\t\t<div class=\"elementor-column elementor-col-100 elementor-top-column elementor-element elementor-element-598284d3\" data-id=\"598284d3\" data-element_type=\"column\">\n\t\t\t<div class=\"elementor-column-wrap elementor-element-populated\">\n\t\t\t\t\t\t\t<div class=\"elementor-widget-wrap\">\n\t\t\t\t\t\t<section class=\"elementor-section elementor-inner-section elementor-element elementor-element-2bbc0434 elementor-section-boxed elementor-section-height-default elementor-section-height-default\" data-id=\"2bbc0434\" data-element_type=\"section\">\n\t\t\t\t\t\t<div class=\"elementor-container elementor-column-gap-default\">\n\t\t\t\t\t\t\t<div class=\"elementor-row\">\n\t\t\t\t\t<div class=\"elementor-column elementor-col-25 elementor-inner-column elementor-element elementor-element-1bd32fa7\" data-id=\"1bd32fa7\" data-element_type=\"column\">\n\t\t\t<div class=\"elementor-column-wrap\">\n\t\t\t\t\t\t\t<div class=\"elementor-widget-wrap\">\n\t\t\t\t\t\t\t\t<\/div>\n\t\t\t\t\t<\/div>\n\t\t<\/div>\n\t\t\t\t<div class=\"elementor-column elementor-col-50 elementor-inner-column elementor-element elementor-element-76ba3bd6\" data-id=\"76ba3bd6\" data-element_type=\"column\">\n\t\t\t<div class=\"elementor-column-wrap elementor-element-populated\">\n\t\t\t\t\t\t\t<div class=\"elementor-widget-wrap\">\n\t\t\t\t\t\t<div class=\"elementor-element elementor-element-2c2ba5b7 elementor-widget elementor-widget-heading\" data-id=\"2c2ba5b7\" data-element_type=\"widget\" data-widget_type=\"heading.default\">\n\t\t\t\t<div class=\"elementor-widget-container\">\n\t\t\t<h2 class=\"elementor-heading-title elementor-size-default\">Katedra Genetyki i&nbsp;Podstaw Hodowli Zwierz\u0105t\u200b\u200b<\/h2>\t\t<\/div>\n\t\t\t\t<\/div>\n\t\t\t\t<div class=\"elementor-element elementor-element-45dc793a elementor-widget elementor-widget-heading\" data-id=\"45dc793a\" data-element_type=\"widget\" data-widget_type=\"heading.default\">\n\t\t\t\t<div class=\"elementor-widget-container\">\n\t\t\t<h5 class=\"elementor-heading-title elementor-size-default\">Wydzia\u0142 Medycyny Weterynaryjnej i&nbsp;Nauk o&nbsp;Zwierz\u0119tach<br>\nUniwersytet Przyrodniczy w&nbsp;Poznaniu<\/h5>\t\t<\/div>\n\t\t\t\t<\/div>\n\t\t\t\t\t\t<\/div>\n\t\t\t\t\t<\/div>\n\t\t<\/div>\n\t\t\t\t<div class=\"elementor-column elementor-col-25 elementor-inner-column elementor-element elementor-element-28a08150\" data-id=\"28a08150\" data-element_type=\"column\">\n\t\t\t<div class=\"elementor-column-wrap\">\n\t\t\t\t\t\t\t<div class=\"elementor-widget-wrap\">\n\t\t\t\t\t\t\t\t<\/div>\n\t\t\t\t\t<\/div>\n\t\t<\/div>\n\t\t\t\t\t\t\t\t<\/div>\n\t\t\t\t\t<\/div>\n\t\t<\/section>\n\t\t\t\t\t\t<\/div>\n\t\t\t\t\t<\/div>\n\t\t<\/div>\n\t\t\t\t\t\t\t\t<\/div>\n\t\t\t\t\t<\/div>\n\t\t<\/section>\n\t\t\t\t<section class=\"elementor-section elementor-top-section elementor-element elementor-element-1b35f2a2 elementor-section-full_width elementor-section-height-default elementor-section-height-default\" data-id=\"1b35f2a2\" data-element_type=\"section\" data-settings=\"{&quot;background_background&quot;:&quot;classic&quot;}\">\n\t\t\t\t\t\t\t<div class=\"elementor-background-overlay\"><\/div>\n\t\t\t\t\t\t\t<div class=\"elementor-container elementor-column-gap-default\">\n\t\t\t\t\t\t\t<div class=\"elementor-row\">\n\t\t\t\t\t<div class=\"elementor-column elementor-col-100 elementor-top-column elementor-element elementor-element-30e66ba9\" data-id=\"30e66ba9\" data-element_type=\"column\">\n\t\t\t<div class=\"elementor-column-wrap elementor-element-populated\">\n\t\t\t\t\t\t\t<div class=\"elementor-widget-wrap\">\n\t\t\t\t\t\t<div class=\"elementor-element elementor-element-016f44c elementor-widget elementor-widget-heading\" data-id=\"016f44c\" data-element_type=\"widget\" data-widget_type=\"heading.default\">\n\t\t\t\t<div class=\"elementor-widget-container\">\n\t\t\t<h2 class=\"elementor-heading-title elementor-size-default\">Dla&nbsp;Student\u00f3w<\/h2>\t\t<\/div>\n\t\t\t\t<\/div>\n\t\t\t\t<div class=\"elementor-element elementor-element-61c3f29c elementor-widget elementor-widget-text-editor\" data-id=\"61c3f29c\" data-element_type=\"widget\" data-widget_type=\"text-editor.default\">\n\t\t\t\t<div class=\"elementor-widget-container\">\n\t\t\t\t\t\t\t\t<div class=\"elementor-text-editor elementor-clearfix\">\n\t\t\t\t<p>Wszystkich student\u00f3w zach\u0119camy do&nbsp;zapoznania si\u0119 z&nbsp;<strong>programami wyk\u0142ad\u00f3w i&nbsp;\u0107wicze\u0144<\/strong>.<\/p>\n<p>Student powinien zapozna\u0107 si\u0119 z\u00a0<strong>planem przedmiotu<\/strong>\u00a0najp\u00f3\u017aniej na&nbsp;pierwszych zaj\u0119ciach. Programy przedmiot\u00f3w dost\u0119pne s\u0105 na&nbsp;tablicy og\u0142osze\u0144 przed Katedr\u0105.<\/p>\n<p><span style=\"font-size: 15px;\">Zach\u0119camy do&nbsp;przygotowywania\u00a0<\/span><strong style=\"font-size: 15px;\">prac magisterskich\u00a0<\/strong><span style=\"font-size: 15px;\">w&nbsp;naszej Katedrze. Prace magisterskie wykonane w&nbsp;Katedrze Genetyki i&nbsp;Podstaw Hodowli Zwierz\u0105t zdoby\u0142y szereg nagr\u00f3d i&nbsp;wyr\u00f3\u017cnie\u0144. S\u0105 one wyrazem uznania dla&nbsp;umiej\u0119tno\u015bci i&nbsp;wk\u0142adu pracy magistrant\u00f3w i&nbsp;ich opiekun\u00f3w.\u00a0<\/span><\/p>\n<p><span style=\"font-size: 15px;\">Prosimy o&nbsp;zapoznanie si\u0119 z\u00a0<\/span><strong style=\"font-size: 15px;\">Regulaminem pracy magistrant\u00f3w<\/strong><span style=\"font-size: 15px;\">\u00a0w Katedrze Genetyki i&nbsp;Podstaw Hodowli Zwierz\u0105t.\u00a0<\/span><\/p>\t\t\t\t\t<\/div>\n\t\t\t\t\t\t<\/div>\n\t\t\t\t<\/div>\n\t\t\t\t\t\t<\/div>\n\t\t\t\t\t<\/div>\n\t\t<\/div>\n\t\t\t\t\t\t\t\t<\/div>\n\t\t\t\t\t<\/div>\n\t\t<\/section>\n\t\t\t\t\t\t\t\t\t<\/div>\n\t\t\t<\/div>\n\t\t\t\t\t<\/div>\n\t\t","protected":false},"excerpt":{"rendered":"<p>Katedra Genetyki i&nbsp;Podstaw Hodowli Zwierz\u0105t\u200b\u200b Wydzia\u0142 Medycyny Weterynaryjnej i&nbsp;Nauk o&nbsp;Zwierz\u0119tach Uniwersytet Przyrodniczy w&nbsp;Poznaniu Dla&nbsp;Student\u00f3w Wszystkich student\u00f3w zach\u0119camy do&nbsp;zapoznania si\u0119 z&nbsp;programami wyk\u0142ad\u00f3w i&nbsp;\u0107wicze\u0144. Student powinien zapozna\u0107 si\u0119 z\u00a0planem przedmiotu\u00a0najp\u00f3\u017aniej na&nbsp;pierwszych zaj\u0119ciach. Programy przedmiot\u00f3w dost\u0119pne s\u0105 na&nbsp;tablicy og\u0142osze\u0144 przed Katedr\u0105. Zach\u0119camy do&nbsp;przygotowywania\u00a0prac magisterskich\u00a0w&nbsp;naszej Katedrze. Prace magisterskie wykonane w&nbsp;Katedrze Genetyki i&nbsp;Podstaw Hodowli Zwierz\u0105t zdoby\u0142y szereg nagr\u00f3d i&nbsp;wyr\u00f3\u017cnie\u0144. S\u0105 &hellip;<\/p>\n<p class=\"read-more\"> <a class=\"\" href=\"https:\/\/sparrow.up.poznan.pl\/genetyka\/index.php\/dla-studentow\/\"> <span class=\"screen-reader-text\">Dla student\u00f3w<\/span> Read More &raquo;<\/a><\/p>\n","protected":false},"author":1,"featured_media":0,"parent":0,"menu_order":0,"comment_status":"closed","ping_status":"closed","template":"","meta":{"site-sidebar-layout":"default","site-content-layout":"page-builder","ast-global-header-display":"","ast-main-header-display":"","ast-hfb-above-header-display":"","ast-hfb-below-header-display":"","ast-hfb-mobile-header-display":"","site-post-title":"disabled","ast-breadcrumbs-content":"","ast-featured-img":"","footer-sml-layout":"","theme-transparent-header-meta":"default","adv-header-id-meta":"","stick-header-meta":"","header-above-stick-meta":"","header-main-stick-meta":"","header-below-stick-meta":""},"_links":{"self":[{"href":"https:\/\/sparrow.up.poznan.pl\/genetyka\/index.php\/wp-json\/wp\/v2\/pages\/15"}],"collection":[{"href":"https:\/\/sparrow.up.poznan.pl\/genetyka\/index.php\/wp-json\/wp\/v2\/pages"}],"about":[{"href":"https:\/\/sparrow.up.poznan.pl\/genetyka\/index.php\/wp-json\/wp\/v2\/types\/page"}],"author":[{"embeddable":true,"href":"https:\/\/sparrow.up.poznan.pl\/genetyka\/index.php\/wp-json\/wp\/v2\/users\/1"}],"replies":[{"embeddable":true,"href":"https:\/\/sparrow.up.poznan.pl\/genetyka\/index.php\/wp-json\/wp\/v2\/comments?post=15"}],"version-history":[{"count":16,"href":"https:\/\/sparrow.up.poznan.pl\/genetyka\/index.php\/wp-json\/wp\/v2\/pages\/15\/revisions"}],"predecessor-version":[{"id":2353,"href":"https:\/\/sparrow.up.poznan.pl\/genetyka\/index.php\/wp-json\/wp\/v2\/pages\/15\/revisions\/2353"}],"wp:attachment":[{"href":"https:\/\/sparrow.up.poznan.pl\/genetyka\/index.php\/wp-json\/wp\/v2\/media?parent=15"}],"curies":[{"name":"wp","href":"https:\/\/api.w.org\/{rel}","templated":true}]}}