{"id":2258,"date":"2022-09-28T07:47:10","date_gmt":"2022-09-28T05:47:10","guid":{"rendered":"https:\/\/sparrow.up.poznan.pl\/genetyka\/?page_id=2258"},"modified":"2022-10-14T09:52:31","modified_gmt":"2022-10-14T07:52:31","slug":"kontakt","status":"publish","type":"page","link":"https:\/\/sparrow.up.poznan.pl\/genetyka\/index.php\/kontakt\/","title":{"rendered":"Kontakt"},"content":{"rendered":"\t\t<div data-elementor-type=\"wp-post\" data-elementor-id=\"2258\" class=\"elementor elementor-2258\">\n\t\t\t\t\t\t<div class=\"elementor-inner\">\n\t\t\t\t<div class=\"elementor-section-wrap\">\n\t\t\t\t\t\t\t\t\t<section class=\"elementor-section elementor-top-section elementor-element elementor-element-2fdfdee6 elementor-section-height-min-height elementor-section-content-middle elementor-section-stretched elementor-section-full_width elementor-section-height-default elementor-section-items-middle\" data-id=\"2fdfdee6\" data-element_type=\"section\" data-settings=\"{&quot;background_background&quot;:&quot;classic&quot;,&quot;stretch_section&quot;:&quot;section-stretched&quot;}\">\n\t\t\t\t\t\t\t<div class=\"elementor-background-overlay\"><\/div>\n\t\t\t\t\t\t\t<div class=\"elementor-container elementor-column-gap-default\">\n\t\t\t\t\t\t\t<div class=\"elementor-row\">\n\t\t\t\t\t<div class=\"elementor-column elementor-col-100 elementor-top-column elementor-element elementor-element-281f86e0\" data-id=\"281f86e0\" data-element_type=\"column\">\n\t\t\t<div class=\"elementor-column-wrap elementor-element-populated\">\n\t\t\t\t\t\t\t<div class=\"elementor-widget-wrap\">\n\t\t\t\t\t\t<section class=\"elementor-section elementor-inner-section elementor-element elementor-element-43fe0a61 elementor-section-boxed elementor-section-height-default elementor-section-height-default\" data-id=\"43fe0a61\" data-element_type=\"section\">\n\t\t\t\t\t\t<div class=\"elementor-container elementor-column-gap-default\">\n\t\t\t\t\t\t\t<div class=\"elementor-row\">\n\t\t\t\t\t<div class=\"elementor-column elementor-col-25 elementor-inner-column elementor-element elementor-element-1013ef34\" data-id=\"1013ef34\" data-element_type=\"column\">\n\t\t\t<div class=\"elementor-column-wrap\">\n\t\t\t\t\t\t\t<div class=\"elementor-widget-wrap\">\n\t\t\t\t\t\t\t\t<\/div>\n\t\t\t\t\t<\/div>\n\t\t<\/div>\n\t\t\t\t<div class=\"elementor-column elementor-col-50 elementor-inner-column elementor-element elementor-element-4d84a462\" data-id=\"4d84a462\" data-element_type=\"column\">\n\t\t\t<div class=\"elementor-column-wrap elementor-element-populated\">\n\t\t\t\t\t\t\t<div class=\"elementor-widget-wrap\">\n\t\t\t\t\t\t<div class=\"elementor-element elementor-element-1d20f6d4 elementor-widget elementor-widget-heading\" data-id=\"1d20f6d4\" data-element_type=\"widget\" data-widget_type=\"heading.default\">\n\t\t\t\t<div class=\"elementor-widget-container\">\n\t\t\t<h2 class=\"elementor-heading-title elementor-size-default\">Katedra Genetyki i&nbsp;Podstaw Hodowli Zwierz\u0105t\u200b\u200b<\/h2>\t\t<\/div>\n\t\t\t\t<\/div>\n\t\t\t\t<div class=\"elementor-element elementor-element-56d17aea elementor-widget elementor-widget-heading\" data-id=\"56d17aea\" data-element_type=\"widget\" data-widget_type=\"heading.default\">\n\t\t\t\t<div class=\"elementor-widget-container\">\n\t\t\t<h5 class=\"elementor-heading-title elementor-size-default\">Wydzia\u0142 Medycyny Weterynaryjnej i&nbsp;Nauk o&nbsp;Zwierz\u0119tach<br>\nUniwersytet Przyrodniczy w&nbsp;Poznaniu<\/h5>\t\t<\/div>\n\t\t\t\t<\/div>\n\t\t\t\t\t\t<\/div>\n\t\t\t\t\t<\/div>\n\t\t<\/div>\n\t\t\t\t<div class=\"elementor-column elementor-col-25 elementor-inner-column elementor-element elementor-element-29684913\" data-id=\"29684913\" data-element_type=\"column\">\n\t\t\t<div class=\"elementor-column-wrap\">\n\t\t\t\t\t\t\t<div class=\"elementor-widget-wrap\">\n\t\t\t\t\t\t\t\t<\/div>\n\t\t\t\t\t<\/div>\n\t\t<\/div>\n\t\t\t\t\t\t\t\t<\/div>\n\t\t\t\t\t<\/div>\n\t\t<\/section>\n\t\t\t\t\t\t<\/div>\n\t\t\t\t\t<\/div>\n\t\t<\/div>\n\t\t\t\t\t\t\t\t<\/div>\n\t\t\t\t\t<\/div>\n\t\t<\/section>\n\t\t\t\t<section class=\"elementor-section elementor-top-section elementor-element elementor-element-8f2381e elementor-section-full_width elementor-section-height-default elementor-section-height-default\" data-id=\"8f2381e\" data-element_type=\"section\" data-settings=\"{&quot;background_background&quot;:&quot;classic&quot;}\">\n\t\t\t\t\t\t\t<div class=\"elementor-background-overlay\"><\/div>\n\t\t\t\t\t\t\t<div class=\"elementor-container elementor-column-gap-default\">\n\t\t\t\t\t\t\t<div class=\"elementor-row\">\n\t\t\t\t\t<div class=\"elementor-column elementor-col-100 elementor-top-column elementor-element elementor-element-23d8dcd\" data-id=\"23d8dcd\" data-element_type=\"column\">\n\t\t\t<div class=\"elementor-column-wrap elementor-element-populated\">\n\t\t\t\t\t\t\t<div class=\"elementor-widget-wrap\">\n\t\t\t\t\t\t<div class=\"elementor-element elementor-element-de2c4ae elementor-widget elementor-widget-heading\" data-id=\"de2c4ae\" data-element_type=\"widget\" data-widget_type=\"heading.default\">\n\t\t\t\t<div class=\"elementor-widget-container\">\n\t\t\t<h2 class=\"elementor-heading-title elementor-size-default\">Kontakt<\/h2>\t\t<\/div>\n\t\t\t\t<\/div>\n\t\t\t\t<div class=\"elementor-element elementor-element-d0607d0 elementor-widget elementor-widget-text-editor\" data-id=\"d0607d0\" data-element_type=\"widget\" data-widget_type=\"text-editor.default\">\n\t\t\t\t<div class=\"elementor-widget-container\">\n\t\t\t\t\t\t\t\t<div class=\"elementor-text-editor elementor-clearfix\">\n\t\t\t\t<h4>Katedra Genetyki i&nbsp;Podstaw Hodowli Zwierz\u0105t<\/h4>\n<p>Wydzia\u0142 Medycyny Weterynaryjnej i&nbsp;Nauk o&nbsp;Zwierz\u0119tach<\/p>\n<p>Uniwersytet Przyrodniczy w&nbsp;Poznaniu.<\/p>\n<p>ul. Wo\u0142y\u0144ska 33<br>60-637 Pozna\u0144<br>Polska<br>tel: + 48 61 848 71 87<br>email:&nbsp;<a href=\"mailto: sekretariat.genetyka@up.poznan.pl\">sekretariat.genetyka@up.poznan.pl<\/a><\/p>\n<p><\/p>\t\t\t\t\t<\/div>\n\t\t\t\t\t\t<\/div>\n\t\t\t\t<\/div>\n\t\t\t\t<div class=\"elementor-element elementor-element-374c0f0 elementor-widget elementor-widget-google_maps\" data-id=\"374c0f0\" data-element_type=\"widget\" data-widget_type=\"google_maps.default\">\n\t\t\t\t<div class=\"elementor-widget-container\">\n\t\t\t\t\t<div class=\"elementor-custom-embed\">\n\t\t\t<iframe frameborder=\"0\" scrolling=\"no\" marginheight=\"0\" marginwidth=\"0\"\n\t\t\t\t\tsrc=\"https:\/\/maps.google.com\/maps?q=Wo%C5%82y%C5%84ska%2033%20Pozna%C5%84&#038;t=m&#038;z=15&#038;output=embed&#038;iwloc=near\"\n\t\t\t\t\ttitle=\"Wo\u0142y\u0144ska 33 Pozna\u0144\"\n\t\t\t\t\taria-label=\"Wo\u0142y\u0144ska 33 Pozna\u0144\"\n\t\t\t><\/iframe>\n\t\t<\/div>\n\t\t\t\t<\/div>\n\t\t\t\t<\/div>\n\t\t\t\t\t\t<\/div>\n\t\t\t\t\t<\/div>\n\t\t<\/div>\n\t\t\t\t\t\t\t\t<\/div>\n\t\t\t\t\t<\/div>\n\t\t<\/section>\n\t\t\t\t\t\t\t\t\t<\/div>\n\t\t\t<\/div>\n\t\t\t\t\t<\/div>\n\t\t","protected":false},"excerpt":{"rendered":"<p>Katedra Genetyki i&nbsp;Podstaw Hodowli Zwierz\u0105t\u200b\u200b Wydzia\u0142 Medycyny Weterynaryjnej i&nbsp;Nauk o&nbsp;Zwierz\u0119tach Uniwersytet Przyrodniczy w&nbsp;Poznaniu Kontakt Katedra Genetyki i&nbsp;Podstaw Hodowli Zwierz\u0105t Wydzia\u0142 Medycyny Weterynaryjnej i&nbsp;Nauk o&nbsp;Zwierz\u0119tach Uniwersytet Przyrodniczy w&nbsp;Poznaniu. ul. Wo\u0142y\u0144ska 3360-637 Pozna\u0144Polskatel: + 48 61 848 71 87email:&nbsp;sekretariat.genetyka@up.poznan.pl<\/p>\n","protected":false},"author":1,"featured_media":0,"parent":0,"menu_order":0,"comment_status":"closed","ping_status":"closed","template":"","meta":{"site-sidebar-layout":"default","site-content-layout":"page-builder","ast-global-header-display":"","ast-main-header-display":"","ast-hfb-above-header-display":"","ast-hfb-below-header-display":"","ast-hfb-mobile-header-display":"","site-post-title":"disabled","ast-breadcrumbs-content":"","ast-featured-img":"","footer-sml-layout":"","theme-transparent-header-meta":"default","adv-header-id-meta":null,"stick-header-meta":null,"header-above-stick-meta":null,"header-main-stick-meta":null,"header-below-stick-meta":null},"_links":{"self":[{"href":"https:\/\/sparrow.up.poznan.pl\/genetyka\/index.php\/wp-json\/wp\/v2\/pages\/2258"}],"collection":[{"href":"https:\/\/sparrow.up.poznan.pl\/genetyka\/index.php\/wp-json\/wp\/v2\/pages"}],"about":[{"href":"https:\/\/sparrow.up.poznan.pl\/genetyka\/index.php\/wp-json\/wp\/v2\/types\/page"}],"author":[{"embeddable":true,"href":"https:\/\/sparrow.up.poznan.pl\/genetyka\/index.php\/wp-json\/wp\/v2\/users\/1"}],"replies":[{"embeddable":true,"href":"https:\/\/sparrow.up.poznan.pl\/genetyka\/index.php\/wp-json\/wp\/v2\/comments?post=2258"}],"version-history":[{"count":10,"href":"https:\/\/sparrow.up.poznan.pl\/genetyka\/index.php\/wp-json\/wp\/v2\/pages\/2258\/revisions"}],"predecessor-version":[{"id":2380,"href":"https:\/\/sparrow.up.poznan.pl\/genetyka\/index.php\/wp-json\/wp\/v2\/pages\/2258\/revisions\/2380"}],"wp:attachment":[{"href":"https:\/\/sparrow.up.poznan.pl\/genetyka\/index.php\/wp-json\/wp\/v2\/media?parent=2258"}],"curies":[{"name":"wp","href":"https:\/\/api.w.org\/{rel}","templated":true}]}}