{"id":2762,"date":"2023-12-13T14:29:54","date_gmt":"2023-12-13T13:29:54","guid":{"rendered":"https:\/\/sparrow.up.poznan.pl\/genetyka\/?page_id=2762"},"modified":"2024-10-17T15:04:50","modified_gmt":"2024-10-17T13:04:50","slug":"zespol-bioinformatyki-i-metod-obliczeniowych","status":"publish","type":"page","link":"https:\/\/sparrow.up.poznan.pl\/genetyka\/index.php\/zespol-bioinformatyki-i-metod-obliczeniowych\/","title":{"rendered":"Zesp\u00f3\u0142 Bioinformatyki i Metod Obliczeniowych"},"content":{"rendered":"\t\t<div data-elementor-type=\"wp-post\" data-elementor-id=\"2762\" class=\"elementor elementor-2762\">\n\t\t\t\t\t\t<div class=\"elementor-inner\">\n\t\t\t\t<div class=\"elementor-section-wrap\">\n\t\t\t\t\t\t\t\t\t<section class=\"elementor-section elementor-top-section elementor-element elementor-element-2f8ade21 elementor-section-height-min-height elementor-section-content-middle elementor-section-stretched elementor-section-full_width elementor-section-height-default elementor-section-items-middle\" data-id=\"2f8ade21\" data-element_type=\"section\" data-settings=\"{&quot;background_background&quot;:&quot;classic&quot;,&quot;stretch_section&quot;:&quot;section-stretched&quot;}\">\n\t\t\t\t\t\t\t<div class=\"elementor-background-overlay\"><\/div>\n\t\t\t\t\t\t\t<div class=\"elementor-container elementor-column-gap-default\">\n\t\t\t\t\t\t\t<div class=\"elementor-row\">\n\t\t\t\t\t<div class=\"elementor-column elementor-col-100 elementor-top-column elementor-element elementor-element-452f1ae4\" data-id=\"452f1ae4\" data-element_type=\"column\">\n\t\t\t<div class=\"elementor-column-wrap elementor-element-populated\">\n\t\t\t\t\t\t\t<div class=\"elementor-widget-wrap\">\n\t\t\t\t\t\t<section class=\"elementor-section elementor-inner-section elementor-element elementor-element-781070f1 elementor-section-boxed elementor-section-height-default elementor-section-height-default\" data-id=\"781070f1\" data-element_type=\"section\">\n\t\t\t\t\t\t<div class=\"elementor-container elementor-column-gap-default\">\n\t\t\t\t\t\t\t<div class=\"elementor-row\">\n\t\t\t\t\t<div class=\"elementor-column elementor-col-25 elementor-inner-column elementor-element elementor-element-78b44967\" data-id=\"78b44967\" data-element_type=\"column\">\n\t\t\t<div class=\"elementor-column-wrap\">\n\t\t\t\t\t\t\t<div class=\"elementor-widget-wrap\">\n\t\t\t\t\t\t\t\t<\/div>\n\t\t\t\t\t<\/div>\n\t\t<\/div>\n\t\t\t\t<div class=\"elementor-column elementor-col-50 elementor-inner-column elementor-element elementor-element-25f3825\" data-id=\"25f3825\" data-element_type=\"column\">\n\t\t\t<div class=\"elementor-column-wrap elementor-element-populated\">\n\t\t\t\t\t\t\t<div class=\"elementor-widget-wrap\">\n\t\t\t\t\t\t<div class=\"elementor-element elementor-element-72563812 elementor-widget elementor-widget-heading\" data-id=\"72563812\" data-element_type=\"widget\" data-widget_type=\"heading.default\">\n\t\t\t\t<div class=\"elementor-widget-container\">\n\t\t\t<h2 class=\"elementor-heading-title elementor-size-default\">Katedra Genetyki i&nbsp;Podstaw Hodowli Zwierz\u0105t\u200b\u200b<\/h2>\t\t<\/div>\n\t\t\t\t<\/div>\n\t\t\t\t<div class=\"elementor-element elementor-element-257739c9 elementor-widget elementor-widget-heading\" data-id=\"257739c9\" data-element_type=\"widget\" data-widget_type=\"heading.default\">\n\t\t\t\t<div class=\"elementor-widget-container\">\n\t\t\t<h5 class=\"elementor-heading-title elementor-size-default\">Wydzia\u0142 Medycyny Weterynaryjnej i&nbsp;Nauk o&nbsp;Zwierz\u0119tach<br>\nUniwersytet Przyrodniczy w&nbsp;Poznaniu<\/h5>\t\t<\/div>\n\t\t\t\t<\/div>\n\t\t\t\t\t\t<\/div>\n\t\t\t\t\t<\/div>\n\t\t<\/div>\n\t\t\t\t<div class=\"elementor-column elementor-col-25 elementor-inner-column elementor-element elementor-element-1f218e33\" data-id=\"1f218e33\" data-element_type=\"column\">\n\t\t\t<div class=\"elementor-column-wrap\">\n\t\t\t\t\t\t\t<div class=\"elementor-widget-wrap\">\n\t\t\t\t\t\t\t\t<\/div>\n\t\t\t\t\t<\/div>\n\t\t<\/div>\n\t\t\t\t\t\t\t\t<\/div>\n\t\t\t\t\t<\/div>\n\t\t<\/section>\n\t\t\t\t\t\t<\/div>\n\t\t\t\t\t<\/div>\n\t\t<\/div>\n\t\t\t\t\t\t\t\t<\/div>\n\t\t\t\t\t<\/div>\n\t\t<\/section>\n\t\t\t\t<section class=\"elementor-section elementor-top-section elementor-element elementor-element-0992903 elementor-section-full_width elementor-section-height-default elementor-section-height-default\" data-id=\"0992903\" data-element_type=\"section\" data-settings=\"{&quot;background_background&quot;:&quot;classic&quot;}\">\n\t\t\t\t\t\t\t<div class=\"elementor-background-overlay\"><\/div>\n\t\t\t\t\t\t\t<div class=\"elementor-container elementor-column-gap-default\">\n\t\t\t\t\t\t\t<div class=\"elementor-row\">\n\t\t\t\t\t<div class=\"elementor-column elementor-col-100 elementor-top-column elementor-element elementor-element-7af5159\" data-id=\"7af5159\" data-element_type=\"column\">\n\t\t\t<div class=\"elementor-column-wrap elementor-element-populated\">\n\t\t\t\t\t\t\t<div class=\"elementor-widget-wrap\">\n\t\t\t\t\t\t<div class=\"elementor-element elementor-element-a385850 elementor-widget elementor-widget-heading\" data-id=\"a385850\" data-element_type=\"widget\" data-widget_type=\"heading.default\">\n\t\t\t\t<div class=\"elementor-widget-container\">\n\t\t\t<h2 class=\"elementor-heading-title elementor-size-default\">Zesp\u00f3\u0142 Bioinformatyki i&nbsp;Metod Obliczeniowych<br><\/h2>\t\t<\/div>\n\t\t\t\t<\/div>\n\t\t\t\t\t\t<\/div>\n\t\t\t\t\t<\/div>\n\t\t<\/div>\n\t\t\t\t\t\t\t\t<\/div>\n\t\t\t\t\t<\/div>\n\t\t<\/section>\n\t\t\t\t<section class=\"elementor-section elementor-top-section elementor-element elementor-element-65e52ba elementor-section-full_width elementor-section-height-default elementor-section-height-default\" data-id=\"65e52ba\" data-element_type=\"section\" data-settings=\"{&quot;background_background&quot;:&quot;classic&quot;}\">\n\t\t\t\t\t\t\t<div class=\"elementor-background-overlay\"><\/div>\n\t\t\t\t\t\t\t<div class=\"elementor-container elementor-column-gap-default\">\n\t\t\t\t\t\t\t<div class=\"elementor-row\">\n\t\t\t\t\t<div class=\"elementor-column elementor-col-50 elementor-top-column elementor-element elementor-element-470693d\" data-id=\"470693d\" data-element_type=\"column\">\n\t\t\t<div class=\"elementor-column-wrap elementor-element-populated\">\n\t\t\t\t\t\t\t<div class=\"elementor-widget-wrap\">\n\t\t\t\t\t\t<div class=\"elementor-element elementor-element-c92b3c9 elementor-widget elementor-widget-text-editor\" data-id=\"c92b3c9\" data-element_type=\"widget\" data-widget_type=\"text-editor.default\">\n\t\t\t\t<div class=\"elementor-widget-container\">\n\t\t\t\t\t\t\t\t<div class=\"elementor-text-editor elementor-clearfix\">\n\t\t\t\t<p><b>Zesp\u00f3\u0142 Badawczy:<br \/><\/b><\/p>\t\t\t\t\t<\/div>\n\t\t\t\t\t\t<\/div>\n\t\t\t\t<\/div>\n\t\t\t\t\t\t<\/div>\n\t\t\t\t\t<\/div>\n\t\t<\/div>\n\t\t\t\t<div class=\"elementor-column elementor-col-50 elementor-top-column elementor-element elementor-element-39c1383\" data-id=\"39c1383\" data-element_type=\"column\">\n\t\t\t<div class=\"elementor-column-wrap elementor-element-populated\">\n\t\t\t\t\t\t\t<div class=\"elementor-widget-wrap\">\n\t\t\t\t\t\t<div class=\"elementor-element elementor-element-9262723 elementor-widget elementor-widget-text-editor\" data-id=\"9262723\" data-element_type=\"widget\" data-widget_type=\"text-editor.default\">\n\t\t\t\t<div class=\"elementor-widget-container\">\n\t\t\t\t\t\t\t\t<div class=\"elementor-text-editor elementor-clearfix\">\n\t\t\t\t<p><b>G\u0142\u00f3wne kierunki badawcze:<\/b><\/p><ul><li>Rozw\u00f3j statystycznych i&nbsp;obliczeniowych metod analizy genomowej<\/li><li>Identyfikacja marker\u00f3w DNA powi\u0105zanych z&nbsp;ryzykiem oty\u0142o\u015bci i&nbsp;innych cech z\u0142o\u017conych<\/li><li>Zastosowania analizy bayesowskiej w&nbsp;genetyce<\/li><\/ul><p><strong>Stosowane techniki badawcze:<\/strong><\/p><ul><li>Standardowe algorytmy w&nbsp;potokach NGS, GWAS<\/li><li>Dedykowane algorytmy w&nbsp;j\u0119zykach C, C++, Python, Perl, R<\/li><\/ul>\t\t\t\t\t<\/div>\n\t\t\t\t\t\t<\/div>\n\t\t\t\t<\/div>\n\t\t\t\t\t\t<\/div>\n\t\t\t\t\t<\/div>\n\t\t<\/div>\n\t\t\t\t\t\t\t\t<\/div>\n\t\t\t\t\t<\/div>\n\t\t<\/section>\n\t\t\t\t<section class=\"elementor-section elementor-top-section elementor-element elementor-element-9b3a427 elementor-section-full_width elementor-section-height-default elementor-section-height-default\" data-id=\"9b3a427\" data-element_type=\"section\" data-settings=\"{&quot;background_background&quot;:&quot;classic&quot;}\">\n\t\t\t\t\t\t\t<div class=\"elementor-background-overlay\"><\/div>\n\t\t\t\t\t\t\t<div class=\"elementor-container elementor-column-gap-default\">\n\t\t\t\t\t\t\t<div class=\"elementor-row\">\n\t\t\t\t\t<div class=\"elementor-column elementor-col-100 elementor-top-column elementor-element elementor-element-ed21968\" data-id=\"ed21968\" data-element_type=\"column\">\n\t\t\t<div class=\"elementor-column-wrap elementor-element-populated\">\n\t\t\t\t\t\t\t<div class=\"elementor-widget-wrap\">\n\t\t\t\t\t\t<div class=\"elementor-element elementor-element-39da8c6 elementor-tabs-view-horizontal elementor-widget elementor-widget-tabs\" data-id=\"39da8c6\" data-element_type=\"widget\" data-widget_type=\"tabs.default\">\n\t\t\t\t<div class=\"elementor-widget-container\">\n\t\t\t\t\t<div class=\"elementor-tabs\">\n\t\t\t<div class=\"elementor-tabs-wrapper\" role=\"tablist\" >\n\t\t\t\t\t\t\t\t\t<div id=\"elementor-tab-title-6061\" class=\"elementor-tab-title elementor-tab-desktop-title\" aria-selected=\"true\" data-tab=\"1\" role=\"tab\" tabindex=\"0\" aria-controls=\"elementor-tab-content-6061\" aria-expanded=\"false\"><a href=\"\">Algorytmy<\/a><\/div>\n\t\t\t\t\t\t\t\t\t<div id=\"elementor-tab-title-6062\" class=\"elementor-tab-title elementor-tab-desktop-title\" aria-selected=\"false\" data-tab=\"2\" role=\"tab\" tabindex=\"-1\" aria-controls=\"elementor-tab-content-6062\" aria-expanded=\"false\"><a href=\"\">Wybrane publikacje<\/a><\/div>\n\t\t\t\t\t\t\t\t\t<div id=\"elementor-tab-title-6063\" class=\"elementor-tab-title elementor-tab-desktop-title\" aria-selected=\"false\" data-tab=\"3\" role=\"tab\" tabindex=\"-1\" aria-controls=\"elementor-tab-content-6063\" aria-expanded=\"false\"><a href=\"\">Projekty badawcze<\/a><\/div>\n\t\t\t\t\t\t\t\t\t<div id=\"elementor-tab-title-6064\" class=\"elementor-tab-title elementor-tab-desktop-title\" aria-selected=\"false\" data-tab=\"4\" role=\"tab\" tabindex=\"-1\" aria-controls=\"elementor-tab-content-6064\" aria-expanded=\"false\"><a href=\"\">Dydaktyka<\/a><\/div>\n\t\t\t\t\t\t\t<\/div>\n\t\t\t<div class=\"elementor-tabs-content-wrapper\" role=\"tablist\" aria-orientation=\"vertical\">\n\t\t\t\t\t\t\t\t\t<div class=\"elementor-tab-title elementor-tab-mobile-title\" aria-selected=\"true\" data-tab=\"1\" role=\"tab\" tabindex=\"0\" aria-controls=\"elementor-tab-content-6061\" aria-expanded=\"false\">Algorytmy<\/div>\n\t\t\t\t\t<div id=\"elementor-tab-content-6061\" class=\"elementor-tab-content elementor-clearfix\" data-tab=\"1\" role=\"tabpanel\" aria-labelledby=\"elementor-tab-title-6061\" tabindex=\"0\" hidden=\"false\"><p><strong>Citius<\/strong> &#8211; algorytm Markov Chain Monte Carlo (MCMC) do&nbsp;wyznaczania prawdopodobie\u0144stwa genotyp\u00f3w oraz&nbsp;wsp\u00f3lnego pochodzenia wariant\u00f3w (IBD) w&nbsp;populacjach o&nbsp;z\u0142o\u017conej strukturze spokrewnie\u0144 z&nbsp;niepe\u0142n\u0105 informacj\u0105 genotypow\u0105 &#8211; http:\/\/merlin.up.poznan.pl\/~mcszyd\/citius\/\u00a0<\/p><p><strong>Gene content<\/strong> &#8211; algorytm do&nbsp;wyznaczania oczekiwanej liczby kopii allelu w&nbsp;genotypie: Gengler N, Mayeres P, <strong>Szydlowski M<\/strong>. A&nbsp;simple method to approximate gene content in large pedigree populations: application to the myostatin gene in dual-purpose Belgian Blue cattle. Animal. 2007;1(1):21-28. doi:10.1017\/S1751731107392628<\/p><\/div>\n\t\t\t\t\t\t\t\t\t<div class=\"elementor-tab-title elementor-tab-mobile-title\" aria-selected=\"false\" data-tab=\"2\" role=\"tab\" tabindex=\"-1\" aria-controls=\"elementor-tab-content-6062\" aria-expanded=\"false\">Wybrane publikacje<\/div>\n\t\t\t\t\t<div id=\"elementor-tab-content-6062\" class=\"elementor-tab-content elementor-clearfix\" data-tab=\"2\" role=\"tabpanel\" aria-labelledby=\"elementor-tab-title-6062\" tabindex=\"0\" hidden=\"hidden\"><p><strong>Wybrane publikacje (ostatnie 2 lata)<\/strong><\/p><p><b>2023<\/b><\/p><p>Szydlowski, M (2023), A&nbsp;clue to the etiology of disorders of sex development from identity-by-descent analysis in dogs with cryptic relatedness, Animal Genetics, 54, 166-176 (IF&#8217;2021=2.885; 5-year IF&#8217;2021=2.726)\u00a0<\/p><p>Antkowiak M., Szydlowski M. (2023), Uncovering structural variants associated with body weight and obesity risk in labrador retrievers: a&nbsp;genomewide study., Frontiers in Genetics, 14:1235821 (IF&#8217;2022=3.7) doi: 10.3389\/fgene.2023.1235821\u00a0<\/p><p>Sypniewski M., Szydlowski, M. (2023), A&nbsp;study of 41 canine orthologous of human genes involved in monogenic obesity reveals marker in the ADCY3 for body weight in Labrador retrievers, Veterinary Sciences, 10, 390 (IF&#8217;2021=2.518)<\/p><p><span style=\"font-size: 16px; font-weight: 400;\">\u00a0<\/span><\/p><p><b>2022<\/b><\/p><p>Nowacka-Woszuk J., Stachowiak M., Szczerbal I., Szydlowski M., Szabelska-Beresewicz A., Zyprych-Walczak J., Krzeminska P., Nowak T., Lukomska A., Ligocka Z., Biezynski J., Dzimira S., Nizanski W., Switonski M. (2022), Whole genome sequencing identifies a&nbsp;missense polymorphism in PADI6 associated with testicular\/ovotesticular XX disorder of sex development in dogs, GENOMICS, 114 (4), 110389. (IF&#8217;2020 = 5,735; 5-years IF&#8217;2020 = 4,939)<\/p><\/div>\n\t\t\t\t\t\t\t\t\t<div class=\"elementor-tab-title elementor-tab-mobile-title\" aria-selected=\"false\" data-tab=\"3\" role=\"tab\" tabindex=\"-1\" aria-controls=\"elementor-tab-content-6063\" aria-expanded=\"false\">Projekty badawcze<\/div>\n\t\t\t\t\t<div id=\"elementor-tab-content-6063\" class=\"elementor-tab-content elementor-clearfix\" data-tab=\"3\" role=\"tabpanel\" aria-labelledby=\"elementor-tab-title-6063\" tabindex=\"0\" hidden=\"hidden\"><ul><li><p><b>Projekty badawcze (zako\u0144czone)<\/b><\/p><\/li><\/ul><p>NCN-OPUS: <strong>Identyfikacja marker\u00f3w oty\u0142o\u015bci ps\u00f3w przy&nbsp;pomocy sekwencjonowania ca\u0142ogenomowego<\/strong> nr 2016\/23\/B\/NZ2\/01762, kierownik projektu: prof.&nbsp;dr hab. Maciej Szyd\u0142owski, 2017-2022.<\/p><\/div>\n\t\t\t\t\t\t\t\t\t<div class=\"elementor-tab-title elementor-tab-mobile-title\" aria-selected=\"false\" data-tab=\"4\" role=\"tab\" tabindex=\"-1\" aria-controls=\"elementor-tab-content-6064\" aria-expanded=\"false\">Dydaktyka<\/div>\n\t\t\t\t\t<div id=\"elementor-tab-content-6064\" class=\"elementor-tab-content elementor-clearfix\" data-tab=\"4\" role=\"tabpanel\" aria-labelledby=\"elementor-tab-title-6064\" tabindex=\"0\" hidden=\"hidden\"><ul><li><p><b>Wykaz g\u0142\u00f3wnych przedmiot\u00f3w prowadzonych przez&nbsp;cz\u0142onk\u00f3w Zespo\u0142u:<\/b><\/p><\/li><\/ul><p><b>Bioinformatyka <\/b>\u2013 kierunki \u2013 Biologia (II\u00b0), Biotechnologia (II\u00b0), kierownik \u2013 prof.&nbsp;Maciej Szyd\u0142owski<\/p><p><b>Biostatystyka, biomatematyka i&nbsp;metody dokumentacji <\/b>&#8211; kierunek &#8211; Weterynaria, kierownik \u2013 prof.&nbsp;Maciej Szyd\u0142owski<b> <\/b><\/p><p><b>Genetyka cech ilo\u015bciowych <\/b>\u2013 kierunki\u2013 Biologia (II\u00b0), Biotechnologia (II\u00b0), kierownik \u2013 prof.&nbsp;Maciej Szyd\u0142owski<\/p><ul><li><b>Przedmioty prowadzone w&nbsp;j. angielskim: <\/b><\/li><\/ul><p><b>Experimental Design <\/b>&#8211; kierunek &#8211; Animal Production Management (I\u00b0), kierownik &#8211; prof.&nbsp;Maciej Szyd\u0142owski<\/p><p><b> Principles of Bioinformatics <\/b>&#8211; kierunek &#8211; Animal Production Management (I\u00b0), kierownik &#8211; prof.&nbsp;Maciej Szyd\u0142owski<\/p><\/div>\n\t\t\t\t\t\t\t<\/div>\n\t\t<\/div>\n\t\t\t\t<\/div>\n\t\t\t\t<\/div>\n\t\t\t\t\t\t<\/div>\n\t\t\t\t\t<\/div>\n\t\t<\/div>\n\t\t\t\t\t\t\t\t<\/div>\n\t\t\t\t\t<\/div>\n\t\t<\/section>\n\t\t\t\t<section class=\"elementor-section elementor-top-section elementor-element elementor-element-18916763 elementor-section-height-min-height elementor-section-content-middle elementor-section-stretched elementor-section-full_width elementor-section-height-default elementor-section-items-middle\" data-id=\"18916763\" data-element_type=\"section\" data-settings=\"{&quot;background_background&quot;:&quot;classic&quot;,&quot;stretch_section&quot;:&quot;section-stretched&quot;}\">\n\t\t\t\t\t\t\t<div class=\"elementor-background-overlay\"><\/div>\n\t\t\t\t\t\t\t<div class=\"elementor-container elementor-column-gap-default\">\n\t\t\t\t\t\t\t<div class=\"elementor-row\">\n\t\t\t\t\t<div class=\"elementor-column elementor-col-100 elementor-top-column elementor-element elementor-element-1aaa6f59\" data-id=\"1aaa6f59\" data-element_type=\"column\">\n\t\t\t<div class=\"elementor-column-wrap elementor-element-populated\">\n\t\t\t\t\t\t\t<div class=\"elementor-widget-wrap\">\n\t\t\t\t\t\t<section class=\"elementor-section elementor-inner-section elementor-element elementor-element-16647421 elementor-section-boxed elementor-section-height-default elementor-section-height-default\" data-id=\"16647421\" data-element_type=\"section\">\n\t\t\t\t\t\t<div class=\"elementor-container elementor-column-gap-default\">\n\t\t\t\t\t\t\t<div class=\"elementor-row\">\n\t\t\t\t\t<div class=\"elementor-column elementor-col-25 elementor-inner-column elementor-element elementor-element-360d49cd\" data-id=\"360d49cd\" data-element_type=\"column\">\n\t\t\t<div class=\"elementor-column-wrap\">\n\t\t\t\t\t\t\t<div class=\"elementor-widget-wrap\">\n\t\t\t\t\t\t\t\t<\/div>\n\t\t\t\t\t<\/div>\n\t\t<\/div>\n\t\t\t\t<div class=\"elementor-column elementor-col-50 elementor-inner-column elementor-element elementor-element-289cf8b9\" data-id=\"289cf8b9\" data-element_type=\"column\">\n\t\t\t<div class=\"elementor-column-wrap elementor-element-populated\">\n\t\t\t\t\t\t\t<div class=\"elementor-widget-wrap\">\n\t\t\t\t\t\t<div class=\"elementor-element elementor-element-1c35e8ad elementor-widget elementor-widget-heading\" data-id=\"1c35e8ad\" data-element_type=\"widget\" data-widget_type=\"heading.default\">\n\t\t\t\t<div class=\"elementor-widget-container\">\n\t\t\t<h2 class=\"elementor-heading-title elementor-size-default\">Katedra Genetyki i&nbsp;Podstaw Hodowli Zwierz\u0105t\u200b\u200b<\/h2>\t\t<\/div>\n\t\t\t\t<\/div>\n\t\t\t\t<div class=\"elementor-element elementor-element-431e7bd9 elementor-widget elementor-widget-heading\" data-id=\"431e7bd9\" data-element_type=\"widget\" data-widget_type=\"heading.default\">\n\t\t\t\t<div class=\"elementor-widget-container\">\n\t\t\t<h5 class=\"elementor-heading-title elementor-size-default\">Wydzia\u0142 Medycyny Weterynaryjnej i&nbsp;Nauk o&nbsp;Zwierz\u0119tach<br>\nUniwersytet Przyrodniczy w&nbsp;Poznaniu<\/h5>\t\t<\/div>\n\t\t\t\t<\/div>\n\t\t\t\t\t\t<\/div>\n\t\t\t\t\t<\/div>\n\t\t<\/div>\n\t\t\t\t<div class=\"elementor-column elementor-col-25 elementor-inner-column elementor-element elementor-element-7798f0bd\" data-id=\"7798f0bd\" data-element_type=\"column\">\n\t\t\t<div class=\"elementor-column-wrap\">\n\t\t\t\t\t\t\t<div class=\"elementor-widget-wrap\">\n\t\t\t\t\t\t\t\t<\/div>\n\t\t\t\t\t<\/div>\n\t\t<\/div>\n\t\t\t\t\t\t\t\t<\/div>\n\t\t\t\t\t<\/div>\n\t\t<\/section>\n\t\t\t\t\t\t<\/div>\n\t\t\t\t\t<\/div>\n\t\t<\/div>\n\t\t\t\t\t\t\t\t<\/div>\n\t\t\t\t\t<\/div>\n\t\t<\/section>\n\t\t\t\t\t\t\t\t\t<\/div>\n\t\t\t<\/div>\n\t\t\t\t\t<\/div>\n\t\t","protected":false},"excerpt":{"rendered":"<p>Katedra Genetyki i&nbsp;Podstaw Hodowli Zwierz\u0105t\u200b\u200b Wydzia\u0142 Medycyny Weterynaryjnej i&nbsp;Nauk o&nbsp;Zwierz\u0119tach Uniwersytet Przyrodniczy w&nbsp;Poznaniu Zesp\u00f3\u0142 Bioinformatyki i&nbsp;Metod Obliczeniowych Zesp\u00f3\u0142 Badawczy: G\u0142\u00f3wne kierunki badawcze: Rozw\u00f3j statystycznych i&nbsp;obliczeniowych metod analizy genomowej Identyfikacja marker\u00f3w DNA powi\u0105zanych z&nbsp;ryzykiem oty\u0142o\u015bci i&nbsp;innych cech z\u0142o\u017conych Zastosowania analizy bayesowskiej w&nbsp;genetyce Stosowane techniki badawcze: Standardowe algorytmy w&nbsp;potokach NGS, GWAS Dedykowane algorytmy w&nbsp;j\u0119zykach C, C++, Python, &hellip;<\/p>\n<p class=\"read-more\"> <a class=\"\" href=\"https:\/\/sparrow.up.poznan.pl\/genetyka\/index.php\/zespol-bioinformatyki-i-metod-obliczeniowych\/\"> <span class=\"screen-reader-text\">Zesp\u00f3\u0142 Bioinformatyki i Metod Obliczeniowych<\/span> Read More &raquo;<\/a><\/p>\n","protected":false},"author":5,"featured_media":0,"parent":0,"menu_order":0,"comment_status":"closed","ping_status":"closed","template":"","meta":{"site-sidebar-layout":"default","site-content-layout":"page-builder","ast-global-header-display":"","ast-main-header-display":"","ast-hfb-above-header-display":"","ast-hfb-below-header-display":"","ast-hfb-mobile-header-display":"","site-post-title":"disabled","ast-breadcrumbs-content":"","ast-featured-img":"disabled","footer-sml-layout":"","theme-transparent-header-meta":"default","adv-header-id-meta":null,"stick-header-meta":null,"header-above-stick-meta":null,"header-main-stick-meta":null,"header-below-stick-meta":null},"_links":{"self":[{"href":"https:\/\/sparrow.up.poznan.pl\/genetyka\/index.php\/wp-json\/wp\/v2\/pages\/2762"}],"collection":[{"href":"https:\/\/sparrow.up.poznan.pl\/genetyka\/index.php\/wp-json\/wp\/v2\/pages"}],"about":[{"href":"https:\/\/sparrow.up.poznan.pl\/genetyka\/index.php\/wp-json\/wp\/v2\/types\/page"}],"author":[{"embeddable":true,"href":"https:\/\/sparrow.up.poznan.pl\/genetyka\/index.php\/wp-json\/wp\/v2\/users\/5"}],"replies":[{"embeddable":true,"href":"https:\/\/sparrow.up.poznan.pl\/genetyka\/index.php\/wp-json\/wp\/v2\/comments?post=2762"}],"version-history":[{"count":25,"href":"https:\/\/sparrow.up.poznan.pl\/genetyka\/index.php\/wp-json\/wp\/v2\/pages\/2762\/revisions"}],"predecessor-version":[{"id":3022,"href":"https:\/\/sparrow.up.poznan.pl\/genetyka\/index.php\/wp-json\/wp\/v2\/pages\/2762\/revisions\/3022"}],"wp:attachment":[{"href":"https:\/\/sparrow.up.poznan.pl\/genetyka\/index.php\/wp-json\/wp\/v2\/media?parent=2762"}],"curies":[{"name":"wp","href":"https:\/\/api.w.org\/{rel}","templated":true}]}}