{"id":7,"date":"2019-06-18T17:46:19","date_gmt":"2019-06-18T15:46:19","guid":{"rendered":"http:\/\/www1.up.poznan.pl\/genetyka1\/?page_id=7"},"modified":"2024-12-17T21:48:31","modified_gmt":"2024-12-17T20:48:31","slug":"historia-katedry","status":"publish","type":"page","link":"https:\/\/sparrow.up.poznan.pl\/genetyka\/index.php\/historia-katedry\/","title":{"rendered":"Historia Katedry"},"content":{"rendered":"\t\t<div data-elementor-type=\"wp-post\" data-elementor-id=\"7\" class=\"elementor elementor-7\">\n\t\t\t\t\t\t<div class=\"elementor-inner\">\n\t\t\t\t<div class=\"elementor-section-wrap\">\n\t\t\t\t\t\t\t\t\t<section class=\"elementor-section elementor-top-section elementor-element elementor-element-794b3ea3 elementor-section-height-min-height elementor-section-content-middle elementor-section-stretched elementor-section-full_width elementor-section-height-default elementor-section-items-middle\" data-id=\"794b3ea3\" data-element_type=\"section\" data-settings=\"{&quot;background_background&quot;:&quot;classic&quot;,&quot;stretch_section&quot;:&quot;section-stretched&quot;,&quot;animation&quot;:&quot;none&quot;}\">\n\t\t\t\t\t\t\t<div class=\"elementor-background-overlay\"><\/div>\n\t\t\t\t\t\t\t<div class=\"elementor-container elementor-column-gap-default\">\n\t\t\t\t\t\t\t<div class=\"elementor-row\">\n\t\t\t\t\t<div class=\"elementor-column elementor-col-100 elementor-top-column elementor-element elementor-element-1df049db\" data-id=\"1df049db\" data-element_type=\"column\">\n\t\t\t<div class=\"elementor-column-wrap elementor-element-populated\">\n\t\t\t\t\t\t\t<div class=\"elementor-widget-wrap\">\n\t\t\t\t\t\t<section class=\"elementor-section elementor-inner-section elementor-element elementor-element-50ea1c75 elementor-section-boxed elementor-section-height-default elementor-section-height-default\" data-id=\"50ea1c75\" data-element_type=\"section\" data-settings=\"{&quot;animation&quot;:&quot;none&quot;}\">\n\t\t\t\t\t\t<div class=\"elementor-container elementor-column-gap-default\">\n\t\t\t\t\t\t\t<div class=\"elementor-row\">\n\t\t\t\t\t<div class=\"elementor-column elementor-col-25 elementor-inner-column elementor-element elementor-element-68d03b4e\" data-id=\"68d03b4e\" data-element_type=\"column\">\n\t\t\t<div class=\"elementor-column-wrap\">\n\t\t\t\t\t\t\t<div class=\"elementor-widget-wrap\">\n\t\t\t\t\t\t\t\t<\/div>\n\t\t\t\t\t<\/div>\n\t\t<\/div>\n\t\t\t\t<div class=\"elementor-column elementor-col-50 elementor-inner-column elementor-element elementor-element-53436849\" data-id=\"53436849\" data-element_type=\"column\">\n\t\t\t<div class=\"elementor-column-wrap elementor-element-populated\">\n\t\t\t\t\t\t\t<div class=\"elementor-widget-wrap\">\n\t\t\t\t\t\t<div class=\"elementor-element elementor-element-46c8a99 elementor-widget elementor-widget-heading\" data-id=\"46c8a99\" data-element_type=\"widget\" data-widget_type=\"heading.default\">\n\t\t\t\t<div class=\"elementor-widget-container\">\n\t\t\t<h2 class=\"elementor-heading-title elementor-size-default\">Katedra Genetyki i&nbsp;Podstaw Hodowli Zwierz\u0105t\u200b\u200b<\/h2>\t\t<\/div>\n\t\t\t\t<\/div>\n\t\t\t\t<div class=\"elementor-element elementor-element-3d903fa5 elementor-widget elementor-widget-heading\" data-id=\"3d903fa5\" data-element_type=\"widget\" data-widget_type=\"heading.default\">\n\t\t\t\t<div class=\"elementor-widget-container\">\n\t\t\t<h5 class=\"elementor-heading-title elementor-size-default\">Wydzia\u0142 Medycyny Weterynaryjnej i&nbsp;Nauk o&nbsp;Zwierz\u0119tach<br>\nUniwersytet Przyrodniczy w&nbsp;Poznaniu<\/h5>\t\t<\/div>\n\t\t\t\t<\/div>\n\t\t\t\t\t\t<\/div>\n\t\t\t\t\t<\/div>\n\t\t<\/div>\n\t\t\t\t<div class=\"elementor-column elementor-col-25 elementor-inner-column elementor-element elementor-element-7fd2cc89\" data-id=\"7fd2cc89\" data-element_type=\"column\">\n\t\t\t<div class=\"elementor-column-wrap\">\n\t\t\t\t\t\t\t<div class=\"elementor-widget-wrap\">\n\t\t\t\t\t\t\t\t<\/div>\n\t\t\t\t\t<\/div>\n\t\t<\/div>\n\t\t\t\t\t\t\t\t<\/div>\n\t\t\t\t\t<\/div>\n\t\t<\/section>\n\t\t\t\t\t\t<\/div>\n\t\t\t\t\t<\/div>\n\t\t<\/div>\n\t\t\t\t\t\t\t\t<\/div>\n\t\t\t\t\t<\/div>\n\t\t<\/section>\n\t\t\t\t<section class=\"elementor-section elementor-top-section elementor-element elementor-element-720e96e elementor-section-full_width elementor-section-height-default elementor-section-height-default\" data-id=\"720e96e\" data-element_type=\"section\" data-settings=\"{&quot;background_background&quot;:&quot;classic&quot;}\">\n\t\t\t\t\t\t\t<div class=\"elementor-background-overlay\"><\/div>\n\t\t\t\t\t\t\t<div class=\"elementor-container elementor-column-gap-default\">\n\t\t\t\t\t\t\t<div class=\"elementor-row\">\n\t\t\t\t\t<div class=\"elementor-column elementor-col-100 elementor-top-column elementor-element elementor-element-652e01c\" data-id=\"652e01c\" data-element_type=\"column\">\n\t\t\t<div class=\"elementor-column-wrap elementor-element-populated\">\n\t\t\t\t\t\t\t<div class=\"elementor-widget-wrap\">\n\t\t\t\t\t\t<div class=\"elementor-element elementor-element-44762ea elementor-invisible elementor-widget elementor-widget-heading\" data-id=\"44762ea\" data-element_type=\"widget\" data-settings=\"{&quot;_animation&quot;:&quot;fadeInDown&quot;}\" data-widget_type=\"heading.default\">\n\t\t\t\t<div class=\"elementor-widget-container\">\n\t\t\t<h2 class=\"elementor-heading-title elementor-size-default\">Historia Katedry<\/h2>\t\t<\/div>\n\t\t\t\t<\/div>\n\t\t\t\t\t\t<\/div>\n\t\t\t\t\t<\/div>\n\t\t<\/div>\n\t\t\t\t\t\t\t\t<\/div>\n\t\t\t\t\t<\/div>\n\t\t<\/section>\n\t\t\t\t<section class=\"elementor-section elementor-top-section elementor-element elementor-element-10bd1b0 elementor-section-full_width elementor-section-height-default elementor-section-height-default\" data-id=\"10bd1b0\" data-element_type=\"section\" data-settings=\"{&quot;background_background&quot;:&quot;classic&quot;,&quot;animation&quot;:&quot;none&quot;,&quot;animation_delay&quot;:1000}\">\n\t\t\t\t\t\t\t<div class=\"elementor-background-overlay\"><\/div>\n\t\t\t\t\t\t\t<div class=\"elementor-container elementor-column-gap-default\">\n\t\t\t\t\t\t\t<div class=\"elementor-row\">\n\t\t\t\t\t<div class=\"elementor-column elementor-col-100 elementor-top-column elementor-element elementor-element-2c3ff3a\" data-id=\"2c3ff3a\" data-element_type=\"column\">\n\t\t\t<div class=\"elementor-column-wrap elementor-element-populated\">\n\t\t\t\t\t\t\t<div class=\"elementor-widget-wrap\">\n\t\t\t\t\t\t<div class=\"elementor-element elementor-element-b3082f1 elementor-widget elementor-widget-text-editor\" data-id=\"b3082f1\" data-element_type=\"widget\" data-widget_type=\"text-editor.default\">\n\t\t\t\t<div class=\"elementor-widget-container\">\n\t\t\t\t\t\t\t\t<div class=\"elementor-text-editor elementor-clearfix\">\n\t\t\t\t<p>Pocz\u0105tku dzia\u0142alno\u015bci Katedry doszukiwa\u0107 si\u0119 nale\u017cy w&nbsp;utworzeniu Katedry Og\u00f3lnej Hodowli Zwierz\u0105t na&nbsp;Wydziale Rolniczo-Le\u015bnym Uniwersytetu Pozna\u0144skiego, w&nbsp;styczniu 1920 roku.<\/p>\n<p><!-- \/wp:paragraph --><!-- wp:paragraph --><\/p>\n<p>W&nbsp;<b>1920r<\/b>. pierwszym kierownikiem Katedry Og\u00f3lnej Hodowli Zwierz\u0105t zosta\u0142 prof.&nbsp;Zygmunt Moczarski, kt\u00f3ry pe\u0142ni\u0142 t\u0119 funkcje do&nbsp;momentu wybuchu II&nbsp;wojny \u015bwiatowej. Okres wojny i&nbsp;okupacji (1939-45) przerwa\u0142y dzia\u0142alno\u015b\u0107 oraz&nbsp;mocno spustoszy\u0142y zasoby Katedry. Wiosn\u0105 1945r. prof.&nbsp;Z. Moczarski ponownie obj\u0105\u0142 kierownictwo Katedry. Pod&nbsp;koniec 1947r. przeszed\u0142 na&nbsp;emerytur\u0119, ze wzgl\u0119du na&nbsp;z\u0142y stan zdrowia i&nbsp;w zwi\u0105zku z&nbsp;tym kuratorem Katedry zosta\u0142 prof.&nbsp;Tadeusz Vetulani.<\/p>\n<p><!-- \/wp:paragraph --><!-- wp:paragraph --><\/p>\n<p>W&nbsp;<b>1950r<\/b>. kierownictwo Katedry powierzono prof.&nbsp;Kazimierzowi Gaw\u0119ckiemu, kt\u00f3ry pe\u0142ni\u0142 t\u0119 funkcj\u0119 do&nbsp;momentu utworzenia w&nbsp;1952r. Katedry \u017bywienia Zwierz\u0105t. Kierownikiem nowo powo\u0142anej Katedry zosta\u0142 prof.&nbsp;K. Gaw\u0119cki.<\/p>\n<p><!-- \/wp:paragraph --><!-- wp:paragraph --><\/p>\n<p>W&nbsp;<b>1952r<\/b>. kierownictwo Katedry Og\u00f3lnej Hodowli Zwierz\u0105t powierzono prof.&nbsp;Witoldowi Folejewskiemu, kt\u00f3ry nagle zmar\u0142 w&nbsp;1969r.<\/p>\n<p><!-- \/wp:paragraph --><!-- wp:paragraph --><\/p>\n<p>W&nbsp;<b>1969r<\/b>. kierownikiem Katedry zosta\u0142 prof.&nbsp;Jerzy Gedymin, a&nbsp;w 1970 roku dosz\u0142o do&nbsp;masowego w&nbsp;skali Polski scalania katedr. Z&nbsp;po\u0142\u0105czenia dw\u00f3ch katedr: Og\u00f3lnej i&nbsp;Szczeg\u00f3\u0142owej Hodowli Zwierz\u0105t powsta\u0142 Instytut Hodowli i&nbsp;Technologii Produkcji Zwierz\u0119cej, a&nbsp;dotychczasowa Katedra Og\u00f3lnej Hodowli Zwierz\u0105t sta\u0142a si\u0119 Zak\u0142adem Genetyki i&nbsp;Podstaw Hodowli Zwierz\u0105t. Kierownikiem Zak\u0142adu oraz&nbsp;wicedyrektorem Instytutu zosta\u0142 prof.&nbsp;J. Gedymin. W&nbsp;1981 roku na&nbsp;Wydziale rozwi\u0105zano struktur\u0119 instytutow\u0105 i&nbsp;powr\u00f3cono do&nbsp;katedr jako podstawowych jednostek organizacyjnych Wydzia\u0142u. Dotychczasowy Zak\u0142ad Genetyki i&nbsp;Podstaw Hodowli Zwierz\u0105t uzyska\u0142 rang\u0119 Katedry.<\/p>\n<p><!-- \/wp:paragraph --><!-- wp:paragraph --><\/p>\n<p>W&nbsp;<b>1981r<\/b>. kierownikiem nowo powo\u0142anej Katedry Genetyki i&nbsp;Podstaw Hodowli Zwierz\u0105t zosta\u0142 prof.&nbsp;Czes\u0142aw Janicki.<\/p>\n<p>W&nbsp;<b>1989r<\/b>. prof.&nbsp;Cz. Janicki zosta\u0142 wybrany pos\u0142em do&nbsp;Sejmu RP w&nbsp;kadencji 1989-91,oraz zosta\u0142 powo\u0142any na&nbsp;stanowisko Wicepremiera i&nbsp;Ministra Rolnictwa i&nbsp;Gospodarki \u017bywno\u015bciowej w&nbsp;rz\u0105dzie Tadeusza Mazowieckiego. Po&nbsp;zako\u0144czeniu pracy parlamentarnej i&nbsp;rz\u0105dowej przeszed\u0142 na&nbsp;emerytur\u0119 z&nbsp;dniem 1 stycznia 1991r.<\/p>\n<p><!-- \/wp:paragraph --><!-- wp:paragraph --><\/p>\n<p>W\u00a0<strong>1989r<\/strong>. stanowisko kierownika Katedry zosta\u0142o powierzone prof.&nbsp;Markowi \u015awito\u0144skiemu.<\/p>\n<p><!-- \/wp:paragraph --><!-- wp:paragraph --><\/p>\n<p>W&nbsp;<b>2005r<\/b>. w&nbsp;struktur\u0119 Katedry w\u0142\u0105czono Zak\u0142ad Hodowli Koni wraz z&nbsp;Laboratorium Marker\u00f3w Genetycznych u&nbsp;Koni.<\/p>\n<p>W&nbsp;<strong>2020r<\/strong>. w\u00a0struktur\u0119 Katedry w\u0142\u0105czono Katedr\u0119 Rozrodu Zwierz\u0105t i&nbsp;utworzono Pracowni\u0119 Rozrodu Zwierz\u0105t.<\/p>\n<p>W&nbsp;<strong>2021r<\/strong>. stanowisko kierownika Katedry zosta\u0142o powierzone dr hab. Piotrowi Pawlakowi<\/p>\n<p>\u00a0<\/p>\t\t\t\t\t<\/div>\n\t\t\t\t\t\t<\/div>\n\t\t\t\t<\/div>\n\t\t\t\t\t\t<\/div>\n\t\t\t\t\t<\/div>\n\t\t<\/div>\n\t\t\t\t\t\t\t\t<\/div>\n\t\t\t\t\t<\/div>\n\t\t<\/section>\n\t\t\t\t\t\t\t\t\t<\/div>\n\t\t\t<\/div>\n\t\t\t\t\t<\/div>\n\t\t","protected":false},"excerpt":{"rendered":"<p>Katedra Genetyki i&nbsp;Podstaw Hodowli Zwierz\u0105t\u200b\u200b Wydzia\u0142 Medycyny Weterynaryjnej i&nbsp;Nauk o&nbsp;Zwierz\u0119tach Uniwersytet Przyrodniczy w&nbsp;Poznaniu Historia Katedry Pocz\u0105tku dzia\u0142alno\u015bci Katedry doszukiwa\u0107 si\u0119 nale\u017cy w&nbsp;utworzeniu Katedry Og\u00f3lnej Hodowli Zwierz\u0105t na&nbsp;Wydziale Rolniczo-Le\u015bnym Uniwersytetu Pozna\u0144skiego, w&nbsp;styczniu 1920 roku. W&nbsp;1920r. pierwszym kierownikiem Katedry Og\u00f3lnej Hodowli Zwierz\u0105t zosta\u0142 prof.&nbsp;Zygmunt Moczarski, kt\u00f3ry pe\u0142ni\u0142 t\u0119 funkcje do&nbsp;momentu wybuchu II&nbsp;wojny \u015bwiatowej. Okres wojny i&nbsp;okupacji (1939-45) &hellip;<\/p>\n<p class=\"read-more\"> <a class=\"\" href=\"https:\/\/sparrow.up.poznan.pl\/genetyka\/index.php\/historia-katedry\/\"> <span class=\"screen-reader-text\">Historia Katedry<\/span> Read More &raquo;<\/a><\/p>\n","protected":false},"author":1,"featured_media":0,"parent":0,"menu_order":0,"comment_status":"closed","ping_status":"closed","template":"","meta":{"site-sidebar-layout":"default","site-content-layout":"page-builder","ast-global-header-display":"","ast-main-header-display":"","ast-hfb-above-header-display":"","ast-hfb-below-header-display":"","ast-hfb-mobile-header-display":"","site-post-title":"disabled","ast-breadcrumbs-content":"","ast-featured-img":"","footer-sml-layout":"","theme-transparent-header-meta":"default","adv-header-id-meta":"","stick-header-meta":"","header-above-stick-meta":"","header-main-stick-meta":"","header-below-stick-meta":""},"_links":{"self":[{"href":"https:\/\/sparrow.up.poznan.pl\/genetyka\/index.php\/wp-json\/wp\/v2\/pages\/7"}],"collection":[{"href":"https:\/\/sparrow.up.poznan.pl\/genetyka\/index.php\/wp-json\/wp\/v2\/pages"}],"about":[{"href":"https:\/\/sparrow.up.poznan.pl\/genetyka\/index.php\/wp-json\/wp\/v2\/types\/page"}],"author":[{"embeddable":true,"href":"https:\/\/sparrow.up.poznan.pl\/genetyka\/index.php\/wp-json\/wp\/v2\/users\/1"}],"replies":[{"embeddable":true,"href":"https:\/\/sparrow.up.poznan.pl\/genetyka\/index.php\/wp-json\/wp\/v2\/comments?post=7"}],"version-history":[{"count":51,"href":"https:\/\/sparrow.up.poznan.pl\/genetyka\/index.php\/wp-json\/wp\/v2\/pages\/7\/revisions"}],"predecessor-version":[{"id":3123,"href":"https:\/\/sparrow.up.poznan.pl\/genetyka\/index.php\/wp-json\/wp\/v2\/pages\/7\/revisions\/3123"}],"wp:attachment":[{"href":"https:\/\/sparrow.up.poznan.pl\/genetyka\/index.php\/wp-json\/wp\/v2\/media?parent=7"}],"curies":[{"name":"wp","href":"https:\/\/api.w.org\/{rel}","templated":true}]}}