{"id":930,"date":"2019-11-04T17:19:52","date_gmt":"2019-11-04T16:19:52","guid":{"rendered":"https:\/\/sparrow.up.poznan.pl\/genetyka\/?page_id=930"},"modified":"2025-10-17T13:15:50","modified_gmt":"2025-10-17T11:15:50","slug":"sprawy-wewnetrzne","status":"publish","type":"page","link":"https:\/\/sparrow.up.poznan.pl\/genetyka\/index.php\/sprawy-wewnetrzne\/","title":{"rendered":"Sprawy Wewn\u0119trzne"},"content":{"rendered":"\t\t<div data-elementor-type=\"wp-post\" data-elementor-id=\"930\" class=\"elementor elementor-930\">\n\t\t\t\t\t\t<div class=\"elementor-inner\">\n\t\t\t\t<div class=\"elementor-section-wrap\">\n\t\t\t\t\t\t\t\t\t<section class=\"elementor-section elementor-top-section elementor-element elementor-element-7f22c4db elementor-section-height-min-height elementor-section-content-middle elementor-section-stretched elementor-section-full_width elementor-section-height-default elementor-section-items-middle\" data-id=\"7f22c4db\" data-element_type=\"section\" data-settings=\"{&quot;background_background&quot;:&quot;classic&quot;,&quot;stretch_section&quot;:&quot;section-stretched&quot;}\">\n\t\t\t\t\t\t\t<div class=\"elementor-background-overlay\"><\/div>\n\t\t\t\t\t\t\t<div class=\"elementor-container elementor-column-gap-default\">\n\t\t\t\t\t\t\t<div class=\"elementor-row\">\n\t\t\t\t\t<div class=\"elementor-column elementor-col-100 elementor-top-column elementor-element elementor-element-279e25b8\" data-id=\"279e25b8\" data-element_type=\"column\">\n\t\t\t<div class=\"elementor-column-wrap elementor-element-populated\">\n\t\t\t\t\t\t\t<div class=\"elementor-widget-wrap\">\n\t\t\t\t\t\t<section class=\"elementor-section elementor-inner-section elementor-element elementor-element-f79a492 elementor-section-boxed elementor-section-height-default elementor-section-height-default\" data-id=\"f79a492\" data-element_type=\"section\">\n\t\t\t\t\t\t<div class=\"elementor-container elementor-column-gap-default\">\n\t\t\t\t\t\t\t<div class=\"elementor-row\">\n\t\t\t\t\t<div class=\"elementor-column elementor-col-25 elementor-inner-column elementor-element elementor-element-e50a5ba\" data-id=\"e50a5ba\" data-element_type=\"column\">\n\t\t\t<div class=\"elementor-column-wrap\">\n\t\t\t\t\t\t\t<div class=\"elementor-widget-wrap\">\n\t\t\t\t\t\t\t\t<\/div>\n\t\t\t\t\t<\/div>\n\t\t<\/div>\n\t\t\t\t<div class=\"elementor-column elementor-col-50 elementor-inner-column elementor-element elementor-element-7ecbe19d\" data-id=\"7ecbe19d\" data-element_type=\"column\">\n\t\t\t<div class=\"elementor-column-wrap elementor-element-populated\">\n\t\t\t\t\t\t\t<div class=\"elementor-widget-wrap\">\n\t\t\t\t\t\t<div class=\"elementor-element elementor-element-451f847a elementor-widget elementor-widget-heading\" data-id=\"451f847a\" data-element_type=\"widget\" data-widget_type=\"heading.default\">\n\t\t\t\t<div class=\"elementor-widget-container\">\n\t\t\t<h2 class=\"elementor-heading-title elementor-size-default\">Katedra Genetyki i&nbsp;Podstaw Hodowli Zwierz\u0105t\u200b\u200b<\/h2>\t\t<\/div>\n\t\t\t\t<\/div>\n\t\t\t\t<div class=\"elementor-element elementor-element-513d1d99 elementor-widget elementor-widget-heading\" data-id=\"513d1d99\" data-element_type=\"widget\" data-widget_type=\"heading.default\">\n\t\t\t\t<div class=\"elementor-widget-container\">\n\t\t\t<h5 class=\"elementor-heading-title elementor-size-default\">Wydzia\u0142 Medycyny Weterynaryjnej i&nbsp;Nauk o&nbsp;Zwierz\u0119tach<br>\nUniwersytet Przyrodniczy w&nbsp;Poznaniu<\/h5>\t\t<\/div>\n\t\t\t\t<\/div>\n\t\t\t\t\t\t<\/div>\n\t\t\t\t\t<\/div>\n\t\t<\/div>\n\t\t\t\t<div class=\"elementor-column elementor-col-25 elementor-inner-column elementor-element elementor-element-22be582\" data-id=\"22be582\" data-element_type=\"column\">\n\t\t\t<div class=\"elementor-column-wrap\">\n\t\t\t\t\t\t\t<div class=\"elementor-widget-wrap\">\n\t\t\t\t\t\t\t\t<\/div>\n\t\t\t\t\t<\/div>\n\t\t<\/div>\n\t\t\t\t\t\t\t\t<\/div>\n\t\t\t\t\t<\/div>\n\t\t<\/section>\n\t\t\t\t\t\t<\/div>\n\t\t\t\t\t<\/div>\n\t\t<\/div>\n\t\t\t\t\t\t\t\t<\/div>\n\t\t\t\t\t<\/div>\n\t\t<\/section>\n\t\t\t\t<section class=\"elementor-section elementor-top-section elementor-element elementor-element-1b35f2a2 elementor-section-full_width elementor-section-height-default elementor-section-height-default\" data-id=\"1b35f2a2\" data-element_type=\"section\" data-settings=\"{&quot;background_background&quot;:&quot;classic&quot;}\">\n\t\t\t\t\t\t\t<div class=\"elementor-background-overlay\"><\/div>\n\t\t\t\t\t\t\t<div class=\"elementor-container elementor-column-gap-default\">\n\t\t\t\t\t\t\t<div class=\"elementor-row\">\n\t\t\t\t\t<div class=\"elementor-column elementor-col-100 elementor-top-column elementor-element elementor-element-30e66ba9\" data-id=\"30e66ba9\" data-element_type=\"column\">\n\t\t\t<div class=\"elementor-column-wrap elementor-element-populated\">\n\t\t\t\t\t\t\t<div class=\"elementor-widget-wrap\">\n\t\t\t\t\t\t<div class=\"elementor-element elementor-element-016f44c elementor-widget elementor-widget-heading\" data-id=\"016f44c\" data-element_type=\"widget\" data-widget_type=\"heading.default\">\n\t\t\t\t<div class=\"elementor-widget-container\">\n\t\t\t<h2 class=\"elementor-heading-title elementor-size-default\">Sprawy Wewn\u0119trzne<\/h2>\t\t<\/div>\n\t\t\t\t<\/div>\n\t\t\t\t<div class=\"elementor-element elementor-element-61c3f29c elementor-widget elementor-widget-text-editor\" data-id=\"61c3f29c\" data-element_type=\"widget\" data-widget_type=\"text-editor.default\">\n\t\t\t\t<div class=\"elementor-widget-container\">\n\t\t\t\t\t\t\t\t<div class=\"elementor-text-editor elementor-clearfix\">\n\t\t\t\t<h3>Plany obci\u0105\u017cenia sal<\/h3>\n<ul>\n \t<li><a href=\"https:\/\/docs.google.com\/spreadsheets\/d\/12dsS-cCZ_J6qjTtC_gGEkFhkusnJyn0QF_n_64ESnl0\/edit?pli=1#gid=0\"> Obci\u0105\u017cenie sal 08, 50<\/a><\/li>\n \t<li><a href=\"https:\/\/docs.google.com\/spreadsheets\/d\/13cEV7FFv9MFEUwVxg2K7LntYyXaywkrj\/edit?usp=sharing&amp;ouid=109397968540919851984&amp;rtpof=true&amp;sd=true\">Obci\u0105\u017cenie sali 45<\/a><\/li>\n \t<li><a href=\"https:\/\/docs.google.com\/spreadsheets\/d\/12JvN-JYlrFXWfIzRUZTVVASn-biuRqTm\/edit?usp=sharing&amp;ouid=109397968540919851984&amp;rtpof=true&amp;sd=true\">Plan Seminari\u00f3w<\/a><\/li>\n \t<li><a href=\"https:\/\/drive.google.com\/open?id=1i1kJd1F7OIryYO7wdETKqajsHIHTX4U3\">Laboratorium 20<\/a><\/li>\n<\/ul>\n<h3>Kalendarz Katedralny<\/h3>\n<!-- <iframe src=\"https:\/\/calendar.google.com\/calendar\/embed?showTitle=0&amp;mode=WEEK&amp;height=600&amp;wkst=2&amp;bgcolor=%23FFFFFF&amp;src=lft2nl4ijt1u9v0crsq44ascg8@group.calendar.google.com&amp;color=%232F6309&amp;src=ug19isp4dl3gn6ibvs3t7p115o@group.calendar.google.com&amp;color=%23875509&amp;src=genetyka@jay.up.poznan.pl&amp;color=%23182C57&amp;ctz=Europe\/Warsaw&amp;pli=1\" height=\"1000\"><\/iframe> -->\n<iframe src=\"https:\/\/calendar.google.com\/calendar\/embed?height=600&#038;wkst=2&#038;ctz=Europe%2FWarsaw&#038;showPrint=0&#038;showCalendars=0&#038;showTitle=0&#038;hl=en&#038;title=Seminars%20-%20KGiPHZ&#038;src=Y184NmI0MjNmNmQ2NDBkMmVlMjMxZjUzNzkxNDZlYWE0MTgyOTY3ZTNjYjAwMmEwNTI4ODg1NDM2YWE5YzBjZDI3QGdyb3VwLmNhbGVuZGFyLmdvb2dsZS5jb20&#038;color=%237986cb\" style=\"border:solid 1px #777\" width=\"800\" height=\"600\" frameborder=\"0\" scrolling=\"no\"><\/iframe>\t\t\t\t\t<\/div>\n\t\t\t\t\t\t<\/div>\n\t\t\t\t<\/div>\n\t\t\t\t\t\t<\/div>\n\t\t\t\t\t<\/div>\n\t\t<\/div>\n\t\t\t\t\t\t\t\t<\/div>\n\t\t\t\t\t<\/div>\n\t\t<\/section>\n\t\t\t\t\t\t\t\t\t<\/div>\n\t\t\t<\/div>\n\t\t\t\t\t<\/div>\n\t\t","protected":false},"excerpt":{"rendered":"<p>Katedra Genetyki i&nbsp;Podstaw Hodowli Zwierz\u0105t\u200b\u200b Wydzia\u0142 Medycyny Weterynaryjnej i&nbsp;Nauk o&nbsp;Zwierz\u0119tach Uniwersytet Przyrodniczy w&nbsp;Poznaniu Sprawy Wewn\u0119trzne Plany obci\u0105\u017cenia sal Obci\u0105\u017cenie sal 08, 50 Obci\u0105\u017cenie sali 45 Plan Seminari\u00f3w Laboratorium 20 Kalendarz Katedralny<\/p>\n","protected":false},"author":1,"featured_media":0,"parent":0,"menu_order":0,"comment_status":"closed","ping_status":"closed","template":"","meta":{"site-sidebar-layout":"default","site-content-layout":"page-builder","ast-global-header-display":"","ast-main-header-display":"","ast-hfb-above-header-display":"","ast-hfb-below-header-display":"","ast-hfb-mobile-header-display":"","site-post-title":"disabled","ast-breadcrumbs-content":"","ast-featured-img":"","footer-sml-layout":"","theme-transparent-header-meta":"default","adv-header-id-meta":"","stick-header-meta":"","header-above-stick-meta":"","header-main-stick-meta":"","header-below-stick-meta":""},"_links":{"self":[{"href":"https:\/\/sparrow.up.poznan.pl\/genetyka\/index.php\/wp-json\/wp\/v2\/pages\/930"}],"collection":[{"href":"https:\/\/sparrow.up.poznan.pl\/genetyka\/index.php\/wp-json\/wp\/v2\/pages"}],"about":[{"href":"https:\/\/sparrow.up.poznan.pl\/genetyka\/index.php\/wp-json\/wp\/v2\/types\/page"}],"author":[{"embeddable":true,"href":"https:\/\/sparrow.up.poznan.pl\/genetyka\/index.php\/wp-json\/wp\/v2\/users\/1"}],"replies":[{"embeddable":true,"href":"https:\/\/sparrow.up.poznan.pl\/genetyka\/index.php\/wp-json\/wp\/v2\/comments?post=930"}],"version-history":[{"count":36,"href":"https:\/\/sparrow.up.poznan.pl\/genetyka\/index.php\/wp-json\/wp\/v2\/pages\/930\/revisions"}],"predecessor-version":[{"id":3360,"href":"https:\/\/sparrow.up.poznan.pl\/genetyka\/index.php\/wp-json\/wp\/v2\/pages\/930\/revisions\/3360"}],"wp:attachment":[{"href":"https:\/\/sparrow.up.poznan.pl\/genetyka\/index.php\/wp-json\/wp\/v2\/media?parent=930"}],"curies":[{"name":"wp","href":"https:\/\/api.w.org\/{rel}","templated":true}]}}