{"id":114,"date":"2024-02-15T10:05:53","date_gmt":"2024-02-15T09:05:53","guid":{"rendered":"https:\/\/sparrow.up.poznan.pl\/konferencja2024\/?page_id=114"},"modified":"2024-03-11T18:15:54","modified_gmt":"2024-03-11T17:15:54","slug":"prelegenci","status":"publish","type":"page","link":"https:\/\/sparrow.up.poznan.pl\/konferencja2024\/home\/prelegenci\/","title":{"rendered":"Prelegenci"},"content":{"rendered":"\t\t<div data-elementor-type=\"wp-page\" data-elementor-id=\"114\" class=\"elementor elementor-114\">\n\t\t\t\t<div class=\"elementor-element elementor-element-f6e3000 animated-slow e-flex e-con-boxed elementor-invisible e-con e-parent\" data-id=\"f6e3000\" data-element_type=\"container\" data-settings=\"{&quot;animation&quot;:&quot;fadeInUp&quot;}\">\n\t\t\t\t\t<div class=\"e-con-inner\">\n\t\t\t\t<div class=\"elementor-element elementor-element-fe43977 elementor-widget elementor-widget-heading\" data-id=\"fe43977\" data-element_type=\"widget\" data-widget_type=\"heading.default\">\n\t\t\t\t<div class=\"elementor-widget-container\">\n\t\t\t<style>\/*! elementor - v3.21.0 - 18-04-2024 *\/\n.elementor-heading-title{padding:0;margin:0;line-height:1}.elementor-widget-heading .elementor-heading-title[class*=elementor-size-]>a{color:inherit;font-size:inherit;line-height:inherit}.elementor-widget-heading .elementor-heading-title.elementor-size-small{font-size:15px}.elementor-widget-heading .elementor-heading-title.elementor-size-medium{font-size:19px}.elementor-widget-heading .elementor-heading-title.elementor-size-large{font-size:29px}.elementor-widget-heading .elementor-heading-title.elementor-size-xl{font-size:39px}.elementor-widget-heading .elementor-heading-title.elementor-size-xxl{font-size:59px}<\/style><h2 class=\"elementor-heading-title elementor-size-default\">PRELEGENCI<\/h2>\t\t<\/div>\n\t\t\t\t<\/div>\n\t\t\t\t\t<\/div>\n\t\t\t\t<\/div>\n\t\t<div class=\"elementor-element elementor-element-3ae4ab8 animated-slow e-flex e-con-boxed elementor-invisible e-con e-parent\" data-id=\"3ae4ab8\" data-element_type=\"container\" data-settings=\"{&quot;animation&quot;:&quot;fadeInUp&quot;,&quot;animation_delay&quot;:200}\">\n\t\t\t\t\t<div class=\"e-con-inner\">\n\t\t<div class=\"elementor-element elementor-element-485f087 e-con-full e-flex e-con e-child\" data-id=\"485f087\" data-element_type=\"container\">\n\t\t\t\t<div class=\"elementor-element elementor-element-370f273 elementor-position-left elementor-widget__width-inherit elementor-position-left elementor-vertical-align-top elementor-widget elementor-widget-image-box\" data-id=\"370f273\" data-element_type=\"widget\" data-widget_type=\"image-box.default\">\n\t\t\t\t<div class=\"elementor-widget-container\">\n\t\t\t<style>\/*! elementor - v3.21.0 - 18-04-2024 *\/\n.elementor-widget-image-box .elementor-image-box-content{width:100%}@media (min-width:768px){.elementor-widget-image-box.elementor-position-left .elementor-image-box-wrapper,.elementor-widget-image-box.elementor-position-right .elementor-image-box-wrapper{display:flex}.elementor-widget-image-box.elementor-position-right .elementor-image-box-wrapper{text-align:end;flex-direction:row-reverse}.elementor-widget-image-box.elementor-position-left .elementor-image-box-wrapper{text-align:start;flex-direction:row}.elementor-widget-image-box.elementor-position-top .elementor-image-box-img{margin:auto}.elementor-widget-image-box.elementor-vertical-align-top .elementor-image-box-wrapper{align-items:flex-start}.elementor-widget-image-box.elementor-vertical-align-middle .elementor-image-box-wrapper{align-items:center}.elementor-widget-image-box.elementor-vertical-align-bottom .elementor-image-box-wrapper{align-items:flex-end}}@media (max-width:767px){.elementor-widget-image-box .elementor-image-box-img{margin-left:auto!important;margin-right:auto!important;margin-bottom:15px}}.elementor-widget-image-box .elementor-image-box-img{display:inline-block}.elementor-widget-image-box .elementor-image-box-title a{color:inherit}.elementor-widget-image-box .elementor-image-box-wrapper{text-align:center}.elementor-widget-image-box .elementor-image-box-description{margin:0}<\/style><div class=\"elementor-image-box-wrapper\"><figure class=\"elementor-image-box-img\"><img fetchpriority=\"high\" decoding=\"async\" width=\"294\" height=\"300\" src=\"https:\/\/sparrow.up.poznan.pl\/konferencja2024\/wp-content\/uploads\/2024\/03\/Photo_Yong-Hwan-Lee-294x300.png\" class=\"elementor-animation-shrink attachment-medium size-medium wp-image-557\" alt=\"\" srcset=\"https:\/\/sparrow.up.poznan.pl\/konferencja2024\/wp-content\/uploads\/2024\/03\/Photo_Yong-Hwan-Lee-294x300.png 294w, https:\/\/sparrow.up.poznan.pl\/konferencja2024\/wp-content\/uploads\/2024\/03\/Photo_Yong-Hwan-Lee.png 644w\" sizes=\"(max-width: 294px) 100vw, 294px\" \/><\/figure><div class=\"elementor-image-box-content\"><h3 class=\"elementor-image-box-title\">Yong-Hwan Lee <br> <i>Seoul National University, Korea<\/i><\/h3><p class=\"elementor-image-box-description\"><p align=\"justify\">Since 2023 he is the President of International Society for Plant Pathology. His research has focused on multipronged approaches to attain a comprehensive understanding of the molecular and genomic basis of rice blast disease, caused by Magnaporthe oryzae. From his more than 30 years of research, the impact of his work is widely acknowledged through the scope of a wet lab approaches applied to dissect the mechanisms of infection as well as the powerful bioinformatics platforms created for comparative and evolutionary fungal genomics. He is employed at the Department of Agricultural Biotechnology, Center for Fungal Genetic Resources, Center for Plant Microbiome Research, Plant Immunity Research Center at Seoul National University, Korea.\n<br><\/p><\/div><\/div>\t\t<\/div>\n\t\t\t\t<\/div>\n\t\t\t\t<div class=\"elementor-element elementor-element-e133644 elementor-position-left elementor-widget__width-inherit elementor-position-left elementor-vertical-align-top elementor-widget elementor-widget-image-box\" data-id=\"e133644\" data-element_type=\"widget\" data-widget_type=\"image-box.default\">\n\t\t\t\t<div class=\"elementor-widget-container\">\n\t\t\t<div class=\"elementor-image-box-wrapper\"><figure class=\"elementor-image-box-img\"><img decoding=\"async\" width=\"159\" height=\"169\" src=\"https:\/\/sparrow.up.poznan.pl\/konferencja2024\/wp-content\/uploads\/2024\/03\/Obraz1.png\" class=\"elementor-animation-shrink attachment-medium size-medium wp-image-554\" alt=\"\" \/><\/figure><div class=\"elementor-image-box-content\"><h3 class=\"elementor-image-box-title\">DSc Anhelina Kyrychenko <br> <i>Institute of Microbiology and Virology, National Academy of Sciences of Ukraine, Kyiv, Ukraine <\/i><\/h3><p class=\"elementor-image-box-description\"><p align=\"justify\">Recipient of a fellowship from the International Society of Plant Pathology (ISPP) and the Polish Phytopathological Society (PPS). <br>Senior research associate, Head of the Laboratory of Plant Viruses, NASU. \nHer research efforts are focused on understanding the mechanisms of the infection process, virus-host interactions and disease development, mechanisms of antiviral plant defense, molecular epidemiology and evolution of viruses, development of approaches to enhance plant resistance and making virus-free plant germplasm. Current research encompasses the study on the viruses of freshwater microbial eukaryotes (EMBO Solidarity Grant, University of Warsaw). Scientific priorities: development and implementation of advanced molecular technologies in diagnostic of viral plant diseases for the effective identification of viruses, study of biologically active substances with antiviral properties, consulting services to agricultural producers on effective approaches to phytosanitary control of viral crops. \n<br><\/p><\/div><\/div>\t\t<\/div>\n\t\t\t\t<\/div>\n\t\t\t\t<\/div>\n\t\t<div class=\"elementor-element elementor-element-56a9444 e-con-full e-flex e-con e-child\" data-id=\"56a9444\" data-element_type=\"container\">\n\t\t\t\t<div class=\"elementor-element elementor-element-4e91a1b elementor-position-left elementor-widget__width-inherit elementor-vertical-align-top elementor-widget elementor-widget-image-box\" data-id=\"4e91a1b\" data-element_type=\"widget\" data-widget_type=\"image-box.default\">\n\t\t\t\t<div class=\"elementor-widget-container\">\n\t\t\t<div class=\"elementor-image-box-wrapper\"><figure class=\"elementor-image-box-img\"><img decoding=\"async\" width=\"186\" height=\"186\" src=\"https:\/\/sparrow.up.poznan.pl\/konferencja2024\/wp-content\/uploads\/2024\/02\/Obraz3-1.jpg\" class=\"elementor-animation-shrink attachment-medium size-medium wp-image-246\" alt=\"\" srcset=\"https:\/\/sparrow.up.poznan.pl\/konferencja2024\/wp-content\/uploads\/2024\/02\/Obraz3-1.jpg 186w, https:\/\/sparrow.up.poznan.pl\/konferencja2024\/wp-content\/uploads\/2024\/02\/Obraz3-1-150x150.jpg 150w, https:\/\/sparrow.up.poznan.pl\/konferencja2024\/wp-content\/uploads\/2024\/02\/Obraz3-1-100x100.jpg 100w\" sizes=\"(max-width: 186px) 100vw, 186px\" \/><\/figure><div class=\"elementor-image-box-content\"><h3 class=\"elementor-image-box-title\">Prof. Shaobin Zhong<br> <i>North Dakota State University, USA<\/i><\/h3><p class=\"elementor-image-box-description\"><p align=\"justify\">Professor in the Department of Plant Pathology at NDSU. His current research focuses on Fusarium head blight and biology of cereal fungal pathogens with research areas involving genetics and molecular mapping of host resistance genes, molecular mechanisms of fungal pathogenicity and virulence, plant-fungal interactions, and population genetics of plant fungal pathogens. Professional interests: Fusarium head blight (FHB) of wheat (identification of resistance sources, molecular mapping and cloning of QTL for FHB resistance, population genetics of Fusarium graminearum). Plant-fungal interactions in cereal crops: functional characterization of genes for pathogen virulence and host resistance\/susceptibility in interactions between Cochliobolus sativus and cereals (barley, wheat, Brachypodium). <\/p><\/div><\/div>\t\t<\/div>\n\t\t\t\t<\/div>\n\t\t\t\t<div class=\"elementor-element elementor-element-b800c33 elementor-position-left elementor-vertical-align-top elementor-widget elementor-widget-image-box\" data-id=\"b800c33\" data-element_type=\"widget\" data-widget_type=\"image-box.default\">\n\t\t\t\t<div class=\"elementor-widget-container\">\n\t\t\t<div class=\"elementor-image-box-wrapper\"><figure class=\"elementor-image-box-img\"><img loading=\"lazy\" decoding=\"async\" width=\"203\" height=\"300\" src=\"https:\/\/sparrow.up.poznan.pl\/konferencja2024\/wp-content\/uploads\/2024\/03\/Obraz2-1-203x300.jpg\" class=\"elementor-animation-shrink attachment-medium size-medium wp-image-555\" alt=\"\" srcset=\"https:\/\/sparrow.up.poznan.pl\/konferencja2024\/wp-content\/uploads\/2024\/03\/Obraz2-1-203x300.jpg 203w, https:\/\/sparrow.up.poznan.pl\/konferencja2024\/wp-content\/uploads\/2024\/03\/Obraz2-1.jpg 314w\" sizes=\"(max-width: 203px) 100vw, 203px\" \/><\/figure><div class=\"elementor-image-box-content\"><h3 class=\"elementor-image-box-title\">Prof. Jonathan Yuen<br> <i>Swedish University of Agricultural Sciences, Uppsala Sweden<\/i><\/h3><p class=\"elementor-image-box-description\"><p align=\"justify\">His research interests include quantitative epidemiology and the population biology of plant pathogens. He has used a variety of techniques to study pathogen populations, from molecular markers to a variety of modelling approaches, including process-based simulation models, empirical statistical models, and a variety of Bayesian techniques. He was one of the first plant pathologists to use  logistic regression in developing risk algorithms, and was an early proponent of using ROC curves to evaluate the quality of these algorithms. He is one of the authors of 'Plant Pathology and Plant Pathogens', published by CABI.<br><\/p><\/div><\/div>\t\t<\/div>\n\t\t\t\t<\/div>\n\t\t\t\t<\/div>\n\t\t\t\t\t<\/div>\n\t\t\t\t<\/div>\n\t\t<div class=\"elementor-element elementor-element-cd844ee animated-slow e-flex e-con-boxed elementor-invisible e-con e-parent\" data-id=\"cd844ee\" data-element_type=\"container\" data-settings=\"{&quot;animation&quot;:&quot;fadeInUp&quot;,&quot;animation_delay&quot;:300}\">\n\t\t\t\t\t<div class=\"e-con-inner\">\n\t\t<div class=\"elementor-element elementor-element-24ed707 e-con-full e-flex e-con e-child\" data-id=\"24ed707\" data-element_type=\"container\">\n\t\t\t\t<div class=\"elementor-element elementor-element-191145e elementor-position-left elementor-widget__width-inherit elementor-position-left elementor-vertical-align-top elementor-widget elementor-widget-image-box\" data-id=\"191145e\" data-element_type=\"widget\" data-widget_type=\"image-box.default\">\n\t\t\t\t<div class=\"elementor-widget-container\">\n\t\t\t<div class=\"elementor-image-box-wrapper\"><figure class=\"elementor-image-box-img\"><img loading=\"lazy\" decoding=\"async\" width=\"200\" height=\"300\" src=\"https:\/\/sparrow.up.poznan.pl\/konferencja2024\/wp-content\/uploads\/2024\/02\/Obraz1-200x300.jpg\" class=\"elementor-animation-shrink attachment-medium size-medium wp-image-153\" alt=\"\" srcset=\"https:\/\/sparrow.up.poznan.pl\/konferencja2024\/wp-content\/uploads\/2024\/02\/Obraz1-200x300.jpg 200w, https:\/\/sparrow.up.poznan.pl\/konferencja2024\/wp-content\/uploads\/2024\/02\/Obraz1.jpg 363w\" sizes=\"(max-width: 200px) 100vw, 200px\" \/><\/figure><div class=\"elementor-image-box-content\"><h3 class=\"elementor-image-box-title\">Prof. dr hab. Zbigniew Sierota<br> <i>Uniwersytet Warmi\u0144sko-Mazurski, Olsztyn<\/i><\/h3><p class=\"elementor-image-box-description\"><p align=\"justify\">Ca\u0142e \u017cycie zawodowe po\u015bwi\u0119ci\u0142 lasowi -  jego magii, tajemnicom i zagadkom. Grzyby zbiera od zawsze, ostatnio tylko oczami. Jego ukryt\u0105 pasj\u0105 by\u0142a archeologia, mo\u017ce dlatego zainteresowa\u0142 si\u0119 korzeniami drzew le\u015bnych. Hubie korzeni, chorobie powodowanej przez korzeniowce Heterobasidion spp., zw\u0142aszcza w powojennych zalesieniach grunt\u00f3w porolnych oraz biologicznej metodzie jej ograniczania z wykorzystaniem konkurencyjnego grzyba Phlebiopsis gigantea, po\u015bwi\u0119ci\u0142 50 lat pracy w Instytucie Badawczym Le\u015bnictwa i ponad 50 publikacji. Jego zainteresowania naukowe dotycz\u0105 tak\u017ce monitoringu fitopatologicznego, grzyb\u00f3w mykoryzowych, zw\u0142aszcza Thelephora i Tuber, opieniek Armillaria spp., a tak\u017ce jemio\u0142y Viscum. Aktualnie, jako pracownik UWM w Olsztynie, zajmuje si\u0119 mykobiot\u0105 drzewostan\u00f3w na terenie Warmii<br><\/p><\/div><\/div>\t\t<\/div>\n\t\t\t\t<\/div>\n\t\t\t\t<div class=\"elementor-element elementor-element-cee5c1e elementor-position-left elementor-vertical-align-top elementor-widget elementor-widget-image-box\" data-id=\"cee5c1e\" data-element_type=\"widget\" data-widget_type=\"image-box.default\">\n\t\t\t\t<div class=\"elementor-widget-container\">\n\t\t\t<div class=\"elementor-image-box-wrapper\"><figure class=\"elementor-image-box-img\"><img loading=\"lazy\" decoding=\"async\" width=\"116\" height=\"232\" src=\"https:\/\/sparrow.up.poznan.pl\/konferencja2024\/wp-content\/uploads\/2024\/02\/Obraz2.jpg\" class=\"elementor-animation-shrink attachment-medium size-medium wp-image-168\" alt=\"\" \/><\/figure><div class=\"elementor-image-box-content\"><h3 class=\"elementor-image-box-title\">Prof. dr hab. Marta Wrzosek<br> <i>Ogr\u00f3d Botaniczny, Uniwersytet Warszawski<\/i><\/h3><p class=\"elementor-image-box-description\"><p align=\"justify\">Od ponad 30 lat zwi\u0105zana z Uniwersytetem Warszawskim. Jest autork\u0105 lub wsp\u00f3\u0142autork\u0105 kilku ksi\u0105\u017cek popularnonaukowych, w tym jednej z Prof. Zbigniewem Sierot\u0105. Jej zainteresowania badawcze ogniskuj\u0105 si\u0119 wok\u00f3\u0142 zagadnie\u0144 ekologicznych i ewolucyjnych. Od wielu lat poznaje interakcje owad\u00f3w i grzyb\u00f3w \u2013 pocz\u0105tkowo by\u0142y to relacje antagonistyczne, a obecnie raczej mutualistyczne. Szczeg\u00f3lnie wiele czasu po\u015bwi\u0119ca na badania grzyb\u00f3w zwi\u0105zanych z rudymi mr\u00f3wkami le\u015bnymi. Jest te\u017c zaanga\u017cowana w badania zwi\u0105zane z procesami rozk\u0142adu ro\u015blin w \u015brodowiskach \u0142\u0105kowych. <br><\/p><\/div><\/div>\t\t<\/div>\n\t\t\t\t<\/div>\n\t\t\t\t<div class=\"elementor-element elementor-element-681f417 elementor-position-left elementor-vertical-align-top elementor-widget elementor-widget-image-box\" data-id=\"681f417\" data-element_type=\"widget\" data-widget_type=\"image-box.default\">\n\t\t\t\t<div class=\"elementor-widget-container\">\n\t\t\t<div class=\"elementor-image-box-wrapper\"><figure class=\"elementor-image-box-img\"><img loading=\"lazy\" decoding=\"async\" width=\"300\" height=\"248\" src=\"https:\/\/sparrow.up.poznan.pl\/konferencja2024\/wp-content\/uploads\/2024\/02\/Obraz3-300x248.jpg\" class=\"elementor-animation-shrink attachment-medium size-medium wp-image-172\" alt=\"\" srcset=\"https:\/\/sparrow.up.poznan.pl\/konferencja2024\/wp-content\/uploads\/2024\/02\/Obraz3-300x248.jpg 300w, https:\/\/sparrow.up.poznan.pl\/konferencja2024\/wp-content\/uploads\/2024\/02\/Obraz3.jpg 556w\" sizes=\"(max-width: 300px) 100vw, 300px\" \/><\/figure><div class=\"elementor-image-box-content\"><h3 class=\"elementor-image-box-title\">Dr hab. Pawe\u0142 Czembor, prof.<br> <i>Instytutu Instytut Hodowli i Aklimatyzacji Ro\u015blin<br> - PIB, Radzik\u00f3w<\/i><\/h3><p class=\"elementor-image-box-description\"><p align=\"justify\">Kierownik Zak\u0142adu Biologii Stosowanej w IHAR-PIB w Radzikowie i Pe\u0142nomocnik Dyrektora ds. Inwestycji. Jest autorem ponad 50 recenzowanych prac naukowych i wykonawc\u0105 ponad 20 projekt\u00f3w krajowych i mi\u0119dzynarodowych. Prowadzi prace badawcze nad chorobami zb\u00f3\u017c (pszenicy, pszen\u017cyta i j\u0119czmienia) powoduj\u0105cych rdz\u0119 brunatn\u0105, rdz\u0119 \u017c\u00f3\u0142t\u0105, rdz\u0119 kar\u0142ow\u0105 i septorioz\u0119 paskowan\u0105. Badania obejmuj\u0105 charakterystyk\u0119 zdolno\u015bci chorobotw\u00f3rczych populacji patogen\u00f3w jak r\u00f3wnie\u017c identyfikacj\u0119 gen\u00f3w odporno\u015bci zb\u00f3\u017c na choroby. Du\u017c\u0105 uwag\u0119 skupia r\u00f3wnie\u017c na wprowadzaniu do program\u00f3w hodowlanych zb\u00f3\u017c element\u00f3w hodowli molekularnej opartych o fenomik\u0119, genomik\u0119 i g\u0142\u0119bokie uczenie maszynowe.<br><\/p><\/div><\/div>\t\t<\/div>\n\t\t\t\t<\/div>\n\t\t\t\t<\/div>\n\t\t<div class=\"elementor-element elementor-element-82f1004 e-con-full e-flex e-con e-child\" data-id=\"82f1004\" data-element_type=\"container\">\n\t\t\t\t<div class=\"elementor-element elementor-element-51aef17 elementor-position-left elementor-widget__width-inherit elementor-vertical-align-top elementor-widget elementor-widget-image-box\" data-id=\"51aef17\" data-element_type=\"widget\" data-widget_type=\"image-box.default\">\n\t\t\t\t<div class=\"elementor-widget-container\">\n\t\t\t<div class=\"elementor-image-box-wrapper\"><figure class=\"elementor-image-box-img\"><img loading=\"lazy\" decoding=\"async\" width=\"260\" height=\"300\" src=\"https:\/\/sparrow.up.poznan.pl\/konferencja2024\/wp-content\/uploads\/2024\/02\/Obraz1.png\" class=\"elementor-animation-shrink attachment-medium size-medium wp-image-244\" alt=\"\" \/><\/figure><div class=\"elementor-image-box-content\"><h3 class=\"elementor-image-box-title\">Prof. dr hab. in\u017c. Joanna Pu\u0142awska<br> <i>Instytut Ogrodnictwa \u2013 PIB, Skierniewice<\/i><\/h3><p class=\"elementor-image-box-description\"><p align=\"justify\">Kierownik Zak\u0142adu Ochrony Ro\u015blin IO-PIB. Specjalistka w zakresie chor\u00f3b ro\u015blin ogrodniczych, rozwoju metod wykrywania i identyfikacji patogen\u00f3w, ich r\u00f3\u017cnorodno\u015bci genetycznej, genomiki i transkryptomiki oraz ochrony ro\u015blin. Prowadzi badania m.in. nad nowoczesnymi metodami ochrony ro\u015blin, kt\u00f3rych celem jest ograniczenie zu\u017cycia chemicznych \u015brodk\u00f3w ochrony ro\u015blin i zwi\u0119kszenie efektywno\u015bci ochrony. Badania te obejmuj\u0105 poszukiwanie nowych substancji, w tym czynnik\u00f3w biologicznych zwalczaj\u0105cych patogeny, a tak\u017ce metod wspomagania decyzji, w tym technik teledetekcji i innych aspekt\u00f3w rolnictwa precyzyjnego. Autorka wielu publikacji i wsp\u00f3\u0142autorka 3 patent\u00f3w z zakresu fitopatologii. Koordynatorka i wykonawczyni ponad 20 krajowych i mi\u0119dzynarodowych projekt\u00f3w naukowych.<\/p><\/div><\/div>\t\t<\/div>\n\t\t\t\t<\/div>\n\t\t\t\t<div class=\"elementor-element elementor-element-70a8314 elementor-position-left elementor-widget__width-inherit elementor-vertical-align-top elementor-widget elementor-widget-image-box\" data-id=\"70a8314\" data-element_type=\"widget\" data-widget_type=\"image-box.default\">\n\t\t\t\t<div class=\"elementor-widget-container\">\n\t\t\t<div class=\"elementor-image-box-wrapper\"><figure class=\"elementor-image-box-img\"><img loading=\"lazy\" decoding=\"async\" width=\"290\" height=\"300\" src=\"https:\/\/sparrow.up.poznan.pl\/konferencja2024\/wp-content\/uploads\/2024\/02\/Obraz2-1-290x300.jpg\" class=\"elementor-animation-shrink attachment-medium size-medium wp-image-245\" alt=\"\" srcset=\"https:\/\/sparrow.up.poznan.pl\/konferencja2024\/wp-content\/uploads\/2024\/02\/Obraz2-1-290x300.jpg 290w, https:\/\/sparrow.up.poznan.pl\/konferencja2024\/wp-content\/uploads\/2024\/02\/Obraz2-1.jpg 467w\" sizes=\"(max-width: 290px) 100vw, 290px\" \/><\/figure><div class=\"elementor-image-box-content\"><h3 class=\"elementor-image-box-title\">Prof. dr hab. Robert Malinowski<br> <i>Instytut Genetyki Ro\u015blin PAN, Pozna\u0144<\/i><\/h3><p class=\"elementor-image-box-description\"><p align=\"justify\">Biolog rozwoju ro\u015blin, kt\u00f3ry z tej perspektywy spogl\u0105da na interakcje pomi\u0119dzy ro\u015blinami a mikroorganizmami i pr\u00f3buje dokona\u0107 ca\u0142o\u015bciowego zrozumienia tego w jaki spos\u00f3b interakcja wp\u0142ywa na podstawowe procesy wyznaczaj\u0105ce ostateczny kszta\u0142t ro\u015bliny \u2013 podzia\u0142y kom\u00f3rek, ich wzrost oraz r\u00f3\u017cnicowanie. Obiektem badawczym jest ro\u015blina modelowa Arabidopsis thaliana. Zesp\u00f3\u0142 profesora Malinowskiego pracuje nad zrozumieniem przebiegu choroby zwanej ki\u0142\u0105 kapusty (Plasmodiophora brassicae). Opisali w jaki spos\u00f3b patogen doprowadza do powstania naro\u015bli na cz\u0119\u015bci podziemnej ro\u015bliny i jak prowadzi do przekierowania jej substancji od\u017cywczych. Ostatnio zespo\u0142owi uda\u0142o si\u0119 zidentyfikowa\u0107 gen koduj\u0105cy kana\u0142 wapniowy, dzi\u0119ki kt\u00f3remu ro\u015bliny s\u0105 w stanie uruchomi\u0107 kaskad\u0119 odpowiedzi obronnych przeciw patogenowi. Celem bada\u0144 jest zrozumienie mechanizm\u00f3w le\u017c\u0105cych u pod\u0142o\u017ca odporno\u015bci oraz postinfekcyjnej tolerancji ro\u015blin na ki\u0142\u0119 kapusty. <\/p><\/div><\/div>\t\t<\/div>\n\t\t\t\t<\/div>\n\t\t\t\t<\/div>\n\t\t\t\t\t<\/div>\n\t\t\t\t<\/div>\n\t\t\t\t<\/div>\n\t\t","protected":false},"excerpt":{"rendered":"<p>PRELEGENCI Yong-Hwan Lee Seoul National University, Korea Since 2023 he is the President of International Society for Plant Pathology. His research has focused on multipronged approaches to attain a comprehensive understanding of the molecular and genomic basis of rice blast disease, caused by Magnaporthe oryzae. From his more than 30 years of research, the impact &hellip; <\/p>\n<p class=\"link-more\"><a href=\"https:\/\/sparrow.up.poznan.pl\/konferencja2024\/home\/prelegenci\/\" class=\"more-link\">Czytaj dalej<span class=\"screen-reader-text\"> \u201ePrelegenci\u201d<\/span><\/a><\/p>\n","protected":false},"author":1,"featured_media":0,"parent":57,"menu_order":0,"comment_status":"closed","ping_status":"closed","template":"elementor_header_footer","meta":{"footnotes":""},"class_list":["post-114","page","type-page","status-publish","hentry"],"_links":{"self":[{"href":"https:\/\/sparrow.up.poznan.pl\/konferencja2024\/wp-json\/wp\/v2\/pages\/114","targetHints":{"allow":["GET"]}}],"collection":[{"href":"https:\/\/sparrow.up.poznan.pl\/konferencja2024\/wp-json\/wp\/v2\/pages"}],"about":[{"href":"https:\/\/sparrow.up.poznan.pl\/konferencja2024\/wp-json\/wp\/v2\/types\/page"}],"author":[{"embeddable":true,"href":"https:\/\/sparrow.up.poznan.pl\/konferencja2024\/wp-json\/wp\/v2\/users\/1"}],"replies":[{"embeddable":true,"href":"https:\/\/sparrow.up.poznan.pl\/konferencja2024\/wp-json\/wp\/v2\/comments?post=114"}],"version-history":[{"count":80,"href":"https:\/\/sparrow.up.poznan.pl\/konferencja2024\/wp-json\/wp\/v2\/pages\/114\/revisions"}],"predecessor-version":[{"id":625,"href":"https:\/\/sparrow.up.poznan.pl\/konferencja2024\/wp-json\/wp\/v2\/pages\/114\/revisions\/625"}],"up":[{"embeddable":true,"href":"https:\/\/sparrow.up.poznan.pl\/konferencja2024\/wp-json\/wp\/v2\/pages\/57"}],"wp:attachment":[{"href":"https:\/\/sparrow.up.poznan.pl\/konferencja2024\/wp-json\/wp\/v2\/media?parent=114"}],"curies":[{"name":"wp","href":"https:\/\/api.w.org\/{rel}","templated":true}]}}