{"id":218,"date":"2024-02-15T20:11:32","date_gmt":"2024-02-15T19:11:32","guid":{"rendered":"https:\/\/sparrow.up.poznan.pl\/konferencja2024\/?page_id=218"},"modified":"2024-04-12T19:58:36","modified_gmt":"2024-04-12T17:58:36","slug":"sponsorzy","status":"publish","type":"page","link":"https:\/\/sparrow.up.poznan.pl\/konferencja2024\/home\/sponsorzy\/","title":{"rendered":"Sponsorzy"},"content":{"rendered":"\t\t<div data-elementor-type=\"wp-post\" data-elementor-id=\"218\" class=\"elementor elementor-218\">\n\t\t\t\t<div class=\"elementor-element elementor-element-e00f34f animated-slow e-flex e-con-boxed elementor-invisible e-con e-parent\" data-id=\"e00f34f\" data-element_type=\"container\" data-settings=\"{&quot;animation&quot;:&quot;fadeInUp&quot;,&quot;animation_delay&quot;:300}\">\n\t\t\t\t\t<div class=\"e-con-inner\">\n\t\t\t\t<div class=\"elementor-element elementor-element-cdefd08 elementor-widget elementor-widget-image\" data-id=\"cdefd08\" data-element_type=\"widget\" data-widget_type=\"image.default\">\n\t\t\t\t<div class=\"elementor-widget-container\">\n\t\t\t<style>\/*! elementor - v3.21.0 - 18-04-2024 *\/\n.elementor-widget-image{text-align:center}.elementor-widget-image a{display:inline-block}.elementor-widget-image a img[src$=\".svg\"]{width:48px}.elementor-widget-image img{vertical-align:middle;display:inline-block}<\/style>\t\t\t\t\t\t\t\t\t\t\t<a href=\"https:\/\/www.miele.pl\/p\/\" target=\"_blank\">\n\t\t\t\t\t\t\t<img fetchpriority=\"high\" decoding=\"async\" width=\"525\" height=\"201\" src=\"https:\/\/sparrow.up.poznan.pl\/konferencja2024\/wp-content\/uploads\/2024\/02\/logo-miele-768x294.jpg\" class=\"attachment-medium_large size-medium_large wp-image-220\" alt=\"Najwy\u017csza jako\u015b\u0107 jest priorytetem Miele\" srcset=\"https:\/\/sparrow.up.poznan.pl\/konferencja2024\/wp-content\/uploads\/2024\/02\/logo-miele-768x294.jpg 768w, https:\/\/sparrow.up.poznan.pl\/konferencja2024\/wp-content\/uploads\/2024\/02\/logo-miele-300x115.jpg 300w, https:\/\/sparrow.up.poznan.pl\/konferencja2024\/wp-content\/uploads\/2024\/02\/logo-miele-1024x392.jpg 1024w, https:\/\/sparrow.up.poznan.pl\/konferencja2024\/wp-content\/uploads\/2024\/02\/logo-miele.jpg 1182w\" sizes=\"100vw\" \/>\t\t\t\t\t\t\t\t<\/a>\n\t\t\t\t\t\t\t\t\t\t\t\t\t<\/div>\n\t\t\t\t<\/div>\n\t\t\t\t<div class=\"elementor-element elementor-element-41bac6f elementor-widget elementor-widget-text-editor\" data-id=\"41bac6f\" data-element_type=\"widget\" data-widget_type=\"text-editor.default\">\n\t\t\t\t<div class=\"elementor-widget-container\">\n\t\t\t<style>\/*! elementor - v3.21.0 - 18-04-2024 *\/\n.elementor-widget-text-editor.elementor-drop-cap-view-stacked .elementor-drop-cap{background-color:#69727d;color:#fff}.elementor-widget-text-editor.elementor-drop-cap-view-framed .elementor-drop-cap{color:#69727d;border:3px solid;background-color:transparent}.elementor-widget-text-editor:not(.elementor-drop-cap-view-default) .elementor-drop-cap{margin-top:8px}.elementor-widget-text-editor:not(.elementor-drop-cap-view-default) .elementor-drop-cap-letter{width:1em;height:1em}.elementor-widget-text-editor .elementor-drop-cap{float:left;text-align:center;line-height:1;font-size:50px}.elementor-widget-text-editor .elementor-drop-cap-letter{display:inline-block}<\/style>\t\t\t\t<p class=\"elementtoproof\"><span style=\"font-size:11.0pt;font-family:&quot;Aptos&quot;,sans-serif;\nmso-fareast-font-family:Calibri;mso-fareast-theme-font:minor-latin;mso-bidi-font-family:\nCalibri;color:#242424;mso-ansi-language:PL;mso-fareast-language:PL;mso-bidi-language:\nAR-SA\"><a href=\"https:\/\/www.miele.pl\/p\/\" target=\"_blank\">Miele Professional PL\n| Poznaj nasze rozwi\u0105zania profesjonalne<\/a><\/span><span style=\"font-size: 14.0pt; font-family: 'Calibri Light',sans-serif; color: #1c1c1c;\"><br><\/span><\/p><p class=\"elementtoproof\"><span style=\"font-size: 14.0pt; font-family: 'Calibri Light',sans-serif; color: #1c1c1c;\">Najwy\u017csza jako\u015b\u0107 jest priorytetem Miele \u2013 a post\u0119powanie w my\u015bl filozofii \u201eImmer besser\u201c(zawsze lepiej) naszym wsp\u00f3lnym celem. Miele Professional zapewnia innowacyjne rozwi\u0105zania dla efektywnego i bezpiecznego maszynowego reprocesowania narz\u0119dzi, czyszczenia szk\u0142a i sprz\u0119tu laboratoryjnego. Nasze urz\u0105dzenia myj\u0105co-dezynfekuj\u0105ce i ma\u0142e sterylizatory imponuj\u0105 wydajno\u015bci\u0105, efektywno\u015bci\u0105 i bezpiecze\u0144stwem podczas czyszczenia, dezynfekcji i sterylizacji narz\u0119dzi i innych przedmiot\u00f3w z wielu obszar\u00f3w zastosowa\u0144.<\/span><\/p>\t\t\t\t\t\t<\/div>\n\t\t\t\t<\/div>\n\t\t\t\t\t<\/div>\n\t\t\t\t<\/div>\n\t\t<div class=\"elementor-element elementor-element-e546e21 animated-slow e-flex e-con-boxed elementor-invisible e-con e-parent\" data-id=\"e546e21\" data-element_type=\"container\" data-settings=\"{&quot;animation&quot;:&quot;fadeInUp&quot;,&quot;animation_delay&quot;:300}\">\n\t\t\t\t\t<div class=\"e-con-inner\">\n\t\t\t\t<div class=\"elementor-element elementor-element-06b2457 elementor-widget elementor-widget-image\" data-id=\"06b2457\" data-element_type=\"widget\" data-widget_type=\"image.default\">\n\t\t\t\t<div class=\"elementor-widget-container\">\n\t\t\t\t\t\t\t\t\t\t\t\t\t\t<a href=\"https:\/\/hrgrunwald.pl\/\" target=\"_blank\">\n\t\t\t\t\t\t\t<img decoding=\"async\" src=\"https:\/\/sparrow.up.poznan.pl\/konferencja2024\/wp-content\/uploads\/elementor\/thumbs\/GRUNWALD-LOGO-RGB-qlldhr63r4e4nsf4avkqpmw4g08qu51t2cmt6bm2mo.png\" title=\"GRUNWALD-LOGO-RGB\" alt=\"GRUNWALD-LOGO-RGB\" loading=\"lazy\" \/>\t\t\t\t\t\t\t\t<\/a>\n\t\t\t\t\t\t\t\t\t\t\t\t\t<\/div>\n\t\t\t\t<\/div>\n\t\t\t\t<div class=\"elementor-element elementor-element-6943bae elementor-widget elementor-widget-text-editor\" data-id=\"6943bae\" data-element_type=\"widget\" data-widget_type=\"text-editor.default\">\n\t\t\t\t<div class=\"elementor-widget-container\">\n\t\t\t\t\t\t\t<p class=\"elementtoproof\"><a href=\"https:\/\/hrgrunwald.pl\/\">Hodowla Ro\u015blin Grunwald Sp. z o.o. &#8211; Start (hrgrunwald.pl)<\/a><\/p><p class=\"elementtoproof\">Hodowla Ro\u015blin Grunwald Sp\u00f3\u0142ka z o. o. Grupa IHAR<br \/>Firma z bran\u017cy rolniczej, kt\u00f3rej g\u0142\u00f3wnym celem dzia\u0142alno\u015bci jest hodowla tw\u00f3rcza i zachowawcza r\u00f3\u017cnych gatunk\u00f3w traw, bobowatych drobnonasiennych, ro\u015blin energetycznych oraz produkcja i obr\u00f3t materia\u0142em siewnym. HR Grunwald jest w\u0142a\u015bcicielem 30 odmian gatunk\u00f3w ro\u015blin uprawnych zarejestrowanych w kraju oraz zagranic\u0105, a tak\u017ce prowadzi badania nad wytwarzaniem innowacyjnych genotyp\u00f3w tych ro\u015blin np. pierwszymi polskimi introgresywnymi odmianami xFestulolium.<\/p><p>\u00a0<\/p>\t\t\t\t\t\t<\/div>\n\t\t\t\t<\/div>\n\t\t\t\t\t<\/div>\n\t\t\t\t<\/div>\n\t\t<div class=\"elementor-element elementor-element-9e632ae animated-slow e-flex e-con-boxed elementor-invisible e-con e-parent\" data-id=\"9e632ae\" data-element_type=\"container\" data-settings=\"{&quot;animation&quot;:&quot;fadeInUp&quot;,&quot;animation_delay&quot;:300}\">\n\t\t\t\t\t<div class=\"e-con-inner\">\n\t\t\t\t<div class=\"elementor-element elementor-element-8a229c6 elementor-widget elementor-widget-image\" data-id=\"8a229c6\" data-element_type=\"widget\" data-widget_type=\"image.default\">\n\t\t\t\t<div class=\"elementor-widget-container\">\n\t\t\t\t\t\t\t\t\t\t\t\t\t\t<a href=\"https:\/\/cintamani.pl\/\" target=\"_blank\">\n\t\t\t\t\t\t\t<img decoding=\"async\" src=\"https:\/\/sparrow.up.poznan.pl\/konferencja2024\/wp-content\/uploads\/elementor\/thumbs\/Logo-Cintamani-qm7bo0g0hh6aewn64xfbdbl4yg9cnmpyq955uy2a4w.png\" title=\"Logo Cintamani\" alt=\"Logo Cintamani\" loading=\"lazy\" \/>\t\t\t\t\t\t\t\t<\/a>\n\t\t\t\t\t\t\t\t\t\t\t\t\t<\/div>\n\t\t\t\t<\/div>\n\t\t\t\t<div class=\"elementor-element elementor-element-ae84b77 elementor-widget elementor-widget-text-editor\" data-id=\"ae84b77\" data-element_type=\"widget\" data-widget_type=\"text-editor.default\">\n\t\t\t\t<div class=\"elementor-widget-container\">\n\t\t\t\t\t\t\t<p><blockquote class=\"wp-embedded-content\" data-secret=\"EUK55nQTVQ\"><a href=\"https:\/\/cintamani.pl\/\">Home<\/a><\/blockquote><iframe class=\"wp-embedded-content\" sandbox=\"allow-scripts\" security=\"restricted\" style=\"position: absolute; clip: rect(1px, 1px, 1px, 1px);\" title=\"&#8222;Home&#8221; &#8212; Cintamani\" src=\"https:\/\/cintamani.pl\/embed\/#?secret=W3N8RUrAQL#?secret=EUK55nQTVQ\" data-secret=\"EUK55nQTVQ\" width=\"525\" height=\"296\" frameborder=\"0\" marginwidth=\"0\" marginheight=\"0\" scrolling=\"no\"><\/iframe><\/p><p>Cintamani Poland specjalizuje si\u0119 w produkcji ekologicznych ekstrakt\u00f3w ro\u015blinnych. Nasze produkty, wytworzone z surowc\u00f3w uprawianych przy pe\u0142nym poszanowaniu dla naturalnego \u015brodowiska, znajduj\u0105 zastosowanie w rozleg\u0142ym spektrum sektor\u00f3w \u2013 pocz\u0105wszy od kosmetycznego, przez spo\u017cywczy, a\u017c do \u015brodk\u00f3w ochrony ro\u015blin. K\u0142adziemy du\u017cy nacisk na innowacje i zr\u00f3wnowa\u017cony rozw\u00f3j. Efektem naszej intensywnej dzia\u0142alno\u015bci badawczej s\u0105 unikatowe, opatentowane ekstrakty, w tym z grejpfruta i sumaka.<\/p>\t\t\t\t\t\t<\/div>\n\t\t\t\t<\/div>\n\t\t\t\t\t<\/div>\n\t\t\t\t<\/div>\n\t\t<div class=\"elementor-element elementor-element-245280e animated-slow e-flex e-con-boxed elementor-invisible e-con e-parent\" data-id=\"245280e\" data-element_type=\"container\" data-settings=\"{&quot;animation&quot;:&quot;fadeInUp&quot;,&quot;animation_delay&quot;:300}\">\n\t\t\t\t\t<div class=\"e-con-inner\">\n\t\t\t\t<div class=\"elementor-element elementor-element-7e20127 elementor-widget elementor-widget-image\" data-id=\"7e20127\" data-element_type=\"widget\" data-widget_type=\"image.default\">\n\t\t\t\t<div class=\"elementor-widget-container\">\n\t\t\t\t\t\t\t\t\t\t\t\t\t\t<a href=\"https:\/\/www.genomed.pl\/\" target=\"_blank\">\n\t\t\t\t\t\t\t<img decoding=\"async\" width=\"300\" height=\"65\" src=\"https:\/\/sparrow.up.poznan.pl\/konferencja2024\/wp-content\/uploads\/2024\/04\/logo_genomed-300x65.png\" class=\"attachment-medium size-medium wp-image-684\" alt=\"\" srcset=\"https:\/\/sparrow.up.poznan.pl\/konferencja2024\/wp-content\/uploads\/2024\/04\/logo_genomed-300x65.png 300w, https:\/\/sparrow.up.poznan.pl\/konferencja2024\/wp-content\/uploads\/2024\/04\/logo_genomed-1024x223.png 1024w, https:\/\/sparrow.up.poznan.pl\/konferencja2024\/wp-content\/uploads\/2024\/04\/logo_genomed-768x168.png 768w, https:\/\/sparrow.up.poznan.pl\/konferencja2024\/wp-content\/uploads\/2024\/04\/logo_genomed-1536x335.png 1536w, https:\/\/sparrow.up.poznan.pl\/konferencja2024\/wp-content\/uploads\/2024\/04\/logo_genomed.png 1746w\" sizes=\"100vw\" \/>\t\t\t\t\t\t\t\t<\/a>\n\t\t\t\t\t\t\t\t\t\t\t\t\t<\/div>\n\t\t\t\t<\/div>\n\t\t\t\t<div class=\"elementor-element elementor-element-f1b9435 elementor-widget elementor-widget-text-editor\" data-id=\"f1b9435\" data-element_type=\"widget\" data-widget_type=\"text-editor.default\">\n\t\t\t\t<div class=\"elementor-widget-container\">\n\t\t\t\t\t\t\t<p><a href=\"https:\/\/www.genomed.pl\/\">https:\/\/www.genomed.pl\/<\/a><\/p><p>Genomed oferuje wszelkie typy analizy sekwencji DNA, w tym analiz\u0119 polimorfizmu (&#8220;Gene Scan&#8221;), sekwencjonowanie materia\u0142u genetycznego w technologii Sangera i NGS (ang. Next-Generation Sequencing), syntez\u0119 oligonuklotyd\u00f3w standardowych (wysalanych i oczyszczanych HPLC), oligonukleotd\u00f3w modyfikowanych oraz znakowanych podw\u00f3jnie sond.<\/p>\t\t\t\t\t\t<\/div>\n\t\t\t\t<\/div>\n\t\t\t\t\t<\/div>\n\t\t\t\t<\/div>\n\t\t<div class=\"elementor-element elementor-element-e4ce02f animated-slow e-flex e-con-boxed elementor-invisible e-con e-parent\" data-id=\"e4ce02f\" data-element_type=\"container\" data-settings=\"{&quot;animation&quot;:&quot;fadeInUp&quot;,&quot;animation_delay&quot;:300}\">\n\t\t\t\t\t<div class=\"e-con-inner\">\n\t\t\t\t<div class=\"elementor-element elementor-element-2b74e9b elementor-widget elementor-widget-image\" data-id=\"2b74e9b\" data-element_type=\"widget\" data-widget_type=\"image.default\">\n\t\t\t\t<div class=\"elementor-widget-container\">\n\t\t\t\t\t\t\t\t\t\t\t\t\t\t<a href=\"https:\/\/intermag.pl\/\" target=\"_blank\">\n\t\t\t\t\t\t\t<img decoding=\"async\" width=\"300\" height=\"45\" src=\"https:\/\/sparrow.up.poznan.pl\/konferencja2024\/wp-content\/uploads\/2024\/04\/Intermag-300x45.jpg\" class=\"attachment-medium size-medium wp-image-706\" alt=\"\" srcset=\"https:\/\/sparrow.up.poznan.pl\/konferencja2024\/wp-content\/uploads\/2024\/04\/Intermag-300x45.jpg 300w, https:\/\/sparrow.up.poznan.pl\/konferencja2024\/wp-content\/uploads\/2024\/04\/Intermag-1024x154.jpg 1024w, https:\/\/sparrow.up.poznan.pl\/konferencja2024\/wp-content\/uploads\/2024\/04\/Intermag-768x115.jpg 768w, https:\/\/sparrow.up.poznan.pl\/konferencja2024\/wp-content\/uploads\/2024\/04\/Intermag-1536x230.jpg 1536w, https:\/\/sparrow.up.poznan.pl\/konferencja2024\/wp-content\/uploads\/2024\/04\/Intermag-2048x307.jpg 2048w\" sizes=\"100vw\" \/>\t\t\t\t\t\t\t\t<\/a>\n\t\t\t\t\t\t\t\t\t\t\t\t\t<\/div>\n\t\t\t\t<\/div>\n\t\t\t\t<div class=\"elementor-element elementor-element-d8cd362 elementor-widget elementor-widget-text-editor\" data-id=\"d8cd362\" data-element_type=\"widget\" data-widget_type=\"text-editor.default\">\n\t\t\t\t<div class=\"elementor-widget-container\">\n\t\t\t\t\t\t\t<p><a href=\"https:\/\/intermag.pl\/\">Intermag &#8211; Producent nawoz\u00f3w dolistnych i biostymulator\u00f3w<\/a><\/p><p>INTERMAG to polska firma z ponad 35 letnim do\u015bwiadczeniem, kt\u00f3ra specjalizuje si\u0119 w produkcji innowacyjnych nawoz\u00f3w, biopreparat\u00f3w i prozdrowotnych dodatk\u00f3w dla zwierz\u0105t. INTERMAG jest jednym z europejskich lider\u00f3w, przyczyniaj\u0105cych si\u0119 do wytwarzania \u017cywno\u015bci wysokiej jako\u015bci przez rolnik\u00f3w na ca\u0142ym \u015bwiecie. Dzi\u0119ki dynamicznemu rozwojowi i obecno\u015bci w ponad 50 krajach, INTERMAG tworzy przysz\u0142o\u015b\u0107 zr\u00f3wnowa\u017conego i ekologicznego rolnictwa.<\/p>\t\t\t\t\t\t<\/div>\n\t\t\t\t<\/div>\n\t\t\t\t\t<\/div>\n\t\t\t\t<\/div>\n\t\t\t\t<\/div>\n\t\t","protected":false},"excerpt":{"rendered":"<p>Miele Professional PL | Poznaj nasze rozwi\u0105zania profesjonalne Najwy\u017csza jako\u015b\u0107 jest priorytetem Miele \u2013 a post\u0119powanie w my\u015bl filozofii \u201eImmer besser\u201c(zawsze lepiej) naszym wsp\u00f3lnym celem. Miele Professional zapewnia innowacyjne rozwi\u0105zania dla efektywnego i bezpiecznego maszynowego reprocesowania narz\u0119dzi, czyszczenia szk\u0142a i sprz\u0119tu laboratoryjnego. Nasze urz\u0105dzenia myj\u0105co-dezynfekuj\u0105ce i ma\u0142e sterylizatory imponuj\u0105 wydajno\u015bci\u0105, efektywno\u015bci\u0105 i bezpiecze\u0144stwem podczas czyszczenia, &hellip; <\/p>\n<p class=\"link-more\"><a href=\"https:\/\/sparrow.up.poznan.pl\/konferencja2024\/home\/sponsorzy\/\" class=\"more-link\">Czytaj dalej<span class=\"screen-reader-text\"> \u201eSponsorzy\u201d<\/span><\/a><\/p>\n","protected":false},"author":1,"featured_media":0,"parent":57,"menu_order":0,"comment_status":"closed","ping_status":"closed","template":"elementor_header_footer","meta":{"footnotes":""},"class_list":["post-218","page","type-page","status-publish","hentry"],"_links":{"self":[{"href":"https:\/\/sparrow.up.poznan.pl\/konferencja2024\/wp-json\/wp\/v2\/pages\/218","targetHints":{"allow":["GET"]}}],"collection":[{"href":"https:\/\/sparrow.up.poznan.pl\/konferencja2024\/wp-json\/wp\/v2\/pages"}],"about":[{"href":"https:\/\/sparrow.up.poznan.pl\/konferencja2024\/wp-json\/wp\/v2\/types\/page"}],"author":[{"embeddable":true,"href":"https:\/\/sparrow.up.poznan.pl\/konferencja2024\/wp-json\/wp\/v2\/users\/1"}],"replies":[{"embeddable":true,"href":"https:\/\/sparrow.up.poznan.pl\/konferencja2024\/wp-json\/wp\/v2\/comments?post=218"}],"version-history":[{"count":61,"href":"https:\/\/sparrow.up.poznan.pl\/konferencja2024\/wp-json\/wp\/v2\/pages\/218\/revisions"}],"predecessor-version":[{"id":709,"href":"https:\/\/sparrow.up.poznan.pl\/konferencja2024\/wp-json\/wp\/v2\/pages\/218\/revisions\/709"}],"up":[{"embeddable":true,"href":"https:\/\/sparrow.up.poznan.pl\/konferencja2024\/wp-json\/wp\/v2\/pages\/57"}],"wp:attachment":[{"href":"https:\/\/sparrow.up.poznan.pl\/konferencja2024\/wp-json\/wp\/v2\/media?parent=218"}],"curies":[{"name":"wp","href":"https:\/\/api.w.org\/{rel}","templated":true}]}}