{"id":448,"date":"2024-02-28T10:59:04","date_gmt":"2024-02-28T09:59:04","guid":{"rendered":"https:\/\/sparrow.up.poznan.pl\/konferencja2024\/?page_id=448"},"modified":"2024-03-11T14:03:57","modified_gmt":"2024-03-11T13:03:57","slug":"sesje-terenowe-2","status":"publish","type":"page","link":"https:\/\/sparrow.up.poznan.pl\/konferencja2024\/home\/sesje-terenowe-2\/","title":{"rendered":"SESJE TERENOWE"},"content":{"rendered":"\t\t<div data-elementor-type=\"wp-post\" data-elementor-id=\"448\" class=\"elementor elementor-448\">\n\t\t\t\t<div class=\"elementor-element elementor-element-f60f919 e-flex e-con-boxed e-con e-parent\" data-id=\"f60f919\" data-element_type=\"container\">\n\t\t\t\t\t<div class=\"e-con-inner\">\n\t\t\t\t<div class=\"elementor-element elementor-element-8ec16f3 elementor-widget elementor-widget-heading\" data-id=\"8ec16f3\" data-element_type=\"widget\" data-widget_type=\"heading.default\">\n\t\t\t\t<div class=\"elementor-widget-container\">\n\t\t\t<style>\/*! elementor - v3.21.0 - 18-04-2024 *\/\n.elementor-heading-title{padding:0;margin:0;line-height:1}.elementor-widget-heading .elementor-heading-title[class*=elementor-size-]>a{color:inherit;font-size:inherit;line-height:inherit}.elementor-widget-heading .elementor-heading-title.elementor-size-small{font-size:15px}.elementor-widget-heading .elementor-heading-title.elementor-size-medium{font-size:19px}.elementor-widget-heading .elementor-heading-title.elementor-size-large{font-size:29px}.elementor-widget-heading .elementor-heading-title.elementor-size-xl{font-size:39px}.elementor-widget-heading .elementor-heading-title.elementor-size-xxl{font-size:59px}<\/style><h2 class=\"elementor-heading-title elementor-size-default\">Sesje terenowe<\/h2>\t\t<\/div>\n\t\t\t\t<\/div>\n\t\t\t\t\t<\/div>\n\t\t\t\t<\/div>\n\t\t<div class=\"elementor-element elementor-element-9c294f8 animated-slow e-con-full e-flex elementor-invisible e-con e-parent\" data-id=\"9c294f8\" data-element_type=\"container\" data-settings=\"{&quot;animation&quot;:&quot;fadeInUp&quot;,&quot;animation_delay&quot;:300}\">\n\t\t\t\t<div class=\"elementor-element elementor-element-f469e14 elementor-position-top elementor-widget elementor-widget-image-box\" data-id=\"f469e14\" data-element_type=\"widget\" data-widget_type=\"image-box.default\">\n\t\t\t\t<div class=\"elementor-widget-container\">\n\t\t\t<style>\/*! elementor - v3.21.0 - 18-04-2024 *\/\n.elementor-widget-image-box .elementor-image-box-content{width:100%}@media (min-width:768px){.elementor-widget-image-box.elementor-position-left .elementor-image-box-wrapper,.elementor-widget-image-box.elementor-position-right .elementor-image-box-wrapper{display:flex}.elementor-widget-image-box.elementor-position-right .elementor-image-box-wrapper{text-align:end;flex-direction:row-reverse}.elementor-widget-image-box.elementor-position-left .elementor-image-box-wrapper{text-align:start;flex-direction:row}.elementor-widget-image-box.elementor-position-top .elementor-image-box-img{margin:auto}.elementor-widget-image-box.elementor-vertical-align-top .elementor-image-box-wrapper{align-items:flex-start}.elementor-widget-image-box.elementor-vertical-align-middle .elementor-image-box-wrapper{align-items:center}.elementor-widget-image-box.elementor-vertical-align-bottom .elementor-image-box-wrapper{align-items:flex-end}}@media (max-width:767px){.elementor-widget-image-box .elementor-image-box-img{margin-left:auto!important;margin-right:auto!important;margin-bottom:15px}}.elementor-widget-image-box .elementor-image-box-img{display:inline-block}.elementor-widget-image-box .elementor-image-box-title a{color:inherit}.elementor-widget-image-box .elementor-image-box-wrapper{text-align:center}.elementor-widget-image-box .elementor-image-box-description{margin:0}<\/style><div class=\"elementor-image-box-wrapper\"><figure class=\"elementor-image-box-img\"><a href=\"https:\/\/sparrow.up.poznan.pl\/konferencja2024\/home\/sesje-terenowe-2\/uw-ogrod-botaniczny\/\" tabindex=\"-1\"><img fetchpriority=\"high\" decoding=\"async\" width=\"1001\" height=\"1000\" src=\"https:\/\/sparrow.up.poznan.pl\/konferencja2024\/wp-content\/uploads\/2024\/02\/botaniczny-uw.png\" class=\"elementor-animation-grow attachment-full size-full wp-image-453\" alt=\"\" srcset=\"https:\/\/sparrow.up.poznan.pl\/konferencja2024\/wp-content\/uploads\/2024\/02\/botaniczny-uw.png 1001w, https:\/\/sparrow.up.poznan.pl\/konferencja2024\/wp-content\/uploads\/2024\/02\/botaniczny-uw-300x300.png 300w, https:\/\/sparrow.up.poznan.pl\/konferencja2024\/wp-content\/uploads\/2024\/02\/botaniczny-uw-150x150.png 150w, https:\/\/sparrow.up.poznan.pl\/konferencja2024\/wp-content\/uploads\/2024\/02\/botaniczny-uw-768x767.png 768w, https:\/\/sparrow.up.poznan.pl\/konferencja2024\/wp-content\/uploads\/2024\/02\/botaniczny-uw-100x100.png 100w\" sizes=\"(max-width: 767px) 89vw, (max-width: 1000px) 54vw, (max-width: 1071px) 543px, 580px\" \/><\/a><\/figure><div class=\"elementor-image-box-content\"><h3 class=\"elementor-image-box-title\"><a href=\"https:\/\/sparrow.up.poznan.pl\/konferencja2024\/home\/sesje-terenowe-2\/uw-ogrod-botaniczny\/\">Sesja 1<\/a><\/h3><p class=\"elementor-image-box-description\">UW Ogr\u00f3d Botaniczny<\/p><\/div><\/div>\t\t<\/div>\n\t\t\t\t<\/div>\n\t\t\t\t<div class=\"elementor-element elementor-element-51989b2 elementor-position-top elementor-widget elementor-widget-image-box\" data-id=\"51989b2\" data-element_type=\"widget\" data-widget_type=\"image-box.default\">\n\t\t\t\t<div class=\"elementor-widget-container\">\n\t\t\t<div class=\"elementor-image-box-wrapper\"><figure class=\"elementor-image-box-img\"><a href=\"https:\/\/sparrow.up.poznan.pl\/konferencja2024\/home\/sesje-terenowe-2\/instytut-badawczy-lesnictwa-ibl\/\" tabindex=\"-1\"><img decoding=\"async\" width=\"1001\" height=\"1000\" src=\"https:\/\/sparrow.up.poznan.pl\/konferencja2024\/wp-content\/uploads\/2024\/02\/nadlesnictwo-4.png\" class=\"elementor-animation-grow attachment-full size-full wp-image-477\" alt=\"\" srcset=\"https:\/\/sparrow.up.poznan.pl\/konferencja2024\/wp-content\/uploads\/2024\/02\/nadlesnictwo-4.png 1001w, https:\/\/sparrow.up.poznan.pl\/konferencja2024\/wp-content\/uploads\/2024\/02\/nadlesnictwo-4-300x300.png 300w, https:\/\/sparrow.up.poznan.pl\/konferencja2024\/wp-content\/uploads\/2024\/02\/nadlesnictwo-4-150x150.png 150w, https:\/\/sparrow.up.poznan.pl\/konferencja2024\/wp-content\/uploads\/2024\/02\/nadlesnictwo-4-768x767.png 768w, https:\/\/sparrow.up.poznan.pl\/konferencja2024\/wp-content\/uploads\/2024\/02\/nadlesnictwo-4-100x100.png 100w\" sizes=\"(max-width: 767px) 89vw, (max-width: 1000px) 54vw, (max-width: 1071px) 543px, 580px\" \/><\/a><\/figure><div class=\"elementor-image-box-content\"><h3 class=\"elementor-image-box-title\"><a href=\"https:\/\/sparrow.up.poznan.pl\/konferencja2024\/home\/sesje-terenowe-2\/instytut-badawczy-lesnictwa-ibl\/\">Sesja 2<\/a><\/h3><p class=\"elementor-image-box-description\">IBL Instytut Badawczy Le\u015bnictwa<\/p><\/div><\/div>\t\t<\/div>\n\t\t\t\t<\/div>\n\t\t\t\t<div class=\"elementor-element elementor-element-632941d elementor-position-top elementor-widget elementor-widget-image-box\" data-id=\"632941d\" data-element_type=\"widget\" data-widget_type=\"image-box.default\">\n\t\t\t\t<div class=\"elementor-widget-container\">\n\t\t\t<div class=\"elementor-image-box-wrapper\"><figure class=\"elementor-image-box-img\"><a href=\"https:\/\/sparrow.up.poznan.pl\/konferencja2024\/home\/sesje-terenowe-2\/ihar-radzikow-zelazowa-wola\/\" tabindex=\"-1\"><img decoding=\"async\" width=\"1001\" height=\"1000\" src=\"https:\/\/sparrow.up.poznan.pl\/konferencja2024\/wp-content\/uploads\/2024\/02\/ihar.png\" class=\"elementor-animation-grow attachment-full size-full wp-image-454\" alt=\"\" srcset=\"https:\/\/sparrow.up.poznan.pl\/konferencja2024\/wp-content\/uploads\/2024\/02\/ihar.png 1001w, https:\/\/sparrow.up.poznan.pl\/konferencja2024\/wp-content\/uploads\/2024\/02\/ihar-300x300.png 300w, https:\/\/sparrow.up.poznan.pl\/konferencja2024\/wp-content\/uploads\/2024\/02\/ihar-150x150.png 150w, https:\/\/sparrow.up.poznan.pl\/konferencja2024\/wp-content\/uploads\/2024\/02\/ihar-768x767.png 768w, https:\/\/sparrow.up.poznan.pl\/konferencja2024\/wp-content\/uploads\/2024\/02\/ihar-100x100.png 100w\" sizes=\"(max-width: 767px) 89vw, (max-width: 1000px) 54vw, (max-width: 1071px) 543px, 580px\" \/><\/a><\/figure><div class=\"elementor-image-box-content\"><h3 class=\"elementor-image-box-title\"><a href=\"https:\/\/sparrow.up.poznan.pl\/konferencja2024\/home\/sesje-terenowe-2\/ihar-radzikow-zelazowa-wola\/\">Sesja 3<\/a><\/h3><p class=\"elementor-image-box-description\">IHAR Radzik\u00f3w, \u017belazowa Wola<\/p><\/div><\/div>\t\t<\/div>\n\t\t\t\t<\/div>\n\t\t\t\t<\/div>\n\t\t\t\t<\/div>\n\t\t","protected":false},"excerpt":{"rendered":"<p>Sesje terenowe Sesja 1 UW Ogr\u00f3d Botaniczny Sesja 2 IBL Instytut Badawczy Le\u015bnictwa Sesja 3 IHAR Radzik\u00f3w, \u017belazowa Wola<\/p>\n","protected":false},"author":1,"featured_media":0,"parent":57,"menu_order":0,"comment_status":"closed","ping_status":"closed","template":"elementor_header_footer","meta":{"footnotes":""},"class_list":["post-448","page","type-page","status-publish","hentry"],"_links":{"self":[{"href":"https:\/\/sparrow.up.poznan.pl\/konferencja2024\/wp-json\/wp\/v2\/pages\/448","targetHints":{"allow":["GET"]}}],"collection":[{"href":"https:\/\/sparrow.up.poznan.pl\/konferencja2024\/wp-json\/wp\/v2\/pages"}],"about":[{"href":"https:\/\/sparrow.up.poznan.pl\/konferencja2024\/wp-json\/wp\/v2\/types\/page"}],"author":[{"embeddable":true,"href":"https:\/\/sparrow.up.poznan.pl\/konferencja2024\/wp-json\/wp\/v2\/users\/1"}],"replies":[{"embeddable":true,"href":"https:\/\/sparrow.up.poznan.pl\/konferencja2024\/wp-json\/wp\/v2\/comments?post=448"}],"version-history":[{"count":55,"href":"https:\/\/sparrow.up.poznan.pl\/konferencja2024\/wp-json\/wp\/v2\/pages\/448\/revisions"}],"predecessor-version":[{"id":611,"href":"https:\/\/sparrow.up.poznan.pl\/konferencja2024\/wp-json\/wp\/v2\/pages\/448\/revisions\/611"}],"up":[{"embeddable":true,"href":"https:\/\/sparrow.up.poznan.pl\/konferencja2024\/wp-json\/wp\/v2\/pages\/57"}],"wp:attachment":[{"href":"https:\/\/sparrow.up.poznan.pl\/konferencja2024\/wp-json\/wp\/v2\/media?parent=448"}],"curies":[{"name":"wp","href":"https:\/\/api.w.org\/{rel}","templated":true}]}}