{"id":520,"date":"2024-03-10T18:54:31","date_gmt":"2024-03-10T17:54:31","guid":{"rendered":"https:\/\/sparrow.up.poznan.pl\/konferencja2024\/?page_id=520"},"modified":"2024-03-10T19:44:34","modified_gmt":"2024-03-10T18:44:34","slug":"ihar-radzikow-zelazowa-wola","status":"publish","type":"page","link":"https:\/\/sparrow.up.poznan.pl\/konferencja2024\/home\/sesje-terenowe-2\/ihar-radzikow-zelazowa-wola\/","title":{"rendered":"IHAR Radzik\u00f3w, \u017belazowa Wola"},"content":{"rendered":"\t\t<div data-elementor-type=\"wp-page\" data-elementor-id=\"520\" class=\"elementor elementor-520\">\n\t\t\t\t<div class=\"elementor-element elementor-element-9427426 e-flex e-con-boxed e-con e-parent\" data-id=\"9427426\" data-element_type=\"container\">\n\t\t\t\t\t<div class=\"e-con-inner\">\n\t\t\t\t<div class=\"elementor-element elementor-element-f68d846 elementor-widget elementor-widget-heading\" data-id=\"f68d846\" data-element_type=\"widget\" data-widget_type=\"heading.default\">\n\t\t\t\t<div class=\"elementor-widget-container\">\n\t\t\t<style>\/*! elementor - v3.21.0 - 18-04-2024 *\/\n.elementor-heading-title{padding:0;margin:0;line-height:1}.elementor-widget-heading .elementor-heading-title[class*=elementor-size-]>a{color:inherit;font-size:inherit;line-height:inherit}.elementor-widget-heading .elementor-heading-title.elementor-size-small{font-size:15px}.elementor-widget-heading .elementor-heading-title.elementor-size-medium{font-size:19px}.elementor-widget-heading .elementor-heading-title.elementor-size-large{font-size:29px}.elementor-widget-heading .elementor-heading-title.elementor-size-xl{font-size:39px}.elementor-widget-heading .elementor-heading-title.elementor-size-xxl{font-size:59px}<\/style><h2 class=\"elementor-heading-title elementor-size-default\">Instytut Hodowli i Aklimatyzacji Ro\u015blin - Pa\u0144stwowy Instytut Badawczy (IHAR-PIB) <\/h2>\t\t<\/div>\n\t\t\t\t<\/div>\n\t\t\t\t\t<\/div>\n\t\t\t\t<\/div>\n\t\t<div class=\"elementor-element elementor-element-dd71b19 e-flex e-con-boxed elementor-invisible e-con e-parent\" data-id=\"dd71b19\" data-element_type=\"container\" data-settings=\"{&quot;animation&quot;:&quot;fadeInDown&quot;}\">\n\t\t\t\t\t<div class=\"e-con-inner\">\n\t\t<div class=\"elementor-element elementor-element-3081e93 e-con-full e-flex e-con e-child\" data-id=\"3081e93\" data-element_type=\"container\">\n\t\t\t\t<div class=\"elementor-element elementor-element-4fe4674 elementor-widget elementor-widget-text-editor\" data-id=\"4fe4674\" data-element_type=\"widget\" data-widget_type=\"text-editor.default\">\n\t\t\t\t<div class=\"elementor-widget-container\">\n\t\t\t<style>\/*! elementor - v3.21.0 - 18-04-2024 *\/\n.elementor-widget-text-editor.elementor-drop-cap-view-stacked .elementor-drop-cap{background-color:#69727d;color:#fff}.elementor-widget-text-editor.elementor-drop-cap-view-framed .elementor-drop-cap{color:#69727d;border:3px solid;background-color:transparent}.elementor-widget-text-editor:not(.elementor-drop-cap-view-default) .elementor-drop-cap{margin-top:8px}.elementor-widget-text-editor:not(.elementor-drop-cap-view-default) .elementor-drop-cap-letter{width:1em;height:1em}.elementor-widget-text-editor .elementor-drop-cap{float:left;text-align:center;line-height:1;font-size:50px}.elementor-widget-text-editor .elementor-drop-cap-letter{display:inline-block}<\/style>\t\t\t\t<p>zosta\u0142 utworzony w 1951 r. jako plac\u00f3wka naukowa, do prowadzenia bada\u0144 w zakresie hodowli i nasiennictwa rolniczych ro\u015blin uprawnych, technologii uprawy ro\u015blin oleistych, korzeniowych i ziemniaka oraz prac wdro\u017ceniowych, upowszechnieniowych, normalizacyjnych i unifikacyjnych. Dzia\u0142alno\u015b\u0107 Instytutu prowadzona jest w 22 lokalizacjach na terenie ca\u0142ego kraju: w oddzia\u0142ach naukowych, zak\u0142adach do\u015bwiadczalnych i sp\u00f3\u0142kach hodowli ro\u015blin.<\/p>\t\t\t\t\t\t<\/div>\n\t\t\t\t<\/div>\n\t\t\t\t<\/div>\n\t\t<div class=\"elementor-element elementor-element-24d7519 e-con-full e-flex e-con e-child\" data-id=\"24d7519\" data-element_type=\"container\">\n\t\t\t\t<div class=\"elementor-element elementor-element-3a7f322 elementor-widget elementor-widget-image\" data-id=\"3a7f322\" data-element_type=\"widget\" data-widget_type=\"image.default\">\n\t\t\t\t<div class=\"elementor-widget-container\">\n\t\t\t<style>\/*! elementor - v3.21.0 - 18-04-2024 *\/\n.elementor-widget-image{text-align:center}.elementor-widget-image a{display:inline-block}.elementor-widget-image a img[src$=\".svg\"]{width:48px}.elementor-widget-image img{vertical-align:middle;display:inline-block}<\/style>\t\t\t\t\t\t\t\t\t\t<img fetchpriority=\"high\" decoding=\"async\" width=\"300\" height=\"200\" src=\"https:\/\/sparrow.up.poznan.pl\/konferencja2024\/wp-content\/uploads\/2024\/03\/Obraz4-300x200.jpg\" class=\"elementor-animation-grow attachment-medium size-medium wp-image-522\" alt=\"\" srcset=\"https:\/\/sparrow.up.poznan.pl\/konferencja2024\/wp-content\/uploads\/2024\/03\/Obraz4-300x200.jpg 300w, https:\/\/sparrow.up.poznan.pl\/konferencja2024\/wp-content\/uploads\/2024\/03\/Obraz4.jpg 630w\" sizes=\"100vw\" \/>\t\t\t\t\t\t\t\t\t\t\t\t\t<\/div>\n\t\t\t\t<\/div>\n\t\t\t\t<\/div>\n\t\t<div class=\"elementor-element elementor-element-23afb26 e-con-full e-flex e-con e-child\" data-id=\"23afb26\" data-element_type=\"container\">\n\t\t\t\t<\/div>\n\t\t<div class=\"elementor-element elementor-element-b1483b6 e-con-full e-flex e-con e-child\" data-id=\"b1483b6\" data-element_type=\"container\">\n\t\t\t\t<div class=\"elementor-element elementor-element-697623d elementor-widget elementor-widget-text-editor\" data-id=\"697623d\" data-element_type=\"widget\" data-widget_type=\"text-editor.default\">\n\t\t\t\t<div class=\"elementor-widget-container\">\n\t\t\t\t\t\t\t<p>IHAR-PIB to Instytut o du\u017cym potencjale naukowym i rozwojowym umocowanym na trzech filarach: nauce, dzia\u0142aniach aplikacyjnych i wdro\u017ceniach oraz upowszechnianiu wiedzy i komercjalizacji. Stanowi wa\u017cne zaplecze naukowo-badawcze dla polskiej hodowli i nasiennictwa rolniczych ro\u015blin uprawnych. Dotychczasowym przedmiotem dzia\u0142ania Instytutu jest prowadzenie bada\u0144 naukowych i prac rozwojowych z zakresu agronomii, biotechnologii w rolnictwie, technologii produkcji, przechowalnictwa i przetw\u00f3rstwa ro\u015blin rolniczych i energetycznych. Dzia\u0142alno\u015b\u0107 Instytutu koncentruje si\u0119 na:<\/p><ul><li>genetycznych podstawach hodowli ro\u015blin uprawnych;<\/li><li>mechanizmach warunkuj\u0105cych odporno\u015b\u0107 ro\u015blin na stresy biotyczne i abiotyczne;<\/li><li>wykorzystaniu metod molekularnych w hodowli ro\u015blin uprawnych;<\/li><li>opracowaniu nowoczesnych metod hodowli tw\u00f3rczej, w tym metod oceny cech u\u017cytkowych materia\u0142\u00f3w wyj\u015bciowych i hodowlanych w warunkach laboratoryjnych i polowych;<\/li><li>monitorowaniu, dla potrzeb nauki i hodowli wyst\u0119powania w kraju gospodarczo wa\u017cnych patogen\u00f3w i szkodnik\u00f3w ro\u015blin uprawnych, w tym organizm\u00f3w kwarantannowych;<\/li><li>nowych technologiach i technikach przechowywania materia\u0142u siewnego; podnoszenia warto\u015bci biologicznej, technologicznej i przechowalniczej materia\u0142u siewnego odmian;<\/li><li>ocenie post\u0119pu odmianowego, ekonomice hodowli i optymalizacji produkcji nasiennej ro\u015blin uprawnych;<\/li><li>opracowywaniu, doskonaleniu i monitorowaniu krajowych norm nasiennych oraz metod oceny jako\u015bci materia\u0142u siewnego ro\u015blin uprawnych i sadzeniak\u00f3w ziemniaka.<\/li><\/ul>\t\t\t\t\t\t<\/div>\n\t\t\t\t<\/div>\n\t\t\t\t<\/div>\n\t\t\t\t\t<\/div>\n\t\t\t\t<\/div>\n\t\t<div class=\"elementor-element elementor-element-9dbe16e e-flex e-con-boxed elementor-invisible e-con e-parent\" data-id=\"9dbe16e\" data-element_type=\"container\" data-settings=\"{&quot;animation&quot;:&quot;fadeInUp&quot;}\">\n\t\t\t\t\t<div class=\"e-con-inner\">\n\t\t<div class=\"elementor-element elementor-element-1f1525d e-con-full e-flex e-con e-child\" data-id=\"1f1525d\" data-element_type=\"container\">\n\t\t\t\t<div class=\"elementor-element elementor-element-a3a393d elementor-widget elementor-widget-image\" data-id=\"a3a393d\" data-element_type=\"widget\" data-widget_type=\"image.default\">\n\t\t\t\t<div class=\"elementor-widget-container\">\n\t\t\t\t\t\t\t\t\t\t\t\t\t<img decoding=\"async\" width=\"300\" height=\"161\" src=\"https:\/\/sparrow.up.poznan.pl\/konferencja2024\/wp-content\/uploads\/2024\/03\/Obraz5-300x161.jpg\" class=\"elementor-animation-grow attachment-medium size-medium wp-image-523\" alt=\"\" srcset=\"https:\/\/sparrow.up.poznan.pl\/konferencja2024\/wp-content\/uploads\/2024\/03\/Obraz5-300x161.jpg 300w, https:\/\/sparrow.up.poznan.pl\/konferencja2024\/wp-content\/uploads\/2024\/03\/Obraz5.jpg 604w\" sizes=\"100vw\" \/>\t\t\t\t\t\t\t\t\t\t\t\t\t<\/div>\n\t\t\t\t<\/div>\n\t\t\t\t<\/div>\n\t\t<div class=\"elementor-element elementor-element-a277464 e-con-full e-flex e-con e-child\" data-id=\"a277464\" data-element_type=\"container\">\n\t\t\t\t<div class=\"elementor-element elementor-element-9065290 elementor-widget elementor-widget-text-editor\" data-id=\"9065290\" data-element_type=\"widget\" data-widget_type=\"text-editor.default\">\n\t\t\t\t<div class=\"elementor-widget-container\">\n\t\t\t\t\t\t\t<p>Instytut oferuje tak\u017ce us\u0142ugi dla firm hodowlanych, przedsi\u0119biorstw bran\u017cowych i plac\u00f3wek naukowych w zakresie:<\/p><ul><li>oceny odporno\u015bci, wykrywania i identyfikacji patogen\u00f3w;<\/li><li>analiz biochemicznych i oceny jako\u015bci produkt\u00f3w ro\u015blinnych;<\/li><li>wytwarzania materia\u0142\u00f3w wyj\u015bciowych do hodowli przez rekombinacj\u0119 i metodami biotechnologicznymi;<\/li><li>identyfikacji genetycznej (fingerprinting) oraz badania ekspresji i obecno\u015bci gen\u00f3w;<\/li><li>agrotechnicznej i u\u017cytkowej oceny warto\u015bci odmian ziemniaka;<\/li><li>analiz bioinformatycznych i statystycznych.<\/li><\/ul>\t\t\t\t\t\t<\/div>\n\t\t\t\t<\/div>\n\t\t\t\t<\/div>\n\t\t\t\t\t<\/div>\n\t\t\t\t<\/div>\n\t\t<div class=\"elementor-element elementor-element-a850958 e-flex e-con-boxed elementor-invisible e-con e-parent\" data-id=\"a850958\" data-element_type=\"container\" data-settings=\"{&quot;animation&quot;:&quot;fadeInUp&quot;}\">\n\t\t\t\t\t<div class=\"e-con-inner\">\n\t\t<div class=\"elementor-element elementor-element-51cdd0f e-con-full e-flex e-con e-child\" data-id=\"51cdd0f\" data-element_type=\"container\">\n\t\t\t\t<div class=\"elementor-element elementor-element-f3d97b9 elementor-widget elementor-widget-text-editor\" data-id=\"f3d97b9\" data-element_type=\"widget\" data-widget_type=\"text-editor.default\">\n\t\t\t\t<div class=\"elementor-widget-container\">\n\t\t\t\t\t\t\t<p>Podczas sesji terenowej PTFit w Centrali Instytutu w Radzikowie po\u0142o\u017conym na R\u00f3wninie \u0141owicko-B\u0142o\u0144skiej przewidziano zwiedzanie wybranych zak\u0142ad\u00f3w naukowych i laboratori\u00f3w oraz prezentacje poletek do\u015bwiadczalnych. W programie sesji przewidziano tak\u017ce czas na zwiedzanie pobliskiej \u017belazowej Woli. Na zako\u0144czenie sesji przewidziany jest obiad.<\/p><p>Link do strony IHAR: <a href=\"https:\/\/ihar.edu.pl\/\" target=\"_blank\" rel=\"noopener\">https:\/\/ihar.edu.pl\/<\/a><\/p>\t\t\t\t\t\t<\/div>\n\t\t\t\t<\/div>\n\t\t\t\t<\/div>\n\t\t<div class=\"elementor-element elementor-element-6910752 e-con-full e-flex e-con e-child\" data-id=\"6910752\" data-element_type=\"container\">\n\t\t\t\t<div class=\"elementor-element elementor-element-7cdf96e elementor-widget elementor-widget-image\" data-id=\"7cdf96e\" data-element_type=\"widget\" data-widget_type=\"image.default\">\n\t\t\t\t<div class=\"elementor-widget-container\">\n\t\t\t\t\t\t\t\t\t\t\t\t\t<img decoding=\"async\" width=\"300\" height=\"157\" src=\"https:\/\/sparrow.up.poznan.pl\/konferencja2024\/wp-content\/uploads\/2024\/03\/Obraz6-300x157.jpg\" class=\"elementor-animation-grow attachment-medium size-medium wp-image-524\" alt=\"\" srcset=\"https:\/\/sparrow.up.poznan.pl\/konferencja2024\/wp-content\/uploads\/2024\/03\/Obraz6-300x157.jpg 300w, https:\/\/sparrow.up.poznan.pl\/konferencja2024\/wp-content\/uploads\/2024\/03\/Obraz6.jpg 604w\" sizes=\"100vw\" \/>\t\t\t\t\t\t\t\t\t\t\t\t\t<\/div>\n\t\t\t\t<\/div>\n\t\t\t\t<\/div>\n\t\t\t\t\t<\/div>\n\t\t\t\t<\/div>\n\t\t\t\t<\/div>\n\t\t","protected":false},"excerpt":{"rendered":"<p>Instytut Hodowli i Aklimatyzacji Ro\u015blin &#8211; Pa\u0144stwowy Instytut Badawczy (IHAR-PIB) zosta\u0142 utworzony w 1951 r. jako plac\u00f3wka naukowa, do prowadzenia bada\u0144 w zakresie hodowli i nasiennictwa rolniczych ro\u015blin uprawnych, technologii uprawy ro\u015blin oleistych, korzeniowych i ziemniaka oraz prac wdro\u017ceniowych, upowszechnieniowych, normalizacyjnych i unifikacyjnych. Dzia\u0142alno\u015b\u0107 Instytutu prowadzona jest w 22 lokalizacjach na terenie ca\u0142ego kraju: w &hellip; <\/p>\n<p class=\"link-more\"><a href=\"https:\/\/sparrow.up.poznan.pl\/konferencja2024\/home\/sesje-terenowe-2\/ihar-radzikow-zelazowa-wola\/\" class=\"more-link\">Czytaj dalej<span class=\"screen-reader-text\"> \u201eIHAR Radzik\u00f3w, \u017belazowa Wola\u201d<\/span><\/a><\/p>\n","protected":false},"author":1,"featured_media":0,"parent":448,"menu_order":0,"comment_status":"closed","ping_status":"closed","template":"elementor_header_footer","meta":{"footnotes":""},"class_list":["post-520","page","type-page","status-publish","hentry"],"_links":{"self":[{"href":"https:\/\/sparrow.up.poznan.pl\/konferencja2024\/wp-json\/wp\/v2\/pages\/520","targetHints":{"allow":["GET"]}}],"collection":[{"href":"https:\/\/sparrow.up.poznan.pl\/konferencja2024\/wp-json\/wp\/v2\/pages"}],"about":[{"href":"https:\/\/sparrow.up.poznan.pl\/konferencja2024\/wp-json\/wp\/v2\/types\/page"}],"author":[{"embeddable":true,"href":"https:\/\/sparrow.up.poznan.pl\/konferencja2024\/wp-json\/wp\/v2\/users\/1"}],"replies":[{"embeddable":true,"href":"https:\/\/sparrow.up.poznan.pl\/konferencja2024\/wp-json\/wp\/v2\/comments?post=520"}],"version-history":[{"count":19,"href":"https:\/\/sparrow.up.poznan.pl\/konferencja2024\/wp-json\/wp\/v2\/pages\/520\/revisions"}],"predecessor-version":[{"id":572,"href":"https:\/\/sparrow.up.poznan.pl\/konferencja2024\/wp-json\/wp\/v2\/pages\/520\/revisions\/572"}],"up":[{"embeddable":true,"href":"https:\/\/sparrow.up.poznan.pl\/konferencja2024\/wp-json\/wp\/v2\/pages\/448"}],"wp:attachment":[{"href":"https:\/\/sparrow.up.poznan.pl\/konferencja2024\/wp-json\/wp\/v2\/media?parent=520"}],"curies":[{"name":"wp","href":"https:\/\/api.w.org\/{rel}","templated":true}]}}