{"id":534,"date":"2024-03-10T19:04:42","date_gmt":"2024-03-10T18:04:42","guid":{"rendered":"https:\/\/sparrow.up.poznan.pl\/konferencja2024\/?page_id=534"},"modified":"2024-03-10T19:46:49","modified_gmt":"2024-03-10T18:46:49","slug":"uw-ogrod-botaniczny","status":"publish","type":"page","link":"https:\/\/sparrow.up.poznan.pl\/konferencja2024\/home\/sesje-terenowe-2\/uw-ogrod-botaniczny\/","title":{"rendered":"UW Ogr\u00f3d Botaniczny"},"content":{"rendered":"\t\t<div data-elementor-type=\"wp-page\" data-elementor-id=\"534\" class=\"elementor elementor-534\">\n\t\t\t\t<div class=\"elementor-element elementor-element-9427426 e-flex e-con-boxed e-con e-parent\" data-id=\"9427426\" data-element_type=\"container\">\n\t\t\t\t\t<div class=\"e-con-inner\">\n\t\t\t\t<div class=\"elementor-element elementor-element-f68d846 elementor-widget elementor-widget-heading\" data-id=\"f68d846\" data-element_type=\"widget\" data-widget_type=\"heading.default\">\n\t\t\t\t<div class=\"elementor-widget-container\">\n\t\t\t<style>\/*! elementor - v3.21.0 - 18-04-2024 *\/\n.elementor-heading-title{padding:0;margin:0;line-height:1}.elementor-widget-heading .elementor-heading-title[class*=elementor-size-]>a{color:inherit;font-size:inherit;line-height:inherit}.elementor-widget-heading .elementor-heading-title.elementor-size-small{font-size:15px}.elementor-widget-heading .elementor-heading-title.elementor-size-medium{font-size:19px}.elementor-widget-heading .elementor-heading-title.elementor-size-large{font-size:29px}.elementor-widget-heading .elementor-heading-title.elementor-size-xl{font-size:39px}.elementor-widget-heading .elementor-heading-title.elementor-size-xxl{font-size:59px}<\/style><h2 class=\"elementor-heading-title elementor-size-default\">Ogr\u00f3d Botaniczny Uniwersytetu Warszawskiego (OBUW)<\/h2>\t\t<\/div>\n\t\t\t\t<\/div>\n\t\t\t\t\t<\/div>\n\t\t\t\t<\/div>\n\t\t<div class=\"elementor-element elementor-element-dd71b19 e-flex e-con-boxed e-con e-parent\" data-id=\"dd71b19\" data-element_type=\"container\">\n\t\t\t\t\t<div class=\"e-con-inner\">\n\t\t<div class=\"elementor-element elementor-element-3081e93 e-con-full e-flex e-con e-child\" data-id=\"3081e93\" data-element_type=\"container\">\n\t\t\t\t<div class=\"elementor-element elementor-element-4fe4674 elementor-widget elementor-widget-text-editor\" data-id=\"4fe4674\" data-element_type=\"widget\" data-widget_type=\"text-editor.default\">\n\t\t\t\t<div class=\"elementor-widget-container\">\n\t\t\t<style>\/*! elementor - v3.21.0 - 18-04-2024 *\/\n.elementor-widget-text-editor.elementor-drop-cap-view-stacked .elementor-drop-cap{background-color:#69727d;color:#fff}.elementor-widget-text-editor.elementor-drop-cap-view-framed .elementor-drop-cap{color:#69727d;border:3px solid;background-color:transparent}.elementor-widget-text-editor:not(.elementor-drop-cap-view-default) .elementor-drop-cap{margin-top:8px}.elementor-widget-text-editor:not(.elementor-drop-cap-view-default) .elementor-drop-cap-letter{width:1em;height:1em}.elementor-widget-text-editor .elementor-drop-cap{float:left;text-align:center;line-height:1;font-size:50px}.elementor-widget-text-editor .elementor-drop-cap-letter{display:inline-block}<\/style>\t\t\t\t<p>za\u0142o\u017cony na pocz\u0105tku XIX w., jeden z najstarszych w Polsce, to wyj\u0105tkowe miejsce na mapie Warszawy. W centrum stolicy, naprzeciwko Urz\u0119du Rady Ministr\u00f3w i tu\u017c przy Parku \u0141azienkowskim \u2013 \u0141azienkach Kr\u00f3lewskich znajdziemy ma\u0142y skrawek ziemi licz\u0105cy 5,16 hektara, w kt\u00f3rym rz\u0105dzi nie cz\u0142owiek, ale ro\u015bliny i grzyby. Nie cz\u0142owiek \u2013 bo to nie estetyka kolekcji wysuwa si\u0119 na pierwszy plan jako cel istnienia tego miejsca, ale zachowanie mo\u017cliwie najwi\u0119kszej kolekcji ro\u015blin, kt\u00f3re nas zachwycaj\u0105, ale r\u00f3wnie\u017c ucz\u0105. Rosn\u0105 tu ro\u015bliny typowe dla Mazowsza, ale r\u00f3wnie\u017c takie, kt\u00f3re znajdziemy w innych rejonach kraju czy \u015bwiata, nieraz r\u00f3wnie\u017c ro\u015bliny unikalne. Nasz\u0105 dum\u0105 jest dziwid\u0142o olbrzymie <em>Amorphophallus titanum <\/em>i welwiczja przedziwna <em>Welwitschia mirabilis<\/em>. Stare pomnikowe drzewa parku, te, kt\u00f3re opisuj\u0105 nasi dziadkowie i babcie w swoich dziennikach, stanowi\u0105 warto\u015b\u0107 historyczn\u0105 i emocjonaln\u0105, a kiedy padaj\u0105 podczas wichur to nie zostaj\u0105 usuni\u0119te, ale profesjonalne zabiegi ogrodnik\u00f3w podtrzymuj\u0105 ich dalsze istnienie jako wysp \u015brodowiskowych, kt\u00f3re stanowi\u0105 miejsce do rozwoju dla wielu gatunk\u00f3w drobnych zwierz\u0105t, owad\u00f3w, grzyb\u00f3w i \u015bluzowc\u00f3w. Obserwacja natury w OBUW to rado\u015b\u0107 i inspiracja, a przy tym okazja do studiowania biologii organizm\u00f3w, kt\u00f3re maj\u0105 kluczowe znaczenie dla trwania \u017cycia na ziemi.<\/p>\t\t\t\t\t\t<\/div>\n\t\t\t\t<\/div>\n\t\t\t\t<\/div>\n\t\t<div class=\"elementor-element elementor-element-24d7519 e-con-full e-flex e-con e-child\" data-id=\"24d7519\" data-element_type=\"container\">\n\t\t\t\t<div class=\"elementor-element elementor-element-3a7f322 elementor-widget elementor-widget-image\" data-id=\"3a7f322\" data-element_type=\"widget\" data-widget_type=\"image.default\">\n\t\t\t\t<div class=\"elementor-widget-container\">\n\t\t\t<style>\/*! elementor - v3.21.0 - 18-04-2024 *\/\n.elementor-widget-image{text-align:center}.elementor-widget-image a{display:inline-block}.elementor-widget-image a img[src$=\".svg\"]{width:48px}.elementor-widget-image img{vertical-align:middle;display:inline-block}<\/style>\t\t\t\t\t\t\t\t\t\t<img fetchpriority=\"high\" decoding=\"async\" width=\"225\" height=\"300\" src=\"https:\/\/sparrow.up.poznan.pl\/konferencja2024\/wp-content\/uploads\/2024\/03\/Obraz7-225x300.jpg\" class=\"elementor-animation-grow attachment-medium size-medium wp-image-536\" alt=\"\" srcset=\"https:\/\/sparrow.up.poznan.pl\/konferencja2024\/wp-content\/uploads\/2024\/03\/Obraz7-225x300.jpg 225w, https:\/\/sparrow.up.poznan.pl\/konferencja2024\/wp-content\/uploads\/2024\/03\/Obraz7.jpg 406w\" sizes=\"100vw\" \/>\t\t\t\t\t\t\t\t\t\t\t\t\t<\/div>\n\t\t\t\t<\/div>\n\t\t\t\t<\/div>\n\t\t<div class=\"elementor-element elementor-element-23afb26 e-con-full e-flex e-con e-child\" data-id=\"23afb26\" data-element_type=\"container\">\n\t\t\t\t<\/div>\n\t\t<div class=\"elementor-element elementor-element-b1483b6 e-con-full e-flex e-con e-child\" data-id=\"b1483b6\" data-element_type=\"container\">\n\t\t\t\t<div class=\"elementor-element elementor-element-697623d elementor-widget elementor-widget-text-editor\" data-id=\"697623d\" data-element_type=\"widget\" data-widget_type=\"text-editor.default\">\n\t\t\t\t<div class=\"elementor-widget-container\">\n\t\t\t\t\t\t\t<p>Zdaj\u0105c sobie spraw\u0119 z tego, \u017ce coraz liczniejsze gatunki ro\u015blin s\u0105 zagro\u017cone, a przez destrukcyjn\u0105 dzia\u0142alno\u015b\u0107 ludzk\u0105 chwiej\u0105 si\u0119 podstawy stabilno\u015bci ekosystem\u00f3w chcemy pozna\u0107 procesy ekologiczne. Nasz\u0105 misj\u0105 jest odkry\u0107 \u015bwiat ro\u015blin, ochroni\u0107 go i uczy\u0107 o nim dla lepszej przysz\u0142o\u015bci ludzi i innych istot.<\/p>\t\t\t\t\t\t<\/div>\n\t\t\t\t<\/div>\n\t\t\t\t<\/div>\n\t\t\t\t\t<\/div>\n\t\t\t\t<\/div>\n\t\t<div class=\"elementor-element elementor-element-9dbe16e e-flex e-con-boxed e-con e-parent\" data-id=\"9dbe16e\" data-element_type=\"container\">\n\t\t\t\t\t<div class=\"e-con-inner\">\n\t\t<div class=\"elementor-element elementor-element-1f1525d e-con-full e-flex e-con e-child\" data-id=\"1f1525d\" data-element_type=\"container\">\n\t\t\t\t<div class=\"elementor-element elementor-element-a3a393d elementor-widget elementor-widget-image\" data-id=\"a3a393d\" data-element_type=\"widget\" data-widget_type=\"image.default\">\n\t\t\t\t<div class=\"elementor-widget-container\">\n\t\t\t\t\t\t\t\t\t\t\t\t\t<img decoding=\"async\" width=\"225\" height=\"300\" src=\"https:\/\/sparrow.up.poznan.pl\/konferencja2024\/wp-content\/uploads\/2024\/03\/Obraz8-225x300.jpg\" class=\"elementor-animation-grow attachment-medium size-medium wp-image-537\" alt=\"\" srcset=\"https:\/\/sparrow.up.poznan.pl\/konferencja2024\/wp-content\/uploads\/2024\/03\/Obraz8-225x300.jpg 225w, https:\/\/sparrow.up.poznan.pl\/konferencja2024\/wp-content\/uploads\/2024\/03\/Obraz8.jpg 323w\" sizes=\"100vw\" \/>\t\t\t\t\t\t\t\t\t\t\t\t\t<\/div>\n\t\t\t\t<\/div>\n\t\t\t\t<\/div>\n\t\t<div class=\"elementor-element elementor-element-a277464 e-con-full e-flex e-con e-child\" data-id=\"a277464\" data-element_type=\"container\">\n\t\t\t\t<div class=\"elementor-element elementor-element-9065290 elementor-widget elementor-widget-text-editor\" data-id=\"9065290\" data-element_type=\"widget\" data-widget_type=\"text-editor.default\">\n\t\t\t\t<div class=\"elementor-widget-container\">\n\t\t\t\t\t\t\t<p>Pracownicy Ogrodu pe\u0142ni\u0105 rol\u0119 s\u0142u\u017cebn\u0105 wobec ro\u015blin. Jeste\u015bmy emisariuszami zieleni w silnie zurbanizowanym \u015bwiecie betonu i szk\u0142a. Chcemy zabezpieczy\u0107 ro\u015bliny tak, by by\u0142y inspiracj\u0105 dla tw\u00f3rc\u00f3w, miejsce tak, by by\u0142o wytchnieniem dla Warszawiak\u00f3w, chcemy pozna\u0107 ro\u015bliny i grzyby przez procesy \u017cyciowe \u2013 od ich kie\u0142kowania do obumierania, by odkry\u0107 to, co jeszcze niejasne i niepewne.<\/p>\t\t\t\t\t\t<\/div>\n\t\t\t\t<\/div>\n\t\t\t\t<\/div>\n\t\t\t\t\t<\/div>\n\t\t\t\t<\/div>\n\t\t<div class=\"elementor-element elementor-element-88a80d2 e-flex e-con-boxed e-con e-parent\" data-id=\"88a80d2\" data-element_type=\"container\">\n\t\t\t\t\t<div class=\"e-con-inner\">\n\t\t\t\t<div class=\"elementor-element elementor-element-0c60f5e elementor-widget elementor-widget-text-editor\" data-id=\"0c60f5e\" data-element_type=\"widget\" data-widget_type=\"text-editor.default\">\n\t\t\t\t<div class=\"elementor-widget-container\">\n\t\t\t\t\t\t\t<p>Nasz\u0105 misj\u0119 realizujemy w szczeg\u00f3lno\u015bci poprzez:<\/p><ul><li>tworzenie i utrzymywanie odpowiednio udokumentowanych kolekcji ro\u015blin \u017cywych oraz przyrodniczych zbior\u00f3w o charakterze muzealnym;<\/li><li>prowadzenie i udzia\u0142 w interdyscyplinarnych badaniach naukowych oraz poprzez udost\u0119pnianie instytucjom naukowym materia\u0142u ro\u015blinnego oraz terenu OB do bada\u0144 naukowych;<\/li><li>dzia\u0142ania o charakterze konserwatorskim, maj\u0105ce na celu ochron\u0119 <em style=\"font-size: 1rem;\">in situ<\/em><span style=\"font-size: 1rem;\"> i <\/span><em style=\"font-size: 1rem;\">ex situ<\/em><span style=\"font-size: 1rem;\"> r\u00f3\u017cnorodno\u015bci biologicznej ro\u015blin, w szczeg\u00f3lno\u015bci gatunk\u00f3w gin\u0105cych i zagro\u017conych;<\/span><\/li><li>dydaktyk\u0119 akademick\u0105, w szczeg\u00f3lno\u015bci skupion\u0105 na biologii i ekologii ro\u015blin i grzyb\u00f3w, ich r\u00f3\u017cnorodno\u015bci, relacjach ro\u015blin z innymi organizmami i ich kulturowej roli w spo\u0142ecze\u0144stwach ludzkich;<\/li><li>edukacj\u0119 spo\u0142eczn\u0105 opart\u0105 na rzetelnej wiedzy naukowej promuj\u0105c\u0105 metod\u0119 naukow\u0105 do poznawania \u015bwiata, skierowan\u0105 do wszystkich ch\u0119tnych pragn\u0105cych zg\u0142\u0119bia\u0107 tajemnice ro\u015blin i ca\u0142ej przyrody;<\/li><li>dzia\u0142ania o charakterze spo\u0142ecznym, artystycznym i promocyjnym, kt\u00f3rych g\u0142\u00f3wnym celem jest zwr\u00f3cenie uwagi na rol\u0119 ro\u015blin w \u015bwiecie, wi\u0119\u017a cz\u0142owieka z przyrod\u0105 oraz dzia\u0142ania maj\u0105ce na celu spowolnienie zmian klimatycznych.<\/li><\/ul>\t\t\t\t\t\t<\/div>\n\t\t\t\t<\/div>\n\t\t\t\t\t<\/div>\n\t\t\t\t<\/div>\n\t\t<div class=\"elementor-element elementor-element-a850958 e-flex e-con-boxed e-con e-parent\" data-id=\"a850958\" data-element_type=\"container\">\n\t\t\t\t\t<div class=\"e-con-inner\">\n\t\t<div class=\"elementor-element elementor-element-51cdd0f e-con-full e-flex e-con e-child\" data-id=\"51cdd0f\" data-element_type=\"container\">\n\t\t\t\t<div class=\"elementor-element elementor-element-f3d97b9 elementor-widget elementor-widget-text-editor\" data-id=\"f3d97b9\" data-element_type=\"widget\" data-widget_type=\"text-editor.default\">\n\t\t\t\t<div class=\"elementor-widget-container\">\n\t\t\t\t\t\t\t<p>W ramach sesji terenowej PTFit zapraszamy do spaceru po naszych kolekcjach \u2013 zar\u00f3wno w parku, jak i szklarniach. Opowiemy o naszej historii, o badaniach prowadzonych przez pracownik\u00f3w naukowych, o naszej walce z fitopatogenami, ale r\u00f3wnie\u017c o\u00a0 naszej zgodzie na ich istnienie. Podczas sesji przewidziany jest posi\u0142ek.<\/p><p>Link do strony OBUW: <a href=\"https:\/\/www.ogrod.uw.edu.pl\/\" target=\"_blank\" rel=\"noopener\">https:\/\/www.ogrod.uw.edu.pl\/<\/a><\/p>\t\t\t\t\t\t<\/div>\n\t\t\t\t<\/div>\n\t\t\t\t<\/div>\n\t\t<div class=\"elementor-element elementor-element-6910752 e-con-full e-flex e-con e-child\" data-id=\"6910752\" data-element_type=\"container\">\n\t\t\t\t<div class=\"elementor-element elementor-element-7cdf96e elementor-widget elementor-widget-image\" data-id=\"7cdf96e\" data-element_type=\"widget\" data-widget_type=\"image.default\">\n\t\t\t\t<div class=\"elementor-widget-container\">\n\t\t\t\t\t\t\t\t\t\t\t\t\t<img decoding=\"async\" width=\"300\" height=\"225\" src=\"https:\/\/sparrow.up.poznan.pl\/konferencja2024\/wp-content\/uploads\/2024\/03\/Obraz9-300x225.jpg\" class=\"elementor-animation-grow attachment-medium size-medium wp-image-538\" alt=\"\" srcset=\"https:\/\/sparrow.up.poznan.pl\/konferencja2024\/wp-content\/uploads\/2024\/03\/Obraz9-300x225.jpg 300w, https:\/\/sparrow.up.poznan.pl\/konferencja2024\/wp-content\/uploads\/2024\/03\/Obraz9.jpg 515w\" sizes=\"100vw\" \/>\t\t\t\t\t\t\t\t\t\t\t\t\t<\/div>\n\t\t\t\t<\/div>\n\t\t\t\t<\/div>\n\t\t\t\t\t<\/div>\n\t\t\t\t<\/div>\n\t\t\t\t<\/div>\n\t\t","protected":false},"excerpt":{"rendered":"<p>Ogr\u00f3d Botaniczny Uniwersytetu Warszawskiego (OBUW) za\u0142o\u017cony na pocz\u0105tku XIX w., jeden z najstarszych w Polsce, to wyj\u0105tkowe miejsce na mapie Warszawy. W centrum stolicy, naprzeciwko Urz\u0119du Rady Ministr\u00f3w i tu\u017c przy Parku \u0141azienkowskim \u2013 \u0141azienkach Kr\u00f3lewskich znajdziemy ma\u0142y skrawek ziemi licz\u0105cy 5,16 hektara, w kt\u00f3rym rz\u0105dzi nie cz\u0142owiek, ale ro\u015bliny i grzyby. Nie cz\u0142owiek \u2013 &hellip; <\/p>\n<p class=\"link-more\"><a href=\"https:\/\/sparrow.up.poznan.pl\/konferencja2024\/home\/sesje-terenowe-2\/uw-ogrod-botaniczny\/\" class=\"more-link\">Czytaj dalej<span class=\"screen-reader-text\"> \u201eUW Ogr\u00f3d Botaniczny\u201d<\/span><\/a><\/p>\n","protected":false},"author":1,"featured_media":0,"parent":448,"menu_order":0,"comment_status":"closed","ping_status":"closed","template":"elementor_header_footer","meta":{"footnotes":""},"class_list":["post-534","page","type-page","status-publish","hentry"],"_links":{"self":[{"href":"https:\/\/sparrow.up.poznan.pl\/konferencja2024\/wp-json\/wp\/v2\/pages\/534","targetHints":{"allow":["GET"]}}],"collection":[{"href":"https:\/\/sparrow.up.poznan.pl\/konferencja2024\/wp-json\/wp\/v2\/pages"}],"about":[{"href":"https:\/\/sparrow.up.poznan.pl\/konferencja2024\/wp-json\/wp\/v2\/types\/page"}],"author":[{"embeddable":true,"href":"https:\/\/sparrow.up.poznan.pl\/konferencja2024\/wp-json\/wp\/v2\/users\/1"}],"replies":[{"embeddable":true,"href":"https:\/\/sparrow.up.poznan.pl\/konferencja2024\/wp-json\/wp\/v2\/comments?post=534"}],"version-history":[{"count":7,"href":"https:\/\/sparrow.up.poznan.pl\/konferencja2024\/wp-json\/wp\/v2\/pages\/534\/revisions"}],"predecessor-version":[{"id":578,"href":"https:\/\/sparrow.up.poznan.pl\/konferencja2024\/wp-json\/wp\/v2\/pages\/534\/revisions\/578"}],"up":[{"embeddable":true,"href":"https:\/\/sparrow.up.poznan.pl\/konferencja2024\/wp-json\/wp\/v2\/pages\/448"}],"wp:attachment":[{"href":"https:\/\/sparrow.up.poznan.pl\/konferencja2024\/wp-json\/wp\/v2\/media?parent=534"}],"curies":[{"name":"wp","href":"https:\/\/api.w.org\/{rel}","templated":true}]}}