{"id":57,"date":"2024-02-14T11:57:45","date_gmt":"2024-02-14T10:57:45","guid":{"rendered":"https:\/\/sparrow.up.poznan.pl\/konferencja2024\/home\/"},"modified":"2024-11-19T10:20:50","modified_gmt":"2024-11-19T09:20:50","slug":"home","status":"publish","type":"page","link":"https:\/\/sparrow.up.poznan.pl\/konferencja2024\/","title":{"rendered":"Home"},"content":{"rendered":"\t\t<div data-elementor-type=\"wp-page\" data-elementor-id=\"57\" class=\"elementor elementor-57\">\n\t\t\t\t<div class=\"elementor-element elementor-element-76b52626 animated-slow e-con-full e-flex elementor-invisible e-con e-parent\" data-id=\"76b52626\" data-element_type=\"container\" data-settings=\"{&quot;animation&quot;:&quot;fadeInUp&quot;,&quot;animation_delay&quot;:300}\">\n\t\t<div class=\"elementor-element elementor-element-b2d7dbe e-con-full e-flex e-con e-child\" data-id=\"b2d7dbe\" data-element_type=\"container\">\n\t\t\t\t<div class=\"elementor-element elementor-element-cf787b8 elementor-widget elementor-widget-menu-anchor\" data-id=\"cf787b8\" data-element_type=\"widget\" id=\"content\" data-widget_type=\"menu-anchor.default\">\n\t\t\t\t<div class=\"elementor-widget-container\">\n\t\t\t<style>\/*! elementor - v3.21.0 - 18-04-2024 *\/\nbody.elementor-page .elementor-widget-menu-anchor{margin-bottom:0}<\/style>\t\t<div class=\"elementor-menu-anchor\" id=\"content\"><\/div>\n\t\t\t\t<\/div>\n\t\t\t\t<\/div>\n\t\t\t\t<div class=\"elementor-element elementor-element-3afe9b04 elementor-widget-tablet__width-initial elementor-widget-mobile__width-inherit elementor-widget__width-initial elementor-position-top elementor-widget elementor-widget-image-box\" data-id=\"3afe9b04\" data-element_type=\"widget\" data-widget_type=\"image-box.default\">\n\t\t\t\t<div class=\"elementor-widget-container\">\n\t\t\t<style>\/*! elementor - v3.21.0 - 18-04-2024 *\/\n.elementor-widget-image-box .elementor-image-box-content{width:100%}@media (min-width:768px){.elementor-widget-image-box.elementor-position-left .elementor-image-box-wrapper,.elementor-widget-image-box.elementor-position-right .elementor-image-box-wrapper{display:flex}.elementor-widget-image-box.elementor-position-right .elementor-image-box-wrapper{text-align:end;flex-direction:row-reverse}.elementor-widget-image-box.elementor-position-left .elementor-image-box-wrapper{text-align:start;flex-direction:row}.elementor-widget-image-box.elementor-position-top .elementor-image-box-img{margin:auto}.elementor-widget-image-box.elementor-vertical-align-top .elementor-image-box-wrapper{align-items:flex-start}.elementor-widget-image-box.elementor-vertical-align-middle .elementor-image-box-wrapper{align-items:center}.elementor-widget-image-box.elementor-vertical-align-bottom .elementor-image-box-wrapper{align-items:flex-end}}@media (max-width:767px){.elementor-widget-image-box .elementor-image-box-img{margin-left:auto!important;margin-right:auto!important;margin-bottom:15px}}.elementor-widget-image-box .elementor-image-box-img{display:inline-block}.elementor-widget-image-box .elementor-image-box-title a{color:inherit}.elementor-widget-image-box .elementor-image-box-wrapper{text-align:center}.elementor-widget-image-box .elementor-image-box-description{margin:0}<\/style><div class=\"elementor-image-box-wrapper\"><figure class=\"elementor-image-box-img\"><a href=\"https:\/\/sparrow.up.poznan.pl\/konferencja2024\/home\/sprawozdanie\/\" target=\"_blank\" tabindex=\"-1\"><img fetchpriority=\"high\" decoding=\"async\" width=\"1000\" height=\"1000\" src=\"https:\/\/sparrow.up.poznan.pl\/konferencja2024\/wp-content\/uploads\/2024\/02\/rejestracja.png\" class=\"elementor-animation-grow attachment-full size-full wp-image-386\" alt=\"\" srcset=\"https:\/\/sparrow.up.poznan.pl\/konferencja2024\/wp-content\/uploads\/2024\/02\/rejestracja.png 1000w, https:\/\/sparrow.up.poznan.pl\/konferencja2024\/wp-content\/uploads\/2024\/02\/rejestracja-300x300.png 300w, https:\/\/sparrow.up.poznan.pl\/konferencja2024\/wp-content\/uploads\/2024\/02\/rejestracja-150x150.png 150w, https:\/\/sparrow.up.poznan.pl\/konferencja2024\/wp-content\/uploads\/2024\/02\/rejestracja-768x768.png 768w, https:\/\/sparrow.up.poznan.pl\/konferencja2024\/wp-content\/uploads\/2024\/02\/rejestracja-100x100.png 100w\" sizes=\"(max-width: 767px) 89vw, (max-width: 1000px) 54vw, (max-width: 1071px) 543px, 580px\" \/><\/a><\/figure><div class=\"elementor-image-box-content\"><h2 class=\"elementor-image-box-title\"><a href=\"https:\/\/sparrow.up.poznan.pl\/konferencja2024\/home\/sprawozdanie\/\" target=\"_blank\">SPRAWOZDANIE<\/a><\/h2><\/div><\/div>\t\t<\/div>\n\t\t\t\t<\/div>\n\t\t\t\t<div class=\"elementor-element elementor-element-43ed2439 elementor-widget-tablet__width-initial elementor-widget-mobile__width-inherit elementor-widget__width-initial elementor-position-top elementor-widget elementor-widget-image-box\" data-id=\"43ed2439\" data-element_type=\"widget\" data-widget_type=\"image-box.default\">\n\t\t\t\t<div class=\"elementor-widget-container\">\n\t\t\t<div class=\"elementor-image-box-wrapper\"><figure class=\"elementor-image-box-img\"><a href=\"https:\/\/sparrow.up.poznan.pl\/konferencja2024\/home\/organizacyjne\/\" tabindex=\"-1\"><img decoding=\"async\" width=\"1001\" height=\"1000\" src=\"https:\/\/sparrow.up.poznan.pl\/konferencja2024\/wp-content\/uploads\/2024\/02\/organizacyjne.png\" class=\"elementor-animation-grow attachment-full size-full wp-image-383\" alt=\"\" srcset=\"https:\/\/sparrow.up.poznan.pl\/konferencja2024\/wp-content\/uploads\/2024\/02\/organizacyjne.png 1001w, https:\/\/sparrow.up.poznan.pl\/konferencja2024\/wp-content\/uploads\/2024\/02\/organizacyjne-300x300.png 300w, https:\/\/sparrow.up.poznan.pl\/konferencja2024\/wp-content\/uploads\/2024\/02\/organizacyjne-150x150.png 150w, https:\/\/sparrow.up.poznan.pl\/konferencja2024\/wp-content\/uploads\/2024\/02\/organizacyjne-768x767.png 768w, https:\/\/sparrow.up.poznan.pl\/konferencja2024\/wp-content\/uploads\/2024\/02\/organizacyjne-100x100.png 100w\" sizes=\"(max-width: 767px) 89vw, (max-width: 1000px) 54vw, (max-width: 1071px) 543px, 580px\" \/><\/a><\/figure><div class=\"elementor-image-box-content\"><h2 class=\"elementor-image-box-title\"><a href=\"https:\/\/sparrow.up.poznan.pl\/konferencja2024\/home\/organizacyjne\/\">ORGANIZACYJNE<\/a><\/h2><\/div><\/div>\t\t<\/div>\n\t\t\t\t<\/div>\n\t\t\t\t<div class=\"elementor-element elementor-element-02037dc elementor-widget-tablet__width-initial elementor-widget-mobile__width-inherit elementor-widget__width-initial elementor-position-top elementor-widget elementor-widget-image-box\" data-id=\"02037dc\" data-element_type=\"widget\" data-widget_type=\"image-box.default\">\n\t\t\t\t<div class=\"elementor-widget-container\">\n\t\t\t<div class=\"elementor-image-box-wrapper\"><figure class=\"elementor-image-box-img\"><a href=\"https:\/\/sparrow.up.poznan.pl\/konferencja2024\/home\/prelegenci\/\" tabindex=\"-1\"><img decoding=\"async\" width=\"1000\" height=\"1000\" src=\"https:\/\/sparrow.up.poznan.pl\/konferencja2024\/wp-content\/uploads\/2024\/02\/prelegenci.png\" class=\"elementor-animation-grow attachment-full size-full wp-image-384\" alt=\"\" srcset=\"https:\/\/sparrow.up.poznan.pl\/konferencja2024\/wp-content\/uploads\/2024\/02\/prelegenci.png 1000w, https:\/\/sparrow.up.poznan.pl\/konferencja2024\/wp-content\/uploads\/2024\/02\/prelegenci-300x300.png 300w, https:\/\/sparrow.up.poznan.pl\/konferencja2024\/wp-content\/uploads\/2024\/02\/prelegenci-150x150.png 150w, https:\/\/sparrow.up.poznan.pl\/konferencja2024\/wp-content\/uploads\/2024\/02\/prelegenci-768x768.png 768w, https:\/\/sparrow.up.poznan.pl\/konferencja2024\/wp-content\/uploads\/2024\/02\/prelegenci-100x100.png 100w\" sizes=\"(max-width: 767px) 89vw, (max-width: 1000px) 54vw, (max-width: 1071px) 543px, 580px\" \/><\/a><\/figure><div class=\"elementor-image-box-content\"><h2 class=\"elementor-image-box-title\"><a href=\"https:\/\/sparrow.up.poznan.pl\/konferencja2024\/home\/prelegenci\/\">PRELEGENCI<\/a><\/h2><\/div><\/div>\t\t<\/div>\n\t\t\t\t<\/div>\n\t\t\t\t<div class=\"elementor-element elementor-element-94a7d01 elementor-widget-tablet__width-initial elementor-widget-mobile__width-inherit elementor-widget__width-initial elementor-position-top elementor-widget elementor-widget-image-box\" data-id=\"94a7d01\" data-element_type=\"widget\" data-widget_type=\"image-box.default\">\n\t\t\t\t<div class=\"elementor-widget-container\">\n\t\t\t<div class=\"elementor-image-box-wrapper\"><figure class=\"elementor-image-box-img\"><a href=\"https:\/\/sparrow.up.poznan.pl\/konferencja2024\/home\/program-2\/\" tabindex=\"-1\"><img loading=\"lazy\" decoding=\"async\" width=\"1000\" height=\"1000\" src=\"https:\/\/sparrow.up.poznan.pl\/konferencja2024\/wp-content\/uploads\/2024\/02\/program.png\" class=\"elementor-animation-grow attachment-full size-full wp-image-385\" alt=\"\" srcset=\"https:\/\/sparrow.up.poznan.pl\/konferencja2024\/wp-content\/uploads\/2024\/02\/program.png 1000w, https:\/\/sparrow.up.poznan.pl\/konferencja2024\/wp-content\/uploads\/2024\/02\/program-300x300.png 300w, https:\/\/sparrow.up.poznan.pl\/konferencja2024\/wp-content\/uploads\/2024\/02\/program-150x150.png 150w, https:\/\/sparrow.up.poznan.pl\/konferencja2024\/wp-content\/uploads\/2024\/02\/program-768x768.png 768w, https:\/\/sparrow.up.poznan.pl\/konferencja2024\/wp-content\/uploads\/2024\/02\/program-100x100.png 100w\" sizes=\"(max-width: 767px) 89vw, (max-width: 1000px) 54vw, (max-width: 1071px) 543px, 580px\" \/><\/a><\/figure><div class=\"elementor-image-box-content\"><h2 class=\"elementor-image-box-title\"><a href=\"https:\/\/sparrow.up.poznan.pl\/konferencja2024\/home\/program-2\/\">PROGRAM<\/a><\/h2><\/div><\/div>\t\t<\/div>\n\t\t\t\t<\/div>\n\t\t\t\t<div class=\"elementor-element elementor-element-4013ea92 elementor-widget-tablet__width-initial elementor-widget-mobile__width-inherit elementor-widget__width-initial elementor-position-top elementor-widget elementor-widget-image-box\" data-id=\"4013ea92\" data-element_type=\"widget\" data-widget_type=\"image-box.default\">\n\t\t\t\t<div class=\"elementor-widget-container\">\n\t\t\t<div class=\"elementor-image-box-wrapper\"><figure class=\"elementor-image-box-img\"><a href=\"https:\/\/sparrow.up.poznan.pl\/konferencja2024\/home\/sesje-terenowe-2\/\" tabindex=\"-1\"><img loading=\"lazy\" decoding=\"async\" width=\"1000\" height=\"1000\" src=\"https:\/\/sparrow.up.poznan.pl\/konferencja2024\/wp-content\/uploads\/2024\/02\/sesje-terenowe.png\" class=\"elementor-animation-grow attachment-full size-full wp-image-387\" alt=\"\" srcset=\"https:\/\/sparrow.up.poznan.pl\/konferencja2024\/wp-content\/uploads\/2024\/02\/sesje-terenowe.png 1000w, https:\/\/sparrow.up.poznan.pl\/konferencja2024\/wp-content\/uploads\/2024\/02\/sesje-terenowe-300x300.png 300w, https:\/\/sparrow.up.poznan.pl\/konferencja2024\/wp-content\/uploads\/2024\/02\/sesje-terenowe-150x150.png 150w, https:\/\/sparrow.up.poznan.pl\/konferencja2024\/wp-content\/uploads\/2024\/02\/sesje-terenowe-768x768.png 768w, https:\/\/sparrow.up.poznan.pl\/konferencja2024\/wp-content\/uploads\/2024\/02\/sesje-terenowe-100x100.png 100w\" sizes=\"(max-width: 767px) 89vw, (max-width: 1000px) 54vw, (max-width: 1071px) 543px, 580px\" \/><\/a><\/figure><div class=\"elementor-image-box-content\"><h2 class=\"elementor-image-box-title\"><a href=\"https:\/\/sparrow.up.poznan.pl\/konferencja2024\/home\/sesje-terenowe-2\/\">SESJE TERENOWE <\/a><\/h2><\/div><\/div>\t\t<\/div>\n\t\t\t\t<\/div>\n\t\t\t\t<div class=\"elementor-element elementor-element-580d492f elementor-widget-tablet__width-initial elementor-widget-mobile__width-inherit elementor-widget__width-initial elementor-position-top elementor-widget elementor-widget-image-box\" data-id=\"580d492f\" data-element_type=\"widget\" data-widget_type=\"image-box.default\">\n\t\t\t\t<div class=\"elementor-widget-container\">\n\t\t\t<div class=\"elementor-image-box-wrapper\"><figure class=\"elementor-image-box-img\"><a href=\"https:\/\/sparrow.up.poznan.pl\/konferencja2024\/home\/sponsorzy\/\" tabindex=\"-1\"><img loading=\"lazy\" decoding=\"async\" width=\"1000\" height=\"1000\" src=\"https:\/\/sparrow.up.poznan.pl\/konferencja2024\/wp-content\/uploads\/2024\/02\/sponsorzy-2.png\" class=\"elementor-animation-grow attachment-full size-full wp-image-388\" alt=\"\" srcset=\"https:\/\/sparrow.up.poznan.pl\/konferencja2024\/wp-content\/uploads\/2024\/02\/sponsorzy-2.png 1000w, https:\/\/sparrow.up.poznan.pl\/konferencja2024\/wp-content\/uploads\/2024\/02\/sponsorzy-2-300x300.png 300w, https:\/\/sparrow.up.poznan.pl\/konferencja2024\/wp-content\/uploads\/2024\/02\/sponsorzy-2-150x150.png 150w, https:\/\/sparrow.up.poznan.pl\/konferencja2024\/wp-content\/uploads\/2024\/02\/sponsorzy-2-768x768.png 768w, https:\/\/sparrow.up.poznan.pl\/konferencja2024\/wp-content\/uploads\/2024\/02\/sponsorzy-2-100x100.png 100w\" sizes=\"(max-width: 767px) 89vw, (max-width: 1000px) 54vw, (max-width: 1071px) 543px, 580px\" \/><\/a><\/figure><div class=\"elementor-image-box-content\"><h2 class=\"elementor-image-box-title\"><a href=\"https:\/\/sparrow.up.poznan.pl\/konferencja2024\/home\/sponsorzy\/\">SPONSORZY<\/a><\/h2><\/div><\/div>\t\t<\/div>\n\t\t\t\t<\/div>\n\t\t\t\t<\/div>\n\t\t\t\t<\/div>\n\t\t<div class=\"elementor-element elementor-element-4c3cac6b animated-slow e-flex e-con-boxed elementor-invisible e-con e-parent\" data-id=\"4c3cac6b\" data-element_type=\"container\" data-settings=\"{&quot;animation&quot;:&quot;fadeInUp&quot;,&quot;animation_delay&quot;:300}\">\n\t\t\t\t\t<div class=\"e-con-inner\">\n\t\t<div class=\"elementor-element elementor-element-34530233 e-con-full e-flex e-con e-child\" data-id=\"34530233\" data-element_type=\"container\">\n\t\t\t\t<div class=\"elementor-element elementor-element-a1dfb7e elementor-widget elementor-widget-image\" data-id=\"a1dfb7e\" data-element_type=\"widget\" data-widget_type=\"image.default\">\n\t\t\t\t<div class=\"elementor-widget-container\">\n\t\t\t<style>\/*! elementor - v3.21.0 - 18-04-2024 *\/\n.elementor-widget-image{text-align:center}.elementor-widget-image a{display:inline-block}.elementor-widget-image a img[src$=\".svg\"]{width:48px}.elementor-widget-image img{vertical-align:middle;display:inline-block}<\/style>\t\t\t\t\t\t\t\t\t\t<img loading=\"lazy\" decoding=\"async\" width=\"525\" height=\"394\" src=\"https:\/\/sparrow.up.poznan.pl\/konferencja2024\/wp-content\/uploads\/2024\/02\/baner-kon.2024-1-1024x768.png\" class=\"elementor-animation-grow attachment-large size-large wp-image-260\" alt=\"\" srcset=\"https:\/\/sparrow.up.poznan.pl\/konferencja2024\/wp-content\/uploads\/2024\/02\/baner-kon.2024-1-1024x768.png 1024w, https:\/\/sparrow.up.poznan.pl\/konferencja2024\/wp-content\/uploads\/2024\/02\/baner-kon.2024-1-300x225.png 300w, https:\/\/sparrow.up.poznan.pl\/konferencja2024\/wp-content\/uploads\/2024\/02\/baner-kon.2024-1-768x576.png 768w, https:\/\/sparrow.up.poznan.pl\/konferencja2024\/wp-content\/uploads\/2024\/02\/baner-kon.2024-1.png 1050w\" sizes=\"100vw\" \/>\t\t\t\t\t\t\t\t\t\t\t\t\t<\/div>\n\t\t\t\t<\/div>\n\t\t\t\t<\/div>\n\t\t<div class=\"elementor-element elementor-element-38737bf9 e-con-full e-flex e-con e-child\" data-id=\"38737bf9\" data-element_type=\"container\">\n\t\t\t\t<div class=\"elementor-element elementor-element-4fa4a666 elementor-widget elementor-widget-heading\" data-id=\"4fa4a666\" data-element_type=\"widget\" data-widget_type=\"heading.default\">\n\t\t\t\t<div class=\"elementor-widget-container\">\n\t\t\t<style>\/*! elementor - v3.21.0 - 18-04-2024 *\/\n.elementor-heading-title{padding:0;margin:0;line-height:1}.elementor-widget-heading .elementor-heading-title[class*=elementor-size-]>a{color:inherit;font-size:inherit;line-height:inherit}.elementor-widget-heading .elementor-heading-title.elementor-size-small{font-size:15px}.elementor-widget-heading .elementor-heading-title.elementor-size-medium{font-size:19px}.elementor-widget-heading .elementor-heading-title.elementor-size-large{font-size:29px}.elementor-widget-heading .elementor-heading-title.elementor-size-xl{font-size:39px}.elementor-widget-heading .elementor-heading-title.elementor-size-xxl{font-size:59px}<\/style><h2 class=\"elementor-heading-title elementor-size-default\">ZDROWIE RO\u015aLIN W DOBIE AKTUALNYCH WYZWA\u0143<\/h2>\t\t<\/div>\n\t\t\t\t<\/div>\n\t\t\t\t<div class=\"elementor-element elementor-element-3e691c69 elementor-widget elementor-widget-text-editor\" data-id=\"3e691c69\" data-element_type=\"widget\" data-widget_type=\"text-editor.default\">\n\t\t\t\t<div class=\"elementor-widget-container\">\n\t\t\t<style>\/*! elementor - v3.21.0 - 18-04-2024 *\/\n.elementor-widget-text-editor.elementor-drop-cap-view-stacked .elementor-drop-cap{background-color:#69727d;color:#fff}.elementor-widget-text-editor.elementor-drop-cap-view-framed .elementor-drop-cap{color:#69727d;border:3px solid;background-color:transparent}.elementor-widget-text-editor:not(.elementor-drop-cap-view-default) .elementor-drop-cap{margin-top:8px}.elementor-widget-text-editor:not(.elementor-drop-cap-view-default) .elementor-drop-cap-letter{width:1em;height:1em}.elementor-widget-text-editor .elementor-drop-cap{float:left;text-align:center;line-height:1;font-size:50px}.elementor-widget-text-editor .elementor-drop-cap-letter{display:inline-block}<\/style>\t\t\t\t<p><b>Organizacja: PTFit Oddzia\u0142 Warszawski<\/b><\/p><p><b>24.09.2024<\/b>: Walne Zgromadzenie Delegat\u00f3w<br \/>Polskiego Towarzystwa Fitopatologicznego<\/p><p>Konferencja I dzie\u0144: sesja plenarna<br \/><b>25.09.2024<\/b>: Konferencja II dzie\u0144, w tym sesja posterowa<br \/><b>26.09.2024<\/b>: Konferencja III dzie\u0144: sesje terenowe<\/p><p>Sesja plenarna 25.09.2024<br \/><b>Prof. Shaobin Zhong<\/b>, North Dakota State University, USA (online)<br \/><b>Prof. Joanna Pu\u0142awska<\/b> \u2013 Instytut Ogrodnictwa \u2013 PIB, Skierniewice<br \/><b>Prof. Pawe\u0142 Czembor<\/b> \u2013 Instytut Hodowli i Aklimatyzacji Ro\u015blin \u2013 PIB, Radzik\u00f3w<br \/><b>Prof. Robert Malinowski<\/b> \u2013 Instytut Genetyki Ro\u015blin PAN, Pozna\u0144<br \/><b>Prof. Zbigniew Sierota<\/b> \u2013 Uniwersytet Warmi\u0144sko-Mazurski, Olsztyn<br \/><b>Prof. Marta Wrzosek<\/b> &#8211; Ogrod Botaniczny Uniwersytetu Warszawskiego, Warszawa<br \/><strong>Prof. Yong-Hwan Lee<\/strong> &#8211; Seoul National University, Korea<br \/><strong>Prof. Jonathan Yuen<\/strong> &#8211; Swedish University of Agricultural Sciences, Uppsala, Sweden<br \/><strong>Dr. Anhelina Kyrychenko<\/strong> &#8211; Institute of Microbiology and Virology, <br \/>National Academy of Sciences of Ukraine, Kyiv, Ukraine<\/p>\t\t\t\t\t\t<\/div>\n\t\t\t\t<\/div>\n\t\t\t\t<\/div>\n\t\t\t\t\t<\/div>\n\t\t\t\t<\/div>\n\t\t\t\t<\/div>\n\t\t","protected":false},"excerpt":{"rendered":"<p>SPRAWOZDANIE ORGANIZACYJNE PRELEGENCI PROGRAM SESJE TERENOWE SPONSORZY ZDROWIE RO\u015aLIN W DOBIE AKTUALNYCH WYZWA\u0143 Organizacja: PTFit Oddzia\u0142 Warszawski 24.09.2024: Walne Zgromadzenie Delegat\u00f3wPolskiego Towarzystwa Fitopatologicznego Konferencja I dzie\u0144: sesja plenarna25.09.2024: Konferencja II dzie\u0144, w tym sesja posterowa26.09.2024: Konferencja III dzie\u0144: sesje terenowe Sesja plenarna 25.09.2024Prof. Shaobin Zhong, North Dakota State University, USA (online)Prof. Joanna Pu\u0142awska \u2013 Instytut &hellip; <\/p>\n<p class=\"link-more\"><a href=\"https:\/\/sparrow.up.poznan.pl\/konferencja2024\/\" class=\"more-link\">Czytaj dalej<span class=\"screen-reader-text\"> \u201eHome\u201d<\/span><\/a><\/p>\n","protected":false},"author":1,"featured_media":0,"parent":0,"menu_order":0,"comment_status":"closed","ping_status":"closed","template":"elementor_header_footer","meta":{"footnotes":""},"class_list":["post-57","page","type-page","status-publish","hentry"],"_links":{"self":[{"href":"https:\/\/sparrow.up.poznan.pl\/konferencja2024\/wp-json\/wp\/v2\/pages\/57","targetHints":{"allow":["GET"]}}],"collection":[{"href":"https:\/\/sparrow.up.poznan.pl\/konferencja2024\/wp-json\/wp\/v2\/pages"}],"about":[{"href":"https:\/\/sparrow.up.poznan.pl\/konferencja2024\/wp-json\/wp\/v2\/types\/page"}],"author":[{"embeddable":true,"href":"https:\/\/sparrow.up.poznan.pl\/konferencja2024\/wp-json\/wp\/v2\/users\/1"}],"replies":[{"embeddable":true,"href":"https:\/\/sparrow.up.poznan.pl\/konferencja2024\/wp-json\/wp\/v2\/comments?post=57"}],"version-history":[{"count":172,"href":"https:\/\/sparrow.up.poznan.pl\/konferencja2024\/wp-json\/wp\/v2\/pages\/57\/revisions"}],"predecessor-version":[{"id":889,"href":"https:\/\/sparrow.up.poznan.pl\/konferencja2024\/wp-json\/wp\/v2\/pages\/57\/revisions\/889"}],"wp:attachment":[{"href":"https:\/\/sparrow.up.poznan.pl\/konferencja2024\/wp-json\/wp\/v2\/media?parent=57"}],"curies":[{"name":"wp","href":"https:\/\/api.w.org\/{rel}","templated":true}]}}