{"id":42,"date":"2024-05-28T14:47:24","date_gmt":"2024-05-28T12:47:24","guid":{"rendered":"https:\/\/sparrow.up.poznan.pl\/life\/bg\/?page_id=42"},"modified":"2024-06-21T12:18:42","modified_gmt":"2024-06-21T10:18:42","slug":"about-the-project","status":"publish","type":"page","link":"https:\/\/sparrow.up.poznan.pl\/life\/tr\/about-the-project\/","title":{"rendered":"HAKKINDA PROJES\u0130"},"content":{"rendered":"\t\t<div data-elementor-type=\"wp-page\" data-elementor-id=\"42\" class=\"elementor elementor-42\" data-elementor-post-type=\"page\">\n\t\t\t\t<div class=\"elementor-element elementor-element-71116f52 e-flex e-con-boxed e-con e-parent\" data-id=\"71116f52\" data-element_type=\"container\" data-settings=\"{&quot;background_background&quot;:&quot;classic&quot;}\">\n\t\t\t\t\t<div class=\"e-con-inner\">\n\t\t<div class=\"elementor-element elementor-element-13862c07 e-con-full e-flex e-con e-child\" data-id=\"13862c07\" data-element_type=\"container\">\n\t\t\t\t<div class=\"elementor-element elementor-element-70cdc481 elementor-widget elementor-widget-image\" data-id=\"70cdc481\" data-element_type=\"widget\" data-widget_type=\"image.default\">\n\t\t\t\t<div class=\"elementor-widget-container\">\n\t\t\t<style>\/*! elementor - v3.21.0 - 26-05-2024 *\/\n.elementor-widget-image{text-align:center}.elementor-widget-image a{display:inline-block}.elementor-widget-image a img[src$=\".svg\"]{width:48px}.elementor-widget-image img{vertical-align:middle;display:inline-block}<\/style>\t\t\t\t\t\t\t\t\t\t<img fetchpriority=\"high\" decoding=\"async\" width=\"800\" height=\"800\" src=\"https:\/\/sparrow.up.poznan.pl\/life\/tr\/wp-content\/uploads\/2024\/05\/gse_life_orlik-1024x1024.png\" class=\"attachment-large size-large wp-image-9\" alt=\"\" srcset=\"https:\/\/sparrow.up.poznan.pl\/life\/tr\/wp-content\/uploads\/2024\/05\/gse_life_orlik-1024x1024.png 1024w, https:\/\/sparrow.up.poznan.pl\/life\/tr\/wp-content\/uploads\/2024\/05\/gse_life_orlik-300x300.png 300w, https:\/\/sparrow.up.poznan.pl\/life\/tr\/wp-content\/uploads\/2024\/05\/gse_life_orlik-150x150.png 150w, https:\/\/sparrow.up.poznan.pl\/life\/tr\/wp-content\/uploads\/2024\/05\/gse_life_orlik-768x768.png 768w, https:\/\/sparrow.up.poznan.pl\/life\/tr\/wp-content\/uploads\/2024\/05\/gse_life_orlik-1536x1536.png 1536w, https:\/\/sparrow.up.poznan.pl\/life\/tr\/wp-content\/uploads\/2024\/05\/gse_life_orlik-2048x2048.png 2048w\" sizes=\"(max-width: 800px) 100vw, 800px\" \/>\t\t\t\t\t\t\t\t\t\t\t\t\t<\/div>\n\t\t\t\t<\/div>\n\t\t\t\t<\/div>\n\t\t<div class=\"elementor-element elementor-element-55430af5 e-con-full e-flex e-con e-child\" data-id=\"55430af5\" data-element_type=\"container\">\n\t\t\t\t<div class=\"elementor-element elementor-element-71ba642f elementor-widget elementor-widget-image\" data-id=\"71ba642f\" data-element_type=\"widget\" data-widget_type=\"image.default\">\n\t\t\t\t<div class=\"elementor-widget-container\">\n\t\t\t\t\t\t\t\t\t\t\t\t\t<img decoding=\"async\" width=\"800\" height=\"556\" src=\"https:\/\/sparrow.up.poznan.pl\/life\/tr\/wp-content\/uploads\/2024\/05\/Natura_2000_logo.svg_-1024x712.png\" class=\"attachment-large size-large wp-image-10\" alt=\"\" srcset=\"https:\/\/sparrow.up.poznan.pl\/life\/tr\/wp-content\/uploads\/2024\/05\/Natura_2000_logo.svg_-1024x712.png 1024w, https:\/\/sparrow.up.poznan.pl\/life\/tr\/wp-content\/uploads\/2024\/05\/Natura_2000_logo.svg_-300x209.png 300w, https:\/\/sparrow.up.poznan.pl\/life\/tr\/wp-content\/uploads\/2024\/05\/Natura_2000_logo.svg_-768x534.png 768w, https:\/\/sparrow.up.poznan.pl\/life\/tr\/wp-content\/uploads\/2024\/05\/Natura_2000_logo.svg_-1536x1068.png 1536w, https:\/\/sparrow.up.poznan.pl\/life\/tr\/wp-content\/uploads\/2024\/05\/Natura_2000_logo.svg_-2048x1424.png 2048w\" sizes=\"(max-width: 800px) 100vw, 800px\" \/>\t\t\t\t\t\t\t\t\t\t\t\t\t<\/div>\n\t\t\t\t<\/div>\n\t\t\t\t<\/div>\n\t\t<div class=\"elementor-element elementor-element-55acf212 e-con-full e-flex e-con e-child\" data-id=\"55acf212\" data-element_type=\"container\">\n\t\t\t\t<div class=\"elementor-element elementor-element-61733f34 elementor-widget elementor-widget-image\" data-id=\"61733f34\" data-element_type=\"widget\" data-widget_type=\"image.default\">\n\t\t\t\t<div class=\"elementor-widget-container\">\n\t\t\t\t\t\t\t\t\t\t\t\t\t<img decoding=\"async\" width=\"800\" height=\"578\" src=\"https:\/\/sparrow.up.poznan.pl\/life\/tr\/wp-content\/uploads\/2024\/05\/life_1_11-1024x740.jpg\" class=\"attachment-large size-large wp-image-11\" alt=\"\" srcset=\"https:\/\/sparrow.up.poznan.pl\/life\/tr\/wp-content\/uploads\/2024\/05\/life_1_11-1024x740.jpg 1024w, https:\/\/sparrow.up.poznan.pl\/life\/tr\/wp-content\/uploads\/2024\/05\/life_1_11-300x217.jpg 300w, https:\/\/sparrow.up.poznan.pl\/life\/tr\/wp-content\/uploads\/2024\/05\/life_1_11-768x555.jpg 768w, https:\/\/sparrow.up.poznan.pl\/life\/tr\/wp-content\/uploads\/2024\/05\/life_1_11-1536x1110.jpg 1536w, https:\/\/sparrow.up.poznan.pl\/life\/tr\/wp-content\/uploads\/2024\/05\/life_1_11.jpg 1580w\" sizes=\"(max-width: 800px) 100vw, 800px\" \/>\t\t\t\t\t\t\t\t\t\t\t\t\t<\/div>\n\t\t\t\t<\/div>\n\t\t\t\t<\/div>\n\t\t<div class=\"elementor-element elementor-element-2e688ec9 e-con-full e-flex e-con e-child\" data-id=\"2e688ec9\" data-element_type=\"container\">\n\t\t\t\t<div class=\"elementor-element elementor-element-76f6b327 elementor-nav-menu__align-center elementor-nav-menu--stretch elementor-nav-menu--dropdown-tablet elementor-nav-menu__text-align-aside elementor-nav-menu--toggle elementor-nav-menu--burger elementor-widget elementor-widget-nav-menu\" data-id=\"76f6b327\" data-element_type=\"widget\" data-settings=\"{&quot;full_width&quot;:&quot;stretch&quot;,&quot;layout&quot;:&quot;horizontal&quot;,&quot;submenu_icon&quot;:{&quot;value&quot;:&quot;&lt;svg class=\\&quot;e-font-icon-svg e-fas-caret-down\\&quot; viewBox=\\&quot;0 0 320 512\\&quot; xmlns=\\&quot;http:\\\/\\\/www.w3.org\\\/2000\\\/svg\\&quot;&gt;&lt;path d=\\&quot;M31.3 192h257.3c17.8 0 26.7 21.5 14.1 34.1L174.1 354.8c-7.8 7.8-20.5 7.8-28.3 0L17.2 226.1C4.6 213.5 13.5 192 31.3 192z\\&quot;&gt;&lt;\\\/path&gt;&lt;\\\/svg&gt;&quot;,&quot;library&quot;:&quot;fa-solid&quot;},&quot;toggle&quot;:&quot;burger&quot;}\" data-widget_type=\"nav-menu.default\">\n\t\t\t\t<div class=\"elementor-widget-container\">\n\t\t\t<link rel=\"stylesheet\" href=\"https:\/\/sparrow.up.poznan.pl\/life\/tr\/wp-content\/plugins\/elementor-pro\/assets\/css\/widget-nav-menu.min.css\">\t\t\t<nav class=\"elementor-nav-menu--main elementor-nav-menu__container elementor-nav-menu--layout-horizontal e--pointer-underline e--animation-fade\">\n\t\t\t\t<ul id=\"menu-1-76f6b327\" class=\"elementor-nav-menu\"><li class=\"menu-item menu-item-type-post_type menu-item-object-page menu-item-home menu-item-60\"><a href=\"https:\/\/sparrow.up.poznan.pl\/life\/tr\/\" class=\"elementor-item\">ANASAYFA<\/a><\/li>\n<li class=\"menu-item menu-item-type-post_type menu-item-object-page menu-item-58\"><a href=\"https:\/\/sparrow.up.poznan.pl\/life\/tr\/news\/\" class=\"elementor-item\">HABERLER<\/a><\/li>\n<li class=\"menu-item menu-item-type-post_type menu-item-object-page menu-item-59\"><a href=\"https:\/\/sparrow.up.poznan.pl\/life\/tr\/about-the-project\/\" class=\"elementor-item\">HAKKINDA PROJES\u0130<\/a><\/li>\n<li class=\"menu-item menu-item-type-post_type menu-item-object-page menu-item-57\"><a href=\"https:\/\/sparrow.up.poznan.pl\/life\/tr\/about-us\/\" class=\"elementor-item\">HAKKIMIZDA<\/a><\/li>\n<li class=\"menu-item menu-item-type-post_type menu-item-object-page menu-item-56\"><a href=\"https:\/\/sparrow.up.poznan.pl\/life\/tr\/map\/\" class=\"elementor-item\">HAR\u0130TA<\/a><\/li>\n<li class=\"menu-item menu-item-type-post_type menu-item-object-page menu-item-55\"><a href=\"https:\/\/sparrow.up.poznan.pl\/life\/tr\/downloads\/\" class=\"elementor-item\">\u0130ND\u0130RMELER<\/a><\/li>\n<li class=\"menu-item menu-item-type-post_type menu-item-object-page menu-item-54\"><a href=\"https:\/\/sparrow.up.poznan.pl\/life\/tr\/contact\/\" class=\"elementor-item\">\u0130LET\u0130\u015e\u0130M<\/a><\/li>\n<\/ul>\t\t\t<\/nav>\n\t\t\t\t\t<div class=\"elementor-menu-toggle\" role=\"button\" tabindex=\"0\" aria-label=\"Menu Toggle\" aria-expanded=\"false\">\n\t\t\t<svg aria-hidden=\"true\" role=\"presentation\" class=\"elementor-menu-toggle__icon--open e-font-icon-svg e-eicon-menu-bar\" viewBox=\"0 0 1000 1000\" xmlns=\"http:\/\/www.w3.org\/2000\/svg\"><path d=\"M104 333H896C929 333 958 304 958 271S929 208 896 208H104C71 208 42 237 42 271S71 333 104 333ZM104 583H896C929 583 958 554 958 521S929 458 896 458H104C71 458 42 487 42 521S71 583 104 583ZM104 833H896C929 833 958 804 958 771S929 708 896 708H104C71 708 42 737 42 771S71 833 104 833Z\"><\/path><\/svg><svg aria-hidden=\"true\" role=\"presentation\" class=\"elementor-menu-toggle__icon--close e-font-icon-svg e-eicon-close\" viewBox=\"0 0 1000 1000\" xmlns=\"http:\/\/www.w3.org\/2000\/svg\"><path d=\"M742 167L500 408 258 167C246 154 233 150 217 150 196 150 179 158 167 167 154 179 150 196 150 212 150 229 154 242 171 254L408 500 167 742C138 771 138 800 167 829 196 858 225 858 254 829L496 587 738 829C750 842 767 846 783 846 800 846 817 842 829 829 842 817 846 804 846 783 846 767 842 750 829 737L588 500 833 258C863 229 863 200 833 171 804 137 775 137 742 167Z\"><\/path><\/svg>\t\t\t<span class=\"elementor-screen-only\">Menu<\/span>\n\t\t<\/div>\n\t\t\t\t\t<nav class=\"elementor-nav-menu--dropdown elementor-nav-menu__container\" aria-hidden=\"true\">\n\t\t\t\t<ul id=\"menu-2-76f6b327\" class=\"elementor-nav-menu\"><li class=\"menu-item menu-item-type-post_type menu-item-object-page menu-item-home menu-item-60\"><a href=\"https:\/\/sparrow.up.poznan.pl\/life\/tr\/\" class=\"elementor-item\" tabindex=\"-1\">ANASAYFA<\/a><\/li>\n<li class=\"menu-item menu-item-type-post_type menu-item-object-page menu-item-58\"><a href=\"https:\/\/sparrow.up.poznan.pl\/life\/tr\/news\/\" class=\"elementor-item\" tabindex=\"-1\">HABERLER<\/a><\/li>\n<li class=\"menu-item menu-item-type-post_type menu-item-object-page menu-item-59\"><a href=\"https:\/\/sparrow.up.poznan.pl\/life\/tr\/about-the-project\/\" class=\"elementor-item\" tabindex=\"-1\">HAKKINDA PROJES\u0130<\/a><\/li>\n<li class=\"menu-item menu-item-type-post_type menu-item-object-page menu-item-57\"><a href=\"https:\/\/sparrow.up.poznan.pl\/life\/tr\/about-us\/\" class=\"elementor-item\" tabindex=\"-1\">HAKKIMIZDA<\/a><\/li>\n<li class=\"menu-item menu-item-type-post_type menu-item-object-page menu-item-56\"><a href=\"https:\/\/sparrow.up.poznan.pl\/life\/tr\/map\/\" class=\"elementor-item\" tabindex=\"-1\">HAR\u0130TA<\/a><\/li>\n<li class=\"menu-item menu-item-type-post_type menu-item-object-page menu-item-55\"><a href=\"https:\/\/sparrow.up.poznan.pl\/life\/tr\/downloads\/\" class=\"elementor-item\" tabindex=\"-1\">\u0130ND\u0130RMELER<\/a><\/li>\n<li class=\"menu-item menu-item-type-post_type menu-item-object-page menu-item-54\"><a href=\"https:\/\/sparrow.up.poznan.pl\/life\/tr\/contact\/\" class=\"elementor-item\" tabindex=\"-1\">\u0130LET\u0130\u015e\u0130M<\/a><\/li>\n<\/ul>\t\t\t<\/nav>\n\t\t\t\t<\/div>\n\t\t\t\t<\/div>\n\t\t\t\t<\/div>\n\t\t<div class=\"elementor-element elementor-element-4afd765d e-con-full e-flex e-con e-child\" data-id=\"4afd765d\" data-element_type=\"container\">\n\t\t\t\t<div class=\"elementor-element elementor-element-64636536 elementor-widget elementor-widget-image\" data-id=\"64636536\" data-element_type=\"widget\" data-widget_type=\"image.default\">\n\t\t\t\t<div class=\"elementor-widget-container\">\n\t\t\t\t\t\t\t\t\t\t\t\t\t\t<a href=\"http:\/\/sparrow.up.poznan.pl\/life\/\">\n\t\t\t\t\t\t\t<img loading=\"lazy\" decoding=\"async\" width=\"240\" height=\"160\" src=\"https:\/\/sparrow.up.poznan.pl\/life\/tr\/wp-content\/uploads\/2024\/05\/250px-Flag_of_Poland_normative.svg.png\" class=\"attachment-large size-large wp-image-89\" alt=\"\" \/>\t\t\t\t\t\t\t\t<\/a>\n\t\t\t\t\t\t\t\t\t\t\t\t\t<\/div>\n\t\t\t\t<\/div>\n\t\t\t\t<\/div>\n\t\t<div class=\"elementor-element elementor-element-28fb19ba e-con-full e-flex e-con e-child\" data-id=\"28fb19ba\" data-element_type=\"container\">\n\t\t\t\t<div class=\"elementor-element elementor-element-ad1d441 elementor-widget elementor-widget-image\" data-id=\"ad1d441\" data-element_type=\"widget\" data-widget_type=\"image.default\">\n\t\t\t\t<div class=\"elementor-widget-container\">\n\t\t\t\t\t\t\t\t\t\t\t\t\t\t<a href=\"https:\/\/sparrow.up.poznan.pl\/life\/ee\/\">\n\t\t\t\t\t\t\t<img loading=\"lazy\" decoding=\"async\" width=\"240\" height=\"160\" src=\"https:\/\/sparrow.up.poznan.pl\/life\/tr\/wp-content\/uploads\/2024\/05\/Flag_of_Estonia.svg_.png\" class=\"attachment-large size-large wp-image-13\" alt=\"\" \/>\t\t\t\t\t\t\t\t<\/a>\n\t\t\t\t\t\t\t\t\t\t\t\t\t<\/div>\n\t\t\t\t<\/div>\n\t\t\t\t<\/div>\n\t\t<div class=\"elementor-element elementor-element-30c0cdcf e-con-full e-flex e-con e-child\" data-id=\"30c0cdcf\" data-element_type=\"container\">\n\t\t\t\t<div class=\"elementor-element elementor-element-237c89c3 elementor-widget elementor-widget-image\" data-id=\"237c89c3\" data-element_type=\"widget\" data-widget_type=\"image.default\">\n\t\t\t\t<div class=\"elementor-widget-container\">\n\t\t\t\t\t\t\t\t\t\t\t\t\t\t<a href=\"https:\/\/sparrow.up.poznan.pl\/life\/bg\/\">\n\t\t\t\t\t\t\t<img loading=\"lazy\" decoding=\"async\" width=\"240\" height=\"160\" src=\"https:\/\/sparrow.up.poznan.pl\/life\/tr\/wp-content\/uploads\/2024\/05\/Flag_of_Bulgaria.svg_.png\" class=\"attachment-large size-large wp-image-14\" alt=\"\" \/>\t\t\t\t\t\t\t\t<\/a>\n\t\t\t\t\t\t\t\t\t\t\t\t\t<\/div>\n\t\t\t\t<\/div>\n\t\t\t\t<\/div>\n\t\t<div class=\"elementor-element elementor-element-68917cc1 e-con-full e-flex e-con e-child\" data-id=\"68917cc1\" data-element_type=\"container\">\n\t\t\t\t<div class=\"elementor-element elementor-element-3425be6a elementor-widget elementor-widget-image\" data-id=\"3425be6a\" data-element_type=\"widget\" data-widget_type=\"image.default\">\n\t\t\t\t<div class=\"elementor-widget-container\">\n\t\t\t\t\t\t\t\t\t\t\t\t\t\t<a href=\"https:\/\/sparrow.up.poznan.pl\/life\/en\/\">\n\t\t\t\t\t\t\t<img loading=\"lazy\" decoding=\"async\" width=\"240\" height=\"160\" src=\"https:\/\/sparrow.up.poznan.pl\/life\/tr\/wp-content\/uploads\/2024\/05\/Flag_of_the_United_Kingdom_1-2.svg_.png\" class=\"attachment-large size-large wp-image-12\" alt=\"\" \/>\t\t\t\t\t\t\t\t<\/a>\n\t\t\t\t\t\t\t\t\t\t\t\t\t<\/div>\n\t\t\t\t<\/div>\n\t\t\t\t<\/div>\n\t\t\t\t\t<\/div>\n\t\t\t\t<\/div>\n\t\t<div class=\"elementor-element elementor-element-4e2464ed e-flex e-con-boxed e-con e-parent\" data-id=\"4e2464ed\" data-element_type=\"container\">\n\t\t\t\t\t<div class=\"e-con-inner\">\n\t\t\t\t<div class=\"elementor-element elementor-element-1a22d1f5 animated-slow elementor-invisible elementor-widget elementor-widget-image\" data-id=\"1a22d1f5\" data-element_type=\"widget\" data-settings=\"{&quot;_animation&quot;:&quot;fadeIn&quot;,&quot;_animation_delay&quot;:300}\" data-widget_type=\"image.default\">\n\t\t\t\t<div class=\"elementor-widget-container\">\n\t\t\t\t\t\t\t\t\t\t\t\t\t<img loading=\"lazy\" decoding=\"async\" width=\"2000\" height=\"800\" src=\"https:\/\/sparrow.up.poznan.pl\/life\/tr\/wp-content\/uploads\/2024\/05\/biebrza_3.jpg\" class=\"attachment-2048x2048 size-2048x2048 wp-image-174\" alt=\"\" srcset=\"https:\/\/sparrow.up.poznan.pl\/life\/tr\/wp-content\/uploads\/2024\/05\/biebrza_3.jpg 2000w, https:\/\/sparrow.up.poznan.pl\/life\/tr\/wp-content\/uploads\/2024\/05\/biebrza_3-300x120.jpg 300w, https:\/\/sparrow.up.poznan.pl\/life\/tr\/wp-content\/uploads\/2024\/05\/biebrza_3-1024x410.jpg 1024w, https:\/\/sparrow.up.poznan.pl\/life\/tr\/wp-content\/uploads\/2024\/05\/biebrza_3-768x307.jpg 768w, https:\/\/sparrow.up.poznan.pl\/life\/tr\/wp-content\/uploads\/2024\/05\/biebrza_3-1536x614.jpg 1536w\" sizes=\"(max-width: 2000px) 100vw, 2000px\" \/>\t\t\t\t\t\t\t\t\t\t\t\t\t<\/div>\n\t\t\t\t<\/div>\n\t\t\t\t\t<\/div>\n\t\t\t\t<\/div>\n\t\t<div class=\"elementor-element elementor-element-16d0e9bf animated-slow e-flex e-con-boxed elementor-invisible e-con e-parent\" data-id=\"16d0e9bf\" data-element_type=\"container\" data-settings=\"{&quot;animation&quot;:&quot;fadeIn&quot;,&quot;animation_delay&quot;:400}\">\n\t\t\t\t\t<div class=\"e-con-inner\">\n\t\t\t\t<div class=\"elementor-element elementor-element-11062b47 elementor-widget elementor-widget-heading\" data-id=\"11062b47\" data-element_type=\"widget\" data-widget_type=\"heading.default\">\n\t\t\t\t<div class=\"elementor-widget-container\">\n\t\t\t<style>\/*! elementor - v3.21.0 - 26-05-2024 *\/\n.elementor-heading-title{padding:0;margin:0;line-height:1}.elementor-widget-heading .elementor-heading-title[class*=elementor-size-]>a{color:inherit;font-size:inherit;line-height:inherit}.elementor-widget-heading .elementor-heading-title.elementor-size-small{font-size:15px}.elementor-widget-heading .elementor-heading-title.elementor-size-medium{font-size:19px}.elementor-widget-heading .elementor-heading-title.elementor-size-large{font-size:29px}.elementor-widget-heading .elementor-heading-title.elementor-size-xl{font-size:39px}.elementor-widget-heading .elementor-heading-title.elementor-size-xxl{font-size:59px}<\/style><h1 class=\"elementor-heading-title elementor-size-default\">O Proje hakk\u0131nda<\/h1>\t\t<\/div>\n\t\t\t\t<\/div>\n\t\t\t\t<div class=\"elementor-element elementor-element-6a5818d4 elementor-widget elementor-widget-text-editor\" data-id=\"6a5818d4\" data-element_type=\"widget\" data-widget_type=\"text-editor.default\">\n\t\t\t\t<div class=\"elementor-widget-container\">\n\t\t\t<style>\/*! elementor - v3.21.0 - 26-05-2024 *\/\n.elementor-widget-text-editor.elementor-drop-cap-view-stacked .elementor-drop-cap{background-color:#69727d;color:#fff}.elementor-widget-text-editor.elementor-drop-cap-view-framed .elementor-drop-cap{color:#69727d;border:3px solid;background-color:transparent}.elementor-widget-text-editor:not(.elementor-drop-cap-view-default) .elementor-drop-cap{margin-top:8px}.elementor-widget-text-editor:not(.elementor-drop-cap-view-default) .elementor-drop-cap-letter{width:1em;height:1em}.elementor-widget-text-editor .elementor-drop-cap{float:left;text-align:center;line-height:1;font-size:50px}.elementor-widget-text-editor .elementor-drop-cap-letter{display:inline-block}<\/style>\t\t\t\t<p>B\u00fcy\u00fck Benekli Kartal Clanga clanga, 27 AB \u00fclkesinde kritik tehlike alt\u0131nda olarak s\u0131n\u0131fland\u0131r\u0131lm\u0131\u015ft\u0131r ve 'LIFE finansman\u0131 i\u00e7in \u00f6ncelikli&#8217; olarak tan\u0131mlanan AB ku\u015f t\u00fcrleri listesinde yer almaktad\u0131r.<\/p><p>Bu t\u00fcr\u00fcn azalmas\u0131n\u0131n nedenleri \u015funlard\u0131r:<\/p><ul><li>\u00dcreme i\u00e7in gerekli olan AB s\u0131n\u0131r\u0131ndaki son b\u00fcy\u00fck batakl\u0131klar\u0131n ortadan kalkmas\u0131<\/li><li>g\u00f6\u00e7 ve k\u0131\u015flama alanlar\u0131ndaki pop\u00fclasyonlar\u0131n kayb\u0131.<\/li><\/ul><p><br \/>GSELIFEAboveBorders projesinin amac\u0131, \u00fcreme alanlar\u0131ndaki ko\u015fullar\u0131 s\u00fcrd\u00fcr\u00fclebilir bir \u015fekilde iyile\u015ftirmek ve B\u00fcy\u00fck Benekli Kartal&#8217;\u0131n AB&#8217;deki bollu\u011funu artt\u0131rman\u0131n yan\u0131 s\u0131ra tehditleri azaltmak ve kartal\u0131n g\u00f6\u00e7 yolu boyunca \u00f6nemli dinlenme ve k\u0131\u015flama alanlar\u0131n\u0131 g\u00fcvence alt\u0131na almakt\u0131r.<\/p><p>Proje a\u015fa\u011f\u0131dakiler i\u00e7in \u00f6nlemler alacakt\u0131r:<\/p><ul><li>Gen\u00e7 kartallar\u0131n say\u0131s\u0131n\u0131 art\u0131rmak (Abel hatt\u0131 civcivlerini kurtarmak ve avlanman\u0131n civcivlerin hayatta kalmas\u0131 \u00fczerindeki etkisini azaltmak),<\/li><li>kartallar i\u00e7in uygun \u00fcreme ormanlar\u0131n\u0131n ve ku\u015f avlama alanlar\u0131n\u0131n korunmas\u0131,<\/li><li>GSM ile izlenen ku\u015flar\u0131n bireysel olarak korunmas\u0131,<\/li><li>ku\u015flar\u0131n yasad\u0131\u015f\u0131 olarak vurulmas\u0131 ve zehirlenmesi ile m\u00fccadele,<\/li><li>Ku\u015flar\u0131n durumunu iyile\u015ftirmek i\u00e7in k\u0131\u015flama alanlar\u0131nda g\u00fcvenli beslenme istasyonlar\u0131 kurmak,<\/li><li>T\u00fcrler hakk\u0131ndaki bilgileri ve t\u00fcrlerin korunmas\u0131n\u0131 desteklemek i\u00e7in iyi uygulamalar\u0131 te\u015fvik etmek ve yaymak.<\/li><\/ul>\t\t\t\t\t\t<\/div>\n\t\t\t\t<\/div>\n\t\t\t\t\t<\/div>\n\t\t\t\t<\/div>\n\t\t<div class=\"elementor-element elementor-element-6b6a4c9e e-con-full e-flex e-con e-parent\" data-id=\"6b6a4c9e\" data-element_type=\"container\" data-settings=\"{&quot;background_background&quot;:&quot;classic&quot;}\">\n\t\t<div class=\"elementor-element elementor-element-67d305cc e-flex e-con-boxed e-con e-child\" data-id=\"67d305cc\" data-element_type=\"container\" data-settings=\"{&quot;background_background&quot;:&quot;classic&quot;}\">\n\t\t\t\t\t<div class=\"e-con-inner\">\n\t\t\t\t<div class=\"elementor-element elementor-element-46c46262 elementor-widget elementor-widget-image\" data-id=\"46c46262\" data-element_type=\"widget\" data-widget_type=\"image.default\">\n\t\t\t\t<div class=\"elementor-widget-container\">\n\t\t\t\t\t\t\t\t\t\t\t\t\t\t<a href=\"http:\/\/sparrow.up.poznan.pl\/life\/home\/\">\n\t\t\t\t\t\t\t<img fetchpriority=\"high\" decoding=\"async\" width=\"800\" height=\"800\" src=\"https:\/\/sparrow.up.poznan.pl\/life\/tr\/wp-content\/uploads\/2024\/05\/gse_life_orlik-1024x1024.png\" class=\"attachment-large size-large wp-image-9\" alt=\"\" srcset=\"https:\/\/sparrow.up.poznan.pl\/life\/tr\/wp-content\/uploads\/2024\/05\/gse_life_orlik-1024x1024.png 1024w, https:\/\/sparrow.up.poznan.pl\/life\/tr\/wp-content\/uploads\/2024\/05\/gse_life_orlik-300x300.png 300w, https:\/\/sparrow.up.poznan.pl\/life\/tr\/wp-content\/uploads\/2024\/05\/gse_life_orlik-150x150.png 150w, https:\/\/sparrow.up.poznan.pl\/life\/tr\/wp-content\/uploads\/2024\/05\/gse_life_orlik-768x768.png 768w, https:\/\/sparrow.up.poznan.pl\/life\/tr\/wp-content\/uploads\/2024\/05\/gse_life_orlik-1536x1536.png 1536w, https:\/\/sparrow.up.poznan.pl\/life\/tr\/wp-content\/uploads\/2024\/05\/gse_life_orlik-2048x2048.png 2048w\" sizes=\"(max-width: 800px) 100vw, 800px\" \/>\t\t\t\t\t\t\t\t<\/a>\n\t\t\t\t\t\t\t\t\t\t\t\t\t<\/div>\n\t\t\t\t<\/div>\n\t\t\t\t\t<\/div>\n\t\t\t\t<\/div>\n\t\t\t\t<\/div>\n\t\t\t\t<\/div>\n\t\t","protected":false},"excerpt":{"rendered":"<p>O Proje hakk\u0131nda B\u00fcy\u00fck Benekli Kartal Clanga clanga, 27 AB \u00fclkesinde kritik tehlike alt\u0131nda olarak s\u0131n\u0131fland\u0131r\u0131lm\u0131\u015ft\u0131r ve 'LIFE finansman\u0131 i\u00e7in \u00f6ncelikli&#8217; olarak tan\u0131mlanan AB ku\u015f t\u00fcrleri listesinde yer almaktad\u0131r. Bu t\u00fcr\u00fcn azalmas\u0131n\u0131n nedenleri \u015funlard\u0131r: \u00dcreme i\u00e7in gerekli olan AB s\u0131n\u0131r\u0131ndaki son b\u00fcy\u00fck batakl\u0131klar\u0131n ortadan kalkmas\u0131 g\u00f6\u00e7 ve k\u0131\u015flama alanlar\u0131ndaki pop\u00fclasyonlar\u0131n kayb\u0131. GSELIFEAboveBorders projesinin amac\u0131, \u00fcreme [&hellip;]<\/p>\n","protected":false},"author":2,"featured_media":0,"parent":0,"menu_order":0,"comment_status":"closed","ping_status":"closed","template":"elementor_canvas","meta":{"footnotes":""},"_links":{"self":[{"href":"https:\/\/sparrow.up.poznan.pl\/life\/tr\/wp-json\/wp\/v2\/pages\/42"}],"collection":[{"href":"https:\/\/sparrow.up.poznan.pl\/life\/tr\/wp-json\/wp\/v2\/pages"}],"about":[{"href":"https:\/\/sparrow.up.poznan.pl\/life\/tr\/wp-json\/wp\/v2\/types\/page"}],"author":[{"embeddable":true,"href":"https:\/\/sparrow.up.poznan.pl\/life\/tr\/wp-json\/wp\/v2\/users\/2"}],"replies":[{"embeddable":true,"href":"https:\/\/sparrow.up.poznan.pl\/life\/tr\/wp-json\/wp\/v2\/comments?post=42"}],"version-history":[{"count":24,"href":"https:\/\/sparrow.up.poznan.pl\/life\/tr\/wp-json\/wp\/v2\/pages\/42\/revisions"}],"predecessor-version":[{"id":391,"href":"https:\/\/sparrow.up.poznan.pl\/life\/tr\/wp-json\/wp\/v2\/pages\/42\/revisions\/391"}],"wp:attachment":[{"href":"https:\/\/sparrow.up.poznan.pl\/life\/tr\/wp-json\/wp\/v2\/media?parent=42"}],"curies":[{"name":"wp","href":"https:\/\/api.w.org\/{rel}","templated":true}]}}