{"id":432,"date":"2024-04-09T12:50:25","date_gmt":"2024-04-09T10:50:25","guid":{"rendered":"https:\/\/sparrow.up.poznan.pl\/life\/?page_id=432"},"modified":"2025-03-31T10:36:50","modified_gmt":"2025-03-31T08:36:50","slug":"mapa","status":"publish","type":"page","link":"https:\/\/sparrow.up.poznan.pl\/life\/mapa\/","title":{"rendered":"MAPA"},"content":{"rendered":"\t\t<div data-elementor-type=\"wp-page\" data-elementor-id=\"432\" class=\"elementor elementor-432\" data-elementor-post-type=\"page\">\n\t\t\t\t<div class=\"elementor-element elementor-element-59ad728f e-flex e-con-boxed e-con e-parent\" data-id=\"59ad728f\" data-element_type=\"container\" data-settings=\"{&quot;background_background&quot;:&quot;classic&quot;,&quot;content_width&quot;:&quot;boxed&quot;}\" data-core-v316-plus=\"true\">\n\t\t\t\t\t<div class=\"e-con-inner\">\n\t\t<div class=\"elementor-element elementor-element-68bea71a e-con-full e-flex e-con e-child\" data-id=\"68bea71a\" data-element_type=\"container\" data-settings=\"{&quot;content_width&quot;:&quot;full&quot;}\">\n\t\t\t\t<div class=\"elementor-element elementor-element-6123acd1 elementor-widget elementor-widget-image\" data-id=\"6123acd1\" data-element_type=\"widget\" data-widget_type=\"image.default\">\n\t\t\t\t<div class=\"elementor-widget-container\">\n\t\t\t<style>\/*! elementor - v3.19.0 - 28-02-2024 *\/\n.elementor-widget-image{text-align:center}.elementor-widget-image a{display:inline-block}.elementor-widget-image a img[src$=\".svg\"]{width:48px}.elementor-widget-image img{vertical-align:middle;display:inline-block}<\/style>\t\t\t\t\t\t\t\t\t\t<img fetchpriority=\"high\" decoding=\"async\" width=\"800\" height=\"800\" src=\"https:\/\/sparrow.up.poznan.pl\/life\/wp-content\/uploads\/2024\/02\/gse_life_orlik-1024x1024.png\" class=\"attachment-large size-large wp-image-48\" alt=\"\" srcset=\"https:\/\/sparrow.up.poznan.pl\/life\/wp-content\/uploads\/2024\/02\/gse_life_orlik-1024x1024.png 1024w, https:\/\/sparrow.up.poznan.pl\/life\/wp-content\/uploads\/2024\/02\/gse_life_orlik-300x300.png 300w, https:\/\/sparrow.up.poznan.pl\/life\/wp-content\/uploads\/2024\/02\/gse_life_orlik-150x150.png 150w, https:\/\/sparrow.up.poznan.pl\/life\/wp-content\/uploads\/2024\/02\/gse_life_orlik-768x768.png 768w, https:\/\/sparrow.up.poznan.pl\/life\/wp-content\/uploads\/2024\/02\/gse_life_orlik-1536x1536.png 1536w, https:\/\/sparrow.up.poznan.pl\/life\/wp-content\/uploads\/2024\/02\/gse_life_orlik-2048x2048.png 2048w\" sizes=\"(max-width: 800px) 100vw, 800px\" \/>\t\t\t\t\t\t\t\t\t\t\t\t\t<\/div>\n\t\t\t\t<\/div>\n\t\t\t\t<\/div>\n\t\t<div class=\"elementor-element elementor-element-65f90b42 e-con-full e-flex e-con e-child\" data-id=\"65f90b42\" data-element_type=\"container\" data-settings=\"{&quot;content_width&quot;:&quot;full&quot;}\">\n\t\t\t\t<div class=\"elementor-element elementor-element-7e6b4c56 elementor-widget elementor-widget-image\" data-id=\"7e6b4c56\" data-element_type=\"widget\" data-widget_type=\"image.default\">\n\t\t\t\t<div class=\"elementor-widget-container\">\n\t\t\t\t\t\t\t\t\t\t\t\t\t<img decoding=\"async\" width=\"800\" height=\"556\" src=\"https:\/\/sparrow.up.poznan.pl\/life\/wp-content\/uploads\/2024\/03\/Natura_2000_logo.svg_-1024x712.png\" class=\"attachment-large size-large wp-image-81\" alt=\"\" srcset=\"https:\/\/sparrow.up.poznan.pl\/life\/wp-content\/uploads\/2024\/03\/Natura_2000_logo.svg_-1024x712.png 1024w, https:\/\/sparrow.up.poznan.pl\/life\/wp-content\/uploads\/2024\/03\/Natura_2000_logo.svg_-300x209.png 300w, https:\/\/sparrow.up.poznan.pl\/life\/wp-content\/uploads\/2024\/03\/Natura_2000_logo.svg_-768x534.png 768w, https:\/\/sparrow.up.poznan.pl\/life\/wp-content\/uploads\/2024\/03\/Natura_2000_logo.svg_-1536x1068.png 1536w, https:\/\/sparrow.up.poznan.pl\/life\/wp-content\/uploads\/2024\/03\/Natura_2000_logo.svg_-2048x1424.png 2048w\" sizes=\"(max-width: 800px) 100vw, 800px\" \/>\t\t\t\t\t\t\t\t\t\t\t\t\t<\/div>\n\t\t\t\t<\/div>\n\t\t\t\t<\/div>\n\t\t<div class=\"elementor-element elementor-element-40bc03f0 e-con-full e-flex e-con e-child\" data-id=\"40bc03f0\" data-element_type=\"container\" data-settings=\"{&quot;content_width&quot;:&quot;full&quot;}\">\n\t\t\t\t<div class=\"elementor-element elementor-element-272bf0e3 elementor-widget elementor-widget-image\" data-id=\"272bf0e3\" data-element_type=\"widget\" data-widget_type=\"image.default\">\n\t\t\t\t<div class=\"elementor-widget-container\">\n\t\t\t\t\t\t\t\t\t\t\t\t\t<img decoding=\"async\" width=\"800\" height=\"578\" src=\"https:\/\/sparrow.up.poznan.pl\/life\/wp-content\/uploads\/2024\/04\/life_1_11-1024x740.jpg\" class=\"attachment-large size-large wp-image-511\" alt=\"\" srcset=\"https:\/\/sparrow.up.poznan.pl\/life\/wp-content\/uploads\/2024\/04\/life_1_11-1024x740.jpg 1024w, https:\/\/sparrow.up.poznan.pl\/life\/wp-content\/uploads\/2024\/04\/life_1_11-300x217.jpg 300w, https:\/\/sparrow.up.poznan.pl\/life\/wp-content\/uploads\/2024\/04\/life_1_11-768x555.jpg 768w, https:\/\/sparrow.up.poznan.pl\/life\/wp-content\/uploads\/2024\/04\/life_1_11-1536x1110.jpg 1536w, https:\/\/sparrow.up.poznan.pl\/life\/wp-content\/uploads\/2024\/04\/life_1_11.jpg 1580w\" sizes=\"(max-width: 800px) 100vw, 800px\" \/>\t\t\t\t\t\t\t\t\t\t\t\t\t<\/div>\n\t\t\t\t<\/div>\n\t\t\t\t<\/div>\n\t\t<div class=\"elementor-element elementor-element-552b1b41 e-con-full e-flex e-con e-child\" data-id=\"552b1b41\" data-element_type=\"container\" data-settings=\"{&quot;content_width&quot;:&quot;full&quot;}\">\n\t\t\t\t<div class=\"elementor-element elementor-element-5360a987 elementor-nav-menu__align-center elementor-nav-menu--stretch elementor-nav-menu--dropdown-tablet elementor-nav-menu__text-align-aside elementor-nav-menu--toggle elementor-nav-menu--burger elementor-widget elementor-widget-nav-menu\" data-id=\"5360a987\" data-element_type=\"widget\" data-settings=\"{&quot;full_width&quot;:&quot;stretch&quot;,&quot;layout&quot;:&quot;horizontal&quot;,&quot;submenu_icon&quot;:{&quot;value&quot;:&quot;&lt;svg class=\\&quot;e-font-icon-svg e-fas-caret-down\\&quot; viewBox=\\&quot;0 0 320 512\\&quot; xmlns=\\&quot;http:\\\/\\\/www.w3.org\\\/2000\\\/svg\\&quot;&gt;&lt;path d=\\&quot;M31.3 192h257.3c17.8 0 26.7 21.5 14.1 34.1L174.1 354.8c-7.8 7.8-20.5 7.8-28.3 0L17.2 226.1C4.6 213.5 13.5 192 31.3 192z\\&quot;&gt;&lt;\\\/path&gt;&lt;\\\/svg&gt;&quot;,&quot;library&quot;:&quot;fa-solid&quot;},&quot;toggle&quot;:&quot;burger&quot;}\" data-widget_type=\"nav-menu.default\">\n\t\t\t\t<div class=\"elementor-widget-container\">\n\t\t\t<link rel=\"stylesheet\" href=\"https:\/\/sparrow.up.poznan.pl\/life\/wp-content\/plugins\/elementor-pro\/assets\/css\/widget-nav-menu.min.css\">\t\t\t<nav class=\"elementor-nav-menu--main elementor-nav-menu__container elementor-nav-menu--layout-horizontal e--pointer-underline e--animation-fade\">\n\t\t\t\t<ul id=\"menu-1-5360a987\" class=\"elementor-nav-menu\"><li class=\"menu-item menu-item-type-post_type menu-item-object-page menu-item-home menu-item-67\"><a href=\"https:\/\/sparrow.up.poznan.pl\/life\/\" class=\"elementor-item\">HOME<\/a><\/li>\n<li class=\"menu-item menu-item-type-post_type menu-item-object-page menu-item-66\"><a href=\"https:\/\/sparrow.up.poznan.pl\/life\/o-projekcie\/\" class=\"elementor-item\">O PROJEKCIE<\/a><\/li>\n<li class=\"menu-item menu-item-type-post_type menu-item-object-page menu-item-65\"><a href=\"https:\/\/sparrow.up.poznan.pl\/life\/aktualnosci\/\" class=\"elementor-item\">AKTUALNO\u015aCI<\/a><\/li>\n<li class=\"menu-item menu-item-type-post_type menu-item-object-page menu-item-64\"><a href=\"https:\/\/sparrow.up.poznan.pl\/life\/o-nas\/\" class=\"elementor-item\">O NAS<\/a><\/li>\n<li class=\"menu-item menu-item-type-post_type menu-item-object-page menu-item-441\"><a href=\"https:\/\/sparrow.up.poznan.pl\/life\/mapa\/\" class=\"elementor-item\">MAPA<\/a><\/li>\n<li class=\"menu-item menu-item-type-post_type menu-item-object-page menu-item-63\"><a href=\"https:\/\/sparrow.up.poznan.pl\/life\/do-pobrania\/\" class=\"elementor-item\">DO POBRANIA<\/a><\/li>\n<li class=\"menu-item menu-item-type-post_type menu-item-object-page menu-item-62\"><a href=\"https:\/\/sparrow.up.poznan.pl\/life\/kontakt\/\" class=\"elementor-item\">KONTAKT<\/a><\/li>\n<\/ul>\t\t\t<\/nav>\n\t\t\t\t\t<div class=\"elementor-menu-toggle\" role=\"button\" tabindex=\"0\" aria-label=\"Menu Toggle\" aria-expanded=\"false\">\n\t\t\t<svg aria-hidden=\"true\" role=\"presentation\" class=\"elementor-menu-toggle__icon--open e-font-icon-svg e-eicon-menu-bar\" viewBox=\"0 0 1000 1000\" xmlns=\"http:\/\/www.w3.org\/2000\/svg\"><path d=\"M104 333H896C929 333 958 304 958 271S929 208 896 208H104C71 208 42 237 42 271S71 333 104 333ZM104 583H896C929 583 958 554 958 521S929 458 896 458H104C71 458 42 487 42 521S71 583 104 583ZM104 833H896C929 833 958 804 958 771S929 708 896 708H104C71 708 42 737 42 771S71 833 104 833Z\"><\/path><\/svg><svg aria-hidden=\"true\" role=\"presentation\" class=\"elementor-menu-toggle__icon--close e-font-icon-svg e-eicon-close\" viewBox=\"0 0 1000 1000\" xmlns=\"http:\/\/www.w3.org\/2000\/svg\"><path d=\"M742 167L500 408 258 167C246 154 233 150 217 150 196 150 179 158 167 167 154 179 150 196 150 212 150 229 154 242 171 254L408 500 167 742C138 771 138 800 167 829 196 858 225 858 254 829L496 587 738 829C750 842 767 846 783 846 800 846 817 842 829 829 842 817 846 804 846 783 846 767 842 750 829 737L588 500 833 258C863 229 863 200 833 171 804 137 775 137 742 167Z\"><\/path><\/svg>\t\t\t<span class=\"elementor-screen-only\">Menu<\/span>\n\t\t<\/div>\n\t\t\t\t\t<nav class=\"elementor-nav-menu--dropdown elementor-nav-menu__container\" aria-hidden=\"true\">\n\t\t\t\t<ul id=\"menu-2-5360a987\" class=\"elementor-nav-menu\"><li class=\"menu-item menu-item-type-post_type menu-item-object-page menu-item-home menu-item-67\"><a href=\"https:\/\/sparrow.up.poznan.pl\/life\/\" class=\"elementor-item\" tabindex=\"-1\">HOME<\/a><\/li>\n<li class=\"menu-item menu-item-type-post_type menu-item-object-page menu-item-66\"><a href=\"https:\/\/sparrow.up.poznan.pl\/life\/o-projekcie\/\" class=\"elementor-item\" tabindex=\"-1\">O PROJEKCIE<\/a><\/li>\n<li class=\"menu-item menu-item-type-post_type menu-item-object-page menu-item-65\"><a href=\"https:\/\/sparrow.up.poznan.pl\/life\/aktualnosci\/\" class=\"elementor-item\" tabindex=\"-1\">AKTUALNO\u015aCI<\/a><\/li>\n<li class=\"menu-item menu-item-type-post_type menu-item-object-page menu-item-64\"><a href=\"https:\/\/sparrow.up.poznan.pl\/life\/o-nas\/\" class=\"elementor-item\" tabindex=\"-1\">O NAS<\/a><\/li>\n<li class=\"menu-item menu-item-type-post_type menu-item-object-page menu-item-441\"><a href=\"https:\/\/sparrow.up.poznan.pl\/life\/mapa\/\" class=\"elementor-item\" tabindex=\"-1\">MAPA<\/a><\/li>\n<li class=\"menu-item menu-item-type-post_type menu-item-object-page menu-item-63\"><a href=\"https:\/\/sparrow.up.poznan.pl\/life\/do-pobrania\/\" class=\"elementor-item\" tabindex=\"-1\">DO POBRANIA<\/a><\/li>\n<li class=\"menu-item menu-item-type-post_type menu-item-object-page menu-item-62\"><a href=\"https:\/\/sparrow.up.poznan.pl\/life\/kontakt\/\" class=\"elementor-item\" tabindex=\"-1\">KONTAKT<\/a><\/li>\n<\/ul>\t\t\t<\/nav>\n\t\t\t\t<\/div>\n\t\t\t\t<\/div>\n\t\t\t\t<\/div>\n\t\t<div class=\"elementor-element elementor-element-77d2686e e-con-full e-flex e-con e-child\" data-id=\"77d2686e\" data-element_type=\"container\" data-settings=\"{&quot;content_width&quot;:&quot;full&quot;}\">\n\t\t\t\t<div class=\"elementor-element elementor-element-5cbc4a3d elementor-widget elementor-widget-image\" data-id=\"5cbc4a3d\" data-element_type=\"widget\" data-widget_type=\"image.default\">\n\t\t\t\t<div class=\"elementor-widget-container\">\n\t\t\t\t\t\t\t\t\t\t\t\t\t\t<a href=\"https:\/\/sparrow.up.poznan.pl\/life\/en\/\">\n\t\t\t\t\t\t\t<img loading=\"lazy\" decoding=\"async\" width=\"240\" height=\"160\" src=\"https:\/\/sparrow.up.poznan.pl\/life\/wp-content\/uploads\/2024\/03\/Flag_of_the_United_Kingdom_1-2.svg_.png\" class=\"attachment-large size-large wp-image-181\" alt=\"\" \/>\t\t\t\t\t\t\t\t<\/a>\n\t\t\t\t\t\t\t\t\t\t\t\t\t<\/div>\n\t\t\t\t<\/div>\n\t\t\t\t<\/div>\n\t\t<div class=\"elementor-element elementor-element-487f74ce e-con-full e-flex e-con e-child\" data-id=\"487f74ce\" data-element_type=\"container\" data-settings=\"{&quot;content_width&quot;:&quot;full&quot;}\">\n\t\t\t\t<div class=\"elementor-element elementor-element-8bf56bc elementor-widget elementor-widget-image\" data-id=\"8bf56bc\" data-element_type=\"widget\" data-widget_type=\"image.default\">\n\t\t\t\t<div class=\"elementor-widget-container\">\n\t\t\t\t\t\t\t\t\t\t\t\t\t\t<a href=\"https:\/\/sparrow.up.poznan.pl\/life\/ee\/\">\n\t\t\t\t\t\t\t<img loading=\"lazy\" decoding=\"async\" width=\"240\" height=\"160\" src=\"https:\/\/sparrow.up.poznan.pl\/life\/wp-content\/uploads\/2024\/03\/Flag_of_Estonia.svg_.png\" class=\"attachment-large size-large wp-image-182\" alt=\"\" \/>\t\t\t\t\t\t\t\t<\/a>\n\t\t\t\t\t\t\t\t\t\t\t\t\t<\/div>\n\t\t\t\t<\/div>\n\t\t\t\t<\/div>\n\t\t<div class=\"elementor-element elementor-element-1b003bf5 e-con-full e-flex e-con e-child\" data-id=\"1b003bf5\" data-element_type=\"container\" data-settings=\"{&quot;content_width&quot;:&quot;full&quot;}\">\n\t\t\t\t<div class=\"elementor-element elementor-element-5e846f79 elementor-widget elementor-widget-image\" data-id=\"5e846f79\" data-element_type=\"widget\" data-widget_type=\"image.default\">\n\t\t\t\t<div class=\"elementor-widget-container\">\n\t\t\t\t\t\t\t\t\t\t\t\t\t\t<a href=\"https:\/\/sparrow.up.poznan.pl\/life\/bg\/\">\n\t\t\t\t\t\t\t<img loading=\"lazy\" decoding=\"async\" width=\"240\" height=\"160\" src=\"https:\/\/sparrow.up.poznan.pl\/life\/wp-content\/uploads\/2024\/03\/Flag_of_Bulgaria.svg_.png\" class=\"attachment-large size-large wp-image-183\" alt=\"\" \/>\t\t\t\t\t\t\t\t<\/a>\n\t\t\t\t\t\t\t\t\t\t\t\t\t<\/div>\n\t\t\t\t<\/div>\n\t\t\t\t<\/div>\n\t\t<div class=\"elementor-element elementor-element-34f4f098 e-con-full e-flex e-con e-child\" data-id=\"34f4f098\" data-element_type=\"container\" data-settings=\"{&quot;content_width&quot;:&quot;full&quot;}\">\n\t\t\t\t<div class=\"elementor-element elementor-element-1db69633 elementor-widget elementor-widget-image\" data-id=\"1db69633\" data-element_type=\"widget\" data-widget_type=\"image.default\">\n\t\t\t\t<div class=\"elementor-widget-container\">\n\t\t\t\t\t\t\t\t\t\t\t\t\t\t<a href=\"https:\/\/sparrow.up.poznan.pl\/life\/tr\/\">\n\t\t\t\t\t\t\t<img loading=\"lazy\" decoding=\"async\" width=\"240\" height=\"160\" src=\"https:\/\/sparrow.up.poznan.pl\/life\/wp-content\/uploads\/2024\/03\/Flag_of_Turkey.svg_.png\" class=\"attachment-large size-large wp-image-168\" alt=\"\" \/>\t\t\t\t\t\t\t\t<\/a>\n\t\t\t\t\t\t\t\t\t\t\t\t\t<\/div>\n\t\t\t\t<\/div>\n\t\t\t\t<\/div>\n\t\t\t\t\t<\/div>\n\t\t\t\t<\/div>\n\t\t<div class=\"elementor-element elementor-element-f8b351b e-flex e-con-boxed e-con e-parent\" data-id=\"f8b351b\" data-element_type=\"container\" data-settings=\"{&quot;content_width&quot;:&quot;boxed&quot;}\" data-core-v316-plus=\"true\">\n\t\t\t\t\t<div class=\"e-con-inner\">\n\t\t\t\t<div class=\"elementor-element elementor-element-4484c36 elementor-widget elementor-widget-heading\" data-id=\"4484c36\" data-element_type=\"widget\" data-widget_type=\"heading.default\">\n\t\t\t\t<div class=\"elementor-widget-container\">\n\t\t\t<style>\/*! elementor - v3.19.0 - 28-02-2024 *\/\n.elementor-heading-title{padding:0;margin:0;line-height:1}.elementor-widget-heading .elementor-heading-title[class*=elementor-size-]>a{color:inherit;font-size:inherit;line-height:inherit}.elementor-widget-heading .elementor-heading-title.elementor-size-small{font-size:15px}.elementor-widget-heading .elementor-heading-title.elementor-size-medium{font-size:19px}.elementor-widget-heading .elementor-heading-title.elementor-size-large{font-size:29px}.elementor-widget-heading .elementor-heading-title.elementor-size-xl{font-size:39px}.elementor-widget-heading .elementor-heading-title.elementor-size-xxl{font-size:59px}<\/style><h2 class=\"elementor-heading-title elementor-size-default\">Interaktywna mapa bezpiecze\u0144stwa ptak\u00f3w z panelem bezpiecze\u0144stwa<\/h2>\t\t<\/div>\n\t\t\t\t<\/div>\n\t\t\t\t\t<\/div>\n\t\t\t\t<\/div>\n\t\t<div class=\"elementor-element elementor-element-d114a59 e-flex e-con-boxed e-con e-parent\" data-id=\"d114a59\" data-element_type=\"container\" data-settings=\"{&quot;content_width&quot;:&quot;boxed&quot;}\" data-core-v316-plus=\"true\">\n\t\t\t\t\t<div class=\"e-con-inner\">\n\t\t\t\t<div class=\"elementor-element elementor-element-666ed43 elementor-widget elementor-widget-text-editor\" data-id=\"666ed43\" data-element_type=\"widget\" data-widget_type=\"text-editor.default\">\n\t\t\t\t<div class=\"elementor-widget-container\">\n\t\t\t<style>\/*! elementor - v3.19.0 - 28-02-2024 *\/\n.elementor-widget-text-editor.elementor-drop-cap-view-stacked .elementor-drop-cap{background-color:#69727d;color:#fff}.elementor-widget-text-editor.elementor-drop-cap-view-framed .elementor-drop-cap{color:#69727d;border:3px solid;background-color:transparent}.elementor-widget-text-editor:not(.elementor-drop-cap-view-default) .elementor-drop-cap{margin-top:8px}.elementor-widget-text-editor:not(.elementor-drop-cap-view-default) .elementor-drop-cap-letter{width:1em;height:1em}.elementor-widget-text-editor .elementor-drop-cap{float:left;text-align:center;line-height:1;font-size:50px}.elementor-widget-text-editor .elementor-drop-cap-letter{display:inline-block}<\/style>\t\t\t\t<p>Udost\u0119pniana na stronie mapa jest jedynie dodatkiem do systemu maj\u0105cego poszerzy\u0107 nasz\u0105 wiedz\u0119 o gatunku i przede wszystkim zwi\u0119kszy\u0107 bezpiecze\u0144stwo ptak\u00f3w. To w\u0142a\u015bnie wym\u00f3g bezpiecze\u0144stwa, kt\u00f3ry jest naszym priorytetem, jest przyczyn\u0105 czasowego zaniechania udost\u0119pniania ich lokalizacji na mapie, gdy ptaki przebywaj\u0105 na zimowiskach oraz gdy rozpoczynaj\u0105 sezon l\u0119gowy, a teren przez nie zajmowany jest ograniczony przestrzennie. Z uwagi na ich bezpiecze\u0144stwo \u015bcis\u0142a lokalizacja tych obszar\u00f3w i lokalizacja samych ptak\u00f3w nie jest udost\u0119pniana dla og\u00f3\u0142u os\u00f3b odwiedzaj\u0105cych stron\u0119. W tym czasie nadz\u00f3r nad ptakami sprawuj\u0105 lokalnie wyznaczone osoby kontroluj\u0105ce ich bezpiecze\u0144stwo. Transmisja danych z nadajnik\u00f3w ptak\u00f3w zostanie uruchomiona natychmiast po ich wylocie.<\/p><p>Zach\u0119camy do si\u0119gni\u0119cia do historii aktywno\u015bci ptak\u00f3w, kt\u00f3ra jest dost\u0119pna i mo\u017cliwa do edytowania na mapie.<\/p>\t\t\t\t\t\t<\/div>\n\t\t\t\t<\/div>\n\t\t\t\t\t<\/div>\n\t\t\t\t<\/div>\n\t\t<div class=\"elementor-element elementor-element-aad8e0e e-con-full e-flex e-con e-parent\" data-id=\"aad8e0e\" data-element_type=\"container\" data-settings=\"{&quot;content_width&quot;:&quot;full&quot;}\" data-core-v316-plus=\"true\">\n\t\t\t\t<div class=\"elementor-element elementor-element-04c13d8 elementor-widget elementor-widget-html\" data-id=\"04c13d8\" data-element_type=\"widget\" data-widget_type=\"html.default\">\n\t\t\t\t<div class=\"elementor-widget-container\">\n\t\t\t<div style=\"height:75vh; max-height:75vh; min-height: 50wh; width:100%\"><iframe height=\"100%\" width=\"100%\" src=\"https:\/\/app.animalsupervisor.com:3003\/b794e177bf86d4819ae7f6ca8bc0c9f714a1f5ee\"><\/iframe><\/div>\t\t<\/div>\n\t\t\t\t<\/div>\n\t\t\t\t<\/div>\n\t\t<div class=\"elementor-element elementor-element-abf4832 e-con-full e-flex e-con e-parent\" data-id=\"abf4832\" data-element_type=\"container\" data-settings=\"{&quot;content_width&quot;:&quot;full&quot;}\" data-core-v316-plus=\"true\">\n\t\t<div class=\"elementor-element elementor-element-7e1cd65 e-con-full e-flex e-con e-child\" data-id=\"7e1cd65\" data-element_type=\"container\" data-settings=\"{&quot;content_width&quot;:&quot;full&quot;}\">\n\t\t<div class=\"elementor-element elementor-element-ce1469e e-flex e-con-boxed e-con e-child\" data-id=\"ce1469e\" data-element_type=\"container\" data-settings=\"{&quot;background_background&quot;:&quot;classic&quot;,&quot;content_width&quot;:&quot;boxed&quot;}\">\n\t\t\t\t\t<div class=\"e-con-inner\">\n\t\t\t\t<div class=\"elementor-element elementor-element-8139187 elementor-widget elementor-widget-image\" data-id=\"8139187\" data-element_type=\"widget\" data-widget_type=\"image.default\">\n\t\t\t\t<div class=\"elementor-widget-container\">\n\t\t\t\t\t\t\t\t\t\t\t\t\t\t<a href=\"http:\/\/sparrow.up.poznan.pl\/life\/home\/\">\n\t\t\t\t\t\t\t<img fetchpriority=\"high\" decoding=\"async\" width=\"800\" height=\"800\" src=\"https:\/\/sparrow.up.poznan.pl\/life\/wp-content\/uploads\/2024\/02\/gse_life_orlik-1024x1024.png\" class=\"attachment-large size-large wp-image-48\" alt=\"\" srcset=\"https:\/\/sparrow.up.poznan.pl\/life\/wp-content\/uploads\/2024\/02\/gse_life_orlik-1024x1024.png 1024w, https:\/\/sparrow.up.poznan.pl\/life\/wp-content\/uploads\/2024\/02\/gse_life_orlik-300x300.png 300w, https:\/\/sparrow.up.poznan.pl\/life\/wp-content\/uploads\/2024\/02\/gse_life_orlik-150x150.png 150w, https:\/\/sparrow.up.poznan.pl\/life\/wp-content\/uploads\/2024\/02\/gse_life_orlik-768x768.png 768w, https:\/\/sparrow.up.poznan.pl\/life\/wp-content\/uploads\/2024\/02\/gse_life_orlik-1536x1536.png 1536w, https:\/\/sparrow.up.poznan.pl\/life\/wp-content\/uploads\/2024\/02\/gse_life_orlik-2048x2048.png 2048w\" sizes=\"(max-width: 800px) 100vw, 800px\" \/>\t\t\t\t\t\t\t\t<\/a>\n\t\t\t\t\t\t\t\t\t\t\t\t\t<\/div>\n\t\t\t\t<\/div>\n\t\t\t\t\t<\/div>\n\t\t\t\t<\/div>\n\t\t\t\t<\/div>\n\t\t\t\t<\/div>\n\t\t\t\t<\/div>\n\t\t","protected":false},"excerpt":{"rendered":"<p>Interaktywna mapa bezpiecze\u0144stwa ptak\u00f3w z panelem bezpiecze\u0144stwa Udost\u0119pniana na stronie mapa jest jedynie dodatkiem do systemu maj\u0105cego poszerzy\u0107 nasz\u0105 wiedz\u0119 o gatunku i przede wszystkim zwi\u0119kszy\u0107 bezpiecze\u0144stwo ptak\u00f3w. To w\u0142a\u015bnie wym\u00f3g bezpiecze\u0144stwa, kt\u00f3ry jest naszym priorytetem, jest przyczyn\u0105 czasowego zaniechania udost\u0119pniania ich lokalizacji na mapie, gdy ptaki przebywaj\u0105 na zimowiskach oraz gdy rozpoczynaj\u0105 sezon l\u0119gowy, [&hellip;]<\/p>\n","protected":false},"author":2,"featured_media":0,"parent":0,"menu_order":0,"comment_status":"closed","ping_status":"closed","template":"elementor_canvas","meta":{"footnotes":""},"aioseo_notices":[],"_links":{"self":[{"href":"https:\/\/sparrow.up.poznan.pl\/life\/wp-json\/wp\/v2\/pages\/432"}],"collection":[{"href":"https:\/\/sparrow.up.poznan.pl\/life\/wp-json\/wp\/v2\/pages"}],"about":[{"href":"https:\/\/sparrow.up.poznan.pl\/life\/wp-json\/wp\/v2\/types\/page"}],"author":[{"embeddable":true,"href":"https:\/\/sparrow.up.poznan.pl\/life\/wp-json\/wp\/v2\/users\/2"}],"replies":[{"embeddable":true,"href":"https:\/\/sparrow.up.poznan.pl\/life\/wp-json\/wp\/v2\/comments?post=432"}],"version-history":[{"count":61,"href":"https:\/\/sparrow.up.poznan.pl\/life\/wp-json\/wp\/v2\/pages\/432\/revisions"}],"predecessor-version":[{"id":1009,"href":"https:\/\/sparrow.up.poznan.pl\/life\/wp-json\/wp\/v2\/pages\/432\/revisions\/1009"}],"wp:attachment":[{"href":"https:\/\/sparrow.up.poznan.pl\/life\/wp-json\/wp\/v2\/media?parent=432"}],"curies":[{"name":"wp","href":"https:\/\/api.w.org\/{rel}","templated":true}]}}