{"id":1021,"date":"2025-02-16T21:38:24","date_gmt":"2025-02-16T20:38:24","guid":{"rendered":"https:\/\/sparrow.up.poznan.pl\/ptl\/?page_id=1021"},"modified":"2025-02-24T03:30:20","modified_gmt":"2025-02-24T02:30:20","slug":"nr-16-2013","status":"publish","type":"page","link":"https:\/\/sparrow.up.poznan.pl\/ptl\/nr-16-2013\/","title":{"rendered":"Nr 16, 2013"},"content":{"rendered":"\r\n<figure class=\"wp-block-table\">\r\n<table class=\"has-fixed-layout\" style=\"width: 100%; height: 2253px;\">\r\n<tbody>\r\n<tr style=\"height: 11px;\">\r\n<td class=\"has-text-align-left\" style=\"width: 16.0714%; height: 11px; text-align: center;\" data-align=\"left\"><span style=\"font-size: 10pt; font-family: verdana, geneva, sans-serif;\"><strong>Autor<\/strong><\/span><\/td>\r\n<td style=\"width: 76.4286%; height: 11px; text-align: center;\"><span style=\"font-size: 10pt; font-family: verdana, geneva, sans-serif;\"><strong>Tytu\u0142 pracy<\/strong><\/span><\/td>\r\n<td class=\"has-text-align-center\" style=\"width: 7.38095%; height: 11px; text-align: center;\" data-align=\"center\"><span style=\"font-size: 10pt; font-family: verdana, geneva, sans-serif;\"><strong>Pe\u0142ny tekst<\/strong><\/span><\/td>\r\n<\/tr>\r\n<tr>\r\n<td style=\"width: 16.0714%; vertical-align: top;\">\r\n<p><span style=\"font-size: 10pt; font-family: verdana, geneva, sans-serif;\">J. Daszkiewicz<\/span><\/p>\r\n<\/td>\r\n<td style=\"width: 76.4286%; vertical-align: top; text-align: justify;\">\r\n<p style=\"text-align: center;\" align=\"justify\"><span style=\"font-size: 12pt; font-family: verdana, geneva, sans-serif;\"><b>Wymagania siedliskowe oraz baza pokarmowa Cervus elaphus w\u00a0odniesieniu do zbiorowisk \u0142\u0105kowych<br \/><\/b><\/span><span style=\"font-size: 12pt; font-family: verdana, geneva, sans-serif;\">Habitat requirements and food base of Cervus elaphus in reference of meadow communities<\/span><\/p>\r\n<span style=\"font-size: 12pt; font-family: verdana, geneva, sans-serif;\"><span style=\"font-family: verdana, geneva, sans-serif; font-size: 10pt;\"><strong>Abstract.<\/strong> The objective of this research was to determinate importance of grass and meadow species in red deer diet and influence, that is caused in open habitats by these animals. Study was based on foreign and local literature review. Meadow and grass species are, on average, 1\/3 of plants in red deer diet, and in some places could be preferred form of forage. Availability of meadow habitats in red deer territory can reduce negative impact of this specie on forest and agricultural plantations. Influence of red deer on open habitats depends on many factors, among others \u2013 productivity of habit.<\/span><b><br \/><\/b><\/span><\/td>\r\n<td style=\"width: 7.38095%; vertical-align: top;\"><span style=\"font-family: verdana, geneva, sans-serif; font-size: 10pt;\"><a href=\"https:\/\/sparrow.up.poznan.pl\/ptl\/download\/02-7\/\"><img loading=\"lazy\" decoding=\"async\" class=\"aligncenter\" src=\"https:\/\/sparrow.up.poznan.pl\/ptl\/wp-content\/uploads\/2025\/02\/PDF_file_icon.svg.png\" alt=\"\" width=\"55\" height=\"68\" \/><\/a><\/span><\/td>\r\n<\/tr>\r\n<tr>\r\n<td style=\"width: 16.0714%; vertical-align: top;\">\r\n<p><span style=\"font-size: 10pt; font-family: verdana, geneva, sans-serif;\">A. Kobyli\u0144ski,<br \/>M. Olszewska<\/span><\/p>\r\n<\/td>\r\n<td style=\"width: 76.4286%; vertical-align: top; text-align: justify;\">\r\n<p style=\"text-align: center;\" align=\"justify\"><span style=\"font-size: 12pt; font-family: verdana, geneva, sans-serif;\"><b>Efektywno\u015b\u0107 energetyczna produkcji biomasy <i>Miscanthus giganteus<br \/><\/i><i><\/i><\/b><\/span><span style=\"font-size: 12pt; font-family: verdana, geneva, sans-serif;\">Energy efficiency of <i>Miscanthus giganteus<\/i> biomass production<\/span><\/p>\r\n<span style=\"font-size: 10pt; font-family: verdana, geneva, sans-serif;\"><span style=\"font-family: verdana, geneva, sans-serif;\"><strong>Abstract.<\/strong> The study includes an evaluation of the use of the cultivation of <i>Miscanthus giganteus <\/i>for energy production based on an energy analysis carried out on a test farm. The study shows that the obtained yield of dry matter indicates the profitability of the cultivation of <i>Miscanthus giganteus <\/i>for energy production.<\/span><\/span><strong><span style=\"font-size: 12pt; font-family: verdana, geneva, sans-serif;\"><br \/><\/span><\/strong><\/td>\r\n<td style=\"width: 7.38095%; vertical-align: top;\"><span style=\"font-family: verdana, geneva, sans-serif; font-size: 10pt;\"><a href=\"https:\/\/sparrow.up.poznan.pl\/ptl\/download\/03-7\/\"><img loading=\"lazy\" decoding=\"async\" class=\"aligncenter\" src=\"https:\/\/sparrow.up.poznan.pl\/ptl\/wp-content\/uploads\/2025\/02\/PDF_file_icon.svg.png\" alt=\"\" width=\"55\" height=\"68\" \/><\/a><\/span><\/td>\r\n<\/tr>\r\n<tr style=\"height: 279px;\">\r\n<td class=\"has-text-align-left\" style=\"width: 16.0714%; height: 180px; vertical-align: top;\" data-align=\"left\">\r\n<p><span style=\"font-size: 10pt; font-family: verdana, geneva, sans-serif;\">S. Koz\u0142owski,<br \/><\/span><span style=\"font-family: verdana, geneva, sans-serif; font-size: 10pt;\">W. Zielewicz<\/span><\/p>\r\n<\/td>\r\n<td style=\"width: 76.4286%; height: 180px; vertical-align: top; text-align: justify;\">\r\n<p style=\"text-align: center;\"><strong><span style=\"font-size: 12pt; font-family: verdana, geneva, sans-serif;\">Poznawanie w\u0142a\u015bciwo\u015bci biologiczno-chemicznych <em>Poa chaixii<\/em><\/span><\/strong><br \/><span style=\"font-size: 12pt; font-family: verdana, geneva, sans-serif;\">Recognition of biological-chemical properties of <em>Poa chaixii<\/em><\/span><\/p>\r\n<span style=\"font-family: verdana, geneva, sans-serif; font-size: 10pt;\"><strong>Abstract.<\/strong> <i>Poa chaixii <\/i>(broad-leaved meadow grass) is a poorly known European grass and this, in turn, can be attributed to the fact of its rare occurrence. However, in recent years, a growing interest in many facets of this grass has been observed. The objective of research studies was a better understanding of biological-chemical properties of <i>Poa chaixii <\/i>which can determine its occurrence and utilisation on lowland areas. Investigations followed two directions: selected biological and chemical properties of this grass. Investigations of its biological properties included: the size and development of generative shoots as well as their seed potentials, plant vitality and response to nitrogen fertilisation. Investigations of chemical properties in our own studies comprised recognition in plants of the quantitative occurrence of organic and mineral constituents important from the nutritional point of view taking into account vegetation and different nitrogen fertilisation.<\/span><\/td>\r\n<td class=\"has-text-align-center\" style=\"width: 7.38095%; height: 180px; vertical-align: top;\" data-align=\"center\"><span style=\"font-family: verdana, geneva, sans-serif; font-size: 10pt;\"><a href=\"https:\/\/sparrow.up.poznan.pl\/ptl\/download\/04-7\/\"><img loading=\"lazy\" decoding=\"async\" class=\"aligncenter\" src=\"https:\/\/sparrow.up.poznan.pl\/ptl\/wp-content\/uploads\/2025\/02\/PDF_file_icon.svg.png\" alt=\"\" width=\"55\" height=\"68\" \/><\/a><\/span><\/td>\r\n<\/tr>\r\n<tr style=\"height: 363px;\">\r\n<td class=\"has-text-align-left\" style=\"width: 16.0714%; height: 98px; vertical-align: top;\" data-align=\"left\">\r\n<p><span style=\"font-size: 10pt; font-family: verdana, geneva, sans-serif;\">M. Kulik<\/span><\/p>\r\n<\/td>\r\n<td style=\"width: 76.4286%; height: 98px; vertical-align: top; text-align: justify;\">\r\n<p style=\"text-align: center;\" align=\"justify\"><span style=\"font-size: 12pt; font-family: verdana, geneva, sans-serif;\"><b>Ocena szaty ro\u015blinnej wybranych \u0142\u0105k trz\u0119\u015blicowych w Poleskim Parku Narodowym i poza jego obszarem<br \/><\/b><\/span><span style=\"font-size: 12pt; font-family: verdana, geneva, sans-serif;\">Evaluation of vegetation of selected Molinia meadows in Polesie National Park and outside its area<\/span><\/p>\r\n<span style=\"font-size: 10pt; font-family: verdana, geneva, sans-serif;\"><strong>Abstract.<\/strong> The study was carried out in 2011\u20132013 at selected complexes of Molinia meadows located in Bagno Bubn\u00f3w (Polesie National Park). Tested complexes were characterized by the dominance of Molinia meadows, which bordered to other plant communities. The study area was characterized by a large number of plant species under strict and partial protection. <i>Ostericum palustre<\/i>, species protected by Habitat Directive occurred in all complexes. A total of 107 plant species in the <i>Selino-Molinietum<\/i> caeruleae association were noted. Greater biodiversity was characterized by meadows situated in the Polesie National Park compare to the private one. It should be noted that the private Molinia meadows which directly adjacent to the Polesie National Park are mostly well-preserved habitats, involving protected plant species.<\/span><\/td>\r\n<td class=\"has-text-align-center\" style=\"width: 7.38095%; height: 98px; vertical-align: top;\" data-align=\"center\"><span style=\"font-family: verdana, geneva, sans-serif; font-size: 10pt;\"><a href=\"https:\/\/sparrow.up.poznan.pl\/ptl\/download\/05-7\/\"><img loading=\"lazy\" decoding=\"async\" class=\"aligncenter\" src=\"https:\/\/sparrow.up.poznan.pl\/ptl\/wp-content\/uploads\/2025\/02\/PDF_file_icon.svg.png\" alt=\"\" width=\"55\" height=\"68\" \/><\/a><\/span><\/td>\r\n<\/tr>\r\n<tr style=\"height: 447px;\">\r\n<td class=\"has-text-align-left\" style=\"width: 16.0714%; height: 315px; vertical-align: top;\" data-align=\"left\">\r\n<p><span style=\"font-size: 10pt;\"><span style=\"font-family: verdana, geneva, sans-serif;\">M. Kulik,<br \/><\/span><span style=\"font-family: verdana, geneva, sans-serif;\">R. Bary\u0142a<\/span><\/span><\/p>\r\n<\/td>\r\n<td style=\"width: 76.4286%; height: 315px; vertical-align: top; text-align: justify;\">\r\n<p style=\"text-align: center;\" align=\"justify\"><span style=\"font-size: 12pt; font-family: verdana, geneva, sans-serif;\"><b>Zale\u017cno\u015b\u0107 udzia\u0142u <i>Lolium perenne <\/i>i <i>Trifolium repens <\/i>w runi pastwiskowej na glebie torfowo-murszowej w warunkach wieloletniego u\u017cytkowania<br \/><\/b><\/span><span style=\"font-size: 12pt; font-family: verdana, geneva, sans-serif;\">The relationship of share of <i>Lolium perenne <\/i>and <i> Trifolium repens <\/i>in pasture sward on peat-muck soil in long-term use<\/span><\/p>\r\n<span style=\"font-size: 10pt; font-family: verdana, geneva, sans-serif;\"><strong>Abstract.<\/strong> The aim of the study is to evaluate the relationhsip of share of <i>Lolium perenne <\/i>and <i>Trifolium repens <\/i>in the pasture sward on peat-muck soil in long-term use. In the years 1997\u20132008, studies were conducted to assess the share of <i>Trifolium repens <\/i>and <i>Lolium perenne <\/i> cultivars (Polish \u2013 Anna, Arka, Maja, Solen, Rela and the SZD-291 strain, and Dutch \u2013 Baristra, Barezane and Barlano) in pasture sward. The experiments were established in Piwonia valley (Sosnowica) on peat-muck soil (Mt II). Pasture was grazed by meat cattle of Limousin breed in 4\u20135 rotations. In the 12-year period, Lolium perenne and <i>Trifolium repens <\/i> were the dominant species in the first and third regrowth of pasture sward on peat-muck soil.<\/span><\/td>\r\n<td class=\"has-text-align-center\" style=\"width: 7.38095%; height: 315px; vertical-align: top;\" data-align=\"center\"><span style=\"font-family: verdana, geneva, sans-serif; font-size: 10pt;\"><a href=\"https:\/\/sparrow.up.poznan.pl\/ptl\/download\/06-7\/\"><img loading=\"lazy\" decoding=\"async\" class=\"aligncenter\" src=\"https:\/\/sparrow.up.poznan.pl\/ptl\/wp-content\/uploads\/2025\/02\/PDF_file_icon.svg.png\" alt=\"\" width=\"55\" height=\"68\" \/><\/a><\/span><\/td>\r\n<\/tr>\r\n<tr style=\"height: 307px;\">\r\n<td class=\"has-text-align-left\" style=\"width: 16.0714%; height: 307px; vertical-align: top;\" data-align=\"left\">\r\n<p><span style=\"font-size: 10pt; font-family: verdana, geneva, sans-serif;\">A. Rze\u017anik,<br \/><\/span><span style=\"font-size: 10pt; font-family: verdana, geneva, sans-serif;\">B. Goli\u0144ska,<br \/><\/span><span style=\"font-size: 10pt; font-family: verdana, geneva, sans-serif;\">P. Goli\u0144ski<\/span><\/p>\r\n<\/td>\r\n<td style=\"width: 76.4286%; height: 307px; vertical-align: top; text-align: justify;\">\r\n<p style=\"text-align: center;\" align=\"justify\"><span style=\"font-size: 12pt; font-family: verdana, geneva, sans-serif;\"><strong>Badania nad wytrzyma\u0142o\u015bci\u0105 na zerwanie osadki k\u0142oskowej i si\u0142\u0105 wi\u0105zania ziarniak\u00f3w w k\u0142oskach <\/strong><i><strong>Festulolium braunii<\/strong><br \/><\/i><\/span><span style=\"font-size: 12pt; font-family: verdana, geneva, sans-serif;\">Investigations on tensile strength of rachilla and seed retention strength in spikelets of <i>Festulolium braunii<\/i><\/span><\/p>\r\n<span style=\"font-size: 10pt; font-family: verdana, geneva, sans-serif;\"><strong>Abstract.<\/strong> Investigations were carried out in 2008\u20132009 to assess the rachilla tensile strength and seed retention strength in spikelets of various Festulolium braunii genotypes depending on their growth stages. The cultivars (<i>Felopa<\/i>, <i>Sulino <\/i>and <i>Agula<\/i>) and breeding materials were used. With the aid of a special testing machine, retention strength of successive flowers\/kernels in spikelets as well as strength required to rachilla breaking of selected spikelets were determined. It was found that the examined <i>Festulolium braunii <\/i>genotypes were characterised by specificity regarding seed retention strength in spikelets. This biological feature was smaller for top flowers\/kernels and increased with the movement down the spikelet. It was found that in the examined genotypes of <i>Festulolium braunii<\/i> the seed retention strength in spikelets in the analysed consecutive growth stages was smallest in spikelets situated in the upper part of the inflorescence and the highest in the lower part.<\/span><\/td>\r\n<td class=\"has-text-align-center\" style=\"width: 7.38095%; height: 307px; vertical-align: top;\" data-align=\"center\"><span style=\"font-family: verdana, geneva, sans-serif; font-size: 10pt;\"><a href=\"https:\/\/sparrow.up.poznan.pl\/ptl\/download\/07-7\/\"><img loading=\"lazy\" decoding=\"async\" class=\"aligncenter\" src=\"https:\/\/sparrow.up.poznan.pl\/ptl\/wp-content\/uploads\/2025\/02\/PDF_file_icon.svg.png\" alt=\"\" width=\"55\" height=\"68\" \/><\/a><\/span><\/td>\r\n<\/tr>\r\n<tr style=\"height: 419px;\">\r\n<td class=\"has-text-align-left\" style=\"width: 16.0714%; height: 419px; vertical-align: top;\" data-align=\"left\">\r\n<p><span style=\"font-size: 10pt; font-family: verdana, geneva, sans-serif;\">A. Rze\u017anik,<br \/><\/span><span style=\"font-family: verdana, geneva, sans-serif; font-size: 10pt;\">P. Goli\u0144ski<\/span><\/p>\r\n<\/td>\r\n<td style=\"width: 76.4286%; height: 419px; vertical-align: top; text-align: justify;\">\r\n<p style=\"text-align: center;\" align=\"justify\"><span style=\"font-size: 12pt; font-family: verdana, geneva, sans-serif;\"><b>Osi\u0105gni\u0119cia w hodowli miesza\u0144c\u00f3w <i> \u00d7Festulolium<br \/><\/i><\/b><\/span><span style=\"font-size: 12pt; font-family: verdana, geneva, sans-serif;\"> Breeding achievement of \u00d7Festulolium hybrids<\/span><\/p>\r\n<span style=\"font-size: 10pt; font-family: verdana, geneva, sans-serif;\"><strong>Abstract.<\/strong> The aim of this work was to analyze the achievements of \u00d7<i>Festulolium breeding<\/i>. On the basis of a thorough review of both domestic and foreign literature on the subject as well as our own experiences from investigations carried out at the Szelejewo Plant Breeding Station Ltd. in 2005\u20132010, the authors analyzed the actual status and perspectives of breeding works concerning <i>\u00d7Festulolium<\/i>. It turned out that in the breeding of <i> \u00d7Festulolium<\/i> hybrids significant progress in the global context was achieved. Currently 38 cultivars of <i>\u00d7Festulolium<\/i> hybrids on the OECD are registered and 34 cultivars in EU common catalogue are recorded. From the point of view of the number of gained cultivars the highest interest of breeding is focusing on <i>Festulolium<\/i> <i>braunii <\/i>hybrids obtained from <i>Lolium multiflorum <\/i>\u00d7 <i>Festuca pratensis <\/i>crossing on the basis of amfiploidization and introgressive hybrids of <i>Festulolium<\/i> <i> pabulare <\/i>obtained from crossing between <i>Lolium multiflorum <\/i>(2x) \u00d7 <i>Festuca arundinacea <\/i>var. genuina (6x).<\/span><\/td>\r\n<td class=\"has-text-align-center\" style=\"width: 7.38095%; height: 419px; vertical-align: top;\" data-align=\"center\"><span style=\"font-family: verdana, geneva, sans-serif; font-size: 10pt;\"><a href=\"https:\/\/sparrow.up.poznan.pl\/ptl\/download\/08-7\/\"><img loading=\"lazy\" decoding=\"async\" class=\"aligncenter\" src=\"https:\/\/sparrow.up.poznan.pl\/ptl\/wp-content\/uploads\/2025\/02\/PDF_file_icon.svg.png\" alt=\"\" width=\"55\" height=\"68\" \/><\/a><\/span><\/td>\r\n<\/tr>\r\n<tr style=\"height: 14px;\">\r\n<td style=\"width: 16.0714%; vertical-align: top; height: 14px;\">\r\n<p><span style=\"font-size: 10pt; font-family: verdana, geneva, sans-serif;\">J. Starzyk,<br \/><\/span><span style=\"font-size: 10pt; font-family: verdana, geneva, sans-serif;\">D. Sw\u0119drzy\u0144ska<\/span><\/p>\r\n<\/td>\r\n<td style=\"width: 76.4286%; vertical-align: top; height: 14px; text-align: justify;\">\r\n<p style=\"text-align: center;\" align=\"justify\"><span style=\"font-size: 12pt; font-family: verdana, geneva, sans-serif;\"><b> Aktywno\u015b\u0107 nitrogenazy endofit\u00f3w bakteryjnych w glebie gliniasto-piaszczystej pod upraw\u0119 traw<br \/><\/b><\/span><span style=\"font-size: 12pt; font-family: verdana, geneva, sans-serif;\"> Nitrogenase activity of bacterial endophytes in the sandy-loam soil under grass cultivation<\/span><\/p>\r\n<span style=\"font-size: 10pt; font-family: verdana, geneva, sans-serif;\"><strong>Abstract.<\/strong> A dinitrogen fixation by bacteria living in symbiosis with leguminous plants is a widespread and well-known phenomenon. However, also some free-living bacteria, frequently entering into associations with various plants, reveal capabilities of fixing molecular nitrogen. Such endophytes include bacteria like Acetobacter diazotrophicus and <i>Herbaspirillum seropediceae<\/i>, discovered in countries of the tropical climate, where they lived in associatins with plants characteristic for this climate as: sugar cane, sorgo and grasses. Until now, however, very little is known about the occurrence of these bacteria in the climate of the temperate zone. Therefore, the objective of this experiment was to find out the influence of the inoculation of Italian ryegrass, <i>Bromus willdenowii <\/i>and <i> Festulolium braunii <\/i>with <i>Acetobacter diazotrophicus <\/i>and <i> Herbaspillirum seropedieae <\/i>on N2 fixation.<\/span><\/td>\r\n<td style=\"width: 7.38095%; vertical-align: top; height: 14px;\"><span style=\"font-family: verdana, geneva, sans-serif; font-size: 10pt;\"><a href=\"https:\/\/sparrow.up.poznan.pl\/ptl\/download\/09-7\/\"><img loading=\"lazy\" decoding=\"async\" class=\"aligncenter\" src=\"https:\/\/sparrow.up.poznan.pl\/ptl\/wp-content\/uploads\/2025\/02\/PDF_file_icon.svg.png\" alt=\"\" width=\"55\" height=\"68\" \/><\/a><\/span><\/td>\r\n<\/tr>\r\n<tr style=\"height: 335px;\">\r\n<td class=\"has-text-align-left\" style=\"width: 16.0714%; height: 335px; vertical-align: top;\" data-align=\"left\">\r\n<p><span style=\"font-size: 10pt; font-family: verdana, geneva, sans-serif;\">D. Sw\u0119drzy\u0144ska,<br \/><\/span><span style=\"font-size: 10pt; font-family: verdana, geneva, sans-serif;\">W. Zielewicz,<br \/><\/span><span style=\"font-size: 10pt; font-family: verdana, geneva, sans-serif;\">P. Przyby\u0142,<br \/><\/span><span style=\"font-size: 10pt; font-family: verdana, geneva, sans-serif;\">J. Starzyk<\/span><\/p>\r\n<\/td>\r\n<td style=\"width: 76.4286%; height: 335px; vertical-align: top; text-align: justify;\">\r\n<p style=\"text-align: center;\" align=\"justify\"><span style=\"font-size: 12pt; font-family: verdana, geneva, sans-serif;\"><b> Wp\u0142yw biokondycjonera glebowego na stan mikrobiologiczny i\u00a0aktywno\u015b\u0107 enzymatyczn\u0105 gleby pod upraw\u0119 <i>Lolium perenne<br \/><\/i><\/b><\/span><span style=\"font-size: 12pt; font-family: verdana, geneva, sans-serif;\">The influence of a soil bioconditioner on the microbiological state and enzymatic activity of the soil under <i>Lolium perenne <\/i>plantation<\/span><\/p>\r\n<span style=\"font-size: 10pt; font-family: verdana, geneva, sans-serif;\"><strong>Abstract.<\/strong> The influence of the Soleflor soil bioconditioner on the soil pH, its bioactivity (the population of selected groups of soil microorganisms, the enzymatic activity of the soil), the plant vigour expressed with the SPAD index and the perennial ryegrass sward yield were investigated in a two-year field experiment in a perennial ryegrass plantation. The influence of Soleflor on the soil pH and the population of microorganisms proved to be minimal, ambiguous and statistically insignificant. The preparation was observed to have minimal influence on the increase in the enzymatic activity of soil. A noticeable reaction to fertilisation with the Soleflor preparation was observed in the plants which in both treatments with the<\/span><\/td>\r\n<td class=\"has-text-align-center\" style=\"width: 7.38095%; height: 335px; vertical-align: top;\" data-align=\"center\"><span style=\"font-family: verdana, geneva, sans-serif; font-size: 10pt;\"><a href=\"https:\/\/sparrow.up.poznan.pl\/ptl\/download\/10-7\/\"><img loading=\"lazy\" decoding=\"async\" class=\"aligncenter\" src=\"https:\/\/sparrow.up.poznan.pl\/ptl\/wp-content\/uploads\/2025\/02\/PDF_file_icon.svg.png\" alt=\"\" width=\"55\" height=\"68\" \/><\/a><\/span><\/td>\r\n<\/tr>\r\n<tr style=\"height: 419px;\">\r\n<td class=\"has-text-align-left\" style=\"width: 16.0714%; height: 280px; vertical-align: top;\" data-align=\"left\">\r\n<p><span style=\"font-size: 10pt; font-family: verdana, geneva, sans-serif;\">W. Zielewicz,<br \/><\/span><span style=\"font-size: 10pt; font-family: verdana, geneva, sans-serif;\">D. Golembka,<br \/><\/span><span style=\"font-size: 10pt; font-family: verdana, geneva, sans-serif;\">S. Koz\u0142owski<\/span><\/p>\r\n<\/td>\r\n<td style=\"width: 76.4286%; height: 280px; vertical-align: top; text-align: justify;\">\r\n<p style=\"text-align: center;\"><span style=\"font-size: 12pt; font-family: verdana, geneva, sans-serif;\"><b>Reakcja <i>Galega orientalis<\/i> na zmian\u0119 cz\u0119stotliwo\u015bci defoliowania ro\u015blin w aspekcie jej w\u0142a\u015bciwo\u015bci biologicznych i chemicznych<br \/><\/b><\/span><span style=\"font-size: 12pt; font-family: verdana, geneva, sans-serif;\">Response of <i>Galega orientalis<\/i> to changes in the plant defoliation frequency from the point of view of its biological and chemical properties<\/span><\/p>\r\n<span style=\"font-size: 10pt; font-family: verdana, geneva, sans-serif;\"><strong>Abstract.<\/strong> Fodder as well as phytoenergetic phytomass utilisation of goat\u2019s rue depends, to a considerable extent, on plant response to their defoliation frequency. This feature is critical when decisions are to be taken whether it is more advantageous to employ a single harvest or to apply continuous production of phytomass by repeated plant defoliation. The performed experiments comprised: recognition of changes in plant chemical composition with respect to organic and mineral constituents important from nutritional point of view, determination of shoot morphological structure, assessment of plant vitality on the basis of the content of chlorophyll dyes as well as determination of the over-ground mass yield of goat\u2019s rue regrowths.<\/span><\/td>\r\n<td class=\"has-text-align-center\" style=\"width: 7.38095%; height: 280px; vertical-align: top;\" data-align=\"center\"><span style=\"font-family: verdana, geneva, sans-serif; font-size: 10pt;\"><a href=\"https:\/\/sparrow.up.poznan.pl\/ptl\/download\/11-7\/\"><img loading=\"lazy\" decoding=\"async\" class=\"aligncenter\" src=\"https:\/\/sparrow.up.poznan.pl\/ptl\/wp-content\/uploads\/2025\/02\/PDF_file_icon.svg.png\" alt=\"\" width=\"55\" height=\"68\" \/><\/a><\/span><\/td>\r\n<\/tr>\r\n<tr>\r\n<td style=\"width: 16.0714%; vertical-align: top;\">\r\n<p><span style=\"font-size: 10pt; font-family: verdana, geneva, sans-serif;\">\u00a0<\/span><\/p>\r\n<\/td>\r\n<td style=\"width: 76.4286%; vertical-align: top; text-align: justify;\">\r\n<p style=\"text-align: left;\"><span style=\"font-size: 12pt; font-family: verdana, geneva, sans-serif;\"><b>Lista recenzent\u00f3w<\/b><\/span><\/p>\r\n<\/td>\r\n<td style=\"width: 7.38095%; vertical-align: top;\"><span style=\"font-family: verdana, geneva, sans-serif; font-size: 10pt;\"><a href=\"https:\/\/sparrow.up.poznan.pl\/ptl\/download\/lista-recenzentow-3\/\"><img loading=\"lazy\" decoding=\"async\" class=\"aligncenter\" src=\"https:\/\/sparrow.up.poznan.pl\/ptl\/wp-content\/uploads\/2025\/02\/PDF_file_icon.svg.png\" alt=\"\" width=\"55\" height=\"68\" \/><\/a><\/span><\/td>\r\n<\/tr>\r\n<\/tbody>\r\n<\/table>\r\n<\/figure>\r\n\r\n\r\n\r\n<p>&nbsp;<\/p>\r\n","protected":false},"excerpt":{"rendered":"<p>Autor Tytu\u0142 pracy Pe\u0142ny tekst J. Daszkiewicz Wymagania siedliskowe oraz baza pokarmowa Cervus elaphus w\u00a0odniesieniu do zbiorowisk \u0142\u0105kowychHabitat requirements and food base of Cervus elaphus in reference of meadow communities Abstract. The objective of this research was to determinate importance of grass and meadow species in red deer diet and influence, that is caused in &hellip; <a href=\"https:\/\/sparrow.up.poznan.pl\/ptl\/nr-16-2013\/\" class=\"more-link\">Czytaj dalej<span class=\"screen-reader-text\"> \u201eNr 16, 2013\u201d<\/span><\/a><\/p>\n","protected":false},"author":1,"featured_media":0,"parent":0,"menu_order":0,"comment_status":"closed","ping_status":"closed","template":"","meta":{"footnotes":""},"class_list":["post-1021","page","type-page","status-publish","hentry"],"aioseo_notices":[],"_links":{"self":[{"href":"https:\/\/sparrow.up.poznan.pl\/ptl\/wp-json\/wp\/v2\/pages\/1021","targetHints":{"allow":["GET"]}}],"collection":[{"href":"https:\/\/sparrow.up.poznan.pl\/ptl\/wp-json\/wp\/v2\/pages"}],"about":[{"href":"https:\/\/sparrow.up.poznan.pl\/ptl\/wp-json\/wp\/v2\/types\/page"}],"author":[{"embeddable":true,"href":"https:\/\/sparrow.up.poznan.pl\/ptl\/wp-json\/wp\/v2\/users\/1"}],"replies":[{"embeddable":true,"href":"https:\/\/sparrow.up.poznan.pl\/ptl\/wp-json\/wp\/v2\/comments?post=1021"}],"version-history":[{"count":6,"href":"https:\/\/sparrow.up.poznan.pl\/ptl\/wp-json\/wp\/v2\/pages\/1021\/revisions"}],"predecessor-version":[{"id":1177,"href":"https:\/\/sparrow.up.poznan.pl\/ptl\/wp-json\/wp\/v2\/pages\/1021\/revisions\/1177"}],"wp:attachment":[{"href":"https:\/\/sparrow.up.poznan.pl\/ptl\/wp-json\/wp\/v2\/media?parent=1021"}],"curies":[{"name":"wp","href":"https:\/\/api.w.org\/{rel}","templated":true}]}}