{"id":1035,"date":"2025-02-16T21:43:20","date_gmt":"2025-02-16T20:43:20","guid":{"rendered":"https:\/\/sparrow.up.poznan.pl\/ptl\/?page_id=1035"},"modified":"2025-02-26T07:49:10","modified_gmt":"2025-02-26T06:49:10","slug":"nr-22-2019","status":"publish","type":"page","link":"https:\/\/sparrow.up.poznan.pl\/ptl\/nr-22-2019\/","title":{"rendered":"Nr 22, 2019"},"content":{"rendered":"\r\n<figure class=\"wp-block-table\">\r\n<table class=\"has-fixed-layout\" style=\"width: 100%; height: 1613px;\">\r\n<tbody>\r\n<tr style=\"height: 11px;\">\r\n<td class=\"has-text-align-left\" style=\"width: 16.0714%; height: 11px; text-align: center;\" data-align=\"left\"><span style=\"font-size: 10pt; font-family: verdana, geneva, sans-serif;\"><strong>Autor<\/strong><\/span><\/td>\r\n<td style=\"width: 76.4286%; height: 11px; text-align: center;\"><span style=\"font-size: 10pt; font-family: verdana, geneva, sans-serif;\"><strong>Tytu\u0142 pracy<\/strong><\/span><\/td>\r\n<td class=\"has-text-align-center\" style=\"width: 7.38095%; height: 11px; text-align: center;\" data-align=\"center\"><span style=\"font-size: 10pt; font-family: verdana, geneva, sans-serif;\"><strong>Pe\u0142ny tekst<\/strong><\/span><\/td>\r\n<\/tr>\r\n<tr style=\"height: 476px;\">\r\n<td style=\"width: 16.0714%; vertical-align: top; height: 476px;\"><span class=\"style9\" style=\"font-family: verdana, geneva, sans-serif; font-size: 10pt;\"><span lang=\"P\">B. Domaga\u0142a,<br \/>S. Twardy<\/span><\/span><\/td>\r\n<td style=\"width: 76.4286%; text-align: justify; vertical-align: top; height: 476px;\">\r\n<p style=\"text-align: center;\"><span style=\"font-family: verdana, geneva, sans-serif;\"><strong>Rola korytarzy ekologicznych w obszarach wiejskich Polski Po\u0142udniowej<br \/><\/strong>The role of ecological corridors in rural areas of Southern Poland<\/span><\/p>\r\n<strong><span style=\"font-size: small;\"><span style=\"font-family: verdana, geneva, sans-serif; font-size: 10pt;\">Abstract.<\/span><\/span><\/strong><span style=\"font-size: small;\"><span style=\"font-family: verdana, geneva, sans-serif; font-size: 10pt;\"><span class=\"style26\">The article presents the premises for creating ecological corridors as well as their natural and social role in rural areas. A network of ecological corridors presented in the article concerns southern Poland. It is created by international, national and local routes. Two environmentally differentiated fragments of corridors were selected for observation purposes; the first one is located in Ma\u0142e Pieniny and the second one in the central part of the Nida river catchment. Selected fragments are aptly integrated into natural and spatial layout, especially terrain sculpture and hydrographic network. Observations were carried out from early spring to autumn in the years 2014 to 2016. A significant number of migrating animals were observed within both corridors. The animals migrated individually (+), in small groups (++) or herds (+++). Among them, cervids were dominating, especially deer. It was also found, that ecological corridors actually fulfill migration functions, which helps to preserve the diversity of habitats and species, including the protection of rare and endangered species.<\/span><\/span><\/span><strong><span style=\"font-size: small;\"><br \/><\/span><\/strong><\/td>\r\n<td style=\"width: 7.38095%; vertical-align: top; height: 476px;\"><span style=\"font-family: verdana, geneva, sans-serif; font-size: 10pt;\"><a href=\"https:\/\/sparrow.up.poznan.pl\/ptl\/download\/01-8\/\"><img loading=\"lazy\" decoding=\"async\" class=\"aligncenter\" src=\"https:\/\/sparrow.up.poznan.pl\/ptl\/wp-content\/uploads\/2025\/02\/PDF_file_icon.svg.png\" alt=\"\" width=\"55\" height=\"68\" \/><\/a><\/span><\/td>\r\n<\/tr>\r\n<tr style=\"height: 335px;\">\r\n<td class=\"has-text-align-left\" style=\"width: 16.0714%; height: 80px; vertical-align: top;\" data-align=\"left\">\r\n<p><span style=\"font-family: verdana, geneva, sans-serif; font-size: 10pt;\">B. Grygierzec,<br \/><\/span><span style=\"font-family: verdana, geneva, sans-serif; font-size: 10pt;\">W. Szewczyk<\/span><\/p>\r\n<\/td>\r\n<td style=\"width: 76.4286%; height: 80px; text-align: justify; vertical-align: top;\">\r\n<p style=\"text-align: center;\"><span style=\"font-family: verdana, geneva, sans-serif; font-size: 12pt;\"><strong>Zio\u0142a w runi \u0142\u0105k Pog\u00f3rza Wi\u015bnickiego<br \/><\/strong>Herbs in a meadows sward of the Wi\u015bnickie Foothills<\/span><\/p>\r\n<span style=\"font-family: verdana, geneva, sans-serif;\"><span style=\"font-size: 10pt;\"><strong>Abstract. <\/strong> <span class=\"style9\"><span class=\"style26\">The aim of the study was to assess the occurrence of herbs growing in selected permanent meadows, extensively used in the area of the Wi\u015bnickie Foothills. In the analyzed area 25 species of herbs were determined, which were classified into 20 genera within 11 botanical families. The most numerous were the families <\/span><em><span class=\"style26\">Apiaceae<\/span><\/em><span class=\"style26\"> and <\/span><em><span class=\"style26\">Lamiaceae<\/span><\/em><span class=\"style26\">. Labelled herbs from the study area were grouped into 9 syntaxonomic units. Most herb species were assigned to wet medium-fertile meadows, periodically flooded (<\/span><em><span class=\"style26\">Mol-Arr<\/span><\/em><span class=\"style26\">) and fresh and hay meadows (<\/span><em><span class=\"style26\">Arrhen<\/span><\/em><span class=\"style26\">). Based on the light index (L), 3 herbal groups were distinguished: those preferring full light, moderate light and partial shade. All marked herbal species were neutral towards continentalism. By grouping herbs against the soil moisture index (W), 3 groups with preferences were distinguished: dry substrate, fresh substrate and moist substrate. Taking into account the trophism index (Tr), two plant groups were distinguished: moderately poor soils and rich soils. In turn, in terms of soil acidity index (R), herbs were divided into 3 groups with optimum development in soils: moderately acidic, neutral and alkaline. <\/span><\/span><\/span><span class=\"style12\"><span style=\"font-size: 10pt;\">\u00a0<\/span> <\/span><\/span><\/td>\r\n<td class=\"has-text-align-center\" style=\"width: 7.38095%; height: 80px; vertical-align: top;\" data-align=\"center\"><span style=\"font-family: verdana, geneva, sans-serif; font-size: 10pt;\"><a href=\"https:\/\/sparrow.up.poznan.pl\/ptl\/download\/02-12\/\"><img loading=\"lazy\" decoding=\"async\" class=\"aligncenter\" src=\"https:\/\/sparrow.up.poznan.pl\/ptl\/wp-content\/uploads\/2025\/02\/PDF_file_icon.svg.png\" alt=\"\" width=\"55\" height=\"68\" \/><\/a><\/span><\/td>\r\n<\/tr>\r\n<tr style=\"height: 279px;\">\r\n<td class=\"has-text-align-left\" style=\"width: 16.0714%; height: 204px; vertical-align: top;\" data-align=\"left\">\r\n<p><span style=\"font-family: verdana, geneva, sans-serif; font-size: 10pt;\">H. Lipi\u0144ska,<br \/><\/span><span style=\"font-family: verdana, geneva, sans-serif; font-size: 10pt;\">I. Wo\u017aniak-Kostecka,<br \/><\/span><span style=\"font-family: verdana, geneva, sans-serif; font-size: 10pt;\">M. Sosnowska,<br \/><\/span><span style=\"font-family: verdana, geneva, sans-serif; font-size: 10pt;\">T. Wy\u0142upek,<br \/><\/span><span style=\"font-family: verdana, geneva, sans-serif; font-size: 10pt;\">H. \u0106wintal<\/span><\/p>\r\n<\/td>\r\n<td style=\"width: 76.4286%; height: 204px; vertical-align: top; text-align: justify;\">\r\n<div style=\"text-align: center;\" align=\"justify\"><span style=\"font-family: verdana, geneva, sans-serif;\"><strong>Wp\u0142yw wsp\u00f3\u0142komponentu w mieszance oraz poziomu wody gruntowej na dynamik\u0119 wzrostu i rozwoju runi <\/strong><em><strong>Poa pratensis<\/strong><\/em><strong>, <\/strong><em> <strong>Phleum pratense<\/strong><\/em><strong> i <\/strong><em><strong>Lolium perenne<\/strong><\/em>\u00a0 <strong>\u00a0<\/strong><\/span><\/div>\r\n<div style=\"text-align: center;\" align=\"justify\"><span style=\"font-family: verdana, geneva, sans-serif;\">Impact of a co-component in a mixture and groundwater level on the dynamics of sward growth and development of <em>Poa pratensis<\/em>, <em>Phleum pratense<\/em> and <em>Lolium perenne<\/em><\/span><\/div>\r\n<div align=\"justify\">\u00a0<\/div>\r\n<span style=\"font-size: 10pt; font-family: verdana, geneva, sans-serif;\"><strong>Abstract. <\/strong>The lysimeter experiment was conducted on peat-muck soil. Based on the mean regrowth data, the growth dynamics and propagation intensity of <em>Poa pratensis<\/em>, <em> Phleum pratense<\/em> and <em>Lolium perenne<\/em> were compared in the specific years, with groundwater at the level of 50 cm, 90 cm and varying level, sown in monocultures and mixes (<em>Poa pratensis<\/em> + <em>Phleum pratense<\/em> and <em>Poa pratensis<\/em> + <em>Lolium perenne<\/em>). The growth and development dynamics of the grasses varied depending on the species and groundwater level. The negative impact of a low groundwater level was observed particularly in objects where the grasses were accompanied by another species.\u00a0<\/span><\/td>\r\n<td class=\"has-text-align-center\" style=\"width: 7.38095%; height: 204px; vertical-align: top;\" data-align=\"center\"><span style=\"font-family: verdana, geneva, sans-serif; font-size: 10pt;\"><a href=\"https:\/\/sparrow.up.poznan.pl\/ptl\/download\/03-12\/\"><img loading=\"lazy\" decoding=\"async\" class=\"aligncenter\" src=\"https:\/\/sparrow.up.poznan.pl\/ptl\/wp-content\/uploads\/2025\/02\/PDF_file_icon.svg.png\" alt=\"\" width=\"55\" height=\"68\" \/><\/a><\/span><\/td>\r\n<\/tr>\r\n<tr style=\"height: 363px;\">\r\n<td class=\"has-text-align-left\" style=\"width: 16.0714%; height: 189px; vertical-align: top;\" data-align=\"left\">\r\n<p><span lang=\"P\" style=\"font-family: verdana, geneva, sans-serif; font-size: 10pt;\"> S. Twardy<\/span><\/p>\r\n<\/td>\r\n<td style=\"width: 76.4286%; height: 189px; vertical-align: top; text-align: justify;\">\r\n<p style=\"text-align: center;\"><span style=\"font-family: verdana, geneva, sans-serif;\"><span class=\"style9\"><strong>Przeobra\u017cenia florystyczne runi \u0142\u0105kowo-pastwiskowej w Ma\u0142ych Pieninach w latach 1956\u20132016<br \/><\/strong><\/span>Floristic transformations of meadow and pasture swards in Ma\u0142e Pieniny in years 1956\u20132016<\/span><\/p>\r\n<strong style=\"font-family: verdana, geneva, sans-serif; font-size: 10pt;\">Abstract.<\/strong><span style=\"font-family: verdana, geneva, sans-serif; font-size: 10pt;\"> This publication is a compilation of many works, including own relevant to floristic changes of meadow and pasture sward. The first descriptions come from the mid-1950s and concern plant communities occurring in the upper Grajcarek catchment (right-bank tributary of the Dunajec). At that time, following plant associations were isolated: <\/span><em style=\"font-family: verdana, geneva, sans-serif; font-size: 10pt;\">Hieracio-Nardetum<\/em><span style=\"font-family: verdana, geneva, sans-serif; font-size: 10pt;\">, <\/span><em style=\"font-family: verdana, geneva, sans-serif; font-size: 10pt;\">Gladiolo-Agrostietum<\/em><span style=\"font-family: verdana, geneva, sans-serif; font-size: 10pt;\">, <\/span><em style=\"font-family: verdana, geneva, sans-serif; font-size: 10pt;\"> Lolio-Cynosuretum <\/em><span style=\"font-family: verdana, geneva, sans-serif; font-size: 10pt;\">oraz <\/span><em style=\"font-family: verdana, geneva, sans-serif; font-size: 10pt;\">Valeriano-Caricetum flavae<\/em><span style=\"font-family: verdana, geneva, sans-serif; font-size: 10pt;\">. Descriptions were made using the Braun-Blanquet method. It was found that the described associations are marketed by smaller variance of species combinations. However, under the habitat factors changes, they decrease (<\/span><em style=\"font-family: verdana, geneva, sans-serif; font-size: 10pt;\">Hieracio-Nardetum<\/em><span style=\"font-family: verdana, geneva, sans-serif; font-size: 10pt;\">) or increase (<\/span><em style=\"font-family: verdana, geneva, sans-serif; font-size: 10pt;\">Lolio-Cynosuretum<\/em><span style=\"font-family: verdana, geneva, sans-serif; font-size: 10pt;\">) their share within the permanent grasslands. Therefore, it should be considered, that in swards of concerned permanent grasslands beneficial but slow transformations in plant biomass occurred, both quantitative and qualitative. It was also associated with sustainable forming of the entire Upper Grajcarek catchment.\u00a0<\/span><\/td>\r\n<td class=\"has-text-align-center\" style=\"width: 7.38095%; height: 189px; vertical-align: top;\" data-align=\"center\"><span style=\"font-family: verdana, geneva, sans-serif; font-size: 10pt;\"><a href=\"https:\/\/sparrow.up.poznan.pl\/ptl\/download\/04-12\/\"><img loading=\"lazy\" decoding=\"async\" class=\"aligncenter\" src=\"https:\/\/sparrow.up.poznan.pl\/ptl\/wp-content\/uploads\/2025\/02\/PDF_file_icon.svg.png\" alt=\"\" width=\"55\" height=\"68\" \/><\/a><\/span><\/td>\r\n<\/tr>\r\n<tr style=\"height: 336px;\">\r\n<td style=\"width: 16.0714%; vertical-align: top; height: 336px;\"><span style=\"font-family: verdana, geneva, sans-serif; font-size: 10pt;\">I. Wo\u017aniak-Kostecka,<br \/><\/span><span style=\"font-family: verdana, geneva, sans-serif; font-size: 10pt;\">H. Lipi\u0144ska,<br \/><\/span><span style=\"font-family: verdana, geneva, sans-serif; font-size: 10pt;\">M. Sosnowska,<br \/><\/span><span style=\"font-family: verdana, geneva, sans-serif; font-size: 10pt;\">T. Wy\u0142upek<\/span><\/td>\r\n<td style=\"width: 76.4286%; vertical-align: top; text-align: justify; height: 336px;\">\r\n<p style=\"text-align: center;\"><span style=\"font-family: verdana, geneva, sans-serif;\"><strong>Kierunki zmian w u\u017cytkowaniu trwa\u0142ych u\u017cytk\u00f3w zielonych w\u00a0wojew\u00f3dztwie lubelskim w latach 1990\u20132018<br \/><\/strong>Directions of changes in the use of permanent grasslands in the Lubelskie Voivodeship in the years 1990\u20132018<\/span><\/p>\r\n<span class=\"style9\"><strong><span style=\"font-size: small;\"><span style=\"font-size: 10pt; font-family: verdana, geneva, sans-serif;\">Abstract.<\/span><\/span><\/strong><span style=\"font-size: small;\"><span style=\"font-size: 10pt; font-family: verdana, geneva, sans-serif;\">The purpose of the study is to make an inventory and determine directions of spatial changes in the use of permanent grassland (TUZ) in the poviats of the Lubelskie Voivodship in the years 1990\u20132018. The following work analyses the publicly available Corine Land Cover data regarding land cover at particular time intervals and the Central Statistical Office (GUS). The data obtained was processed by tools and functions of GIS, the Qgis program, which allowed determining the main directions of changes in the use of green areas in the poviats of the Lublin province.<\/span><\/span><strong><span style=\"font-size: small;\"><br \/><\/span><\/strong><\/span><\/td>\r\n<td style=\"width: 7.38095%; vertical-align: top; height: 336px;\"><span style=\"font-family: verdana, geneva, sans-serif; font-size: 10pt;\"><a href=\"https:\/\/sparrow.up.poznan.pl\/ptl\/download\/05-12\/\"><img loading=\"lazy\" decoding=\"async\" class=\"aligncenter\" src=\"https:\/\/sparrow.up.poznan.pl\/ptl\/wp-content\/uploads\/2025\/02\/PDF_file_icon.svg.png\" alt=\"\" width=\"55\" height=\"68\" \/><\/a><\/span><\/td>\r\n<\/tr>\r\n<tr style=\"height: 307px;\">\r\n<td class=\"has-text-align-left\" style=\"width: 16.0714%; height: 307px; vertical-align: top;\" data-align=\"left\">\r\n<p><span style=\"font-family: verdana, geneva, sans-serif; font-size: 10pt;\">W. Zielewicz,<br \/><\/span><span style=\"font-family: verdana, geneva, sans-serif; font-size: 10pt;\">B. Wr\u00f3bel<\/span><\/p>\r\n<\/td>\r\n<td style=\"width: 76.4286%; height: 307px; vertical-align: top; text-align: justify;\">\r\n<p style=\"text-align: center;\"><span style=\"font-family: verdana, geneva, sans-serif; font-size: 12pt;\"><span class=\"style9\"><strong>Ocena wybranych cech morfologicznych per\u0142\u00f3wki zwis\u0142ej (<em>Melica nutans<\/em>) i per\u0142\u00f3wki orz\u0119sionej (<em>Melica ciliata<\/em>)<br \/><\/strong><\/span><span class=\"style16\">Assessment of selected morphological properties of mountain melick (<em>Melica nutans<\/em>) and hairy melick (<em>Melica ciliata<\/em>)<\/span><\/span><\/p>\r\n<span style=\"font-family: verdana, geneva, sans-serif; font-size: 10pt;\"><strong>Abstract.<\/strong> The research aimed at an assessment of selected morphological properties of mountain melick (<\/span><em style=\"font-family: verdana, geneva, sans-serif; font-size: 10pt;\">Melica nutans <\/em><span style=\"font-family: verdana, geneva, sans-serif; font-size: 10pt;\">L.) and hairy melick (<\/span><em style=\"font-family: verdana, geneva, sans-serif; font-size: 10pt;\">Melica ciliata <\/em><span style=\"font-family: verdana, geneva, sans-serif; font-size: 10pt;\">L.). Plant material of <\/span><em style=\"font-family: verdana, geneva, sans-serif; font-size: 10pt;\">Melica nutans <\/em><span style=\"font-family: verdana, geneva, sans-serif; font-size: 10pt;\">plants was collected in the Puszcza Zielonka Landscape Park in Wielkopolskie voivodeship from two natural stands: in the vicinity of Bolechowo (12 sites) and in Wojn\u00f3wko (16 sites). <\/span><em style=\"font-family: verdana, geneva, sans-serif; font-size: 10pt;\">Melica nutans <\/em><span style=\"font-family: verdana, geneva, sans-serif; font-size: 10pt;\">plants came from a grass collection created in the experimental garden of the Department of Grassland and Natural Landscape Sciences at the University of Life Sciences in Pozna\u0144. Above-ground parts of grass shoots was collected during summer in their full generative development stage and served as analytical material for morphological studies. Shoot height, inflorescence length, spikelet number in the inflorescence, number of leaves, length and width of leaf blades were determined. Some differences in morphological properties, both between Melica nutans and <\/span><em style=\"font-family: verdana, geneva, sans-serif; font-size: 10pt;\">Melica ciliata <\/em><span style=\"font-family: verdana, geneva, sans-serif; font-size: 10pt;\">as between plants of <\/span><em style=\"font-family: verdana, geneva, sans-serif; font-size: 10pt;\">Melica nutans <\/em><span style=\"font-family: verdana, geneva, sans-serif; font-size: 10pt;\">growing in different stands, were stated.<\/span><\/td>\r\n<td class=\"has-text-align-center\" style=\"width: 7.38095%; height: 307px; vertical-align: top;\" data-align=\"center\"><span style=\"font-family: verdana, geneva, sans-serif; font-size: 10pt;\"><a href=\"https:\/\/sparrow.up.poznan.pl\/ptl\/download\/06-12\/\"><img loading=\"lazy\" decoding=\"async\" class=\"aligncenter\" src=\"https:\/\/sparrow.up.poznan.pl\/ptl\/wp-content\/uploads\/2025\/02\/PDF_file_icon.svg.png\" alt=\"\" width=\"55\" height=\"68\" \/><\/a><\/span><\/td>\r\n<\/tr>\r\n<tr>\r\n<td style=\"width: 16.0714%; vertical-align: top;\">\r\n<p><span style=\"font-family: verdana, geneva, sans-serif; font-size: 10pt;\">\u00a0<\/span><\/p>\r\n<\/td>\r\n<td style=\"width: 76.4286%; vertical-align: top; text-align: justify;\"><span style=\"font-family: verdana, geneva, sans-serif; font-size: 12pt;\"><span class=\"style9\"><strong><span style=\"font-family: verdana, geneva, sans-serif;\">Lista recenzent\u00f3w<\/span><\/strong><\/span><\/span><\/td>\r\n<td style=\"width: 7.38095%; vertical-align: top;\"><span style=\"font-family: verdana, geneva, sans-serif; font-size: 10pt;\"><a href=\"https:\/\/sparrow.up.poznan.pl\/ptl\/download\/lista-recenzentow-8\/\"><img loading=\"lazy\" decoding=\"async\" class=\"aligncenter\" src=\"https:\/\/sparrow.up.poznan.pl\/ptl\/wp-content\/uploads\/2025\/02\/PDF_file_icon.svg.png\" alt=\"\" width=\"55\" height=\"68\" \/><\/a><\/span><\/td>\r\n<\/tr>\r\n<\/tbody>\r\n<\/table>\r\n<\/figure>\r\n\r\n\r\n\r\n<p>&nbsp;<\/p>\r\n","protected":false},"excerpt":{"rendered":"<p>Autor Tytu\u0142 pracy Pe\u0142ny tekst B. Domaga\u0142a,S. Twardy Rola korytarzy ekologicznych w obszarach wiejskich Polski Po\u0142udniowejThe role of ecological corridors in rural areas of Southern Poland Abstract.The article presents the premises for creating ecological corridors as well as their natural and social role in rural areas. A network of ecological corridors presented in the article &hellip; <a href=\"https:\/\/sparrow.up.poznan.pl\/ptl\/nr-22-2019\/\" class=\"more-link\">Czytaj dalej<span class=\"screen-reader-text\"> \u201eNr 22, 2019\u201d<\/span><\/a><\/p>\n","protected":false},"author":1,"featured_media":0,"parent":0,"menu_order":0,"comment_status":"closed","ping_status":"closed","template":"","meta":{"footnotes":""},"class_list":["post-1035","page","type-page","status-publish","hentry"],"aioseo_notices":[],"_links":{"self":[{"href":"https:\/\/sparrow.up.poznan.pl\/ptl\/wp-json\/wp\/v2\/pages\/1035","targetHints":{"allow":["GET"]}}],"collection":[{"href":"https:\/\/sparrow.up.poznan.pl\/ptl\/wp-json\/wp\/v2\/pages"}],"about":[{"href":"https:\/\/sparrow.up.poznan.pl\/ptl\/wp-json\/wp\/v2\/types\/page"}],"author":[{"embeddable":true,"href":"https:\/\/sparrow.up.poznan.pl\/ptl\/wp-json\/wp\/v2\/users\/1"}],"replies":[{"embeddable":true,"href":"https:\/\/sparrow.up.poznan.pl\/ptl\/wp-json\/wp\/v2\/comments?post=1035"}],"version-history":[{"count":18,"href":"https:\/\/sparrow.up.poznan.pl\/ptl\/wp-json\/wp\/v2\/pages\/1035\/revisions"}],"predecessor-version":[{"id":1195,"href":"https:\/\/sparrow.up.poznan.pl\/ptl\/wp-json\/wp\/v2\/pages\/1035\/revisions\/1195"}],"wp:attachment":[{"href":"https:\/\/sparrow.up.poznan.pl\/ptl\/wp-json\/wp\/v2\/media?parent=1035"}],"curies":[{"name":"wp","href":"https:\/\/api.w.org\/{rel}","templated":true}]}}