{"id":210,"date":"2025-02-08T18:35:39","date_gmt":"2025-02-08T17:35:39","guid":{"rendered":"https:\/\/sparrow.up.poznan.pl\/ptl\/?page_id=210"},"modified":"2025-02-26T08:57:40","modified_gmt":"2025-02-26T07:57:40","slug":"dzialalnosc","status":"publish","type":"page","link":"https:\/\/sparrow.up.poznan.pl\/ptl\/dzialalnosc\/","title":{"rendered":"Dzia\u0142alno\u015b\u0107"},"content":{"rendered":"<h2 style=\"text-align: center;\" align=\"justify\">Dzia\u0142alno\u015b\u0107 towarzystwa<\/h2>\n<h4 align=\"justify\">Dzia\u0142alno\u015b\u0107 w oddzia\u0142ach<\/h4>\n<p align=\"justify\">Dzia\u0142alno\u015b\u0107 ta jest bardzo zr\u00f3\u017cnicowana w formie i tre\u015bci. Koncentruje si\u0119 na zebraniach i seminariach naukowych, szkoleniach oraz wyjazdach terenowych.<\/p>\n<p align=\"justify\">ZEBRANIA NAUKOWE (wybrane problemy)<\/p>\n<h4 align=\"justify\">Oddzia\u0142 PT\u0141 w Lublinie:<\/h4>\n<p align=\"justify\">Podzia\u0142 i waloryzacja siedlisk \u0142\u0105kowych oraz ocena ich potencja\u0142u produkcyjnego (wyk\u0142ad S. Grzyb, 1996)<br \/>\nSymbiotyczne wi\u0105zanie azotu; Ekologiczne podej\u015bcie do gospodarki pastwiskowej; Znaczenie u\u017cytk\u00f3w zielonych w ochronie \u015brodowiska przyrodniczego i w krajobrazie (wyk\u0142ady M. Warda, 1996).<br \/>\nModernizacja urz\u0105dze\u0144 melioracyjnych na \u0142\u0105kach w dolinie Piwonii (wyk\u0142ad J. Gajda, 1997)<br \/>\nZagospodarowanie i organizacja pastwisk dla byd\u0142a opasowego w dolinie Huczwy (wyk\u0142ad J. Gajda, 1997)<br \/>\nZagospodarowanie i urz\u0105dzanie pastwisk (wyk\u0142ad J. Gajda i J. Sawicki, 1997)<br \/>\nRacjonalne wykorzystanie \u0142\u0105k naturalnych w dolinie Bugu dla rozwoju byd\u0142a (wyk\u0142ad J. Sawicki, 1997)<br \/>\nRenowacja \u0142\u0105k i pastwisk metod\u0105 podsiewu (wyk\u0142ad R. Bary\u0142a, 1997)<br \/>\nNajnowsze metody renowacji zbiorowisk trawiastych (wyk\u0142ad J. Sawicki, 1998)<br \/>\nZnaczenie pastwisk w \u017cywieniu byd\u0142a mlecznego (wyk\u0142ad M. Warda, 1998)<br \/>\nNowe tendencje w\u015br\u00f3d hodowli ro\u015blin motylkowatych (wyk\u0142ad M. Wilczak, 1999)<br \/>\nKierunki hodowli odmian traw pastewnych i gazonowych (wyk\u0142ad B. Sawicki, 1999)<br \/>\nAllelopatyczny wp\u0142yw Poa pratensis na niekt\u00f3re gatunki traw (wyk\u0142ad H. Lipi\u0144ska, 1999)<\/p>\n<h5 align=\"justify\">Relacje z konferencji:<\/h5>\n<p align=\"justify\">XVIII sympozjum EGF w Aalborg Danii (W. Harkot, 2000)<br \/>\nSympozjum EGF w Witzenhausen w Niemczech (W. Harkot, 2001)<br \/>\nMi\u0119dzynarodowa konferencja naukowa we Lwowie \u201eEdukacja i nauka rolnicza u progu trzeciego tysi\u0105clecia (H. Lipi\u0144ska, 2001)<br \/>\nWielofunkcyjno\u015b\u0107 u\u017cytk\u00f3w zielonych w \u015bwietle XIX kongresu EGF w La Rochelle we Francji (M. Warda, 2002)<br \/>\nRekultywacja teren\u00f3w zdegradowanych \u2013 Konferencja Naukowa w Szczecinie (B. Sawicki, 2002)<br \/>\nOptimal Forage Systems for Animal Production and Environment \u2013 sympozjum EGF w Pleven w Bu\u0142garii (W. Harkot, 2002)<br \/>\nUwarunkowania zr\u00f3wnowa\u017conego rozwoju zmeliorowanych u\u017cytk\u00f3w zielonych w wojew\u00f3dztwie lubelskim (H. Lipi\u0144ska, 2002)<br \/>\nKrajobraz i ogr\u00f3d wiejski \u2013 VI Forum Architektury Krajobrazu KUL (W. Harkot, 2002)<br \/>\nSecond European Allelopathy Symposium (H. Lipi\u0144ska, 2004)<br \/>\n20 th European Grassland Congress w Luzern w Szwajcarii (M. Warda, 2004)<br \/>\nVII Forum Architektury Krajobrazu \u201cKrajobraz bez granic\u201d (W. Harkot, 2004)<br \/>\nRola czynnik\u00f3w ekologicznych w kszta\u0142towaniu \u015brodowiska dla potrzeb zr\u00f3wnowa\u017conego rozwoju (M.\u00a0Warda, 2004)<br \/>\nAgrotechnika w kszta\u0142towaniu \u015brodowiska i jako\u015bci \u017cywno\u015bci (M. Warda, H.\u00a0Lipi\u0144ska, 2004)<br \/>\nPerspektywy gospodarowania na trwa\u0142ych u\u017cytkach zielonych w ramach \u201eWsp\u00f3lnej Polityki Rolnej\u201d (R.\u00a0Bary\u0142a, 2004)<\/p>\n<h5 align=\"justify\">Oddzia\u0142 PT\u0141 w Szczecinie:<\/h5>\n<p align=\"justify\">Wykorzystanie urz\u0105dze\u0144 melioracji wodnych na \u0142\u0105kach wojew\u00f3dztwa szczeci\u0144skiego (wyk\u0142ad Z.\u00a0Mostowski, 1996)<br \/>\nEkologiczne funkcje trwa\u0142ych u\u017cytk\u00f3w zielonych (wyk\u0142ad M. Rogalski, 1996)<br \/>\nSeminarium polsko-niemieckie na temat \u201eWykorzystanie rolnicze i ochrona przyrody obszar\u00f3w zalewanych przez wody Morza Ba\u0142tyckiego\u201d, zorganizowane wsp\u00f3lnie z Polskim Towarzystwem Gleboznawczym (1998)<br \/>\nU\u017cytki zielone w agroturyzmie (wyk\u0142ad H. Czy\u017c, 1999)<br \/>\nSposoby zak\u0142adania i przygotowania obiekt\u00f3w rekreacyjnych (wyk\u0142ad A. Gosa, T. Kitczak, 1999)<\/p>\n<h5 align=\"justify\">Oddzia\u0142 PT\u0141 w Warszawie:<\/h5>\n<p align=\"justify\">Badania nad smakowito\u015bci\u0105 ro\u015blin i zastosowanie tych wynik\u00f3w w praktyce pastwiskowej (wyk\u0142ad M.\u00a0Rogalskiego, 1996)<br \/>\nKierunki bada\u0144 nad u\u017cytkami zielonymi w S\u0142owacji (wyk\u0142ad M. Janicki, B.\u00a0Borawska, 1996)<br \/>\nNowe tendencje w produkcji zwierz\u0119cej w krajach Unii Europejskiej (wyk\u0142ad J.\u00a0Z\u00f3\u0142kowskie, 1996)<br \/>\nSprawozdanie z XVI Generalnej Konferencji EGF w Grado we W\u0142oszech (P.\u00a0Stypi\u0144ski, 1997)<br \/>\nRelacja z 50 zjazdu Polskiego Towarzystwa Botanicznego \u2013 Szata ro\u015blinna Polski w procesie przemian (B.\u00a0Sta\u0144ko-Br\u00f3dkowa, 1997)<br \/>\nRelacja z mi\u0119dzynarodowej konferencji w Grecji \u2013 Ekologiczne podstawy wypasu zwierz\u0105t w warunkach \u015br\u00f3dziemnomorskich (P. Stypi\u0144ski, 1997)<br \/>\nWp\u0142yw nawo\u017cenia mineralnego i organicznego na plonowanie i sk\u0142ad botaniczny \u0142\u0105ki trwa\u0142ej w \u015bwietle wieloletniego do\u015bwiadczenia w Jaktorowie (wyk\u0142ad hab. A. Niczyporuk, 1997)<br \/>\nTrawy w procesie rekultywacji biologicznej teren\u00f3w trudnych (wyk\u0142ad Z.\u00a0D\u0119bska-Kalinowska, 1997)<br \/>\nCzynniki warunkuj\u0105ce wi\u0105zanie azotu przez Rhizobia koniczyny bia\u0142ej (wyk\u0142ad M. Warda, 1997)<br \/>\nSkuteczno\u015b\u0107 podsiewu ro\u015blinami motylkowatymi u\u017cytk\u00f3w zielonych w Sudetach (wyk\u0142ad K. Wolski, 1997)<br \/>\nAktywno\u015b\u0107 brodawkowania motylkowatych a wi\u0105zanie azotu (wyk\u0142ad F. K. Bukowiecki, 1997)<br \/>\nChoroby traw gazonowych (wyk\u0142ad M. Pro\u0144czuk, 1998)<br \/>\nTrawy na terenach zielonych w rejonach zurbanizowanych (wyk\u0142ad Cz. Wysocki, 1998)<br \/>\nZasady i metody oceny warto\u015bci siewnej nasion traw i motylkowatych drobnonasiennych (wyk\u0142ad K.\u00a0Kolasi\u0144ska i E. Ma\u0142uszy\u0144ska, 1998)<br \/>\nPrzydatno\u015b\u0107 niekt\u00f3rych odmian i gatunk\u00f3w traw do kiszenia (wyk\u0142ad D. Rataj, J. Zilakova ze S\u0142owacji, 1998)<br \/>\nZbiorowiska trawiaste na u\u017cytkach ekologicznych (wyk\u0142ad R. Kochanowska, 1998)<br \/>\nOp\u0142acalno\u015b\u0107 produkcji pasz na u\u017cytkach zielonych (wyk\u0142ad P. Goli\u0144ski, 1999)<br \/>\nWykorzystanie techniki satelitarnej do oceny i prognozowania plon\u00f3w na u\u017cytkach zielonych (wyk\u0142ad A.\u00a0Cio\u0142kosz, 1999)<br \/>\nStan i perspektywy hodowli i nasiennictwa traw na przyk\u0142adzie SHR w Nieznanicach (wyk\u0142ad T. Przydatek, 1999)<br \/>\nWarunki glebowo-wodne r\u00f3\u017cnych siedlisk \u0142\u0105kowych (wyk\u0142ad T. Koz\u0142owska, 2000)<br \/>\nZasady rejestracji nowych odmian traw i ro\u015blin motylkowatych (wyk\u0142ad W. Harkot, 2000)<br \/>\nDynamika zmian w zbiorowiskach ro\u015blinnych w r\u00f3\u017cnych siedliskach \u0142\u0105kowych w rejonie Be\u0142chatowa (wyk\u0142ad S. Grzyb, 2001)<br \/>\nMokrad\u0142a w Polsce \u2013 stan obecny i rola w \u015brodowisku (wyk\u0142ad W. Dembka, 2001)<br \/>\nBilans azotu na u\u017cytkach zielonych (wyk\u0142ad J. Terlikowski, 2002)<br \/>\nWybrane zagadnienia obiegu sk\u0142adnik\u00f3w pokarmowych na u\u017cytkach zielonych (wyk\u0142ad J. Barszczewski, 2002)<br \/>\nKulturotw\u00f3rcza rola u\u017cytk\u00f3w zielonych (wyk\u0142ad P. Stypi\u0144ski, 2002)<br \/>\nSzkolenia dla nauczycieli szk\u00f3\u0142 rolniczych:<br \/>\nZasady racjonalnej gospodarki \u0142\u0105kowo-pastwiskowej (R. Bary\u0142a, 1998)<br \/>\nZnaczenie ro\u015blin motylkowatych w gospodarce pastwiskowej (hab. M. Warda, 1998)<br \/>\nZnaczenie zbiorowisk trawiastych w krajobrazie i ochronie \u015brodowiska (hab. W. Harkot, 1998)<br \/>\nWarsztaty szkoleniowe dla rolnik\u00f3w:<br \/>\nBezuprawowa technologia renowacji zbiorowisk trawiastych \u0142\u0105k i pastwisk (R. Bary\u0142a, hab. W. Harkot, J.\u00a0Sawicki, 1998)<\/p>\n<h5 align=\"justify\">WYJAZDY TERENOWE<\/h5>\n<p style=\"text-align: justify;\" align=\"justify\">Prezentacja wykorzystania ekstensywnych u\u017cytk\u00f3w zielonych w \u017cywieniu kucy szetlandzkich (wyk\u0142ad M.\u00a0Trzasko\u015b, 1999)<br \/>\nSeminarium terenowe na temat \u201eGospodarcza i przyrodnicza rola \u0142\u0105k przymorskich\u201d, zorganizowane wsp\u00f3lnie z Katedr\u0105 \u0141\u0105karstwa Uniwersytetu w Rostocku (2003)<\/p>\n","protected":false},"excerpt":{"rendered":"<p>Dzia\u0142alno\u015b\u0107 towarzystwa Dzia\u0142alno\u015b\u0107 w oddzia\u0142ach Dzia\u0142alno\u015b\u0107 ta jest bardzo zr\u00f3\u017cnicowana w formie i tre\u015bci. Koncentruje si\u0119 na zebraniach i seminariach naukowych, szkoleniach oraz wyjazdach terenowych. ZEBRANIA NAUKOWE (wybrane problemy) Oddzia\u0142 PT\u0141 w Lublinie: Podzia\u0142 i waloryzacja siedlisk \u0142\u0105kowych oraz ocena ich potencja\u0142u produkcyjnego (wyk\u0142ad S. Grzyb, 1996) Symbiotyczne wi\u0105zanie azotu; Ekologiczne podej\u015bcie do gospodarki pastwiskowej; &hellip; <a href=\"https:\/\/sparrow.up.poznan.pl\/ptl\/dzialalnosc\/\" class=\"more-link\">Czytaj dalej<span class=\"screen-reader-text\"> \u201eDzia\u0142alno\u015b\u0107\u201d<\/span><\/a><\/p>\n","protected":false},"author":1,"featured_media":0,"parent":0,"menu_order":0,"comment_status":"closed","ping_status":"closed","template":"","meta":{"footnotes":""},"class_list":["post-210","page","type-page","status-publish","hentry"],"aioseo_notices":[],"_links":{"self":[{"href":"https:\/\/sparrow.up.poznan.pl\/ptl\/wp-json\/wp\/v2\/pages\/210","targetHints":{"allow":["GET"]}}],"collection":[{"href":"https:\/\/sparrow.up.poznan.pl\/ptl\/wp-json\/wp\/v2\/pages"}],"about":[{"href":"https:\/\/sparrow.up.poznan.pl\/ptl\/wp-json\/wp\/v2\/types\/page"}],"author":[{"embeddable":true,"href":"https:\/\/sparrow.up.poznan.pl\/ptl\/wp-json\/wp\/v2\/users\/1"}],"replies":[{"embeddable":true,"href":"https:\/\/sparrow.up.poznan.pl\/ptl\/wp-json\/wp\/v2\/comments?post=210"}],"version-history":[{"count":5,"href":"https:\/\/sparrow.up.poznan.pl\/ptl\/wp-json\/wp\/v2\/pages\/210\/revisions"}],"predecessor-version":[{"id":827,"href":"https:\/\/sparrow.up.poznan.pl\/ptl\/wp-json\/wp\/v2\/pages\/210\/revisions\/827"}],"wp:attachment":[{"href":"https:\/\/sparrow.up.poznan.pl\/ptl\/wp-json\/wp\/v2\/media?parent=210"}],"curies":[{"name":"wp","href":"https:\/\/api.w.org\/{rel}","templated":true}]}}