{"id":227,"date":"2025-02-08T18:51:27","date_gmt":"2025-02-08T17:51:27","guid":{"rendered":"https:\/\/sparrow.up.poznan.pl\/ptl\/?page_id=227"},"modified":"2025-02-11T20:32:22","modified_gmt":"2025-02-11T19:32:22","slug":"o-nas","status":"publish","type":"page","link":"https:\/\/sparrow.up.poznan.pl\/ptl\/o-nas\/","title":{"rendered":"O nas"},"content":{"rendered":"<h3>W\u0142adze towarzystwa<\/h3>\n<p align=\"justify\">W\u0142adzami towarzystwa s\u0105: Walne Zebranie Cz\u0142onk\u00f3w Towarzystwa, Zarz\u0105d G\u0142\u00f3wny, Komisja Rewizyjna i\u00a0S\u0105d Kole\u017ce\u0144ski. Kadencja w\u0142adz trwa 4 lata.<br \/>\nCz\u0142onkowie PT\u0141 na ostatnim Walnym Zebraniu w dniu 24.09.2007 roku dokonali nast\u0119puj\u0105cego wyboru w\u0142adz stowarzyszenia:<\/p>\n<h5>ZARZ\u0104D G\u0141\u00d3WNY<\/h5>\n<p>Prezydium:<br \/>\nPrezes \u2013<strong> prof. dr hab. Stanis\u0142aw Koz\u0142owski<\/strong><br \/>\nZ-ca Prezesa \u2013 <strong>prof. dr hab. Marianna Warda<\/strong><br \/>\nSekretarz \u2013 <strong>dr Barbara Goli\u0144ska<\/strong><br \/>\nSkarbnik \u2013 <strong>dr Arkadiusz Sw\u0119drzy\u0144ski<\/strong><\/p>\n<p>Cz\u0142onkowie:<br \/>\n<strong>prof. dr hab. Henryk Czy\u017c<\/strong> &#8211; przewodnicz\u0105cy Oddzia\u0142u w Szczecinie<br \/>\n<strong>dr Jan Gaw\u0119cki<\/strong> &#8211; przewodnicz\u0105cy Oddzia\u0142u we Wroc\u0142awiu<br \/>\n<strong>prof. dr hab.\u00a0Kazimierz Grabowski<\/strong> &#8211; przewodnicz\u0105cy Oddzia\u0142u w Olsztynie<br \/>\n<strong>prof. dr hab. Stefan Grzegorczyk<\/strong><br \/>\n<strong>prof. dr hab. Wanda Harkot<\/strong> &#8211; przewodnicz\u0105ca Oddzia\u0142u w Lublinie<br \/>\n<strong>dr hab. Jan Kryszak<\/strong> &#8211; przewodnicz\u0105cy Oddzia\u0142u w Poznaniu<br \/>\n<strong>prof. dr hab. Piotr Stypi\u0144ski<\/strong> &#8211; przewodnicz\u0105cy Oddzia\u0142u w Warszawie<br \/>\n<strong>dr Wojciech Szewczyk<\/strong><\/p>\n<p>KOMISJA REWIZYJNA:<br \/>\n<strong>prof. dr hab. Piotr Goli\u0144ski<\/strong> \u2013 przewodnicz\u0105cy<br \/>\n<strong>dr Halina Lipi\u0144ska<\/strong><br \/>\n<strong>dr Teodor Kitczak<\/strong><br \/>\n<strong>dr Maria Trzasko\u015b<\/strong><br \/>\n<strong>dr hab. Grzegorz \u017burek<\/strong><\/p>\n<p>S\u0104D KOLE\u017bE\u0143SKI:<br \/>\n<strong>prof. dr hab. R\u00f3\u017ca Kochanowska<\/strong> \u2013 przewodnicz\u0105ca<br \/>\n<strong>dr Joanna Jode\u0142ka<\/strong><br \/>\n<strong>prof. dr hab. Miros\u0142aw Kasperczyk<\/strong><br \/>\n<strong>dr hab. Teresa Koz\u0142owska<\/strong><br \/>\n<strong>dr W\u0142odzimierz Majtkowski<\/strong><\/p>\n<p><img loading=\"lazy\" decoding=\"async\" class=\"aligncenter wp-image-496 size-full\" src=\"https:\/\/sparrow.up.poznan.pl\/ptl\/wp-content\/uploads\/2025\/02\/10.jpg\" alt=\"\" width=\"1024\" height=\"385\" srcset=\"https:\/\/sparrow.up.poznan.pl\/ptl\/wp-content\/uploads\/2025\/02\/10.jpg 1024w, https:\/\/sparrow.up.poznan.pl\/ptl\/wp-content\/uploads\/2025\/02\/10-300x113.jpg 300w, https:\/\/sparrow.up.poznan.pl\/ptl\/wp-content\/uploads\/2025\/02\/10-768x289.jpg 768w\" sizes=\"auto, (max-width: 709px) 85vw, (max-width: 909px) 67vw, (max-width: 1362px) 62vw, 840px\" \/><\/p>\n","protected":false},"excerpt":{"rendered":"<p>W\u0142adze towarzystwa W\u0142adzami towarzystwa s\u0105: Walne Zebranie Cz\u0142onk\u00f3w Towarzystwa, Zarz\u0105d G\u0142\u00f3wny, Komisja Rewizyjna i\u00a0S\u0105d Kole\u017ce\u0144ski. Kadencja w\u0142adz trwa 4 lata. Cz\u0142onkowie PT\u0141 na ostatnim Walnym Zebraniu w dniu 24.09.2007 roku dokonali nast\u0119puj\u0105cego wyboru w\u0142adz stowarzyszenia: ZARZ\u0104D G\u0141\u00d3WNY Prezydium: Prezes \u2013 prof. dr hab. Stanis\u0142aw Koz\u0142owski Z-ca Prezesa \u2013 prof. dr hab. Marianna Warda Sekretarz \u2013 &hellip; <a href=\"https:\/\/sparrow.up.poznan.pl\/ptl\/o-nas\/\" class=\"more-link\">Czytaj dalej<span class=\"screen-reader-text\"> \u201eO nas\u201d<\/span><\/a><\/p>\n","protected":false},"author":1,"featured_media":0,"parent":0,"menu_order":0,"comment_status":"closed","ping_status":"closed","template":"","meta":{"footnotes":""},"class_list":["post-227","page","type-page","status-publish","hentry"],"aioseo_notices":[],"_links":{"self":[{"href":"https:\/\/sparrow.up.poznan.pl\/ptl\/wp-json\/wp\/v2\/pages\/227","targetHints":{"allow":["GET"]}}],"collection":[{"href":"https:\/\/sparrow.up.poznan.pl\/ptl\/wp-json\/wp\/v2\/pages"}],"about":[{"href":"https:\/\/sparrow.up.poznan.pl\/ptl\/wp-json\/wp\/v2\/types\/page"}],"author":[{"embeddable":true,"href":"https:\/\/sparrow.up.poznan.pl\/ptl\/wp-json\/wp\/v2\/users\/1"}],"replies":[{"embeddable":true,"href":"https:\/\/sparrow.up.poznan.pl\/ptl\/wp-json\/wp\/v2\/comments?post=227"}],"version-history":[{"count":7,"href":"https:\/\/sparrow.up.poznan.pl\/ptl\/wp-json\/wp\/v2\/pages\/227\/revisions"}],"predecessor-version":[{"id":830,"href":"https:\/\/sparrow.up.poznan.pl\/ptl\/wp-json\/wp\/v2\/pages\/227\/revisions\/830"}],"wp:attachment":[{"href":"https:\/\/sparrow.up.poznan.pl\/ptl\/wp-json\/wp\/v2\/media?parent=227"}],"curies":[{"name":"wp","href":"https:\/\/api.w.org\/{rel}","templated":true}]}}