{"id":232,"date":"2025-02-08T18:57:27","date_gmt":"2025-02-08T17:57:27","guid":{"rendered":"https:\/\/sparrow.up.poznan.pl\/ptl\/?page_id=232"},"modified":"2025-02-09T16:41:08","modified_gmt":"2025-02-09T15:41:08","slug":"oddzialy","status":"publish","type":"page","link":"https:\/\/sparrow.up.poznan.pl\/ptl\/o-nas\/oddzialy\/","title":{"rendered":"Oddzia\u0142y"},"content":{"rendered":"<p align=\"justify\">Zgodnie ze statutem PT\u0141 prowadzi swoj\u0105 dzia\u0142alno\u015b\u0107 poprzez powo\u0142ane Oddzia\u0142y w Warszawie, Olsztynie, Lublinie, Szczecinie, Wroc\u0142awiu i Poznaniu. W\u0142adze Oddzia\u0142\u00f3w, w sensie lokalowym, egzystuj\u0105 w \u0142\u0105czno\u015bci z Katedrami \u0141\u0105karstwa.<br \/>\nOddzia\u0142om PT\u0141 przewodnicz\u0105:<br \/>\nprof. dr hab. Piotr Stypi\u0144ski w Warszawie (Zak\u0142ad \u0141\u0105karstwa SGGW)<br \/>\nprof. dr hab. Kazimierz Grabowski w Olsztynie (Katedra \u0141\u0105karstwa UWM)<br \/>\nprof. dr hab. Wanda Harkot w Lublinie (Katedra \u0141\u0105karstwa i Kszta\u0142towania\u00a0Krajobrazu UP)<br \/>\nprof. dr hab. Henryk Czy\u017c w Szczecinie (Katedra \u0141\u0105karstwa AR)<br \/>\ndr Jan Gaw\u0119cki we Wroc\u0142awiu (Katedra \u0141\u0105karstwa i Kszta\u0142towania Teren\u00f3w Zieleni UP)<br \/>\ndr hab. Jan Kryszak w Poznaniu (Katedra \u0141\u0105karstwa UP)<\/p>\n<p align=\"justify\">ADRESY ODDZIA\u0141\u00d3W PT\u0141:<\/p>\n<p>ODDZIA\u0141 W WARSZAWIE<br \/>\nSGGW<br \/>\nKatedra Agronomii<br \/>\nul. Nowoursynowska 166<br \/>\n02-787 Warszawa<\/p>\n<p>ODDZIA\u0141 W OLSZTYNIE<br \/>\nUWM<br \/>\nKatedra \u0141\u0105karstwa<br \/>\nPlac \u0141\u00f3dzki 1<br \/>\n10-718 Olsztyn<\/p>\n<p>ODDZIA\u0141 W LUBLINIE<br \/>\nUniwersytet Przyrodniczy<br \/>\nKatedra \u0141\u0105karstwa i Kszta\u0142towania Krajobrazu<br \/>\nul. Akademicka 15<br \/>\n20-950 Lublin<\/p>\n<p>ODDZIA\u0141 W SZCZECINIE<br \/>\nAkademia Rolnicza<br \/>\nKatedra \u0141\u0105karstwa<br \/>\nul. S\u0142owackiego 17<br \/>\n71-434 Szczecin<\/p>\n<p>ODDZIA\u0141 WE WROC\u0141AWIU<br \/>\nUniwersytet Przyrodniczy<br \/>\nKatedra \u0141\u0105karstwa<br \/>\ni Kszta\u0142towania Teren\u00f3w Zieleni<br \/>\nPlac Grunwaldzki 24A<br \/>\n50-363 Wroc\u0142aw<\/p>\n<p>ODDZIA\u0141 W POZNANIU<br \/>\nUniwersytet Przyrodniczy<br \/>\nKatedra \u0141\u0105karstwa<br \/>\nul. Wojska Polskiego\u00a038\/42<br \/>\n60-627 Pozna\u0144<\/p>\n","protected":false},"excerpt":{"rendered":"<p>Zgodnie ze statutem PT\u0141 prowadzi swoj\u0105 dzia\u0142alno\u015b\u0107 poprzez powo\u0142ane Oddzia\u0142y w Warszawie, Olsztynie, Lublinie, Szczecinie, Wroc\u0142awiu i Poznaniu. W\u0142adze Oddzia\u0142\u00f3w, w sensie lokalowym, egzystuj\u0105 w \u0142\u0105czno\u015bci z Katedrami \u0141\u0105karstwa. Oddzia\u0142om PT\u0141 przewodnicz\u0105: prof. dr hab. Piotr Stypi\u0144ski w Warszawie (Zak\u0142ad \u0141\u0105karstwa SGGW) prof. dr hab. Kazimierz Grabowski w Olsztynie (Katedra \u0141\u0105karstwa UWM) prof. dr hab. &hellip; <a href=\"https:\/\/sparrow.up.poznan.pl\/ptl\/o-nas\/oddzialy\/\" class=\"more-link\">Czytaj dalej<span class=\"screen-reader-text\"> \u201eOddzia\u0142y\u201d<\/span><\/a><\/p>\n","protected":false},"author":1,"featured_media":0,"parent":227,"menu_order":0,"comment_status":"closed","ping_status":"closed","template":"","meta":{"footnotes":""},"class_list":["post-232","page","type-page","status-publish","hentry"],"aioseo_notices":[],"_links":{"self":[{"href":"https:\/\/sparrow.up.poznan.pl\/ptl\/wp-json\/wp\/v2\/pages\/232","targetHints":{"allow":["GET"]}}],"collection":[{"href":"https:\/\/sparrow.up.poznan.pl\/ptl\/wp-json\/wp\/v2\/pages"}],"about":[{"href":"https:\/\/sparrow.up.poznan.pl\/ptl\/wp-json\/wp\/v2\/types\/page"}],"author":[{"embeddable":true,"href":"https:\/\/sparrow.up.poznan.pl\/ptl\/wp-json\/wp\/v2\/users\/1"}],"replies":[{"embeddable":true,"href":"https:\/\/sparrow.up.poznan.pl\/ptl\/wp-json\/wp\/v2\/comments?post=232"}],"version-history":[{"count":2,"href":"https:\/\/sparrow.up.poznan.pl\/ptl\/wp-json\/wp\/v2\/pages\/232\/revisions"}],"predecessor-version":[{"id":518,"href":"https:\/\/sparrow.up.poznan.pl\/ptl\/wp-json\/wp\/v2\/pages\/232\/revisions\/518"}],"up":[{"embeddable":true,"href":"https:\/\/sparrow.up.poznan.pl\/ptl\/wp-json\/wp\/v2\/pages\/227"}],"wp:attachment":[{"href":"https:\/\/sparrow.up.poznan.pl\/ptl\/wp-json\/wp\/v2\/media?parent=232"}],"curies":[{"name":"wp","href":"https:\/\/api.w.org\/{rel}","templated":true}]}}