{"id":51,"date":"2025-02-03T14:23:17","date_gmt":"2025-02-03T13:23:17","guid":{"rendered":"https:\/\/sparrow.up.poznan.pl\/ptl\/?page_id=51"},"modified":"2025-02-26T21:17:29","modified_gmt":"2025-02-26T20:17:29","slug":"home","status":"publish","type":"page","link":"https:\/\/sparrow.up.poznan.pl\/ptl\/","title":{"rendered":"Home"},"content":{"rendered":"\r\n<h1 class=\"wp-block-heading\">Powstanie stowarzyszenia i zakres jego dzia\u0142ania<\/h1>\r\n\r\n\r\n\r\n<p class=\"has-text-align-justify\" style=\"text-align: justify;\">Polskie Towarzystwo \u0141\u0105karskie (<em>Polish Grassland Society<\/em>) \u2013 og\u00f3lnopolskie stowarzyszenie naukowe powo\u0142ane do \u017cycia 25 kwietnia 1994 roku, zarejestrowane w S\u0105dzie Wojew\u00f3dzkim w\u00a0Poznaniu 16 sierpnia 1994 roku.<\/p>\r\n\r\n\r\n\r\n<h2 class=\"wp-block-heading\">Statut PT\u0141<\/h2>\r\n\r\n\r\n\r\n<p class=\"has-text-align-left\" style=\"text-align: justify;\">Dokument ten uchwalony podczas Walnego Zebrania Cz\u0142onk\u00f3w PT\u0141 w dniu 21.04.1995 reguluje dzia\u0142alno\u015b\u0107 stowarzyszenia.<\/p>\r\n\r\n\r\n\r\n<p style=\"text-align: justify;\">Stwierdzenie znajduj\u0105ce si\u0119 w preambule statutu oddaje w formie najkr\u00f3tszej i\u00a0zarazem najpe\u0142niejszej motywy powo\u0142ania stowarzyszenia:<br \/>\u201e\u0141\u0105karze polscy pomni zas\u0142ug i ofiarnej pracy Wsp\u00f3\u0142tw\u00f3rc\u00f3w Zak\u0142adu Uprawy Torfowisk w Sarnach, Stacji Uprawy Torfowisk Politechniki Lwowskiej w Dublanach, Stowarzyszenia \u0141\u0105karzy oraz wielu \u0141\u0105karzy oddanych sprawie \u0142\u0105karstwa na Ziemiach Polskich, przypominaj\u0105 dzia\u0142alno\u015b\u0107 wielu pokole\u0144 \u0141\u0105karzy, w\u015br\u00f3d nich In\u017cyniera Stefana Mataszewskiego a przede wszystkim Profesora Edwarda Ralskiego zamordowanego w Katyniu. Przekonani, \u017ce u\u017cytki zielone stanowi\u0105 naturalne bogactwo Kraju powo\u0142uj\u0105 Polskie Towarzystwo \u0141\u0105karskie\u201d.\u2028Przedmiotem zainteresowania towarzystwa, jak stanowi statut, jest stan i kierunki rozwoju \u0142\u0105karstwa w powi\u0105zaniu z ca\u0142okszta\u0142tem rozwoju gospodarki rolnej. Celem towarzystwa jest wsp\u00f3\u0142dzia\u0142anie w rozwoju nauki, popularyzacja i promowanie wiedzy \u0142\u0105karskiej w\u015br\u00f3d praktyki rolniczej oraz rozwijanie zainteresowa\u0144 naukowych jego cz\u0142onk\u00f3w. Cele te towarzystwo realizuje poprzez wielorak\u0105 dzia\u0142alno\u015b\u0107, a zw\u0142aszcza organizowanie naukowych konferencji, sesji i seminari\u00f3w, odczyt\u00f3w i\u00a0wyk\u0142ad\u00f3w oraz innych form szerokiego upowszechniania nauki w odniesieniu do nowoczesnej gospodarki \u0142\u0105kowej.<\/p>\r\n","protected":false},"excerpt":{"rendered":"<p>Powstanie stowarzyszenia i zakres jego dzia\u0142ania Polskie Towarzystwo \u0141\u0105karskie (Polish Grassland Society) \u2013 og\u00f3lnopolskie stowarzyszenie naukowe powo\u0142ane do \u017cycia 25 kwietnia 1994 roku, zarejestrowane w S\u0105dzie Wojew\u00f3dzkim w\u00a0Poznaniu 16 sierpnia 1994 roku. Statut PT\u0141 Dokument ten uchwalony podczas Walnego Zebrania Cz\u0142onk\u00f3w PT\u0141 w dniu 21.04.1995 reguluje dzia\u0142alno\u015b\u0107 stowarzyszenia. Stwierdzenie znajduj\u0105ce si\u0119 w preambule statutu oddaje &hellip; <a href=\"https:\/\/sparrow.up.poznan.pl\/ptl\/\" class=\"more-link\">Czytaj dalej<span class=\"screen-reader-text\"> \u201eHome\u201d<\/span><\/a><\/p>\n","protected":false},"author":1,"featured_media":0,"parent":0,"menu_order":0,"comment_status":"closed","ping_status":"closed","template":"","meta":{"footnotes":""},"class_list":["post-51","page","type-page","status-publish","hentry"],"aioseo_notices":[],"_links":{"self":[{"href":"https:\/\/sparrow.up.poznan.pl\/ptl\/wp-json\/wp\/v2\/pages\/51","targetHints":{"allow":["GET"]}}],"collection":[{"href":"https:\/\/sparrow.up.poznan.pl\/ptl\/wp-json\/wp\/v2\/pages"}],"about":[{"href":"https:\/\/sparrow.up.poznan.pl\/ptl\/wp-json\/wp\/v2\/types\/page"}],"author":[{"embeddable":true,"href":"https:\/\/sparrow.up.poznan.pl\/ptl\/wp-json\/wp\/v2\/users\/1"}],"replies":[{"embeddable":true,"href":"https:\/\/sparrow.up.poznan.pl\/ptl\/wp-json\/wp\/v2\/comments?post=51"}],"version-history":[{"count":21,"href":"https:\/\/sparrow.up.poznan.pl\/ptl\/wp-json\/wp\/v2\/pages\/51\/revisions"}],"predecessor-version":[{"id":826,"href":"https:\/\/sparrow.up.poznan.pl\/ptl\/wp-json\/wp\/v2\/pages\/51\/revisions\/826"}],"wp:attachment":[{"href":"https:\/\/sparrow.up.poznan.pl\/ptl\/wp-json\/wp\/v2\/media?parent=51"}],"curies":[{"name":"wp","href":"https:\/\/api.w.org\/{rel}","templated":true}]}}